{"id":3828,"date":"2018-11-15T15:47:31","date_gmt":"2018-11-15T14:47:31","guid":{"rendered":"https:\/\/www.lenseup.com\/?page_id=3828"},"modified":"2023-12-30T13:22:09","modified_gmt":"2023-12-30T12:22:09","slug":"traduction-videos-produits-services","status":"publish","type":"page","link":"https:\/\/www.lenseup.com\/fr\/applications\/traduction-videos-produits-services\/","title":{"rendered":"Traductions de vid\u00e9os explicatives pour produits et services"},"content":{"rendered":"<div id='av_section_2'  class='avia-section main_color avia-section-default avia-no-shadow  avia-bg-style-scroll  avia-builder-el-0  el_before_av_layout_row  avia-builder-el-first   container_wrap sidebar_right' style='background-color: #f2f2f2;  '  ><div class='container' ><main  role=\"main\" itemprop=\"mainContentOfPage\"  class='template-page content  av-content-small alpha units'><div class='post-entry post-entry-type-page post-entry-3828'><div class='entry-content-wrapper clearfix'>\n<div  style='padding-bottom:0px; color:#ffffff;font-size:40px;' class='av-special-heading av-special-heading-h1 custom-color-heading blockquote modern-quote  avia-builder-el-1  avia-builder-el-no-sibling  av-inherit-size '><h1 class='av-special-heading-tag '  itemprop=\"headline\"  >Traductions de vid\u00e9os explicatives pour produits et services<\/h1><div class='special-heading-border'><div class='special-heading-inner-border' style='border-color:#ffffff'><\/div><\/div><\/div>\n\n<\/div><\/div><\/main><!-- close content main element --><\/div><\/div><div id='av-layout-grid-1'  class='av-layout-grid-container entry-content-wrapper main_color av-flex-cells     avia-builder-el-2  el_after_av_section  el_before_av_promobox  submenu-not-first container_wrap sidebar_right' style=' '  >\n<div class=\"flex_cell no_margin av_one_third  avia-builder-el-3  el_before_av_cell_one_third  avia-builder-el-first   \"  style='vertical-align:middle; padding:50px; ' ><div class='flex_cell_inner' ><p><span  class=\"av_font_icon avia_animate_when_visible avia-icon-animate  av-icon-style-  avia-icon-pos-center \" style=\"color:#ff1f53; border-color:#ff1f53;\"><span class='av-icon-char' style='font-size:60px;line-height:60px;' aria-hidden='true' data-av_icon='\ue864' data-av_iconfont='entypo-fontello' ><\/span><\/span><br \/>\n<div  style='height:10px' class='hr hr-invisible   avia-builder-el-5  el_after_av_font_icon  el_before_av_animated_numbers '><span class='hr-inner ' ><span class='hr-inner-style'><\/span><\/span><\/div><br \/>\n<div  class=\"avia-animated-number av-force-default-color  avia-color-  avia-builder-el-6  el_after_av_hr  avia-builder-el-last  avia_animate_when_visible\"  data-timer=\"3000\"><strong class=\"heading avia-animated-number-title\" style='font-size:48px;'><span class=\"avia-single-number __av-single-number\" data-number_format=\"\" data-number=\"64\" data-start_from=\"0\">64<\/span><span class=\"avia-no-number\">% <\/span><\/strong><div class='avia-animated-number-content' style='font-size:19px;'><p>64% des clients sont plus susceptibles d&rsquo;acheter un produit en ligne apr\u00e8s avoir regard\u00e9 une vid\u00e9o \u00e0 ce sujet.<\/p>\n<\/div><\/div><\/p>\n<\/div><\/div><div class=\"flex_cell no_margin av_one_third  avia-builder-el-7  el_after_av_cell_one_third  el_before_av_cell_one_third   \"  style='vertical-align:middle; padding:50px; background-color:#fbfbfb; ' ><div class='flex_cell_inner' ><p><span  class=\"av_font_icon avia_animate_when_visible avia-icon-animate  av-icon-style-  avia-icon-pos-center \" style=\"color:#ff1f53; border-color:#ff1f53;\"><span class='av-icon-char' style='font-size:60px;line-height:60px;' aria-hidden='true' data-av_icon='\ue8a3' data-av_iconfont='entypo-fontello' ><\/span><\/span><br \/>\n<div  style='height:10px' class='hr hr-invisible   avia-builder-el-9  el_after_av_font_icon  el_before_av_animated_numbers '><span class='hr-inner ' ><span class='hr-inner-style'><\/span><\/span><\/div><br \/>\n<div  class=\"avia-animated-number av-force-default-color  avia-color-  avia-builder-el-10  el_after_av_hr  avia-builder-el-last  avia_animate_when_visible\"  data-timer=\"3000\"><strong class=\"heading avia-animated-number-title\" style='font-size:48px;'><span class=\"avia-single-number __av-single-number\" data-number_format=\"\" data-number=\"87\" data-start_from=\"0\">87<\/span><span class=\"avia-no-number\">%<\/span><\/strong><div class='avia-animated-number-content' style='font-size:19px;'><p>87% des sp\u00e9cialistes du marketing en ligne utilisent actuellement le contenu vid\u00e9o dans leurs strat\u00e9gies de marketing num\u00e9rique.<\/p>\n<\/div><\/div><\/p>\n<\/div><\/div><div class=\"flex_cell no_margin av_one_third  avia-builder-el-11  el_after_av_cell_one_third  avia-builder-el-last   \"  style='vertical-align:middle; padding:50px; background-color:#f8f8f8; ' ><div class='flex_cell_inner' ><p><span  class=\"av_font_icon avia_animate_when_visible avia-icon-animate  av-icon-style-  avia-icon-pos-center \" style=\"color:#ff1f53; border-color:#ff1f53;\"><span class='av-icon-char' style='font-size:60px;line-height:60px;' aria-hidden='true' data-av_icon='\ue862' data-av_iconfont='entypo-fontello' ><\/span><\/span><br \/>\n<div  style='height:10px' class='hr hr-invisible   avia-builder-el-13  el_after_av_font_icon  el_before_av_animated_numbers '><span class='hr-inner ' ><span class='hr-inner-style'><\/span><\/span><\/div><br \/>\n<div  class=\"avia-animated-number av-force-default-color  avia-color-  avia-builder-el-14  el_after_av_hr  avia-builder-el-last  avia_animate_when_visible\"  data-timer=\"3000\"><strong class=\"heading avia-animated-number-title\" style='font-size:48px;'><span class=\"avia-single-number __av-single-number\" data-number_format=\"\" data-number=\"59\" data-start_from=\"0\">59<\/span><span class=\"avia-no-number\">%<\/span><\/strong><div class='avia-animated-number-content' style='font-size:19px;'><p>59% des d\u00e9cideurs pr\u00e9f\u00e8rent regarder une vid\u00e9o plut\u00f4t que de lire un article de blog.<\/p>\n<\/div><\/div><\/p>\n<\/div><\/div>\n<\/div><div id='after_submenu_1'  class='main_color av_default_container_wrap container_wrap sidebar_right' style=' '  ><div class='container' ><div class='template-page content  av-content-small alpha units'><div class='post-entry post-entry-type-page post-entry-3828'><div class='entry-content-wrapper clearfix'>\n\t<div   class='av_promobox  avia-button-yes   avia-builder-el-15  el_after_av_layout_row  el_before_av_one_half  avia-builder-el-first '>\t\t<div class='avia-promocontent'><p>\nUne vid\u00e9o explicative permet de pr\u00e9senter un produit \/ service de fa\u00e7on simple et facile \u00e0 comprendre. Pour l&rsquo;international, il convient de localiser et adapter ces vide\u00f3s pour vos publics cibles.<\/p>\n<\/div><div  class='avia-button-wrap avia-button-right ' ><a href='#section2'  class='avia-button  avia-color-theme-color   avia-icon_select-no avia-size-large avia-position-right '   ><span class='avia_iconbox_title' >Plus d\u2019infos<\/span><\/a><\/div><\/div>\n<div class=\"flex_column av_one_half  flex_column_div av-zero-column-padding first  avia-builder-el-16  el_after_av_promobox  el_before_av_one_half  \" style='border-radius:0px; '><section class=\"av_textblock_section \"  itemscope=\"itemscope\" itemtype=\"https:\/\/schema.org\/CreativeWork\" ><div class='avia_textblock  '   itemprop=\"text\" ><h2>Que sont les vid\u00e9os explicatives et pourquoi les utiliser ?<\/h2>\n<p>Une vid\u00e9o explicative (\u00e9galement appel\u00e9e vid\u00e9o de pr\u00e9sentation ou vid\u00e9o de conversion) est con\u00e7ue pour expliquer votre entreprise, produit, ou service, g\u00e9n\u00e9ralement en deux minutes ou moins. La plupart des vid\u00e9os explicatives couvrent cinq points: le probl\u00e8me, la solution, les caract\u00e9ristiques, les avantages, et le fonctionnement de la solution.<\/p>\n<p>Le secret pour une vid\u00e9o explicative r\u00e9ussie consiste \u00e0 rester court et engageant, tout en transmettant une information pertinente. Une vid\u00e9o explicative doit donner \u00e0 votre public une bonne compr\u00e9hension de votre activit\u00e9 et susciter de l\u2019int\u00e9r\u00eat pour g\u00e9n\u00e9rer des conversions.<\/p>\n<\/div><\/section><\/div>\n<div class=\"flex_column av_one_half  flex_column_div av-zero-column-padding   avia-builder-el-18  el_after_av_one_half  el_before_av_layout_row  avia-builder-el-last  \" style='border-radius:0px; '><section class=\"av_textblock_section \"  itemscope=\"itemscope\" itemtype=\"https:\/\/schema.org\/CreativeWork\" ><div class='avia_textblock  '   itemprop=\"text\" ><h2>Traduction de vid\u00e9os explicatives: voix off et sous-titrage multilingue<\/h2>\n<p>Comme tout contenu, vous devrez adapter vos vid\u00e9os de produita \/ services, pour vous d\u00e9velopper \u00e0 l&rsquo;international.<\/p>\n<p>G\u00e9n\u00e9ralement, les vid\u00e9os explicatives sont accompagn\u00e9es de <strong>voix off\u00a0<\/strong> ou <strong>voix hors champ<\/strong>. Elles peuvent \u00eatre aussi compl\u00e9t\u00e9es\u00a0 par des <strong>sous-titres<\/strong>. Les sous-titres et la transcription de la vid\u00e9o auront aussi un impact positif sur le r<a href=\"https:\/\/www.lenseup.com\/fr\/referencement-video-international\/\">\u00e9f\u00e9rencement international<\/a>. Parfois, vous aurez \u00e0 traduire de tr\u00e8s nombreuses vide\u00f3s de produits et services et une solution adapt\u00e9e s&rsquo;impose.<\/p>\n<p>Nous proposons au choix des enregistrements avec acteurs natifs ou voix synth\u00e9tiques.<\/p>\n<p><strong>LenseUp traduit vos videos de produits et services,\u00a0 pour toucher votre public cible international.<\/strong><\/p>\n<\/div><\/section><\/div>\n<\/div><\/div><\/div><!-- close content main div --><\/div><\/div><div id='best-rated'  class='av-layout-grid-container entry-content-wrapper main_color av-flex-cells     avia-builder-el-20  el_after_av_one_half  el_before_av_one_full  submenu-not-first container_wrap sidebar_right' style=' '  >\n<div class=\"flex_cell no_margin av_one_half  avia-builder-el-21  el_before_av_cell_one_half  avia-builder-el-first   \"  style='vertical-align:middle; padding:50px 80px 50px 6% ; background-color:#f8f8f8; ' ><div class='flex_cell_inner' ><section class=\"av_textblock_section \"  itemscope=\"itemscope\" itemtype=\"https:\/\/schema.org\/CreativeWork\" ><div class='avia_textblock  '   itemprop=\"text\" ><h2>Quand utiliser une video explicative?<\/h2>\n<\/div><\/section><br \/>\n<section class=\"av_textblock_section \"  itemscope=\"itemscope\" itemtype=\"https:\/\/schema.org\/CreativeWork\" ><div class='avia_textblock  '   itemprop=\"text\" ><p>Les vid\u00e9os explicatives sont g\u00e9n\u00e9ralement utilis\u00e9es vers le haut de l&rsquo;entonnoir (phase d&rsquo;examen du processus d&rsquo;achat). Elles sont plus utiles lorsqu&rsquo;un client potentiel est conscient de son probl\u00e8me \/ a besoin et commence \u00e0 chercher des solutions potentielles. Vous pourrez placer cette vid\u00e9o explicative sur les r\u00e9seaux sociaux, les pages de produits ou de services, dans une newsletter&#8230;<\/p>\n<p>La vid\u00e9o a un impact instantan\u00e9, et les vid\u00e9os explicatives ont un impact considerable sur le marketing en ligne parce que:<\/p>\n<p>&#8211; La vid\u00e9o assure de plus grandes possibilit\u00e9s d&rsquo;optimisation<br \/>\n&#8211; La vid\u00e9o garantit des taux de r\u00e9tention plus \u00e9lev\u00e9s<br \/>\n&#8211; La vid\u00e9o est facile d&rsquo;acc\u00e8s et peut \u00eatre consomm\u00e9e en situation de mobilit\u00e9<br \/>\n&#8211; La vid\u00e9o peut \u00eatre utilis\u00e9e pour d\u00e9velopper des liens \u00e9motionnels plus forts<br \/>\n&#8211; La vid\u00e9o peut augmenter les taux de conversion des clients<\/p>\n<\/div><\/section><br \/>\n<div  style='height:20px' class='hr hr-invisible   avia-builder-el-24  el_after_av_textblock  el_before_av_hr '><span class='hr-inner ' ><span class='hr-inner-style'><\/span><\/span><\/div><br \/>\n<div  style='height:42px' class='hr hr-invisible   avia-builder-el-25  el_after_av_hr  el_before_av_button '><span class='hr-inner ' ><span class='hr-inner-style'><\/span><\/span><\/div><br \/>\n<div  class='avia-button-wrap avia-button-left  avia-builder-el-26  el_after_av_hr  avia-builder-el-last ' ><a href='#section2'  class='avia-button av-icon-on-hover avia-color-theme-color   avia-icon_select-yes-left-icon avia-size-large avia-position-left '   ><span class='avia_button_icon avia_button_icon_left ' aria-hidden='true' data-av_icon='\ue859' data-av_iconfont='entypo-fontello'><\/span><span class='avia_iconbox_title' >Demande de devis<\/span><\/a><\/div><\/p>\n<\/div><\/div><div class=\"flex_cell no_margin av_one_half  avia-builder-el-27  el_after_av_cell_one_half  avia-builder-el-last   avia-full-stretch av-hide-on-mobile  \"  style='vertical-align:middle; padding:10px 0px 10px 0px ; background-color:#f8f8f8; ' ><div class='flex_cell_inner' ><div class=\"flex_column av_one_full  av-animated-generic left-to-right  no_margin flex_column_div first  avia-builder-el-28  avia-builder-el-no-sibling  \" style='margin-top:0px; margin-bottom:0px; padding:0px 0px 0px 20px ; border-radius:0px; '><section class=\"av_textblock_section \"  itemscope=\"itemscope\" itemtype=\"https:\/\/schema.org\/CreativeWork\" ><div class='avia_textblock  '   itemprop=\"text\" ><p style=\"text-align: center;\"><a href=\"https:\/\/lenseup.com\/wp-content\/uploads\/2017\/12\/D\u00e9couverte2.png\"><img loading=\"lazy\" decoding=\"async\" class=\"alignnone wp-image-3614 size-full\" src=\"https:\/\/www.lenseup.com\/wp-content\/uploads\/2017\/12\/D\u00e9couverte2.png\" alt=\"\" width=\"293\" height=\"592\" srcset=\"https:\/\/www.lenseup.com\/wp-content\/uploads\/2017\/12\/D\u00e9couverte2.png 293w, https:\/\/www.lenseup.com\/wp-content\/uploads\/2017\/12\/D\u00e9couverte2-148x300.png 148w\" sizes=\"(max-width: 293px) 100vw, 293px\" \/><\/a><\/p>\n<\/div><\/section><\/div>\n<\/div><\/div>\n<\/div><div id='after_submenu_2'  class='main_color av_default_container_wrap container_wrap sidebar_right' style=' '  ><div class='container' ><div class='template-page content  av-content-small alpha units'><div class='post-entry post-entry-type-page post-entry-3828'><div class='entry-content-wrapper clearfix'>\n<div class=\"flex_column av_one_full  flex_column_div av-zero-column-padding first  avia-builder-el-30  el_after_av_layout_row  el_before_av_section  avia-builder-el-no-sibling  \" style='border-radius:0px; '><section class=\"av_textblock_section \"  itemscope=\"itemscope\" itemtype=\"https:\/\/schema.org\/CreativeWork\" ><div class='avia_textblock  '   itemprop=\"text\" ><h2>Traduction de videos explicatives pour toucher les march\u00e9s \u00e9trangers<\/h2>\n<p>Vous avez r\u00e9alis\u00e9 une video explicative en fran\u00e7ais que vous souhaitez adapter pour les march\u00e9s \u00e9trangers ? LenseUp transcrit votre contenu, une \u00e9quipe de sp\u00e9cialistes le traduit dans la langue de votre choix, avant de produire un enregistrement avec voix off synchronis\u00e9e avec le contenu original, et\/ou un sous-titrage adapt\u00e9.<\/p>\n<p>B\u00e9n\u00e9ficiez d\u2019une tarification sp\u00e9cifique \u00e0 la minute pour la traduction de videos de produits et services. Nos tarifs \u00e0 la minute simplifient la budg\u00e9tisation de traduction de vos projets.<\/p>\n<\/div><\/section><\/div>\n<\/div><\/div><\/div><!-- close content main div --><\/div><\/div><div id='my_section'  class='avia-section main_color avia-section-no-padding avia-no-shadow  avia-bg-style-scroll  avia-builder-el-32  el_after_av_one_full  el_before_av_textblock   container_wrap sidebar_right' style='background-color: #e72b2b;  '  ><div class='container' ><div class='template-page content  av-content-small alpha units'><div class='post-entry post-entry-type-page post-entry-3828'><div class='entry-content-wrapper clearfix'><\/div><\/div><\/div><!-- close content main div --><\/div><\/div><div id='after_section_2'  class='main_color av_default_container_wrap container_wrap sidebar_right' style=' '  ><div class='container' ><div class='template-page content  av-content-small alpha units'><div class='post-entry post-entry-type-page post-entry-3828'><div class='entry-content-wrapper clearfix'>\n<section class=\"av_textblock_section \"  itemscope=\"itemscope\" itemtype=\"https:\/\/schema.org\/CreativeWork\" ><div class='avia_textblock  '   itemprop=\"text\" ><h2 id=\"section2\">Demandez un devis<\/h2>\n<\/div><\/section>\n\n<\/div><\/div><\/div><!-- close content main div --><\/div><\/div><div id='my_section'  class='avia-section main_color avia-section-no-padding avia-no-shadow  avia-bg-style-scroll  avia-builder-el-35  el_after_av_codeblock  avia-builder-el-last   container_wrap sidebar_right' style='background-color: #e72b2b;  '  ><div class='container' ><div class='template-page content  av-content-small alpha units'><div class='post-entry post-entry-type-page post-entry-3828'><div class='entry-content-wrapper clearfix'><\/div><\/div><\/div><!-- close content main div --><\/div><\/div><div id='after_section_3'  class='main_color av_default_container_wrap container_wrap sidebar_right' style=' '  ><div class='container' ><div class='template-page content  av-content-small alpha units'><div class='post-entry post-entry-type-page post-entry-3828'><div class='entry-content-wrapper clearfix'>\n","protected":false},"excerpt":{"rendered":"","protected":false},"author":1,"featured_media":0,"parent":4108,"menu_order":0,"comment_status":"closed","ping_status":"closed","template":"","meta":{"footnotes":""},"yoast_head":"<!-- This site is optimized with the Yoast SEO plugin v23.5 - https:\/\/yoast.com\/wordpress\/plugins\/seo\/ -->\n<title>Traductions de vid\u00e9os explicatives pour produits et services<\/title>\n<meta name=\"description\" content=\"Nous traduisons vos vid\u00e9os explicatives de produit \/ service en 30 langues.\" \/>\n<meta name=\"robots\" content=\"index, follow, max-snippet:-1, max-image-preview:large, max-video-preview:-1\" \/>\n<link rel=\"canonical\" href=\"https:\/\/www.lenseup.com\/fr\/applications\/traduction-videos-produits-services\/\" \/>\n<meta property=\"og:locale\" content=\"fr_FR\" \/>\n<meta property=\"og:type\" content=\"article\" \/>\n<meta property=\"og:title\" content=\"Traductions de vid\u00e9os explicatives pour produits et services\" \/>\n<meta property=\"og:description\" content=\"Nous traduisons vos vid\u00e9os explicatives de produit \/ service en 30 langues.\" \/>\n<meta property=\"og:url\" content=\"https:\/\/www.lenseup.com\/fr\/applications\/traduction-videos-produits-services\/\" \/>\n<meta property=\"og:site_name\" content=\"LenseUp, solutions vid\u00e9o et audio multilingues. Audioguides, audiobooks, traductions audio et video\" \/>\n<meta property=\"article:modified_time\" content=\"2023-12-30T12:22:09+00:00\" \/>\n<meta name=\"twitter:card\" content=\"summary_large_image\" \/>\n<meta name=\"twitter:label1\" content=\"Dur\u00e9e de lecture estim\u00e9e\" \/>\n\t<meta name=\"twitter:data1\" content=\"12 minutes\" \/>\n<script type=\"application\/ld+json\" class=\"yoast-schema-graph\">{\"@context\":\"https:\/\/schema.org\",\"@graph\":[{\"@type\":\"WebPage\",\"@id\":\"https:\/\/www.lenseup.com\/fr\/applications\/traduction-videos-produits-services\/\",\"url\":\"https:\/\/www.lenseup.com\/fr\/applications\/traduction-videos-produits-services\/\",\"name\":\"Traductions de vid\u00e9os explicatives pour produits et services\",\"isPartOf\":{\"@id\":\"https:\/\/www.lenseup.com\/fr\/#website\"},\"datePublished\":\"2018-11-15T14:47:31+00:00\",\"dateModified\":\"2023-12-30T12:22:09+00:00\",\"description\":\"Nous traduisons vos vid\u00e9os explicatives de produit \/ service en 30 langues.\",\"breadcrumb\":{\"@id\":\"https:\/\/www.lenseup.com\/fr\/applications\/traduction-videos-produits-services\/#breadcrumb\"},\"inLanguage\":\"fr-FR\",\"potentialAction\":[{\"@type\":\"ReadAction\",\"target\":[\"https:\/\/www.lenseup.com\/fr\/applications\/traduction-videos-produits-services\/\"]}]},{\"@type\":\"BreadcrumbList\",\"@id\":\"https:\/\/www.lenseup.com\/fr\/applications\/traduction-videos-produits-services\/#breadcrumb\",\"itemListElement\":[{\"@type\":\"ListItem\",\"position\":1,\"name\":\"Accueil\",\"item\":\"https:\/\/www.lenseup.com\/fr\/7440-2\/\"},{\"@type\":\"ListItem\",\"position\":2,\"name\":\"Traduction video et audio: quelles applications?\",\"item\":\"https:\/\/www.lenseup.com\/fr\/applications\/\"},{\"@type\":\"ListItem\",\"position\":3,\"name\":\"Traductions de vid\u00e9os explicatives pour produits et services\"}]},{\"@type\":\"WebSite\",\"@id\":\"https:\/\/www.lenseup.com\/fr\/#website\",\"url\":\"https:\/\/www.lenseup.com\/fr\/\",\"name\":\"LenseUp, multilingual audio and video solutions\",\"description\":\"Traductions et contenus audio \/ video dans 30 langues.\",\"potentialAction\":[{\"@type\":\"SearchAction\",\"target\":{\"@type\":\"EntryPoint\",\"urlTemplate\":\"https:\/\/www.lenseup.com\/fr\/?s={search_term_string}\"},\"query-input\":{\"@type\":\"PropertyValueSpecification\",\"valueRequired\":true,\"valueName\":\"search_term_string\"}}],\"inLanguage\":\"fr-FR\"}]}<\/script>\n<!-- \/ Yoast SEO plugin. -->","yoast_head_json":{"title":"Traductions de vid\u00e9os explicatives pour produits et services","description":"Nous traduisons vos vid\u00e9os explicatives de produit \/ service en 30 langues.","robots":{"index":"index","follow":"follow","max-snippet":"max-snippet:-1","max-image-preview":"max-image-preview:large","max-video-preview":"max-video-preview:-1"},"canonical":"https:\/\/www.lenseup.com\/fr\/applications\/traduction-videos-produits-services\/","og_locale":"fr_FR","og_type":"article","og_title":"Traductions de vid\u00e9os explicatives pour produits et services","og_description":"Nous traduisons vos vid\u00e9os explicatives de produit \/ service en 30 langues.","og_url":"https:\/\/www.lenseup.com\/fr\/applications\/traduction-videos-produits-services\/","og_site_name":"LenseUp, solutions vid\u00e9o et audio multilingues. Audioguides, audiobooks, traductions audio et video","article_modified_time":"2023-12-30T12:22:09+00:00","twitter_card":"summary_large_image","twitter_misc":{"Dur\u00e9e de lecture estim\u00e9e":"12 minutes"},"schema":{"@context":"https:\/\/schema.org","@graph":[{"@type":"WebPage","@id":"https:\/\/www.lenseup.com\/fr\/applications\/traduction-videos-produits-services\/","url":"https:\/\/www.lenseup.com\/fr\/applications\/traduction-videos-produits-services\/","name":"Traductions de vid\u00e9os explicatives pour produits et services","isPartOf":{"@id":"https:\/\/www.lenseup.com\/fr\/#website"},"datePublished":"2018-11-15T14:47:31+00:00","dateModified":"2023-12-30T12:22:09+00:00","description":"Nous traduisons vos vid\u00e9os explicatives de produit \/ service en 30 langues.","breadcrumb":{"@id":"https:\/\/www.lenseup.com\/fr\/applications\/traduction-videos-produits-services\/#breadcrumb"},"inLanguage":"fr-FR","potentialAction":[{"@type":"ReadAction","target":["https:\/\/www.lenseup.com\/fr\/applications\/traduction-videos-produits-services\/"]}]},{"@type":"BreadcrumbList","@id":"https:\/\/www.lenseup.com\/fr\/applications\/traduction-videos-produits-services\/#breadcrumb","itemListElement":[{"@type":"ListItem","position":1,"name":"Accueil","item":"https:\/\/www.lenseup.com\/fr\/7440-2\/"},{"@type":"ListItem","position":2,"name":"Traduction video et audio: quelles applications?","item":"https:\/\/www.lenseup.com\/fr\/applications\/"},{"@type":"ListItem","position":3,"name":"Traductions de vid\u00e9os explicatives pour produits et services"}]},{"@type":"WebSite","@id":"https:\/\/www.lenseup.com\/fr\/#website","url":"https:\/\/www.lenseup.com\/fr\/","name":"LenseUp, multilingual audio and video solutions","description":"Traductions et contenus audio \/ video dans 30 langues.","potentialAction":[{"@type":"SearchAction","target":{"@type":"EntryPoint","urlTemplate":"https:\/\/www.lenseup.com\/fr\/?s={search_term_string}"},"query-input":{"@type":"PropertyValueSpecification","valueRequired":true,"valueName":"search_term_string"}}],"inLanguage":"fr-FR"}]}},"_links":{"self":[{"href":"https:\/\/www.lenseup.com\/fr\/wp-json\/wp\/v2\/pages\/3828"}],"collection":[{"href":"https:\/\/www.lenseup.com\/fr\/wp-json\/wp\/v2\/pages"}],"about":[{"href":"https:\/\/www.lenseup.com\/fr\/wp-json\/wp\/v2\/types\/page"}],"author":[{"embeddable":true,"href":"https:\/\/www.lenseup.com\/fr\/wp-json\/wp\/v2\/users\/1"}],"replies":[{"embeddable":true,"href":"https:\/\/www.lenseup.com\/fr\/wp-json\/wp\/v2\/comments?post=3828"}],"version-history":[{"count":31,"href":"https:\/\/www.lenseup.com\/fr\/wp-json\/wp\/v2\/pages\/3828\/revisions"}],"predecessor-version":[{"id":14651,"href":"https:\/\/www.lenseup.com\/fr\/wp-json\/wp\/v2\/pages\/3828\/revisions\/14651"}],"up":[{"embeddable":true,"href":"https:\/\/www.lenseup.com\/fr\/wp-json\/wp\/v2\/pages\/4108"}],"wp:attachment":[{"href":"https:\/\/www.lenseup.com\/fr\/wp-json\/wp\/v2\/media?parent=3828"}],"curies":[{"name":"wp","href":"https:\/\/api.w.org\/{rel}","templated":true}]}}