{"id":3896,"date":"2018-11-18T15:22:19","date_gmt":"2018-11-18T14:22:19","guid":{"rendered":"https:\/\/www.lenseup.com\/audio-tours-et-audioguides-voix-off\/"},"modified":"2024-01-02T09:31:24","modified_gmt":"2024-01-02T08:31:24","slug":"traduction-audio-guides-multimedia","status":"publish","type":"page","link":"https:\/\/www.lenseup.com\/fr\/applications\/traduction-audio-guides-multimedia\/","title":{"rendered":"Traduction d&rsquo;audio guides et multimedia pour les mus\u00e9es et institutions culturellles"},"content":{"rendered":"<div id='av_section_2'  class='avia-section main_color avia-section-default avia-no-shadow  avia-bg-style-scroll  avia-builder-el-0  el_before_av_one_full  avia-builder-el-first   container_wrap sidebar_right' style='background-color: #f2f2f2;  '  ><div class='container' ><main  role=\"main\" itemprop=\"mainContentOfPage\"  class='template-page content  av-content-small alpha units'><div class='post-entry post-entry-type-page post-entry-3896'><div class='entry-content-wrapper clearfix'>\n<div  style='padding-bottom:0px; color:#ffffff;font-size:32px;' class='av-special-heading av-special-heading-h1 custom-color-heading blockquote modern-quote  avia-builder-el-1  avia-builder-el-no-sibling  av-inherit-size '><h1 class='av-special-heading-tag '  itemprop=\"headline\"  >Traductions d\u2019audio-guides et multimedia pour mus\u00e9es et le secteur du tourisme<\/h1><div class='special-heading-border'><div class='special-heading-inner-border' style='border-color:#ffffff'><\/div><\/div><\/div>\n<\/div><\/div><\/main><!-- close content main element --><\/div><\/div><div id='after_section_1'  class='main_color av_default_container_wrap container_wrap sidebar_right' style=' '  ><div class='container' ><div class='template-page content  av-content-small alpha units'><div class='post-entry post-entry-type-page post-entry-3896'><div class='entry-content-wrapper clearfix'>\n<div class=\"flex_column av_one_full  flex_column_div av-zero-column-padding first  avia-builder-el-2  el_after_av_section  el_before_av_one_full  avia-builder-el-first  \" style='border-radius:0px; '><div   class='av_promobox  avia-button-no   avia-builder-el-3  avia-builder-el-no-sibling '>\t\t<div class='avia-promocontent'><\/p>\n<blockquote>\n<p>Qu&rsquo;il s&rsquo;agisse d&rsquo;une visite audio, d&rsquo;une vid\u00e9o sous-titr\u00e9e ou d&rsquo;une exp\u00e9rience interactive sur tablette, les visiteurs \u00e9trangers privil\u00e9gient les contenus dans leur langue maternelle. LenseUp propose des services de traduction audio, vid\u00e9o et texte en 30 langues aux institutions culturelles et acteurs du tourisme.<\/p>\n<\/blockquote>\n<p>\n<\/div><\/div><\/div>\n<div class=\"flex_column av_one_full  flex_column_div av-zero-column-padding first  avia-builder-el-4  el_after_av_one_full  el_before_av_one_half  column-top-margin\" style='border-radius:0px; '><section class=\"av_textblock_section \"  itemscope=\"itemscope\" itemtype=\"https:\/\/schema.org\/CreativeWork\" ><div class='avia_textblock  '   itemprop=\"text\" ><p>Les mus\u00e9es et les institutions culturelles se doivent d&rsquo;\u00eatre inclusifs. La traduction rend les \u0153uvres plus accessibles aux diverses communaut\u00e9s locales ainsi qu&rsquo;aux visiteurs internationaux. L&rsquo;exp\u00e9rience des visiteurs sera am\u00e9lior\u00e9e s&rsquo;ils ont acc\u00e8s \u00e0 un audioguide de qualit\u00e9 dans la langue de leur choix. Une traduction audio ou vid\u00e9o augmentera la satisfaction de vos visiteurs internationaux.<\/p>\n<\/div><\/section><\/div>\n<div class=\"flex_column av_one_half  flex_column_div av-zero-column-padding first  avia-builder-el-6  el_after_av_one_full  el_before_av_one_half  column-top-margin\" style='border-radius:0px; '><section class=\"av_textblock_section \"  itemscope=\"itemscope\" itemtype=\"https:\/\/schema.org\/CreativeWork\" ><div class='avia_textblock  '   itemprop=\"text\" ><h2>Le contenu multimedia est strat\u00e9gique pour les\u00a0mus\u00e9es et \u00e9tablissements touristiques<\/h2>\n<p>Le contenu multim\u00e9dia est l&rsquo;un des moyens les plus efficaces dont disposent les mus\u00e9es pour communiquer avec leurs visiteurs et am\u00e9liorer leur exp\u00e9rience lors d&rsquo;une visite, tandis que les audioguides permettent aux touristes de d\u00e9couvrir les mus\u00e9es et les villes pendant leur s\u00e9jour.<\/p>\n<p>Dans un monde multilingue, le contenu multim\u00e9dia doit \u00eatre traduit dans diff\u00e9rentes langues afin de pouvoir offrir aux touristes un contenu qu&rsquo;ils comprennent. Un contenu audio et vid\u00e9o multilingue pour vos visiteurs est donc un excellent moyen de toucher une audience internationale.<\/p>\n<\/div><\/section><\/div>\n<div class=\"flex_column av_one_half  flex_column_div av-zero-column-padding   avia-builder-el-8  el_after_av_one_half  el_before_av_layout_row  avia-builder-el-last  column-top-margin\" style='border-radius:0px; '><section class=\"av_textblock_section \"  itemscope=\"itemscope\" itemtype=\"https:\/\/schema.org\/CreativeWork\" ><div class='avia_textblock  '   itemprop=\"text\" ><h2>Traduction \/ localisation d&rsquo;audioguides<\/h2>\n<p>Chez LenseUp, nous traduisons des audioguides pour mus\u00e9es et institutions culturelles. Gr\u00e0ce \u00e0 notre service de traduction audio \/ video,\u00a0 proposez un contenu multimedia de qualit\u00e9 en 30 langues.<\/p>\n<p>Nos traducteurs natifs traduisent le script de votre audioguide en respectant les noms propres, les r\u00e9f\u00e9rences historiques et le style artistique de votre projet. Nous pr\u00eatons \u00e9galement une attention particuli\u00e8re \u00e0 la terminologie afin qu&rsquo;elle soit facile \u00e0 comprendre. Nous \u00e9vitons les termes trop techniques et les structures de phrases longues et complexes.<\/p>\n<p>L&rsquo;enregistrement est effectu\u00e9 par des artistes de voix-off, ou avec des voix de synth\u00e8se de derni\u00e8re g\u00e9n\u00e9ration, pour une exp\u00e9rience optimale.<\/p>\n<\/div><\/section><\/div>\n<\/div><\/div><\/div><!-- close content main div --><\/div><\/div><div id='best-rated'  class='av-layout-grid-container entry-content-wrapper main_color av-flex-cells     avia-builder-el-10  el_after_av_one_half  el_before_av_one_full  submenu-not-first container_wrap sidebar_right' style=' '  >\n<div class=\"flex_cell no_margin av_one_half  avia-builder-el-11  el_before_av_cell_one_half  avia-builder-el-first   \"  style='vertical-align:middle; padding:50px 80px 50px 75px ; background-color:#f8f8f8; ' ><div class='flex_cell_inner' ><p><div  style='padding-bottom:20px; color:#000000;' class='av-special-heading av-special-heading-h2 custom-color-heading   avia-builder-el-12  el_before_av_hr  avia-builder-el-first  '><h2 class='av-special-heading-tag '  itemprop=\"headline\"  >Quelques exemples de traductions vid\u00e9o ou audio pour mus\u00e9es et institutions culturelles<\/h2><div class='special-heading-border'><div class='special-heading-inner-border' style='border-color:#000000'><\/div><\/div><\/div><br \/>\n<div  style=' margin-top:30px; margin-bottom:30px;'  class='hr hr-custom hr-left hr-icon-no   avia-builder-el-13  el_after_av_heading  el_before_av_textblock '><span class='hr-inner  inner-border-av-border-fat' style=' width:50px; border-color:#000000;' ><span class='hr-inner-style'><\/span><\/span><\/div><br \/>\n<section class=\"av_textblock_section \"  itemscope=\"itemscope\" itemtype=\"https:\/\/schema.org\/CreativeWork\" ><div class='avia_textblock  '   itemprop=\"text\" ><ul>\n<li>Traduction d&rsquo;audioguides<\/li>\n<li>Contenu audio multilingue pour sites du secteur culturel<\/li>\n<li>Contenu multilingue\u00a0 pour applications mobiles<\/li>\n<li>Traduction de vid\u00e9os pour Youtube<\/li>\n<li>Traduction de contenu multimedia<\/li>\n<\/ul>\n<p>Notre syst\u00e8me, avec m\u00e9moire de traduction, assure une coh\u00e9rence des noms de lieux, des oeuvres et des styles lors de la traduction.<\/p>\n<\/div><\/section><br \/>\n<div  style='height:20px' class='hr hr-invisible   avia-builder-el-15  el_after_av_textblock  el_before_av_hr '><span class='hr-inner ' ><span class='hr-inner-style'><\/span><\/span><\/div><br \/>\n<div  style='height:42px' class='hr hr-invisible   avia-builder-el-16  el_after_av_hr  el_before_av_button '><span class='hr-inner ' ><span class='hr-inner-style'><\/span><\/span><\/div><br \/>\n<div  class='avia-button-wrap avia-button-left  avia-builder-el-17  el_after_av_hr  avia-builder-el-last ' ><a href='#section2'  class='avia-button av-icon-on-hover avia-color-theme-color   avia-icon_select-yes-left-icon avia-size-large avia-position-left '   ><span class='avia_button_icon avia_button_icon_left ' aria-hidden='true' data-av_icon='\ue859' data-av_iconfont='entypo-fontello'><\/span><span class='avia_iconbox_title' >Demande de devis<\/span><\/a><\/div><\/p>\n<\/div><\/div><div class=\"flex_cell no_margin av_one_half  avia-builder-el-18  el_after_av_cell_one_half  avia-builder-el-last   avia-full-stretch \"  style='background:url(https:\/\/www.lenseup.com\/wp-content\/uploads\/2018\/11\/mudeum-video-audio-translation-845x684.jpg) bottom left no-repeat scroll #f8f8f8; vertical-align:middle; padding:200px 0px 200px 0px ; background-color:#f8f8f8; ' ><div class='flex_cell_inner' ><\/div><\/div>\n<\/div><div id='after_submenu_1'  class='main_color av_default_container_wrap container_wrap sidebar_right' style=' '  ><div class='container' ><div class='template-page content  av-content-small alpha units'><div class='post-entry post-entry-type-page post-entry-3896'><div class='entry-content-wrapper clearfix'>\n<div class=\"flex_column av_one_full  flex_column_div av-zero-column-padding first  avia-builder-el-19  el_after_av_layout_row  el_before_av_section  avia-builder-el-no-sibling  \" style='border-radius:0px; '><section class=\"av_textblock_section \"  itemscope=\"itemscope\" itemtype=\"https:\/\/schema.org\/CreativeWork\" ><div class='avia_textblock  '   itemprop=\"text\" ><h2>Production d&rsquo;enregistrements audio immersifs multilingues pour audioguides<\/h2>\n<p>Chez LenseUp, nous sommes sp\u00e9cialis\u00e9s dans la cr\u00e9ation d&rsquo;enregistrements audio immersifs pour audioguides, proposant ainsi une exp\u00e9rience auditive riche et nuanc\u00e9e. Notre service int\u00e8gre l&rsquo;\u00e9laboration de narrations captivantes, interpr\u00e9t\u00e9es par une palette vari\u00e9e de com\u00e9diens vocaux ou voix de synth\u00e8se. Ces r\u00e9cits, qui peuvent \u00eatre anim\u00e9s par des dialogues, sont sublim\u00e9s par des sons d&rsquo;ambiance et des musiques soigneusement s\u00e9lectionn\u00e9s pour \u00e9pouser parfaitement le th\u00e8me et l&rsquo;atmosph\u00e8re de l&rsquo;exposition. Notre attention aux d\u00e9tails sonores assure que chaque audioguide offre bien plus qu&rsquo;une simple information : c&rsquo;est une v\u00e9ritable immersion, engageante et m\u00e9morable, que nous offrons aux visiteurs. Destin\u00e9s aux mus\u00e9es, sites culturels ou circuits urbains, nos audioguides sont con\u00e7us pour plonger l&rsquo;auditeur au c\u0153ur de l&rsquo;histoire, transformant chaque visite en une aventure immersive exceptionnelle.<\/p>\n<h2>Mise \u00e0 jour des audioguide de votre mus\u00e9e avec LenseUp<\/h2>\n<p>Si votre mus\u00e9e est d\u00e9j\u00e0 \u00e9quip\u00e9 d&rsquo;un syst\u00e8me d&rsquo;audioguides, LenseUp est l\u00e0 pour revitaliser et moderniser le contenu existant. Nous excellons dans la mise \u00e0 jour et l&rsquo;enrichissement des audioguides avec des enregistrements de qualit\u00e9 sup\u00e9rieure dans plus de 30 langues. Ce service assure la pertinence, l&rsquo;attractivit\u00e9 et l&rsquo;accessibilit\u00e9 de votre contenu \u00e0 un public \u00e9largi. En rajeunissant vos audioguides avec de nouvelles voix, des informations actualis\u00e9es et un large \u00e9ventail de langues, nous aidons votre mus\u00e9e \u00e0 s&rsquo;adapter \u00e0 un public international. Avec LenseUp, offrez une exp\u00e9rience plus inclusive et enrichissante \u00e0 vos visiteurs, rendant chaque passage inoubliable, quelles que soient leurs langues. Faites confiance \u00e0 LenseUp pour insuffler une nouvelle vie \u00e0 vos audioguides, les rendant pertinents, captivants et adapt\u00e9s aux visiteurs de mus\u00e9es d&rsquo;aujourd&rsquo;hui.<\/p>\n<\/div><\/section><br \/>\n<section class=\"av_textblock_section \"  itemscope=\"itemscope\" itemtype=\"https:\/\/schema.org\/CreativeWork\" ><div class='avia_textblock  '   itemprop=\"text\" ><h2>Cr\u00e9ation d&rsquo;audioguides et guides multim\u00e9dias immersifs<\/h2>\n<p>Outre la traduction de contenu, LenseUp propose d\u00e9sormais de r\u00e9volutionner l&rsquo;exp\u00e9rience des visiteurs des mus\u00e9es et des institutions culturelles en proposant des <a href=\"https:\/\/www.lenseup.com\/fr\/audioguides-multimedia\/\">audioguides avanc\u00e9s et des guides multim\u00e9dias avanc\u00e9s<\/a>, qui incluent des fonctions interactives telles que des chatbots pour obtenir des informations \u00e0 la demande sur les \u0153uvres d&rsquo;art, et des fonctionnalit\u00e9s de r\u00e9alit\u00e9 augment\u00e9e qui donnent vie aux expositions, renfor\u00e7ant l&rsquo;engagement et approfondissant la compr\u00e9hension du contexte culturel et historique.<\/p>\n<\/div><\/section><\/p><\/div><\/div><\/div><\/div><!-- close content main div --><\/div><\/div><div id='my_section'  class='avia-section main_color avia-section-no-padding avia-no-shadow  avia-bg-style-scroll  avia-builder-el-22  el_after_av_one_full  el_before_av_textblock   container_wrap sidebar_right' style='background-color: #e72b2b;  '  ><div class='container' ><div class='template-page content  av-content-small alpha units'><div class='post-entry post-entry-type-page post-entry-3896'><div class='entry-content-wrapper clearfix'><\/div><\/div><\/div><!-- close content main div --><\/div><\/div><div id='after_section_2'  class='main_color av_default_container_wrap container_wrap sidebar_right' style=' '  ><div class='container' ><div class='template-page content  av-content-small alpha units'><div class='post-entry post-entry-type-page post-entry-3896'><div class='entry-content-wrapper clearfix'><\/p>\n<section class=\"av_textblock_section \"  itemscope=\"itemscope\" itemtype=\"https:\/\/schema.org\/CreativeWork\" ><div class='avia_textblock  '   itemprop=\"text\" ><h2 id=\"section2\">Demandez un devis<\/h2>\n<\/div><\/section>\n\n<\/div><\/div><\/div><!-- close content main div --><\/div><\/div><div id='my_section'  class='avia-section main_color avia-section-no-padding avia-no-shadow  avia-bg-style-scroll  avia-builder-el-25  el_after_av_codeblock  avia-builder-el-last   container_wrap sidebar_right' style='background-color: #e72b2b;  '  ><div class='container' ><div class='template-page content  av-content-small alpha units'><div class='post-entry post-entry-type-page post-entry-3896'><div class='entry-content-wrapper clearfix'><\/div><\/div><\/div><!-- close content main div --><\/div><\/div><div id='after_section_3'  class='main_color av_default_container_wrap container_wrap sidebar_right' style=' '  ><div class='container' ><div class='template-page content  av-content-small alpha units'><div class='post-entry post-entry-type-page post-entry-3896'><div class='entry-content-wrapper clearfix'>\n","protected":false},"excerpt":{"rendered":"","protected":false},"author":1,"featured_media":0,"parent":4108,"menu_order":0,"comment_status":"closed","ping_status":"closed","template":"","meta":{"footnotes":""},"yoast_head":"<!-- This site is optimized with the Yoast SEO plugin v23.5 - https:\/\/yoast.com\/wordpress\/plugins\/seo\/ -->\n<title>Traduction d&#039;audio guides et multimedia pour mus\u00e9es et institutions culturellles<\/title>\n<meta name=\"description\" content=\"Traduisez votre contenu audio et multimedia et proposez une exp\u00e9rience optimale aux visteurs\u00a0 \u00e9trangers. Proposez des audio guides en 30 langues avec LenseUp\" \/>\n<meta name=\"robots\" content=\"index, follow, max-snippet:-1, max-image-preview:large, max-video-preview:-1\" \/>\n<link rel=\"canonical\" href=\"https:\/\/www.lenseup.com\/fr\/applications\/traduction-audio-guides-multimedia\/\" \/>\n<meta property=\"og:locale\" content=\"fr_FR\" \/>\n<meta property=\"og:type\" content=\"article\" \/>\n<meta property=\"og:title\" content=\"Traduction d&#039;audio guides et multimedia pour mus\u00e9es et institutions culturellles\" \/>\n<meta property=\"og:description\" content=\"Traduisez votre contenu audio et multimedia et proposez une exp\u00e9rience optimale aux visteurs\u00a0 \u00e9trangers. Proposez des audio guides en 30 langues avec LenseUp\" \/>\n<meta property=\"og:url\" content=\"https:\/\/www.lenseup.com\/fr\/applications\/traduction-audio-guides-multimedia\/\" \/>\n<meta property=\"og:site_name\" content=\"LenseUp, solutions vid\u00e9o et audio multilingues. Audioguides, audiobooks, traductions audio et video\" \/>\n<meta property=\"article:modified_time\" content=\"2024-01-02T08:31:24+00:00\" \/>\n<meta name=\"twitter:card\" content=\"summary_large_image\" \/>\n<meta name=\"twitter:label1\" content=\"Dur\u00e9e de lecture estim\u00e9e\" \/>\n\t<meta name=\"twitter:data1\" content=\"12 minutes\" \/>\n<script type=\"application\/ld+json\" class=\"yoast-schema-graph\">{\"@context\":\"https:\/\/schema.org\",\"@graph\":[{\"@type\":\"WebPage\",\"@id\":\"https:\/\/www.lenseup.com\/fr\/applications\/traduction-audio-guides-multimedia\/\",\"url\":\"https:\/\/www.lenseup.com\/fr\/applications\/traduction-audio-guides-multimedia\/\",\"name\":\"Traduction d'audio guides et multimedia pour mus\u00e9es et institutions culturellles\",\"isPartOf\":{\"@id\":\"https:\/\/www.lenseup.com\/fr\/#website\"},\"datePublished\":\"2018-11-18T14:22:19+00:00\",\"dateModified\":\"2024-01-02T08:31:24+00:00\",\"description\":\"Traduisez votre contenu audio et multimedia et proposez une exp\u00e9rience optimale aux visteurs\u00a0 \u00e9trangers. Proposez des audio guides en 30 langues avec LenseUp\",\"breadcrumb\":{\"@id\":\"https:\/\/www.lenseup.com\/fr\/applications\/traduction-audio-guides-multimedia\/#breadcrumb\"},\"inLanguage\":\"fr-FR\",\"potentialAction\":[{\"@type\":\"ReadAction\",\"target\":[\"https:\/\/www.lenseup.com\/fr\/applications\/traduction-audio-guides-multimedia\/\"]}]},{\"@type\":\"BreadcrumbList\",\"@id\":\"https:\/\/www.lenseup.com\/fr\/applications\/traduction-audio-guides-multimedia\/#breadcrumb\",\"itemListElement\":[{\"@type\":\"ListItem\",\"position\":1,\"name\":\"Accueil\",\"item\":\"https:\/\/www.lenseup.com\/fr\/7440-2\/\"},{\"@type\":\"ListItem\",\"position\":2,\"name\":\"Traduction video et audio: quelles applications?\",\"item\":\"https:\/\/www.lenseup.com\/fr\/applications\/\"},{\"@type\":\"ListItem\",\"position\":3,\"name\":\"Traduction d&#8217;audio guides et multimedia pour les mus\u00e9es et institutions culturellles\"}]},{\"@type\":\"WebSite\",\"@id\":\"https:\/\/www.lenseup.com\/fr\/#website\",\"url\":\"https:\/\/www.lenseup.com\/fr\/\",\"name\":\"LenseUp, multilingual audio and video solutions\",\"description\":\"Traductions et contenus audio \/ video dans 30 langues.\",\"potentialAction\":[{\"@type\":\"SearchAction\",\"target\":{\"@type\":\"EntryPoint\",\"urlTemplate\":\"https:\/\/www.lenseup.com\/fr\/?s={search_term_string}\"},\"query-input\":{\"@type\":\"PropertyValueSpecification\",\"valueRequired\":true,\"valueName\":\"search_term_string\"}}],\"inLanguage\":\"fr-FR\"}]}<\/script>\n<!-- \/ Yoast SEO plugin. -->","yoast_head_json":{"title":"Traduction d'audio guides et multimedia pour mus\u00e9es et institutions culturellles","description":"Traduisez votre contenu audio et multimedia et proposez une exp\u00e9rience optimale aux visteurs\u00a0 \u00e9trangers. Proposez des audio guides en 30 langues avec LenseUp","robots":{"index":"index","follow":"follow","max-snippet":"max-snippet:-1","max-image-preview":"max-image-preview:large","max-video-preview":"max-video-preview:-1"},"canonical":"https:\/\/www.lenseup.com\/fr\/applications\/traduction-audio-guides-multimedia\/","og_locale":"fr_FR","og_type":"article","og_title":"Traduction d'audio guides et multimedia pour mus\u00e9es et institutions culturellles","og_description":"Traduisez votre contenu audio et multimedia et proposez une exp\u00e9rience optimale aux visteurs\u00a0 \u00e9trangers. Proposez des audio guides en 30 langues avec LenseUp","og_url":"https:\/\/www.lenseup.com\/fr\/applications\/traduction-audio-guides-multimedia\/","og_site_name":"LenseUp, solutions vid\u00e9o et audio multilingues. Audioguides, audiobooks, traductions audio et video","article_modified_time":"2024-01-02T08:31:24+00:00","twitter_card":"summary_large_image","twitter_misc":{"Dur\u00e9e de lecture estim\u00e9e":"12 minutes"},"schema":{"@context":"https:\/\/schema.org","@graph":[{"@type":"WebPage","@id":"https:\/\/www.lenseup.com\/fr\/applications\/traduction-audio-guides-multimedia\/","url":"https:\/\/www.lenseup.com\/fr\/applications\/traduction-audio-guides-multimedia\/","name":"Traduction d'audio guides et multimedia pour mus\u00e9es et institutions culturellles","isPartOf":{"@id":"https:\/\/www.lenseup.com\/fr\/#website"},"datePublished":"2018-11-18T14:22:19+00:00","dateModified":"2024-01-02T08:31:24+00:00","description":"Traduisez votre contenu audio et multimedia et proposez une exp\u00e9rience optimale aux visteurs\u00a0 \u00e9trangers. Proposez des audio guides en 30 langues avec LenseUp","breadcrumb":{"@id":"https:\/\/www.lenseup.com\/fr\/applications\/traduction-audio-guides-multimedia\/#breadcrumb"},"inLanguage":"fr-FR","potentialAction":[{"@type":"ReadAction","target":["https:\/\/www.lenseup.com\/fr\/applications\/traduction-audio-guides-multimedia\/"]}]},{"@type":"BreadcrumbList","@id":"https:\/\/www.lenseup.com\/fr\/applications\/traduction-audio-guides-multimedia\/#breadcrumb","itemListElement":[{"@type":"ListItem","position":1,"name":"Accueil","item":"https:\/\/www.lenseup.com\/fr\/7440-2\/"},{"@type":"ListItem","position":2,"name":"Traduction video et audio: quelles applications?","item":"https:\/\/www.lenseup.com\/fr\/applications\/"},{"@type":"ListItem","position":3,"name":"Traduction d&#8217;audio guides et multimedia pour les mus\u00e9es et institutions culturellles"}]},{"@type":"WebSite","@id":"https:\/\/www.lenseup.com\/fr\/#website","url":"https:\/\/www.lenseup.com\/fr\/","name":"LenseUp, multilingual audio and video solutions","description":"Traductions et contenus audio \/ video dans 30 langues.","potentialAction":[{"@type":"SearchAction","target":{"@type":"EntryPoint","urlTemplate":"https:\/\/www.lenseup.com\/fr\/?s={search_term_string}"},"query-input":{"@type":"PropertyValueSpecification","valueRequired":true,"valueName":"search_term_string"}}],"inLanguage":"fr-FR"}]}},"_links":{"self":[{"href":"https:\/\/www.lenseup.com\/fr\/wp-json\/wp\/v2\/pages\/3896"}],"collection":[{"href":"https:\/\/www.lenseup.com\/fr\/wp-json\/wp\/v2\/pages"}],"about":[{"href":"https:\/\/www.lenseup.com\/fr\/wp-json\/wp\/v2\/types\/page"}],"author":[{"embeddable":true,"href":"https:\/\/www.lenseup.com\/fr\/wp-json\/wp\/v2\/users\/1"}],"replies":[{"embeddable":true,"href":"https:\/\/www.lenseup.com\/fr\/wp-json\/wp\/v2\/comments?post=3896"}],"version-history":[{"count":35,"href":"https:\/\/www.lenseup.com\/fr\/wp-json\/wp\/v2\/pages\/3896\/revisions"}],"predecessor-version":[{"id":4157,"href":"https:\/\/www.lenseup.com\/fr\/wp-json\/wp\/v2\/pages\/3896\/revisions\/4157"}],"up":[{"embeddable":true,"href":"https:\/\/www.lenseup.com\/fr\/wp-json\/wp\/v2\/pages\/4108"}],"wp:attachment":[{"href":"https:\/\/www.lenseup.com\/fr\/wp-json\/wp\/v2\/media?parent=3896"}],"curies":[{"name":"wp","href":"https:\/\/api.w.org\/{rel}","templated":true}]}}