{"id":4108,"date":"2018-12-04T23:16:41","date_gmt":"2018-12-04T22:16:41","guid":{"rendered":"https:\/\/www.lenseup.com\/?page_id=4108"},"modified":"2021-08-27T19:14:35","modified_gmt":"2021-08-27T17:14:35","slug":"applications","status":"publish","type":"page","link":"https:\/\/www.lenseup.com\/fr\/applications\/","title":{"rendered":"Traduction video et audio: quelles applications?"},"content":{"rendered":"<div id='av_section_2'  class='avia-section main_color avia-section-default avia-no-shadow  avia-bg-style-scroll  avia-builder-el-0  el_before_av_promobox  avia-builder-el-first   container_wrap sidebar_right' style='background-color: #f2f2f2;  '  ><div class='container' ><main  role=\"main\" itemprop=\"mainContentOfPage\"  class='template-page content  av-content-small alpha units'><div class='post-entry post-entry-type-page post-entry-4108'><div class='entry-content-wrapper clearfix'>\n<div  style='padding-bottom:0px; color:#ffffff;font-size:40px;' class='av-special-heading av-special-heading-h1 custom-color-heading blockquote modern-quote  avia-builder-el-1  avia-builder-el-no-sibling  av-inherit-size '><h1 class='av-special-heading-tag '  itemprop=\"headline\"  >Traduction video et audio: applications<\/h1><div class='special-heading-border'><div class='special-heading-inner-border' style='border-color:#ffffff'><\/div><\/div><\/div>\n<\/div><\/div><\/main><!-- close content main element --><\/div><\/div><div id='after_section_1'  class='main_color av_default_container_wrap container_wrap sidebar_right' style=' '  ><div class='container' ><div class='template-page content  av-content-small alpha units'><div class='post-entry post-entry-type-page post-entry-4108'><div class='entry-content-wrapper clearfix'>\t<div   class='av_promobox  avia-button-no   avia-builder-el-2  el_after_av_section  el_before_av_one_full  avia-builder-el-first '>\t\t<div class='avia-promocontent'><p>\nUne image vaut mille mots, et une vid\u00e9o d&rsquo;une minute vaut 1,8 million de mots. Pour d\u00e9velopper votre pr\u00e9sence sur le web \u00e0 l&rsquo;international, vous devez int\u00e9grer la traduction vid\u00e9o et audio dans votre strat\u00e9gie de marketing en ligne. <strong>En 2021, les applications de la traduction vid\u00e9o et audio sont multiples.<\/strong><\/p>\n<\/div><\/div><\/p>\n<div class=\"flex_column av_one_full  flex_column_div av-zero-column-padding first  avia-builder-el-3  el_after_av_promobox  el_before_av_one_fourth  \" style='border-radius:0px; '><section class=\"av_textblock_section \"  itemscope=\"itemscope\" itemtype=\"https:\/\/schema.org\/CreativeWork\" ><div class='avia_textblock  '   itemprop=\"text\" ><h2 style=\"text-align: center;\">Nous traduisons des\u00a0 fichiers vid\u00e9o et audio pour:<\/h2>\n<\/div><\/section><\/div>\n<div class=\"flex_column av_one_fourth  flex_column_div av-zero-column-padding avia-link-column av-column-link first  avia-builder-el-5  el_after_av_one_full  el_before_av_one_fourth  column-top-margin\" style='border-radius:0px; ' data-link-column-url=\"https:\/\/www.lenseup.com\/fr\/applications\/traduction-videos-produits-services\/\" ><a class=\"av-screen-reader-only\" href=https:\/\/www.lenseup.com\/fr\/applications\/traduction-videos-produits-services\/ >Le site internet:Traductions de vid\u00e9os explicatives pour produits et services<\/a><section class=\"av_textblock_section \"  itemscope=\"itemscope\" itemtype=\"https:\/\/schema.org\/CreativeWork\" ><div class='avia_textblock  '   itemprop=\"text\" ><h2>Vid\u00e9os produits\/services<\/h2>\n<\/div><\/section><br \/>\n<div  class='avia-image-container  av-styling-    avia-builder-el-7  el_after_av_textblock  avia-builder-el-last  avia-align-center '  itemprop=\"image\" itemscope=\"itemscope\" itemtype=\"https:\/\/schema.org\/ImageObject\"  ><div class='avia-image-container-inner'><div class='avia-image-overlay-wrap'><img decoding=\"async\" class='wp-image-4039 avia-img-lazy-loading-not-4039 avia_image' src=\"https:\/\/www.lenseup.com\/wp-content\/uploads\/2018\/11\/traduction-video-495x400.jpg\" alt='' title='video facebook' height=\"400\" width=\"495\"  itemprop=\"thumbnailUrl\" srcset=\"https:\/\/www.lenseup.com\/wp-content\/uploads\/2018\/11\/traduction-video-495x400.jpg 495w, https:\/\/www.lenseup.com\/wp-content\/uploads\/2018\/11\/traduction-video-845x684.jpg 845w\" sizes=\"(max-width: 495px) 100vw, 495px\" \/><\/div><\/div><\/div><\/p><\/div>\n<div class=\"flex_column av_one_fourth  flex_column_div av-zero-column-padding avia-link-column av-column-link   avia-builder-el-8  el_after_av_one_fourth  el_before_av_one_fourth  column-top-margin\" style='border-radius:0px; ' data-link-column-url=\"https:\/\/www.lenseup.com\/fr\/applications\/traduction-videos-produits-services\/\" ><a class=\"av-screen-reader-only\" href=https:\/\/www.lenseup.com\/fr\/applications\/traduction-videos-produits-services\/ >Le site internet:Traductions de vid\u00e9os explicatives pour produits et services<\/a><section class=\"av_textblock_section \"  itemscope=\"itemscope\" itemtype=\"https:\/\/schema.org\/CreativeWork\" ><div class='avia_textblock  '   itemprop=\"text\" ><h2>Elearning \/ Cours en ligne<\/h2>\n<\/div><\/section><br \/>\n<div  class='avia-image-container  av-styling-    avia-builder-el-10  el_after_av_textblock  avia-builder-el-last  avia-align-center '  itemprop=\"image\" itemscope=\"itemscope\" itemtype=\"https:\/\/schema.org\/ImageObject\"  ><div class='avia-image-container-inner'><div class='avia-image-overlay-wrap'><a href='https:\/\/www.lenseup.com\/fr\/applications\/traduction-cours-en-ligne-e-learning\/' class='avia_image'  ><img decoding=\"async\" width=\"495\" height=\"400\" class='wp-image-4006 avia-img-lazy-loading-not-4006 avia_image' src=\"https:\/\/www.lenseup.com\/wp-content\/uploads\/2018\/11\/elearning-495x400.jpg\" alt='' title='elearning'  itemprop=\"thumbnailUrl\" srcset=\"https:\/\/www.lenseup.com\/wp-content\/uploads\/2018\/11\/elearning-495x400.jpg 495w, https:\/\/www.lenseup.com\/wp-content\/uploads\/2018\/11\/elearning-845x684.jpg 845w\" sizes=\"(max-width: 495px) 100vw, 495px\" \/><\/a><\/div><\/div><\/div><\/p><\/div>\n<div class=\"flex_column av_one_fourth  flex_column_div av-zero-column-padding avia-link-column av-column-link   avia-builder-el-11  el_after_av_one_fourth  el_before_av_one_fourth  column-top-margin\" style='border-radius:0px; ' data-link-column-url=\"https:\/\/www.lenseup.com\/fr\/applications\/traduction-videos-produits-services\/\" ><a class=\"av-screen-reader-only\" href=https:\/\/www.lenseup.com\/fr\/applications\/traduction-videos-produits-services\/ >Le site internet:Traductions de vid\u00e9os explicatives pour produits et services<\/a><section class=\"av_textblock_section \"  itemscope=\"itemscope\" itemtype=\"https:\/\/schema.org\/CreativeWork\" ><div class='avia_textblock  '   itemprop=\"text\" ><h2>Information et news<\/h2>\n<\/div><\/section><br \/>\n<div  class='avia-image-container  av-styling-    avia-builder-el-13  el_after_av_textblock  avia-builder-el-last  avia-align-center '  itemprop=\"image\" itemscope=\"itemscope\" itemtype=\"https:\/\/schema.org\/ImageObject\"  ><div class='avia-image-container-inner'><div class='avia-image-overlay-wrap'><a href='https:\/\/www.lenseup.com\/fr\/applications\/videos-news-secteur-information\/' class='avia_image'  ><img decoding=\"async\" width=\"495\" height=\"400\" class='wp-image-4889 avia-img-lazy-loading-not-4889 avia_image' src=\"https:\/\/www.lenseup.com\/wp-content\/uploads\/2019\/11\/international-web-wokshop-495x400.jpg\" alt='' title='international-web-wokshop'  itemprop=\"thumbnailUrl\" srcset=\"https:\/\/www.lenseup.com\/wp-content\/uploads\/2019\/11\/international-web-wokshop-495x400.jpg 495w, https:\/\/www.lenseup.com\/wp-content\/uploads\/2019\/11\/international-web-wokshop-845x684.jpg 845w\" sizes=\"(max-width: 495px) 100vw, 495px\" \/><\/a><\/div><\/div><\/div><\/p><\/div>\n<div class=\"flex_column av_one_fourth  flex_column_div av-zero-column-padding avia-link-column av-column-link   avia-builder-el-14  el_after_av_one_fourth  el_before_av_one_fourth  column-top-margin\" style='border-radius:0px; ' data-link-column-url=\"https:\/\/www.lenseup.com\/fr\/applications\/traduction-videos-produits-services\/\" ><a class=\"av-screen-reader-only\" href=https:\/\/www.lenseup.com\/fr\/applications\/traduction-videos-produits-services\/ >Le site internet:Traductions de vid\u00e9os explicatives pour produits et services<\/a><section class=\"av_textblock_section \"  itemscope=\"itemscope\" itemtype=\"https:\/\/schema.org\/CreativeWork\" ><div class='avia_textblock  '   itemprop=\"text\" ><h2>Vid\u00e9os r\u00e9seaux sociaux<\/h2>\n<\/div><\/section><br \/>\n<div  class='avia-image-container  av-styling-    avia-builder-el-16  el_after_av_textblock  avia-builder-el-last  avia-align-center '  itemprop=\"image\" itemscope=\"itemscope\" itemtype=\"https:\/\/schema.org\/ImageObject\"  ><div class='avia-image-container-inner'><div class='avia-image-overlay-wrap'><a href='https:\/\/www.lenseup.com\/fr\/applications\/traduction-videos-reseaux-sociaux\/' class='avia_image'  ><img decoding=\"async\" width=\"495\" height=\"400\" class='wp-image-4130 avia-img-lazy-loading-not-4130 avia_image' src=\"https:\/\/www.lenseup.com\/wp-content\/uploads\/2018\/12\/social-network-video-495x400.jpg\" alt='' title='social-network-video'  itemprop=\"thumbnailUrl\" srcset=\"https:\/\/www.lenseup.com\/wp-content\/uploads\/2018\/12\/social-network-video-495x400.jpg 495w, https:\/\/www.lenseup.com\/wp-content\/uploads\/2018\/12\/social-network-video-845x684.jpg 845w\" sizes=\"(max-width: 495px) 100vw, 495px\" \/><\/a><\/div><\/div><\/div><\/p><\/div>\n<div class=\"flex_column av_one_fourth  flex_column_div av-zero-column-padding avia-link-column av-column-link first  avia-builder-el-17  el_after_av_one_fourth  el_before_av_one_fourth  column-top-margin\" style='border-radius:0px; ' data-link-column-url=\"https:\/\/www.lenseup.com\/fr\/applications\/traduction-audio-guides-multimedia\/\" ><a class=\"av-screen-reader-only\" href=https:\/\/www.lenseup.com\/fr\/applications\/traduction-audio-guides-multimedia\/ >Le site internet:Traduction d&rsquo;audio guides et multimedia pour les mus\u00e9es et institutions culturellles<\/a><section class=\"av_textblock_section \"  itemscope=\"itemscope\" itemtype=\"https:\/\/schema.org\/CreativeWork\" ><div class='avia_textblock  '   itemprop=\"text\" ><h2>Audio guides multilingues<\/h2>\n<\/div><\/section><br \/>\n<div  class='avia-image-container  av-styling-    avia-builder-el-19  el_after_av_textblock  avia-builder-el-last  avia-align-center '  itemprop=\"image\" itemscope=\"itemscope\" itemtype=\"https:\/\/schema.org\/ImageObject\"  ><div class='avia-image-container-inner'><div class='avia-image-overlay-wrap'><a href='https:\/\/www.lenseup.com\/fr\/applications\/traduction-videos-reseaux-sociaux\/' class='avia_image'  ><img decoding=\"async\" width=\"495\" height=\"400\" class='wp-image-4137 avia-img-lazy-loading-not-4137 avia_image' src=\"https:\/\/www.lenseup.com\/wp-content\/uploads\/2018\/12\/audio-guide-production-495x400.jpg\" alt='' title='audio-guide-production'  itemprop=\"thumbnailUrl\" srcset=\"https:\/\/www.lenseup.com\/wp-content\/uploads\/2018\/12\/audio-guide-production-495x400.jpg 495w, https:\/\/www.lenseup.com\/wp-content\/uploads\/2018\/12\/audio-guide-production-845x684.jpg 845w\" sizes=\"(max-width: 495px) 100vw, 495px\" \/><\/a><\/div><\/div><\/div><\/p><\/div>\n<div class=\"flex_column av_one_fourth  flex_column_div av-zero-column-padding avia-link-column av-column-link   avia-builder-el-20  el_after_av_one_fourth  el_before_av_one_fourth  column-top-margin\" style='border-radius:0px; ' data-link-column-url=\"https:\/\/www.lenseup.com\/fr\/applications\/contenus-audio-multilingues\/\" ><a class=\"av-screen-reader-only\" href=https:\/\/www.lenseup.com\/fr\/applications\/contenus-audio-multilingues\/ >Le site internet:Production et marketing audio multilingue<\/a><section class=\"av_textblock_section \"  itemscope=\"itemscope\" itemtype=\"https:\/\/schema.org\/CreativeWork\" ><div class='avia_textblock  '   itemprop=\"text\" ><h2>Traduction de podcasts<\/h2>\n<\/div><\/section><br \/>\n<div  class='avia-image-container  av-styling-    avia-builder-el-22  el_after_av_textblock  avia-builder-el-last  avia-align-center '  itemprop=\"image\" itemscope=\"itemscope\" itemtype=\"https:\/\/schema.org\/ImageObject\"  ><div class='avia-image-container-inner'><div class='avia-image-overlay-wrap'><a href='https:\/\/www.lenseup.com\/fr\/applications\/traduction-videos-reseaux-sociaux\/' class='avia_image'  ><img decoding=\"async\" width=\"495\" height=\"400\" class='wp-image-6062 avia-img-lazy-loading-not-6062 avia_image' src=\"https:\/\/www.lenseup.com\/wp-content\/uploads\/2020\/11\/voix-off-multilingue-495x400.jpg\" alt='' title='voix-off multilingue'  itemprop=\"thumbnailUrl\" srcset=\"https:\/\/www.lenseup.com\/wp-content\/uploads\/2020\/11\/voix-off-multilingue-495x400.jpg 495w, https:\/\/www.lenseup.com\/wp-content\/uploads\/2020\/11\/voix-off-multilingue-845x684.jpg 845w\" sizes=\"(max-width: 495px) 100vw, 495px\" \/><\/a><\/div><\/div><\/div><\/p><\/div>\n<div class=\"flex_column av_one_fourth  flex_column_div av-zero-column-padding avia-link-column av-column-link   avia-builder-el-23  el_after_av_one_fourth  el_before_av_one_fourth  column-top-margin\" style='border-radius:0px; ' data-link-column-url=\"https:\/\/www.lenseup.com\/fr\/applications\/contenus-audio-multilingues\/\" ><a class=\"av-screen-reader-only\" href=https:\/\/www.lenseup.com\/fr\/applications\/contenus-audio-multilingues\/ >Le site internet:Production et marketing audio multilingue<\/a><section class=\"av_textblock_section \"  itemscope=\"itemscope\" itemtype=\"https:\/\/schema.org\/CreativeWork\" ><div class='avia_textblock  '   itemprop=\"text\" ><h2>Production audio<\/h2>\n<\/div><\/section><br \/>\n<div  class='avia-image-container  av-styling-    avia-builder-el-25  el_after_av_textblock  avia-builder-el-last  avia-align-center '  itemprop=\"image\" itemscope=\"itemscope\" itemtype=\"https:\/\/schema.org\/ImageObject\"  ><div class='avia-image-container-inner'><div class='avia-image-overlay-wrap'><a href='https:\/\/www.lenseup.com\/fr\/applications\/traduction-videos-reseaux-sociaux\/' class='avia_image'  ><img decoding=\"async\" width=\"495\" height=\"400\" class='wp-image-6006 avia-img-lazy-loading-not-6006 avia_image' src=\"https:\/\/www.lenseup.com\/wp-content\/uploads\/2020\/11\/advertising-podcasting-495x400.jpg\" alt='' title='advertising-podcasting'  itemprop=\"thumbnailUrl\" srcset=\"https:\/\/www.lenseup.com\/wp-content\/uploads\/2020\/11\/advertising-podcasting-495x400.jpg 495w, https:\/\/www.lenseup.com\/wp-content\/uploads\/2020\/11\/advertising-podcasting-845x684.jpg 845w\" sizes=\"(max-width: 495px) 100vw, 495px\" \/><\/a><\/div><\/div><\/div><\/p><\/div>\n<div class=\"flex_column av_one_fourth  flex_column_div av-zero-column-padding avia-link-column av-column-link   avia-builder-el-26  el_after_av_one_fourth  el_before_av_one_full  column-top-margin\" style='border-radius:0px; ' data-link-column-url=\"https:\/\/www.lenseup.com\/fr\/seo-multimedia\/\" ><a class=\"av-screen-reader-only\" href=https:\/\/www.lenseup.com\/fr\/seo-multimedia\/ >Suivre un lien ajout\u00e9 manuellement<\/a><section class=\"av_textblock_section \"  itemscope=\"itemscope\" itemtype=\"https:\/\/schema.org\/CreativeWork\" ><div class='avia_textblock  '   itemprop=\"text\" ><h2>R\u00e9f\u00e9rencement et SEO<\/h2>\n<\/div><\/section><br \/>\n<div  class='avia-image-container  av-styling-    avia-builder-el-28  el_after_av_textblock  avia-builder-el-last  avia-align-center '  itemprop=\"image\" itemscope=\"itemscope\" itemtype=\"https:\/\/schema.org\/ImageObject\"  ><div class='avia-image-container-inner'><div class='avia-image-overlay-wrap'><a href='https:\/\/www.lenseup.com\/fr\/applications\/traduction-videos-reseaux-sociaux\/' class='avia_image'  ><img decoding=\"async\" width=\"495\" height=\"400\" class='wp-image-6039 avia-img-lazy-loading-not-6039 avia_image' src=\"https:\/\/www.lenseup.com\/wp-content\/uploads\/2020\/11\/seo-referencement-audio-video-495x400.jpg\" alt='audio video SEO referencement' title='seo-referencement-audio-video'  itemprop=\"thumbnailUrl\"  \/><\/a><\/div><\/div><\/div><\/p><\/div>\n<div class=\"flex_column av_one_full  flex_column_div av-zero-column-padding first  avia-builder-el-29  el_after_av_one_fourth  el_before_av_section  avia-builder-el-last  column-top-margin\" style='border-radius:0px; '><section class=\"av_textblock_section \"  itemscope=\"itemscope\" itemtype=\"https:\/\/schema.org\/CreativeWork\" ><div class='avia_textblock  '   itemprop=\"text\" ><h2>La vid\u00e9o est omnipr\u00e9sente sur le web, l&rsquo;audio en forte croissance<\/h2>\n<p>On ne soulignera jamais assez l&rsquo;importance du marketing vid\u00e9o. La vid\u00e9o sociale est 1200% plus partageable que d&rsquo;autres formes de contenu, comme les images et le texte.<\/p>\n<p><strong>Les applications de la traduction video sont nombreuses.<\/strong> Il s&rsquo;agit notamment de vlogs, de d\u00e9monstrations de produits, de t\u00e9moignages, de vid\u00e9os sociales, d&rsquo;interviews, de films d&rsquo;animation, de publicit\u00e9s, d&rsquo;elearning, la liste est longue.<\/p>\n<p><strong>La traduction audio est aussi amen\u00e9e \u00e0 connaitre une forte croissance<\/strong> dans les ann\u00e9es \u00e0 venir, avec l&rsquo;explosion annonc\u00e9e du podcasting, des audio guides, les publicit\u00e9s personnalis\u00e9es&#8230;<\/p>\n<\/div><\/section><\/div>\n<\/div><\/div><\/div><!-- close content main div --><\/div><\/div><div id='my_section2'  class='avia-section main_color avia-section-small avia-no-shadow  avia-bg-style-scroll  avia-builder-el-31  el_after_av_one_full  avia-builder-el-last   container_wrap sidebar_right' style='background-color: #e72b2b;  '  ><div class='container' ><div class='template-page content  av-content-small alpha units'><div class='post-entry post-entry-type-page post-entry-4108'><div class='entry-content-wrapper clearfix'>\n<div  class='avia-button-wrap avia-button-center  avia-builder-el-32  avia-builder-el-no-sibling ' ><a href='https:\/\/www.lenseup.com\/fr\/contact\/'  class='avia-button av-icon-on-hover avia-color-light   avia-icon_select-yes-left-icon avia-size-large avia-position-center '   ><span class='avia_button_icon avia_button_icon_left ' aria-hidden='true' data-av_icon='\ue859' data-av_iconfont='entypo-fontello'><\/span><span class='avia_iconbox_title' >Demandez un devis<\/span><\/a><\/div>\n<\/div><\/div><\/div><!-- close content main div --><\/div><\/div><div id='after_section_2'  class='main_color av_default_container_wrap container_wrap sidebar_right' style=' '  ><div class='container' ><div class='template-page content  av-content-small alpha units'><div class='post-entry post-entry-type-page post-entry-4108'><div class='entry-content-wrapper clearfix'>\n","protected":false},"excerpt":{"rendered":"","protected":false},"author":1,"featured_media":0,"parent":0,"menu_order":0,"comment_status":"closed","ping_status":"closed","template":"","meta":{"footnotes":""},"yoast_head":"<!-- This site is optimized with the Yoast SEO plugin v23.5 - https:\/\/yoast.com\/wordpress\/plugins\/seo\/ -->\n<title>Traduction video et audio: quelles applications?<\/title>\n<meta name=\"description\" content=\"Comment conqu\u00e9rir le monde, et d\u00e9velopper votre pr\u00e9sence internationale sur le web, avec la traduction vid\u00e9o et audio.\" \/>\n<meta name=\"robots\" content=\"index, follow, max-snippet:-1, max-image-preview:large, max-video-preview:-1\" \/>\n<link rel=\"canonical\" href=\"https:\/\/www.lenseup.com\/fr\/applications\/\" \/>\n<meta property=\"og:locale\" content=\"fr_FR\" \/>\n<meta property=\"og:type\" content=\"article\" \/>\n<meta property=\"og:title\" content=\"Traduction video et audio: quelles applications?\" \/>\n<meta property=\"og:description\" content=\"Comment conqu\u00e9rir le monde, et d\u00e9velopper votre pr\u00e9sence internationale sur le web, avec la traduction vid\u00e9o et audio.\" \/>\n<meta property=\"og:url\" content=\"https:\/\/www.lenseup.com\/fr\/applications\/\" \/>\n<meta property=\"og:site_name\" content=\"LenseUp, solutions vid\u00e9o et audio multilingues. Audioguides, audiobooks, traductions audio et video\" \/>\n<meta property=\"article:modified_time\" content=\"2021-08-27T17:14:35+00:00\" \/>\n<meta name=\"twitter:card\" content=\"summary_large_image\" \/>\n<meta name=\"twitter:label1\" content=\"Dur\u00e9e de lecture estim\u00e9e\" \/>\n\t<meta name=\"twitter:data1\" content=\"7 minutes\" \/>\n<script type=\"application\/ld+json\" class=\"yoast-schema-graph\">{\"@context\":\"https:\/\/schema.org\",\"@graph\":[{\"@type\":\"WebPage\",\"@id\":\"https:\/\/www.lenseup.com\/fr\/applications\/\",\"url\":\"https:\/\/www.lenseup.com\/fr\/applications\/\",\"name\":\"Traduction video et audio: quelles applications?\",\"isPartOf\":{\"@id\":\"https:\/\/www.lenseup.com\/fr\/#website\"},\"datePublished\":\"2018-12-04T22:16:41+00:00\",\"dateModified\":\"2021-08-27T17:14:35+00:00\",\"description\":\"Comment conqu\u00e9rir le monde, et d\u00e9velopper votre pr\u00e9sence internationale sur le web, avec la traduction vid\u00e9o et audio.\",\"breadcrumb\":{\"@id\":\"https:\/\/www.lenseup.com\/fr\/applications\/#breadcrumb\"},\"inLanguage\":\"fr-FR\",\"potentialAction\":[{\"@type\":\"ReadAction\",\"target\":[\"https:\/\/www.lenseup.com\/fr\/applications\/\"]}]},{\"@type\":\"BreadcrumbList\",\"@id\":\"https:\/\/www.lenseup.com\/fr\/applications\/#breadcrumb\",\"itemListElement\":[{\"@type\":\"ListItem\",\"position\":1,\"name\":\"Accueil\",\"item\":\"https:\/\/www.lenseup.com\/fr\/7440-2\/\"},{\"@type\":\"ListItem\",\"position\":2,\"name\":\"Traduction video et audio: quelles applications?\"}]},{\"@type\":\"WebSite\",\"@id\":\"https:\/\/www.lenseup.com\/fr\/#website\",\"url\":\"https:\/\/www.lenseup.com\/fr\/\",\"name\":\"LenseUp, multilingual audio and video solutions\",\"description\":\"Traductions et contenus audio \/ video dans 30 langues.\",\"potentialAction\":[{\"@type\":\"SearchAction\",\"target\":{\"@type\":\"EntryPoint\",\"urlTemplate\":\"https:\/\/www.lenseup.com\/fr\/?s={search_term_string}\"},\"query-input\":{\"@type\":\"PropertyValueSpecification\",\"valueRequired\":true,\"valueName\":\"search_term_string\"}}],\"inLanguage\":\"fr-FR\"}]}<\/script>\n<!-- \/ Yoast SEO plugin. -->","yoast_head_json":{"title":"Traduction video et audio: quelles applications?","description":"Comment conqu\u00e9rir le monde, et d\u00e9velopper votre pr\u00e9sence internationale sur le web, avec la traduction vid\u00e9o et audio.","robots":{"index":"index","follow":"follow","max-snippet":"max-snippet:-1","max-image-preview":"max-image-preview:large","max-video-preview":"max-video-preview:-1"},"canonical":"https:\/\/www.lenseup.com\/fr\/applications\/","og_locale":"fr_FR","og_type":"article","og_title":"Traduction video et audio: quelles applications?","og_description":"Comment conqu\u00e9rir le monde, et d\u00e9velopper votre pr\u00e9sence internationale sur le web, avec la traduction vid\u00e9o et audio.","og_url":"https:\/\/www.lenseup.com\/fr\/applications\/","og_site_name":"LenseUp, solutions vid\u00e9o et audio multilingues. Audioguides, audiobooks, traductions audio et video","article_modified_time":"2021-08-27T17:14:35+00:00","twitter_card":"summary_large_image","twitter_misc":{"Dur\u00e9e de lecture estim\u00e9e":"7 minutes"},"schema":{"@context":"https:\/\/schema.org","@graph":[{"@type":"WebPage","@id":"https:\/\/www.lenseup.com\/fr\/applications\/","url":"https:\/\/www.lenseup.com\/fr\/applications\/","name":"Traduction video et audio: quelles applications?","isPartOf":{"@id":"https:\/\/www.lenseup.com\/fr\/#website"},"datePublished":"2018-12-04T22:16:41+00:00","dateModified":"2021-08-27T17:14:35+00:00","description":"Comment conqu\u00e9rir le monde, et d\u00e9velopper votre pr\u00e9sence internationale sur le web, avec la traduction vid\u00e9o et audio.","breadcrumb":{"@id":"https:\/\/www.lenseup.com\/fr\/applications\/#breadcrumb"},"inLanguage":"fr-FR","potentialAction":[{"@type":"ReadAction","target":["https:\/\/www.lenseup.com\/fr\/applications\/"]}]},{"@type":"BreadcrumbList","@id":"https:\/\/www.lenseup.com\/fr\/applications\/#breadcrumb","itemListElement":[{"@type":"ListItem","position":1,"name":"Accueil","item":"https:\/\/www.lenseup.com\/fr\/7440-2\/"},{"@type":"ListItem","position":2,"name":"Traduction video et audio: quelles applications?"}]},{"@type":"WebSite","@id":"https:\/\/www.lenseup.com\/fr\/#website","url":"https:\/\/www.lenseup.com\/fr\/","name":"LenseUp, multilingual audio and video solutions","description":"Traductions et contenus audio \/ video dans 30 langues.","potentialAction":[{"@type":"SearchAction","target":{"@type":"EntryPoint","urlTemplate":"https:\/\/www.lenseup.com\/fr\/?s={search_term_string}"},"query-input":{"@type":"PropertyValueSpecification","valueRequired":true,"valueName":"search_term_string"}}],"inLanguage":"fr-FR"}]}},"_links":{"self":[{"href":"https:\/\/www.lenseup.com\/fr\/wp-json\/wp\/v2\/pages\/4108"}],"collection":[{"href":"https:\/\/www.lenseup.com\/fr\/wp-json\/wp\/v2\/pages"}],"about":[{"href":"https:\/\/www.lenseup.com\/fr\/wp-json\/wp\/v2\/types\/page"}],"author":[{"embeddable":true,"href":"https:\/\/www.lenseup.com\/fr\/wp-json\/wp\/v2\/users\/1"}],"replies":[{"embeddable":true,"href":"https:\/\/www.lenseup.com\/fr\/wp-json\/wp\/v2\/comments?post=4108"}],"version-history":[{"count":66,"href":"https:\/\/www.lenseup.com\/fr\/wp-json\/wp\/v2\/pages\/4108\/revisions"}],"predecessor-version":[{"id":14779,"href":"https:\/\/www.lenseup.com\/fr\/wp-json\/wp\/v2\/pages\/4108\/revisions\/14779"}],"wp:attachment":[{"href":"https:\/\/www.lenseup.com\/fr\/wp-json\/wp\/v2\/media?parent=4108"}],"curies":[{"name":"wp","href":"https:\/\/api.w.org\/{rel}","templated":true}]}}