{"id":4904,"date":"2019-12-08T17:09:34","date_gmt":"2019-12-08T16:09:34","guid":{"rendered":"https:\/\/www.lenseup.com\/?page_id=4904"},"modified":"2024-01-01T11:12:16","modified_gmt":"2024-01-01T10:12:16","slug":"podcasts-seo-et-referencement","status":"publish","type":"page","link":"https:\/\/www.lenseup.com\/fr\/podcasts-seo-et-referencement\/","title":{"rendered":"SEO et r\u00e9f\u00e9rencement audio: booster votre podcast"},"content":{"rendered":"<div id='av_section_2'  class='avia-section main_color avia-section-default avia-no-shadow  avia-bg-style-scroll  avia-builder-el-0  el_before_av_promobox  avia-builder-el-first   container_wrap sidebar_right' style='background-color: #f2f2f2;  '  ><div class='container' ><main  role=\"main\" itemprop=\"mainContentOfPage\"  class='template-page content  av-content-small alpha units'><div class='post-entry post-entry-type-page post-entry-4904'><div class='entry-content-wrapper clearfix'>\n<div  style='padding-bottom:0px; color:#ffffff;font-size:40px;' class='av-special-heading av-special-heading-h1 custom-color-heading blockquote modern-quote  avia-builder-el-1  avia-builder-el-no-sibling  av-inherit-size '><h1 class='av-special-heading-tag '  itemprop=\"headline\"  > SEO audio \u2013 r\u00e9f\u00e9rencement audio international<\/h1><div class='special-heading-border'><div class='special-heading-inner-border' style='border-color:#ffffff'><\/div><\/div><\/div>\n<\/div><\/div><\/main><!-- close content main element --><\/div><\/div><div id='after_section_1'  class='main_color av_default_container_wrap container_wrap sidebar_right' style=' '  ><div class='container' ><div class='template-page content  av-content-small alpha units'><div class='post-entry post-entry-type-page post-entry-4904'><div class='entry-content-wrapper clearfix'>\n\t<div   class='av_promobox  avia-button-no   avia-builder-el-2  el_after_av_section  el_before_av_one_half  avia-builder-el-first '>\t\t<div class='avia-promocontent'><\/p>\n<blockquote>\n<p>Le podcasting et l&rsquo;audio connaissent un fort d\u00e9veloppement. Avec LenseUp, donnez plus de visibilit\u00e9, obtenez un meilleur r\u00e9f\u00e9rencement pour vos productions audio et podcasts.<\/p>\n<\/blockquote>\n<p>\n<\/div><\/div>\n<div class=\"flex_column av_one_half  flex_column_div av-zero-column-padding first  avia-builder-el-3  el_after_av_promobox  el_before_av_one_half  \" style='border-radius:0px; '><section class=\"av_textblock_section \"  itemscope=\"itemscope\" itemtype=\"https:\/\/schema.org\/CreativeWork\" ><div class='avia_textblock  '   itemprop=\"text\" ><h2>D\u00e9veloppez votre audience et visibilit\u00e9 gr\u00e2ce \u00e0 l&rsquo;audio<\/h2>\n<p>SEO est l&rsquo;abr\u00e9viation de \u00ab\u00a0Search Engine Optimization\u00a0\u00bb (optimisation des moteurs de recherche). Il s&rsquo;agit de techniques sp\u00e9cifiques d&rsquo;optimisation de sites Web qui peuvent conduire \u00e0 un meilleur classement dans les moteurs de recherche. Ces classements non payants dans les moteurs de recherche sont appel\u00e9s r\u00e9sultats de recherche \u00ab\u00a0organiques\u00a0\u00bb.\u00a0 Le terme \u00ab\u00a0P<strong>odcast SEO<\/strong>\u00a0\u00bb ou \u00ab\u00a0<strong>audio SEO<\/strong>\u00a0\u00bb se r\u00e9f\u00e8re a la possibilit\u00e9 qu&rsquo;ont les marques d&rsquo;\u00e9largir leur audience gr\u00e2ce au SEO (r\u00e9f\u00e9rencement), en obtenant une meilleure visibilit\u00e9.<\/p>\n<p>Aujourd&rsquo;hui, l&rsquo;optimisation des moteurs de recherche repose principalement sur un contenu de haute qualit\u00e9, bien structur\u00e9, et sur les liens pointant vers ce contenu \u00e0 partir d&rsquo;autres sources cr\u00e9dibles. <strong>Depuis 2019, les podcasts apparaissent directement dans les r\u00e9sultats de recherche de Google.<\/strong><\/p>\n<p>Avec un bon r\u00e9f\u00e9rencement,\u00a0 votre podcast est visible dans les r\u00e9sultats de Google, vous pouvez ainsi augmenter votre audience de mani\u00e8re organique.<\/p>\n<p><strong>B\u00e9n\u00e9ficiez de ces nouvelles opportunit\u00e9s en mati\u00e8re de SEO. Contactez l&rsquo;agence LenseUp et boostez votre visibilit\u00e9 sur le web gr\u00e2ce \u00e0 l&rsquo;audio.\u00a0<\/strong><\/p>\n<\/div><\/section><\/div>\n<div class=\"flex_column av_one_half  flex_column_div av-zero-column-padding   avia-builder-el-5  el_after_av_one_half  el_before_av_layout_row  avia-builder-el-last  \" style='border-radius:0px; '><section class=\"av_textblock_section \"  itemscope=\"itemscope\" itemtype=\"https:\/\/schema.org\/CreativeWork\" ><div class='avia_textblock  '   itemprop=\"text\" ><h2>L&rsquo;importance d&rsquo;un site web bien con\u00e7u pour h\u00e9berger vos podcasts<\/h2>\n<p><strong>Un site web bien optimis\u00e9 vous aidera \u00e0 mieux diffuser votre podcast.<\/strong><\/p>\n<p>Il peut \u00eatre int\u00e9ressant, pour un podcaster, de publier chaque nouvel \u00e9pisode de podcast sur une nouvelle page du site web, avec une description du contenu, ou une <a href=\"https:\/\/www.lenseup.com\/fr\/solutions-audio\/transcription-audio-francais-et-langues-etrangeres\/\">publication du contenu audio retranscrit<\/a>. Cela permet aux moteurs de recherche d&rsquo;indexer plus facilement chaque \u00e9pisode.<\/p>\n<p><strong>L&rsquo;impact de l&rsquo;optimisation technique<\/strong><\/p>\n<p>Le site web h\u00e9bergeant le podcast devra \u00eatre optimis\u00e9 sur le plan technique. Il faudra penser l&rsquo;architecture du site, le temps de charge,\u00a0 l&rsquo;adaptation aux smartphones, l&rsquo;utilisation de rich snippets&#8230;\u00a0 LenseUp prend en charge l&rsquo;optimisation de votre site web, pour une meilleure visibilit\u00e9 de vos podcasts et fichiers audios, et une audience accrue.<\/p>\n<h2><\/h2>\n<\/div><\/section><\/div>\n<\/div><\/div><\/div><!-- close content main div --><\/div><\/div><div id='best-rated'  class='av-layout-grid-container entry-content-wrapper main_color av-flex-cells     avia-builder-el-7  el_after_av_one_half  el_before_av_section  submenu-not-first container_wrap sidebar_right' style=' '  >\n<div class=\"flex_cell no_margin av_one_half  avia-builder-el-8  el_before_av_cell_one_half  avia-builder-el-first   \"  style='vertical-align:middle; padding:50px 80px 50px 75px ; background-color:#f8f8f8; ' ><div class='flex_cell_inner' ><p><div  style='padding-bottom:20px; color:#000000;font-size:30px;' class='av-special-heading av-special-heading-h2 custom-color-heading blockquote modern-quote  avia-builder-el-9  el_before_av_textblock  avia-builder-el-first  av-inherit-size '><h2 class='av-special-heading-tag '  itemprop=\"headline\"  >Optimiser un fichier audio ou podcast pour le SEO<\/h2><div class='special-heading-border'><div class='special-heading-inner-border' style='border-color:#000000'><\/div><\/div><\/div><br \/>\n<section class=\"av_textblock_section \"  itemscope=\"itemscope\" itemtype=\"https:\/\/schema.org\/CreativeWork\" ><div class='avia_textblock  '   itemprop=\"text\" ><p>LenseUp propose l&rsquo;optimisation SEO de vos podcasts ou fichiers audio.<\/p>\n<ul>\n<li>Recherche des mots-cl\u00e9s<\/li>\n<li>Optimisation du titre de votre podcast: un titre cr\u00e9atif, mais qui doit aussi \u00eatre tr\u00e8s clair quant au sujet r\u00e9el de votre podcast, avec les bons mot-cl\u00e9s<\/li>\n<li>Optimisation de la description du podcast: inclusion de mot-cl\u00e9s dans la description de votre podcast<\/li>\n<li>Des vignettes (Thumbnail) attrayantes et traduites<\/li>\n<li>Retranscription de chaque \u00e9pisode sur des pages sp\u00e9cifiques,\u00a0dans chaque langue<\/li>\n<li>Optimisation des chapitres<\/li>\n<li>Mise en place du schema markup pour que le podcast apparaisse dans les pages de r\u00e9sultats de Google<\/li>\n<li>Optimisation technique du site web sur lequel est h\u00e9berg\u00e9 le podcast ou l&rsquo;audio<\/li>\n<li>Strat\u00e9gie de publication sur diff\u00e9rentes plateformes<\/li>\n<\/ul>\n<\/div><\/section><br \/>\n<div  style='height:20px' class='hr hr-invisible   avia-builder-el-11  el_after_av_textblock  el_before_av_button '><span class='hr-inner ' ><span class='hr-inner-style'><\/span><\/span><\/div><br \/>\n<div  class='avia-button-wrap avia-button-center  avia-builder-el-12  el_after_av_hr  avia-builder-el-last ' ><a href='#section2'  class='avia-button av-icon-on-hover avia-color-theme-color   avia-icon_select-yes-left-icon avia-size-large avia-position-center '   ><span class='avia_button_icon avia_button_icon_left ' aria-hidden='true' data-av_icon='\ue859' data-av_iconfont='entypo-fontello'><\/span><span class='avia_iconbox_title' >Demandez un devis <\/span><\/a><\/div><\/p>\n<\/div><\/div><div class=\"flex_cell no_margin av_one_half  avia-builder-el-13  el_after_av_cell_one_half  avia-builder-el-last   avia-full-stretch \"  style='background:url(https:\/\/www.lenseup.com\/wp-content\/uploads\/2019\/12\/seo-audio-podcast-495x400.jpg) center right no-repeat scroll #f8f8f8; vertical-align:middle; padding:200px 0px 200px 0px ; background-color:#f8f8f8; ' ><div class='flex_cell_inner' ><\/div><\/div>\n<\/div>\n<div id='my_section'  class='avia-section main_color avia-section-no-padding avia-no-shadow  avia-bg-style-scroll  avia-builder-el-14  el_after_av_layout_row  el_before_av_one_half   container_wrap sidebar_right' style='background-color: #e72b2b;  '  ><div class='container' ><div class='template-page content  av-content-small alpha units'><div class='post-entry post-entry-type-page post-entry-4904'><div class='entry-content-wrapper clearfix'><\/div><\/div><\/div><!-- close content main div --><\/div><\/div><div id='after_section_2'  class='main_color av_default_container_wrap container_wrap sidebar_right' style=' '  ><div class='container' ><div class='template-page content  av-content-small alpha units'><div class='post-entry post-entry-type-page post-entry-4904'><div class='entry-content-wrapper clearfix'>\n<div class=\"flex_column av_one_half  flex_column_div av-zero-column-padding first  avia-builder-el-15  el_after_av_section  el_before_av_one_half  avia-builder-el-first  \" style='border-radius:0px; '><section class=\"av_textblock_section \"  itemscope=\"itemscope\" itemtype=\"https:\/\/schema.org\/CreativeWork\" ><div class='avia_textblock  '   itemprop=\"text\" ><h2>Int\u00e9grez l&rsquo;audio \u00e0 votre strat\u00e9gie de contenus et boostez votre SEO<\/h2>\n<p>Pendant longtemps, le marketing de contenu a \u00e9t\u00e9 synonyme d&rsquo;\u00e9crit. Blogs, pages de produits, pages informatives&#8230;<\/p>\n<p>Pdio, la plupart des techniques traditionnelles de r\u00e9f\u00e9rencement sont obsol\u00e8tes car la fa\u00e7on dont l&rsquo;audio est cr\u00e9\u00e9, consomm\u00e9, recommand\u00e9 et trouv\u00e9, diff\u00e8re consid\u00e9rablement. La base d&rsquo;un bon SEO pour l&rsquo;audio consiste \u00e0 s&rsquo;assurer que votre podcast est disponible pour que les moteurs de recherche et les plateformes de podcast puissent explorer et indexer votre contenu audio.<\/p>\n<p>Lorsque l&rsquo;audio parl\u00e9 est retranscrit, un potentiel de croissance s&rsquo;ouvre.\u00a0 L&rsquo;audio est un m\u00e9dia puissant sous-utilis\u00e9 par les sp\u00e9cialistes du marketing de contenu. C&rsquo;est un m\u00e9dia d&rsquo;avenir, de plus en plus int\u00e9gr\u00e9 \u00e0 notre vie quotidienne: voitures,\u00a0 haut-parleurs intelligents, chatbots et autres.<\/p>\n<p>En outre, une marque qui a une strat\u00e9gie audio puissante est plus proche de ses clients qu&rsquo;une marque qui n&rsquo;est v\u00e9cue que par le texte.<\/p>\n<\/div><\/section><\/div>\n<div class=\"flex_column av_one_half  flex_column_div av-zero-column-padding   avia-builder-el-17  el_after_av_one_half  el_before_av_section  avia-builder-el-last  \" style='border-radius:0px; '><section class=\"av_textblock_section \"  itemscope=\"itemscope\" itemtype=\"https:\/\/schema.org\/CreativeWork\" ><div class='avia_textblock  '   itemprop=\"text\" ><h2>Vos \u00e9pisodes de podcast publi\u00e9s sous forme d&rsquo;articles<\/h2>\n<p>Le contenu \u00e9crit est utile pour le r\u00e9f\u00e9rencement et int\u00e9resse un grand nombre d&rsquo;auditeurs. Parfois, il est bon de proposer un contenu audio sous une formes \u00e9crite \u00e9galement.\u00a0 Chez LenseUp, nous pouvons vous aider \u00e0 transformer un \u00e9pisode de podcast en article pour votre blog, ou un <a href=\"https:\/\/www.lenseup.com\/fr\/applications\/resumes-de-fichiers-audio-et-podcasts\/\">r\u00e9sum\u00e9 audio<\/a>, et attirer ainsi une nouvelle audience.<\/p>\n<\/div><\/section><br \/>\n<section class=\"av_textblock_section \"  itemscope=\"itemscope\" itemtype=\"https:\/\/schema.org\/CreativeWork\" ><div class='avia_textblock  '   itemprop=\"text\" ><h2>Am\u00e9liorez votre visibilit\u00e9 \u00e0 l&rsquo;international avec des podcasts multilingues<\/h2>\n<p>Nombreuses sont les entreprises qui\u00a0 lancent des podcasts en fran\u00e7ais, avec de multiples avantages induits, notamment en terme de r\u00e9f\u00e9rencement et de proximit\u00e9 aupr\u00e8s de la client\u00e8le-<\/p>\n<p>Vous pouvez aussi tirer parti des avantages du podcasting pour toucher une client\u00e8le \u00e9trang\u00e8re.<\/p>\n<p>LenseUp traduit vos podcasts en plus de 30 langues. C&rsquo;est un excellent moyen de d\u00e9velopper votre visibilit\u00e9 sur les march\u00e9s \u00e9trangers!<\/p>\n<\/div><\/section><\/p><\/div>\n<\/div><\/div><\/div><!-- close content main div --><\/div><\/div><div id='my_section'  class='avia-section main_color avia-section-no-padding avia-no-shadow  avia-bg-style-scroll  avia-builder-el-20  el_after_av_one_half  el_before_av_textblock   container_wrap sidebar_right' style='background-color: #e72b2b;  '  ><div class='container' ><div class='template-page content  av-content-small alpha units'><div class='post-entry post-entry-type-page post-entry-4904'><div class='entry-content-wrapper clearfix'><\/div><\/div><\/div><!-- close content main div --><\/div><\/div><div id='after_section_3'  class='main_color av_default_container_wrap container_wrap sidebar_right' style=' '  ><div class='container' ><div class='template-page content  av-content-small alpha units'><div class='post-entry post-entry-type-page post-entry-4904'><div class='entry-content-wrapper clearfix'>\n<section class=\"av_textblock_section \"  itemscope=\"itemscope\" itemtype=\"https:\/\/schema.org\/CreativeWork\" ><div class='avia_textblock  '   itemprop=\"text\" ><h2 id=\"section2\">Demandez un devis pour votre r\u00e9f\u00e9rencement \/ SEO audio<\/h2>\n<\/div><\/section>\n\n","protected":false},"excerpt":{"rendered":"","protected":false},"author":1,"featured_media":0,"parent":0,"menu_order":0,"comment_status":"closed","ping_status":"closed","template":"","meta":{"footnotes":""},"yoast_head":"<!-- This site is optimized with the Yoast SEO plugin v23.5 - https:\/\/yoast.com\/wordpress\/plugins\/seo\/ -->\n<title>SEO audio \u2013 r\u00e9f\u00e9rencement audio et podcast - LenseUp, solutions vid\u00e9o et audio multilingues. Audioguides, audiobooks, traductions audio et video<\/title>\n<meta name=\"description\" content=\"Avec LenseUp, donnez plus de visibilit\u00e9\u00a0\u00e0 votre marque gr\u00e2ce \u00e0 l&#039;audio. Utilisez la puissance de l&#039;audio pour am\u00e9liorer votre r\u00e9f\u00e9rencement.\" \/>\n<meta name=\"robots\" content=\"index, follow, max-snippet:-1, max-image-preview:large, max-video-preview:-1\" \/>\n<link rel=\"canonical\" href=\"https:\/\/www.lenseup.com\/fr\/podcasts-seo-et-referencement\/\" \/>\n<meta property=\"og:locale\" content=\"fr_FR\" \/>\n<meta property=\"og:type\" content=\"article\" \/>\n<meta property=\"og:title\" content=\"SEO audio \u2013 r\u00e9f\u00e9rencement audio et podcast - LenseUp, solutions vid\u00e9o et audio multilingues. Audioguides, audiobooks, traductions audio et video\" \/>\n<meta property=\"og:description\" content=\"Avec LenseUp, donnez plus de visibilit\u00e9\u00a0\u00e0 votre marque gr\u00e2ce \u00e0 l&#039;audio. Utilisez la puissance de l&#039;audio pour am\u00e9liorer votre r\u00e9f\u00e9rencement.\" \/>\n<meta property=\"og:url\" content=\"https:\/\/www.lenseup.com\/fr\/podcasts-seo-et-referencement\/\" \/>\n<meta property=\"og:site_name\" content=\"LenseUp, solutions vid\u00e9o et audio multilingues. Audioguides, audiobooks, traductions audio et video\" \/>\n<meta property=\"article:modified_time\" content=\"2024-01-01T10:12:16+00:00\" \/>\n<meta name=\"twitter:card\" content=\"summary_large_image\" \/>\n<meta name=\"twitter:label1\" content=\"Dur\u00e9e de lecture estim\u00e9e\" \/>\n\t<meta name=\"twitter:data1\" content=\"11 minutes\" \/>\n<script type=\"application\/ld+json\" class=\"yoast-schema-graph\">{\"@context\":\"https:\/\/schema.org\",\"@graph\":[{\"@type\":\"WebPage\",\"@id\":\"https:\/\/www.lenseup.com\/fr\/podcasts-seo-et-referencement\/\",\"url\":\"https:\/\/www.lenseup.com\/fr\/podcasts-seo-et-referencement\/\",\"name\":\"SEO audio \u2013 r\u00e9f\u00e9rencement audio et podcast - LenseUp, solutions vid\u00e9o et audio multilingues. Audioguides, audiobooks, traductions audio et video\",\"isPartOf\":{\"@id\":\"https:\/\/www.lenseup.com\/fr\/#website\"},\"datePublished\":\"2019-12-08T16:09:34+00:00\",\"dateModified\":\"2024-01-01T10:12:16+00:00\",\"description\":\"Avec LenseUp, donnez plus de visibilit\u00e9\u00a0\u00e0 votre marque gr\u00e2ce \u00e0 l'audio. Utilisez la puissance de l'audio pour am\u00e9liorer votre r\u00e9f\u00e9rencement.\",\"breadcrumb\":{\"@id\":\"https:\/\/www.lenseup.com\/fr\/podcasts-seo-et-referencement\/#breadcrumb\"},\"inLanguage\":\"fr-FR\",\"potentialAction\":[{\"@type\":\"ReadAction\",\"target\":[\"https:\/\/www.lenseup.com\/fr\/podcasts-seo-et-referencement\/\"]}]},{\"@type\":\"BreadcrumbList\",\"@id\":\"https:\/\/www.lenseup.com\/fr\/podcasts-seo-et-referencement\/#breadcrumb\",\"itemListElement\":[{\"@type\":\"ListItem\",\"position\":1,\"name\":\"Accueil\",\"item\":\"https:\/\/www.lenseup.com\/fr\/7440-2\/\"},{\"@type\":\"ListItem\",\"position\":2,\"name\":\"SEO et r\u00e9f\u00e9rencement audio: booster votre podcast\"}]},{\"@type\":\"WebSite\",\"@id\":\"https:\/\/www.lenseup.com\/fr\/#website\",\"url\":\"https:\/\/www.lenseup.com\/fr\/\",\"name\":\"LenseUp, multilingual audio and video solutions\",\"description\":\"Traductions et contenus audio \/ video dans 30 langues.\",\"potentialAction\":[{\"@type\":\"SearchAction\",\"target\":{\"@type\":\"EntryPoint\",\"urlTemplate\":\"https:\/\/www.lenseup.com\/fr\/?s={search_term_string}\"},\"query-input\":{\"@type\":\"PropertyValueSpecification\",\"valueRequired\":true,\"valueName\":\"search_term_string\"}}],\"inLanguage\":\"fr-FR\"}]}<\/script>\n<!-- \/ Yoast SEO plugin. -->","yoast_head_json":{"title":"SEO audio \u2013 r\u00e9f\u00e9rencement audio et podcast - LenseUp, solutions vid\u00e9o et audio multilingues. Audioguides, audiobooks, traductions audio et video","description":"Avec LenseUp, donnez plus de visibilit\u00e9\u00a0\u00e0 votre marque gr\u00e2ce \u00e0 l'audio. Utilisez la puissance de l'audio pour am\u00e9liorer votre r\u00e9f\u00e9rencement.","robots":{"index":"index","follow":"follow","max-snippet":"max-snippet:-1","max-image-preview":"max-image-preview:large","max-video-preview":"max-video-preview:-1"},"canonical":"https:\/\/www.lenseup.com\/fr\/podcasts-seo-et-referencement\/","og_locale":"fr_FR","og_type":"article","og_title":"SEO audio \u2013 r\u00e9f\u00e9rencement audio et podcast - LenseUp, solutions vid\u00e9o et audio multilingues. Audioguides, audiobooks, traductions audio et video","og_description":"Avec LenseUp, donnez plus de visibilit\u00e9\u00a0\u00e0 votre marque gr\u00e2ce \u00e0 l'audio. Utilisez la puissance de l'audio pour am\u00e9liorer votre r\u00e9f\u00e9rencement.","og_url":"https:\/\/www.lenseup.com\/fr\/podcasts-seo-et-referencement\/","og_site_name":"LenseUp, solutions vid\u00e9o et audio multilingues. Audioguides, audiobooks, traductions audio et video","article_modified_time":"2024-01-01T10:12:16+00:00","twitter_card":"summary_large_image","twitter_misc":{"Dur\u00e9e de lecture estim\u00e9e":"11 minutes"},"schema":{"@context":"https:\/\/schema.org","@graph":[{"@type":"WebPage","@id":"https:\/\/www.lenseup.com\/fr\/podcasts-seo-et-referencement\/","url":"https:\/\/www.lenseup.com\/fr\/podcasts-seo-et-referencement\/","name":"SEO audio \u2013 r\u00e9f\u00e9rencement audio et podcast - LenseUp, solutions vid\u00e9o et audio multilingues. Audioguides, audiobooks, traductions audio et video","isPartOf":{"@id":"https:\/\/www.lenseup.com\/fr\/#website"},"datePublished":"2019-12-08T16:09:34+00:00","dateModified":"2024-01-01T10:12:16+00:00","description":"Avec LenseUp, donnez plus de visibilit\u00e9\u00a0\u00e0 votre marque gr\u00e2ce \u00e0 l'audio. Utilisez la puissance de l'audio pour am\u00e9liorer votre r\u00e9f\u00e9rencement.","breadcrumb":{"@id":"https:\/\/www.lenseup.com\/fr\/podcasts-seo-et-referencement\/#breadcrumb"},"inLanguage":"fr-FR","potentialAction":[{"@type":"ReadAction","target":["https:\/\/www.lenseup.com\/fr\/podcasts-seo-et-referencement\/"]}]},{"@type":"BreadcrumbList","@id":"https:\/\/www.lenseup.com\/fr\/podcasts-seo-et-referencement\/#breadcrumb","itemListElement":[{"@type":"ListItem","position":1,"name":"Accueil","item":"https:\/\/www.lenseup.com\/fr\/7440-2\/"},{"@type":"ListItem","position":2,"name":"SEO et r\u00e9f\u00e9rencement audio: booster votre podcast"}]},{"@type":"WebSite","@id":"https:\/\/www.lenseup.com\/fr\/#website","url":"https:\/\/www.lenseup.com\/fr\/","name":"LenseUp, multilingual audio and video solutions","description":"Traductions et contenus audio \/ video dans 30 langues.","potentialAction":[{"@type":"SearchAction","target":{"@type":"EntryPoint","urlTemplate":"https:\/\/www.lenseup.com\/fr\/?s={search_term_string}"},"query-input":{"@type":"PropertyValueSpecification","valueRequired":true,"valueName":"search_term_string"}}],"inLanguage":"fr-FR"}]}},"_links":{"self":[{"href":"https:\/\/www.lenseup.com\/fr\/wp-json\/wp\/v2\/pages\/4904"}],"collection":[{"href":"https:\/\/www.lenseup.com\/fr\/wp-json\/wp\/v2\/pages"}],"about":[{"href":"https:\/\/www.lenseup.com\/fr\/wp-json\/wp\/v2\/types\/page"}],"author":[{"embeddable":true,"href":"https:\/\/www.lenseup.com\/fr\/wp-json\/wp\/v2\/users\/1"}],"replies":[{"embeddable":true,"href":"https:\/\/www.lenseup.com\/fr\/wp-json\/wp\/v2\/comments?post=4904"}],"version-history":[{"count":55,"href":"https:\/\/www.lenseup.com\/fr\/wp-json\/wp\/v2\/pages\/4904\/revisions"}],"predecessor-version":[{"id":14722,"href":"https:\/\/www.lenseup.com\/fr\/wp-json\/wp\/v2\/pages\/4904\/revisions\/14722"}],"wp:attachment":[{"href":"https:\/\/www.lenseup.com\/fr\/wp-json\/wp\/v2\/media?parent=4904"}],"curies":[{"name":"wp","href":"https:\/\/api.w.org\/{rel}","templated":true}]}}