{"id":4920,"date":"2019-12-08T18:43:30","date_gmt":"2019-12-08T17:43:30","guid":{"rendered":"https:\/\/www.lenseup.com\/?page_id=4920"},"modified":"2022-06-11T07:48:47","modified_gmt":"2022-06-11T05:48:47","slug":"seo-multimedia","status":"publish","type":"page","link":"https:\/\/www.lenseup.com\/fr\/seo-multimedia\/","title":{"rendered":"Boostez votre visibilit\u00e9 sur le web gr\u00e2ce \u00e0 l&rsquo;audio et la video"},"content":{"rendered":"<div id='av_section_2'  class='avia-section main_color avia-section-default avia-no-shadow  avia-bg-style-scroll  avia-builder-el-0  el_before_av_promobox  avia-builder-el-first   container_wrap sidebar_right' style='background-color: #f2f2f2;  '  ><div class='container' ><main  role=\"main\" itemprop=\"mainContentOfPage\"  class='template-page content  av-content-small alpha units'><div class='post-entry post-entry-type-page post-entry-4920'><div class='entry-content-wrapper clearfix'>\n<div  style='padding-bottom:0px; color:#ffffff;font-size:40px;' class='av-special-heading av-special-heading-h1 custom-color-heading blockquote modern-quote  avia-builder-el-1  avia-builder-el-no-sibling  av-inherit-size '><h1 class='av-special-heading-tag '  itemprop=\"headline\"  >Boostez votre visibilit\u00e9 sur le web gr\u00e2ce au SEO multimedia<\/h1><div class='special-heading-border'><div class='special-heading-inner-border' style='border-color:#ffffff'><\/div><\/div><\/div>\n<\/div><\/div><\/main><!-- close content main element --><\/div><\/div><div id='after_section_1'  class='main_color av_default_container_wrap container_wrap sidebar_right' style=' '  ><div class='container' ><div class='template-page content  av-content-small alpha units'><div class='post-entry post-entry-type-page post-entry-4920'><div class='entry-content-wrapper clearfix'>\n\t<div   class='av_promobox  avia-button-no   avia-builder-el-2  el_after_av_section  el_before_av_section  avia-builder-el-no-sibling '>\t\t<div class='avia-promocontent'><\/p>\n<blockquote>\n<p>Pour toucher une audience internationale sur le web, le contenu textuel n&rsquo;est plus suffisant. Le contenu multim\u00e9dia peut favoriser l&rsquo;engagement, les conversions et le partage de liens. Ce contenu multim\u00e9dia doit \u00eatre riche et diversifi\u00e9, avec des vid\u00e9os, de l&rsquo;audio, des podcasts.\u00a0<strong>Boostez votre r\u00e9f\u00e9rencement gr\u00e2ce \u00e0 l&rsquo;audio et \u00e0 la video!<\/strong><\/p>\n<\/blockquote>\n<p>\n<\/div><\/div>\n<\/div><\/div><\/div><!-- close content main div --><\/div><\/div><div id='section4'  class='avia-section main_color avia-section-default avia-no-border-styling  avia-bg-style-scroll  avia-builder-el-3  el_after_av_promobox  el_before_av_section   av-mini-hide container_wrap sidebar_right' style=' '  ><div class='container' ><div class='template-page content  av-content-small alpha units'><div class='post-entry post-entry-type-page post-entry-4920'><div class='entry-content-wrapper clearfix'>\n<section class=\"av_textblock_section \"  itemscope=\"itemscope\" itemtype=\"https:\/\/schema.org\/CreativeWork\" ><div class='avia_textblock  '   itemprop=\"text\" ><h2 style=\"text-align: center;\">Ref\u00e9rencement SEO Video et Audio<\/h2>\n<\/div><\/section>\n<div class='flex_column_table av-equal-height-column-flextable -flextable' style='margin-top:50px; margin-bottom:50px; '><div class=\"flex_column av_one_fifth  flex_column_table_cell av-equal-height-column av-align-middle first  avia-builder-el-5  el_after_av_textblock  el_before_av_one_fourth  column-top-margin\" style='padding:40px; background-color:#ffffff; border-radius:0px; '><p><div  style='height:50px' class='hr hr-invisible   avia-builder-el-6  el_before_av_hr  avia-builder-el-first '><span class='hr-inner ' ><span class='hr-inner-style'><\/span><\/span><\/div><br \/>\n<div  style='height:50px' class='hr hr-invisible   avia-builder-el-7  el_after_av_hr  avia-builder-el-last '><span class='hr-inner ' ><span class='hr-inner-style'><\/span><\/span><\/div><\/p><\/div><div class='av-flex-placeholder'><\/div><div class=\"flex_column av_one_fourth  av-animated-generic pop-up  flex_column_table_cell av-equal-height-column av-align-middle   avia-builder-el-8  el_after_av_one_fifth  el_before_av_one_fourth  column-top-margin\" style='padding:40px; background-color:#ff1f53; border-radius:0px; '><p><div  style='height:30px' class='hr hr-invisible   avia-builder-el-9  el_before_av_textblock  avia-builder-el-first '><span class='hr-inner ' ><span class='hr-inner-style'><\/span><\/span><\/div><br \/>\n<section class=\"av_textblock_section \"  itemscope=\"itemscope\" itemtype=\"https:\/\/schema.org\/CreativeWork\" ><div class='avia_textblock  '   itemprop=\"text\" ><h2 style=\"text-align: center;\"><a href=\"https:\/\/www.lenseup.com\/fr\/podcasts-seo-et-referencement\/\"><span style=\"color: #ffffff;\">SEO audio<\/span><\/a><\/h2>\n<p style=\"text-align: center;\"><a href=\"https:\/\/www.lenseup.com\/fr\/podcasts-seo-et-referencement\/\"><span style=\"color: #ffffff;\">Optimisation de vos podcasts pour booster votre r\u00e9f\u00e9rencement &gt;&gt;<\/span><\/a><\/p>\n<\/div><\/section><\/p><\/div><div class='av-flex-placeholder'><\/div><div class=\"flex_column av_one_fourth  av-animated-generic pop-up  flex_column_table_cell av-equal-height-column av-align-middle avia-link-column av-column-link   avia-builder-el-11  el_after_av_one_fourth  el_before_av_one_fifth  column-top-margin\" style='background: #ff1f53; padding:40px; background-color:#ff1f53; border-radius:0px; ' data-link-column-url=\"https:\/\/www.lenseup.com\/fr\/referencement-video-international\/\" ><a class=\"av-screen-reader-only\" href=https:\/\/www.lenseup.com\/fr\/referencement-video-international\/ >Le site internet:SEO video &#8211; r\u00e9f\u00e9rencement video international<\/a><p><div  style='height:30px' class='hr hr-invisible   avia-builder-el-12  el_before_av_textblock  avia-builder-el-first '><span class='hr-inner ' ><span class='hr-inner-style'><\/span><\/span><\/div><br \/>\n<section class=\"av_textblock_section \"  itemscope=\"itemscope\" itemtype=\"https:\/\/schema.org\/CreativeWork\" ><div class='avia_textblock  '   itemprop=\"text\" ><h2 style=\"text-align: center;\"><a href=\"https:\/\/www.lenseup.com\/fr\/seo-video-multilingue-referencement-video-international\/\"><span style=\"color: #ffffff;\">SEO video<\/span><\/a><\/h2>\n<p style=\"text-align: center;\"><a href=\"https:\/\/www.lenseup.com\/fr\/seo-video-multilingue-referencement-video-international\/\"><span style=\"color: #ffffff;\">Optimisation de vos videos pour booster votre r\u00e9f\u00e9rencement &gt;&gt;<\/span><\/a><\/p>\n<\/div><\/section><\/p><\/div><div class='av-flex-placeholder'><\/div><div class=\"flex_column av_one_fifth  flex_column_table_cell av-equal-height-column av-align-middle   avia-builder-el-14  el_after_av_one_fourth  avia-builder-el-last  column-top-margin\" style='padding:40px; background-color:#ffffff; border-radius:0px; '><p><div  style='height:50px' class='hr hr-invisible   avia-builder-el-15  el_before_av_hr  avia-builder-el-first '><span class='hr-inner ' ><span class='hr-inner-style'><\/span><\/span><\/div><br \/>\n<div  style='height:50px' class='hr hr-invisible   avia-builder-el-16  el_after_av_hr  avia-builder-el-last '><span class='hr-inner ' ><span class='hr-inner-style'><\/span><\/span><\/div><\/p><\/div><\/div><!--close column table wrapper. Autoclose: 1 --><\/div><\/div><\/div><!-- close content main div --><\/div><\/div><div id='section4'  class='avia-section main_color avia-section-default avia-no-border-styling  avia-bg-style-scroll  avia-builder-el-17  el_after_av_section  el_before_av_one_full   av-desktop-hide av-medium-hide av-small-hide container_wrap sidebar_right' style=' '  ><div class='container' ><div class='template-page content  av-content-small alpha units'><div class='post-entry post-entry-type-page post-entry-4920'><div class='entry-content-wrapper clearfix'>\n<section class=\"av_textblock_section \"  itemscope=\"itemscope\" itemtype=\"https:\/\/schema.org\/CreativeWork\" ><div class='avia_textblock  '   itemprop=\"text\" ><h2 style=\"text-align: center;\">Ref\u00e9rencement SEO Video et Audio<\/h2>\n<\/div><\/section>\n<div class='flex_column_table av-equal-height-column-flextable -flextable' style='margin-top:20px; margin-bottom:20px; '><div class=\"flex_column av_one_fourth  av-animated-generic pop-up  flex_column_table_cell av-equal-height-column av-align-middle first  avia-builder-el-19  el_after_av_textblock  el_before_av_one_fourth  column-top-margin\" style='padding:40px; background-color:#ff1f53; border-radius:0px; '><p><div  style='height:30px' class='hr hr-invisible   avia-builder-el-20  el_before_av_textblock  avia-builder-el-first '><span class='hr-inner ' ><span class='hr-inner-style'><\/span><\/span><\/div><br \/>\n<section class=\"av_textblock_section \"  itemscope=\"itemscope\" itemtype=\"https:\/\/schema.org\/CreativeWork\" ><div class='avia_textblock  '   itemprop=\"text\" ><h2 style=\"text-align: center;\"><a href=\"https:\/\/www.lenseup.com\/fr\/podcasts-seo-et-referencement\/\"><span style=\"color: #ffffff;\">SEO audio<\/span><\/a><\/h2>\n<p style=\"text-align: center;\"><a href=\"https:\/\/www.lenseup.com\/fr\/podcasts-seo-et-referencement\/\"><span style=\"color: #ffffff;\">Optimisation de vos podcasts pour booster votre r\u00e9f\u00e9rencement &gt;&gt;<\/span><\/a><\/p>\n<\/div><\/section><\/p><\/div><div class='av-flex-placeholder'><\/div><div class=\"flex_column av_one_fourth  av-animated-generic pop-up  flex_column_table_cell av-equal-height-column av-align-middle   avia-builder-el-22  el_after_av_one_fourth  avia-builder-el-last  column-top-margin\" style='padding:40px; background-color:#ff1f53; border-radius:0px; '><p><div  style='height:30px' class='hr hr-invisible   avia-builder-el-23  el_before_av_textblock  avia-builder-el-first '><span class='hr-inner ' ><span class='hr-inner-style'><\/span><\/span><\/div><br \/>\n<section class=\"av_textblock_section \"  itemscope=\"itemscope\" itemtype=\"https:\/\/schema.org\/CreativeWork\" ><div class='avia_textblock  '   itemprop=\"text\" ><h2 style=\"text-align: center;\"><a href=\"https:\/\/www.lenseup.com\/fr\/seo-video-multilingue-referencement-video-international\/\"><span style=\"color: #ffffff;\">SEO video<\/span><\/a><\/h2>\n<p style=\"text-align: center;\"><a href=\"https:\/\/www.lenseup.com\/fr\/seo-video-multilingue-referencement-video-international\/\"><span style=\"color: #ffffff;\">Optimisation de vos videos pour booster votre r\u00e9f\u00e9rencement &gt;&gt;<\/span><\/a><\/p>\n<\/div><\/section><\/p><\/div><\/div><!--close column table wrapper. Autoclose: 1 -->\n<\/div><\/div><\/div><!-- close content main div --><\/div><\/div><div id='after_section_3'  class='main_color av_default_container_wrap container_wrap sidebar_right' style=' '  ><div class='container' ><div class='template-page content  av-content-small alpha units'><div class='post-entry post-entry-type-page post-entry-4920'><div class='entry-content-wrapper clearfix'><\/p>\n<div class=\"flex_column av_one_full  flex_column_div av-zero-column-padding first  avia-builder-el-25  el_after_av_section  el_before_av_hr  avia-builder-el-first  \" style='border-radius:0px; '><section class=\"av_textblock_section \"  itemscope=\"itemscope\" itemtype=\"https:\/\/schema.org\/CreativeWork\" ><div class='avia_textblock  '   itemprop=\"text\" ><h2>La vid\u00e9o et l&rsquo;audio: des contenus \u00e0 fort potentiel pour booster votre visibilit\u00e9, convertir, et gagner de nouveaux clients.<\/h2>\n<p>Les images, et le contenu \u00e9crit sont largement utilis\u00e9s par les strat\u00e8ges SEO. Mais les contenus audiovisuels comme la vid\u00e9o et l&rsquo;audio sont aussi des outils puissants pour obtenir des backlinks, stimuler les conversions et gagner de nouveaux clients potentiels. Les contenus vid\u00e9o et audio sont parmi les m\u00e9dias les plus partag\u00e9s en ligne. Ils sont \u00e9galement d&rsquo;excellents outils pour d\u00e9montrer votre expertise et valoriser votre marque.<\/p>\n<\/div><\/section><\/div>\n<div  style='height:20px' class='hr hr-invisible   avia-builder-el-27  el_after_av_one_full  el_before_av_section  avia-builder-el-last '><span class='hr-inner ' ><span class='hr-inner-style'><\/span><\/span><\/div>\n<\/div><\/div><\/div><!-- close content main div --><\/div><\/div><div id='my_section2'  class='avia-section main_color avia-section-small avia-no-shadow  avia-bg-style-scroll  avia-builder-el-28  el_after_av_hr  el_before_av_section   container_wrap sidebar_right' style='background-color: #e72b2b;  '  ><div class='container' ><div class='template-page content  av-content-small alpha units'><div class='post-entry post-entry-type-page post-entry-4920'><div class='entry-content-wrapper clearfix'>\n<div  class='avia-button-wrap avia-button-center  avia-builder-el-29  avia-builder-el-no-sibling ' ><a href='https:\/\/www.lenseup.com\/fr\/contact\/'  class='avia-button av-icon-on-hover avia-color-light   avia-icon_select-yes-left-icon avia-size-large avia-position-center '   ><span class='avia_button_icon avia_button_icon_left ' aria-hidden='true' data-av_icon='\ue859' data-av_iconfont='entypo-fontello'><\/span><span class='avia_iconbox_title' >Demandez un devis<\/span><\/a><\/div>\n\n<\/div><\/div><\/div><!-- close content main div --><\/div><\/div><div id='av_section_5'  class='avia-section main_color avia-section-default avia-no-border-styling  avia-bg-style-scroll  avia-builder-el-30  el_after_av_section  avia-builder-el-last   container_wrap sidebar_right' style=' '  ><div class='container' ><div class='template-page content  av-content-small alpha units'><div class='post-entry post-entry-type-page post-entry-4920'><div class='entry-content-wrapper clearfix'><\/div><\/div><\/div><!-- close content main div --><\/div><\/div><div id='after_section_5'  class='main_color av_default_container_wrap container_wrap sidebar_right' style=' '  ><div class='container' ><div class='template-page content  av-content-small alpha units'><div class='post-entry post-entry-type-page post-entry-4920'><div class='entry-content-wrapper clearfix'>\n","protected":false},"excerpt":{"rendered":"","protected":false},"author":1,"featured_media":0,"parent":0,"menu_order":0,"comment_status":"closed","ping_status":"closed","template":"","meta":{"footnotes":""},"yoast_head":"<!-- This site is optimized with the Yoast SEO plugin v23.5 - https:\/\/yoast.com\/wordpress\/plugins\/seo\/ -->\n<title>Boostez votre visibilit\u00e9 sur le web gr\u00e2ce \u00e0 l&#039;audio et la video<\/title>\n<meta name=\"description\" content=\"Le contenu multim\u00e9dia peut favoriser l&#039;engagement, les conversions et le partage de liens. Et aussi pour plus de visibilit\u00e9 sur le web.\" \/>\n<meta name=\"robots\" content=\"index, follow, max-snippet:-1, max-image-preview:large, max-video-preview:-1\" \/>\n<link rel=\"canonical\" href=\"https:\/\/www.lenseup.com\/fr\/seo-multimedia\/\" \/>\n<meta property=\"og:locale\" content=\"fr_FR\" \/>\n<meta property=\"og:type\" content=\"article\" \/>\n<meta property=\"og:title\" content=\"Boostez votre visibilit\u00e9 sur le web gr\u00e2ce \u00e0 l&#039;audio et la video\" \/>\n<meta property=\"og:description\" content=\"Le contenu multim\u00e9dia peut favoriser l&#039;engagement, les conversions et le partage de liens. Et aussi pour plus de visibilit\u00e9 sur le web.\" \/>\n<meta property=\"og:url\" content=\"https:\/\/www.lenseup.com\/fr\/seo-multimedia\/\" \/>\n<meta property=\"og:site_name\" content=\"LenseUp, solutions vid\u00e9o et audio multilingues. Audioguides, audiobooks, traductions audio et video\" \/>\n<meta property=\"article:modified_time\" content=\"2022-06-11T05:48:47+00:00\" \/>\n<meta name=\"twitter:card\" content=\"summary_large_image\" \/>\n<meta name=\"twitter:label1\" content=\"Dur\u00e9e de lecture estim\u00e9e\" \/>\n\t<meta name=\"twitter:data1\" content=\"12 minutes\" \/>\n<script type=\"application\/ld+json\" class=\"yoast-schema-graph\">{\"@context\":\"https:\/\/schema.org\",\"@graph\":[{\"@type\":\"WebPage\",\"@id\":\"https:\/\/www.lenseup.com\/fr\/seo-multimedia\/\",\"url\":\"https:\/\/www.lenseup.com\/fr\/seo-multimedia\/\",\"name\":\"Boostez votre visibilit\u00e9 sur le web gr\u00e2ce \u00e0 l'audio et la video\",\"isPartOf\":{\"@id\":\"https:\/\/www.lenseup.com\/fr\/#website\"},\"datePublished\":\"2019-12-08T17:43:30+00:00\",\"dateModified\":\"2022-06-11T05:48:47+00:00\",\"description\":\"Le contenu multim\u00e9dia peut favoriser l'engagement, les conversions et le partage de liens. Et aussi pour plus de visibilit\u00e9 sur le web.\",\"breadcrumb\":{\"@id\":\"https:\/\/www.lenseup.com\/fr\/seo-multimedia\/#breadcrumb\"},\"inLanguage\":\"fr-FR\",\"potentialAction\":[{\"@type\":\"ReadAction\",\"target\":[\"https:\/\/www.lenseup.com\/fr\/seo-multimedia\/\"]}]},{\"@type\":\"BreadcrumbList\",\"@id\":\"https:\/\/www.lenseup.com\/fr\/seo-multimedia\/#breadcrumb\",\"itemListElement\":[{\"@type\":\"ListItem\",\"position\":1,\"name\":\"Accueil\",\"item\":\"https:\/\/www.lenseup.com\/fr\/7440-2\/\"},{\"@type\":\"ListItem\",\"position\":2,\"name\":\"Boostez votre visibilit\u00e9 sur le web gr\u00e2ce \u00e0 l&#8217;audio et la video\"}]},{\"@type\":\"WebSite\",\"@id\":\"https:\/\/www.lenseup.com\/fr\/#website\",\"url\":\"https:\/\/www.lenseup.com\/fr\/\",\"name\":\"LenseUp, multilingual audio and video solutions\",\"description\":\"Traductions et contenus audio \/ video dans 30 langues.\",\"potentialAction\":[{\"@type\":\"SearchAction\",\"target\":{\"@type\":\"EntryPoint\",\"urlTemplate\":\"https:\/\/www.lenseup.com\/fr\/?s={search_term_string}\"},\"query-input\":{\"@type\":\"PropertyValueSpecification\",\"valueRequired\":true,\"valueName\":\"search_term_string\"}}],\"inLanguage\":\"fr-FR\"}]}<\/script>\n<!-- \/ Yoast SEO plugin. -->","yoast_head_json":{"title":"Boostez votre visibilit\u00e9 sur le web gr\u00e2ce \u00e0 l'audio et la video","description":"Le contenu multim\u00e9dia peut favoriser l'engagement, les conversions et le partage de liens. Et aussi pour plus de visibilit\u00e9 sur le web.","robots":{"index":"index","follow":"follow","max-snippet":"max-snippet:-1","max-image-preview":"max-image-preview:large","max-video-preview":"max-video-preview:-1"},"canonical":"https:\/\/www.lenseup.com\/fr\/seo-multimedia\/","og_locale":"fr_FR","og_type":"article","og_title":"Boostez votre visibilit\u00e9 sur le web gr\u00e2ce \u00e0 l'audio et la video","og_description":"Le contenu multim\u00e9dia peut favoriser l'engagement, les conversions et le partage de liens. Et aussi pour plus de visibilit\u00e9 sur le web.","og_url":"https:\/\/www.lenseup.com\/fr\/seo-multimedia\/","og_site_name":"LenseUp, solutions vid\u00e9o et audio multilingues. Audioguides, audiobooks, traductions audio et video","article_modified_time":"2022-06-11T05:48:47+00:00","twitter_card":"summary_large_image","twitter_misc":{"Dur\u00e9e de lecture estim\u00e9e":"12 minutes"},"schema":{"@context":"https:\/\/schema.org","@graph":[{"@type":"WebPage","@id":"https:\/\/www.lenseup.com\/fr\/seo-multimedia\/","url":"https:\/\/www.lenseup.com\/fr\/seo-multimedia\/","name":"Boostez votre visibilit\u00e9 sur le web gr\u00e2ce \u00e0 l'audio et la video","isPartOf":{"@id":"https:\/\/www.lenseup.com\/fr\/#website"},"datePublished":"2019-12-08T17:43:30+00:00","dateModified":"2022-06-11T05:48:47+00:00","description":"Le contenu multim\u00e9dia peut favoriser l'engagement, les conversions et le partage de liens. Et aussi pour plus de visibilit\u00e9 sur le web.","breadcrumb":{"@id":"https:\/\/www.lenseup.com\/fr\/seo-multimedia\/#breadcrumb"},"inLanguage":"fr-FR","potentialAction":[{"@type":"ReadAction","target":["https:\/\/www.lenseup.com\/fr\/seo-multimedia\/"]}]},{"@type":"BreadcrumbList","@id":"https:\/\/www.lenseup.com\/fr\/seo-multimedia\/#breadcrumb","itemListElement":[{"@type":"ListItem","position":1,"name":"Accueil","item":"https:\/\/www.lenseup.com\/fr\/7440-2\/"},{"@type":"ListItem","position":2,"name":"Boostez votre visibilit\u00e9 sur le web gr\u00e2ce \u00e0 l&#8217;audio et la video"}]},{"@type":"WebSite","@id":"https:\/\/www.lenseup.com\/fr\/#website","url":"https:\/\/www.lenseup.com\/fr\/","name":"LenseUp, multilingual audio and video solutions","description":"Traductions et contenus audio \/ video dans 30 langues.","potentialAction":[{"@type":"SearchAction","target":{"@type":"EntryPoint","urlTemplate":"https:\/\/www.lenseup.com\/fr\/?s={search_term_string}"},"query-input":{"@type":"PropertyValueSpecification","valueRequired":true,"valueName":"search_term_string"}}],"inLanguage":"fr-FR"}]}},"_links":{"self":[{"href":"https:\/\/www.lenseup.com\/fr\/wp-json\/wp\/v2\/pages\/4920"}],"collection":[{"href":"https:\/\/www.lenseup.com\/fr\/wp-json\/wp\/v2\/pages"}],"about":[{"href":"https:\/\/www.lenseup.com\/fr\/wp-json\/wp\/v2\/types\/page"}],"author":[{"embeddable":true,"href":"https:\/\/www.lenseup.com\/fr\/wp-json\/wp\/v2\/users\/1"}],"replies":[{"embeddable":true,"href":"https:\/\/www.lenseup.com\/fr\/wp-json\/wp\/v2\/comments?post=4920"}],"version-history":[{"count":34,"href":"https:\/\/www.lenseup.com\/fr\/wp-json\/wp\/v2\/pages\/4920\/revisions"}],"predecessor-version":[{"id":4922,"href":"https:\/\/www.lenseup.com\/fr\/wp-json\/wp\/v2\/pages\/4920\/revisions\/4922"}],"wp:attachment":[{"href":"https:\/\/www.lenseup.com\/fr\/wp-json\/wp\/v2\/media?parent=4920"}],"curies":[{"name":"wp","href":"https:\/\/api.w.org\/{rel}","templated":true}]}}