{"id":4981,"date":"2019-12-09T00:25:41","date_gmt":"2019-12-08T23:25:41","guid":{"rendered":"https:\/\/www.lenseup.com\/services-de-traduction-audio-et-video-vers-le-portugais\/"},"modified":"2024-01-02T10:06:18","modified_gmt":"2024-01-02T09:06:18","slug":"audio-et-podcast-portugais","status":"publish","type":"page","link":"https:\/\/www.lenseup.com\/fr\/traduction-multimedia\/audio-et-podcast-portugais\/","title":{"rendered":"Services de traduction audio, video et podcasts vers le portugais"},"content":{"rendered":"<div id='av_section_2'  class='avia-section main_color avia-section-default avia-no-shadow  avia-bg-style-scroll  avia-builder-el-0  el_before_av_layout_row  avia-builder-el-first   container_wrap sidebar_right' style='background-color: #f2f2f2;  '  ><div class='container' ><main  role=\"main\" itemprop=\"mainContentOfPage\"  class='template-page content  av-content-small alpha units'><div class='post-entry post-entry-type-page post-entry-4981'><div class='entry-content-wrapper clearfix'>\n<div  style='padding-bottom:0px; color:#ffffff;font-size:40px;' class='av-special-heading av-special-heading-h1 custom-color-heading blockquote modern-quote  avia-builder-el-1  avia-builder-el-no-sibling  av-inherit-size '><h1 class='av-special-heading-tag '  itemprop=\"headline\"  >Traduction audio, vid\u00e9o et podcasts vers le portugais<\/h1><div class='special-heading-border'><div class='special-heading-inner-border' style='border-color:#ffffff'><\/div><\/div><\/div>\n\n<\/div><\/div><\/main><!-- close content main element --><\/div><\/div><div id='av-layout-grid-1'  class='av-layout-grid-container entry-content-wrapper main_color av-flex-cells   av-small-hide av-mini-hide   avia-builder-el-2  el_after_av_section  el_before_av_one_full  submenu-not-first container_wrap sidebar_right' style=' '  >\n<div class=\"flex_cell no_margin av_one_third  avia-builder-el-3  el_before_av_cell_one_third  avia-builder-el-first   \"  style='vertical-align:top; padding:50px; ' ><div class='flex_cell_inner' ><p><span  class=\"av_font_icon avia_animate_when_visible avia-icon-animate  av-icon-style-  avia-icon-pos-center \" style=\"color:#ff1f53; border-color:#ff1f53;\"><span class='av-icon-char' style='font-size:60px;line-height:60px;' aria-hidden='true' data-av_icon='\ue864' data-av_iconfont='entypo-fontello' ><\/span><\/span><br \/>\n<div  style='height:10px' class='hr hr-invisible   avia-builder-el-5  el_after_av_font_icon  el_before_av_animated_numbers '><span class='hr-inner ' ><span class='hr-inner-style'><\/span><\/span><\/div><br \/>\n<div  class=\"avia-animated-number av-force-default-color  avia-color-  avia-builder-el-6  el_after_av_hr  avia-builder-el-last  avia_animate_when_visible\"  data-timer=\"3000\"><strong class=\"heading avia-animated-number-title\" style='font-size:48px;'><span class=\"avia-single-number __av-single-number\" data-number_format=\"\" data-number=\"6\" data-start_from=\"0\">6<\/span><span class=\"avia-no-number\">\u00e8me<\/span><\/strong><div class='avia-animated-number-content' style='font-size:19px;'><p>Le portugais est la 6\u00e8me langue la plus parl\u00e9e dans le monde.<\/p>\n<\/div><\/div><\/p>\n<\/div><\/div><div class=\"flex_cell no_margin av_one_third  avia-builder-el-7  el_after_av_cell_one_third  el_before_av_cell_one_third   \"  style='vertical-align:top; padding:50px; background-color:#fbfbfb; ' ><div class='flex_cell_inner' ><p><span  class=\"av_font_icon avia_animate_when_visible avia-icon-animate  av-icon-style-  avia-icon-pos-center \" style=\"color:#ff1f53; border-color:#ff1f53;\"><span class='av-icon-char' style='font-size:60px;line-height:60px;' aria-hidden='true' data-av_icon='\ue8b1' data-av_iconfont='entypo-fontello' ><\/span><\/span><br \/>\n<div  style='height:10px' class='hr hr-invisible   avia-builder-el-9  el_after_av_font_icon  el_before_av_animated_numbers '><span class='hr-inner ' ><span class='hr-inner-style'><\/span><\/span><\/div><br \/>\n<div  class=\"avia-animated-number av-force-default-color  avia-color-  avia-builder-el-10  el_after_av_hr  avia-builder-el-last  avia_animate_when_visible\"  data-timer=\"3000\"><strong class=\"heading avia-animated-number-title\" style='font-size:48px;'><span class=\"avia-single-number __av-single-number\" data-number_format=\"\" data-number=\"4\" data-start_from=\"0\">4<\/span><\/strong><div class='avia-animated-number-content' style='font-size:19px;'><p>Le portugais est une langue officielle sur 4 continents.<\/p>\n<\/div><\/div><\/p>\n<\/div><\/div><div class=\"flex_cell no_margin av_one_third  avia-builder-el-11  el_after_av_cell_one_third  avia-builder-el-last   \"  style='vertical-align:top; padding:50px; background-color:#f8f8f8; ' ><div class='flex_cell_inner' ><p><span  class=\"av_font_icon avia_animate_when_visible avia-icon-animate  av-icon-style-  avia-icon-pos-center \" style=\"color:#ff1f53; border-color:#ff1f53;\"><span class='av-icon-char' style='font-size:60px;line-height:60px;' aria-hidden='true' data-av_icon='\ue82a' data-av_iconfont='entypo-fontello' ><\/span><\/span><br \/>\n<div  style='height:10px' class='hr hr-invisible   avia-builder-el-13  el_after_av_font_icon  el_before_av_animated_numbers '><span class='hr-inner ' ><span class='hr-inner-style'><\/span><\/span><\/div><br \/>\n<div  class=\"avia-animated-number av-force-default-color  avia-color-  avia-builder-el-14  el_after_av_hr  avia-builder-el-last  avia_animate_when_visible\"  data-timer=\"3000\"><strong class=\"heading avia-animated-number-title\" style='font-size:48px;'><span class=\"avia-single-number __av-single-number\" data-number_format=\"\" data-number=\"215\" data-start_from=\"0\">215<\/span><span class=\"avia-no-number\"> millions<\/span><\/strong><div class='avia-animated-number-content' style='font-size:19px;'><p>Le portugais compte environ 215 millions de locuteurs natifs.<\/p>\n<\/div><\/div><\/p>\n<\/div><\/div>\n<\/div><div id='after_submenu_1'  class='main_color av_default_container_wrap container_wrap sidebar_right' style=' '  ><div class='container' ><div class='template-page content  av-content-small alpha units'><div class='post-entry post-entry-type-page post-entry-4981'><div class='entry-content-wrapper clearfix'>\n<div class=\"flex_column av_one_full  flex_column_div av-zero-column-padding first  avia-builder-el-15  el_after_av_layout_row  el_before_av_one_full  avia-builder-el-first  \" style='border-radius:0px; '><div   class='av_promobox  avia-button-no   avia-builder-el-16  avia-builder-el-no-sibling '>\t\t<div class='avia-promocontent'><\/p>\n<blockquote>\n<p>Une traduction audio ou vid\u00e9o en portugais ?\u00a0 LenseUp propose une traduction portugaise rapide, pr\u00e9cise et \u00e0 des prix comp\u00e9titifs de vos fichiers audio, vid\u00e9o et podcasts.<\/p>\n<\/blockquote>\n<p>\n<\/div><\/div><\/div>\n<div class=\"flex_column av_one_full  flex_column_div av-zero-column-padding first  avia-builder-el-17  el_after_av_one_full  el_before_av_layout_row  avia-builder-el-last  column-top-margin\" style='border-radius:0px; '><section class=\"av_textblock_section \"  itemscope=\"itemscope\" itemtype=\"https:\/\/schema.org\/CreativeWork\" ><div class='avia_textblock  '   itemprop=\"text\" ><h2 style=\"text-align: justify;\">Traduction de fichiers audio et vid\u00e9o en portugais<\/h2>\n<p class=\"mceTemp\" style=\"text-align: justify;\">LenseUp est une agence de traduction sp\u00e9cialis\u00e9e dans les traductions multim\u00e9dias\u00a0 en portugais. Nous proposons des services complets de traduction, localisation, vid\u00e9o audio.<\/p>\n<p style=\"text-align: justify;\">Que vous ayez besoin de produire un podcast en langue \u00e9trang\u00e8re, ou de produire un contenu multim\u00e9dia et toucher les march\u00e9s portugais et br\u00e9siliens, contactez-nous pour toucher vos clients lusophones!<\/p>\n<\/div><\/section><\/div>\n<\/div><\/div><\/div><!-- close content main div --><\/div><\/div><div id='best-rated'  class='av-layout-grid-container entry-content-wrapper main_color av-flex-cells     avia-builder-el-19  el_after_av_one_full  el_before_av_one_half  submenu-not-first container_wrap sidebar_right' style=' '  >\n<div class=\"flex_cell no_margin av_one_half  avia-builder-el-20  el_before_av_cell_one_half  avia-builder-el-first   \"  style='vertical-align:middle; padding:50px 80px 50px 6% ; background-color:#f8f8f8; ' ><div class='flex_cell_inner' ><section class=\"av_textblock_section \"  itemscope=\"itemscope\" itemtype=\"https:\/\/schema.org\/CreativeWork\" ><div class='avia_textblock  '   itemprop=\"text\" ><h2>Voix off en portugais br\u00e9silien \/ ou du Portugal<\/h2>\n<p>La localisation d&rsquo;un contenu multim\u00e9dia, comme par exemple les vid\u00e9os explicatives ou les vid\u00e9os d&rsquo;entreprise, peut n\u00e9cessiter des voix off.<\/p>\n<p>Chez LenseUp, nous adoptons une approche innovante en mati\u00e8re de voix-off,\u00a0 proposant la meilleure qualit\u00e9\u00a0 pour votre contenu multim\u00e9dia en portugais.<\/p>\n<h2>Traductions audio en portugais<\/h2>\n<p>LenseUp est votre agence de traduction pour traduire des fichiers audio en portugais: podcasting, news, messages, publicit\u00e9s audio&#8230;<\/p>\n<h2>Services de sous-titrage en portugais<\/h2>\n<p>Le sous-titrage ne se limite pas \u00e0 une simple traduction en portugais. Il s&rsquo;agit d&rsquo;un processus qui requiert un haut niveau de connaissances techniques. Contactez-nous pour plus d&rsquo;informations \u00e0 ce sujet.<\/p>\n<h2>Production audio en portugais<\/h2>\n<p>Vous souhaitez produire en enregistrement en langue portugaise? LenseUp vous accompagne dans le processus de cr\u00e9ation: podcast, message publicitaire audio, newsletter audio\u2026 contactez notre \u00e9quipe.<\/p>\n<\/div><\/section><br \/>\n<div  style='height:42px' class='hr hr-invisible   avia-builder-el-22  el_after_av_textblock  avia-builder-el-last '><span class='hr-inner ' ><span class='hr-inner-style'><\/span><\/span><\/div><\/p>\n<\/div><\/div><div class=\"flex_cell no_margin av_one_half  avia-builder-el-23  el_after_av_cell_one_half  avia-builder-el-last   avia-full-stretch \"  style='background:url(https:\/\/www.lenseup.com\/wp-content\/uploads\/2019\/12\/portuguese-translation-audio-video-1030x731.jpg) center right no-repeat scroll #f8f8f8; vertical-align:middle; padding:200px 0px 200px 0px ; background-color:#f8f8f8; ' ><div class='flex_cell_inner' ><\/div><\/div>\n<\/div><div id='after_submenu_2'  class='main_color av_default_container_wrap container_wrap sidebar_right' style=' '  ><div class='container' ><div class='template-page content  av-content-small alpha units'><div class='post-entry post-entry-type-page post-entry-4981'><div class='entry-content-wrapper clearfix'>\n<div class=\"flex_column av_one_half  flex_column_div av-zero-column-padding first  avia-builder-el-24  el_after_av_layout_row  el_before_av_one_half  avia-builder-el-first  \" style='border-radius:0px; '><section class=\"av_textblock_section \"  itemscope=\"itemscope\" itemtype=\"https:\/\/schema.org\/CreativeWork\" ><div class='avia_textblock  '   itemprop=\"text\" ><h2>Localisation audio, vid\u00e9o et podcasts pour le Portugal ou le Br\u00e9sil<\/h2>\n<p>Chez LenseUp, nous avons adopt\u00e9 une approche innovante en mati\u00e8re de\u00a0 traduction audio \/ vid\u00e9o pour garantir une excellente qualit\u00e9 de vos contenus multim\u00e9dia en portugais.<\/p>\n<h3>Applications<\/h3>\n<ul>\n<li>Moocs, cours en ligne<\/li>\n<li>Ecommerce<\/li>\n<li>R\u00e9seaux sociaux<\/li>\n<li>Vid\u00e9os explicatives<\/li>\n<li>Vid\u00e9os de produits<\/li>\n<li>Podcasts<\/li>\n<li>Audio guides<\/li>\n<li>Jeux vid\u00e9o<\/li>\n<li>Webinaires<\/li>\n<li>News\u2026.<\/li>\n<\/ul>\n<\/div><\/section><br \/>\n<div  class='avia-button-wrap avia-button-center  avia-builder-el-26  el_after_av_textblock  avia-builder-el-last ' ><a href='#section2'  class='avia-button  avia-color-theme-color   avia-icon_select-no avia-size-small avia-position-center '   ><span class='avia_iconbox_title' >Plus d\u2019infos<\/span><\/a><\/div><\/p><\/div>\n<div class=\"flex_column av_one_half  av-hide-on-mobile  flex_column_div av-zero-column-padding   avia-builder-el-27  el_after_av_one_half  el_before_av_textblock  \" style='border-radius:0px; '><section class=\"av_textblock_section \"  itemscope=\"itemscope\" itemtype=\"https:\/\/schema.org\/CreativeWork\" ><div class='avia_textblock  '   itemprop=\"text\" ><h2>Exploitez la puissance des contenus multim\u00e9dias en portugais<\/h2>\n<p>Exploitez la puissance des contenus multim\u00e9dias riches pour votre communication globale gr\u00e2ce \u00e0 notre large gamme de services de localisation multim\u00e9dia !<\/p>\n<p>Dans un monde technologiquement avanc\u00e9, les entreprises performantes utilisent la puissance des vid\u00e9os, des contenus interactifs et des plateformes multim\u00e9dias pour informer et communiquer avec un public mondial. Chez LenseUp, nous savons combien votre communication peut stimuler le potentiel de votre entreprise sur les march\u00e9 mondiaux.<\/p>\n<p>Nous pouvons vous aider \u00e0 diffuser vos vid\u00e9os de pr\u00e9sentation, vos supports de formation, vos podcasts aupr\u00e8s d&rsquo;un public de langue portugaise.<\/p>\n<p><strong>Nous proposons : voix-off, traduction audio , transcription et sous-titrage ou autres services de localisation multim\u00e9dia cl\u00e9s en main &#8211; l&rsquo;agence LenseUp s&rsquo;adapte \u00e0 vos besoins.<\/strong><\/p>\n<\/div><\/section><\/div>\n<section class=\"av_textblock_section \"  itemscope=\"itemscope\" itemtype=\"https:\/\/schema.org\/CreativeWork\" ><div class='avia_textblock  '   itemprop=\"text\" ><h2>Traduction en portugais de fichiers audio et podcasts : comment op\u00e9rons-nous<\/h2>\n<\/div><\/section>\n<section class=\"av_textblock_section \"  itemscope=\"itemscope\" itemtype=\"https:\/\/schema.org\/CreativeWork\" ><div class='avia_textblock  '   itemprop=\"text\" ><p>Un project manager analysera votre projet avec vous et vous fournira un devis. Une fois le devis confirm\u00e9, voici notre apporche pour la traduction de votre fichier audio ou vid\u00e9o en portugais.<\/p>\n<p><strong>1. Analyse du fichier vid\u00e9o ou audio dans la langue source<\/strong><br \/>\nNous analysons le fichier (longueur, nombre de mots, secteur d&rsquo;activit\u00e9&#8230;) et pr\u00e9parons un devis pour la traduction en portugais.<br \/>\n<strong>2. Transcription<\/strong><br \/>\nLa transcription du fichier audio ou vid\u00e9o est automatiquement cr\u00e9\u00e9e \u00e0 l&rsquo;aide de la technologie de reconnaissance vocale. Elle est ensuite relue par nos traducteurs professionnels natifs.<br \/>\n<strong>3. Processus de traduction<\/strong><br \/>\nNos traducteurs experts traduisent et adaptent les textes en portugais, en respectant les contraintes techniques, comme la synchronisation.<br \/>\n<strong>4. Voix off et enregistrement audio en portugais<\/strong><br \/>\nNous enregistrerons la voix off selon un timing pr\u00e9cis, pour qu&rsquo;elle corresponde au fichier vid\u00e9o ou audio original. Une musique de fond peut \u00e9galement \u00eatre ajout\u00e9e \u00e0 ce stade.<br \/>\n<strong>5. Si n\u00e9cessaire, le sous-titrage<\/strong><br \/>\nNous pouvons \u00e9galement ajouter des sous-titres en portugais dans les m\u00e9dias avec un timing pr\u00e9cis pour correspondre \u00e0 l&rsquo;action \u00e0 l&rsquo;\u00e9cran. Le r\u00e9sultat est un produit de haute qualit\u00e9 pour toucher le public portugais.<br \/>\n<strong>6. Livraison<\/strong><br \/>\nEn g\u00e9n\u00e9ral, nous livrons la vid\u00e9o finale avec des sous-titres ou voix off ou le fichier audio via Dropbox, ou via un FTP s\u00e9curis\u00e9. Nous pouvons \u00e9galement t\u00e9l\u00e9charger et publier vos fichiers vid\u00e9o \/ audio en portugais sur votre plateforme video ou de podcast. Enfin, nous sommes \u00e9galement en mesure de publier les fichiers vid\u00e9o\/audio en portugais ainsi que la transcription du texte sur votre site web, pour am\u00e9liorer votre visibilit\u00e9 sur le web \u00e0 l&rsquo;international.<\/p>\n<\/div><\/section>\n<div class=\"flex_column av_one_full  av-hide-on-mobile  flex_column_div av-zero-column-padding first  avia-builder-el-31  el_after_av_textblock  el_before_av_section  avia-builder-el-last  column-top-margin\" style='border-radius:0px; '><section class=\"av_textblock_section \"  itemscope=\"itemscope\" itemtype=\"https:\/\/schema.org\/CreativeWork\" ><div class='avia_textblock  '   itemprop=\"text\" ><h2>Donn\u00e9es sur la langue portugaise<\/h2>\n<p>Le portugais est la sixi\u00e8me langue la plus parl\u00e9e au monde, la langue la plus parl\u00e9e en Am\u00e9rique du Sud et dans l&rsquo;h\u00e9misph\u00e8re sud, et la deuxi\u00e8me en Am\u00e9rique latine, apr\u00e8s l&rsquo;espagnol (plus du tiers de la population de l&rsquo;Am\u00e9rique latine parle portugais). En Afrique, le portugais est une lingua franca importante dans les anciennes colonies portugaises.<\/p>\n<p>Elle repr\u00e9sente un total de 234 millions de locuteurs dont la langue maternelle. Elle est la troisi\u00e8me langue europ\u00e9enne la plus parl\u00e9e dans le monde apr\u00e8s l&rsquo;espagnol (406 millions) et l&rsquo;anglais (335 millions), et repr\u00e9sente 4% du PIB mondial. C&rsquo;est aussi la septi\u00e8me langue la plus traduite.<\/p>\n<\/div><\/section><\/div>\n<\/div><\/div><\/div><!-- close content main div --><\/div><\/div><div id='my_section'  class='avia-section main_color avia-section-no-padding avia-no-shadow  avia-bg-style-scroll  avia-builder-el-33  el_after_av_one_full  el_before_av_textblock   container_wrap sidebar_right' style='background-color: #e72b2b;  '  ><div class='container' ><div class='template-page content  av-content-small alpha units'><div class='post-entry post-entry-type-page post-entry-4981'><div class='entry-content-wrapper clearfix'><\/div><\/div><\/div><!-- close content main div --><\/div><\/div><div id='after_section_2'  class='main_color av_default_container_wrap container_wrap sidebar_right' style=' '  ><div class='container' ><div class='template-page content  av-content-small alpha units'><div class='post-entry post-entry-type-page post-entry-4981'><div class='entry-content-wrapper clearfix'>\n<section class=\"av_textblock_section \"  itemscope=\"itemscope\" itemtype=\"https:\/\/schema.org\/CreativeWork\" ><div class='avia_textblock  '   itemprop=\"text\" ><h2 id=\"section2\">Demandez un devis<\/h2>\n<\/div><\/section>\n\n","protected":false},"excerpt":{"rendered":"","protected":false},"author":1,"featured_media":0,"parent":4989,"menu_order":0,"comment_status":"closed","ping_status":"closed","template":"","meta":{"footnotes":""},"yoast_head":"<!-- This site is optimized with the Yoast SEO plugin v23.5 - https:\/\/yoast.com\/wordpress\/plugins\/seo\/ -->\n<title>Services de traduction audio, video et podcasts vers le portugais - LenseUp<\/title>\n<meta name=\"description\" content=\"LenseUp propose une traduction en portugais rapide, pr\u00e9cise et \u00e0 des prix comp\u00e9titifs de fichiers\u00a0audio, vid\u00e9o et podcasts, adapt\u00e9e aux besoins de votre projet.\" \/>\n<meta name=\"robots\" content=\"index, follow, max-snippet:-1, max-image-preview:large, max-video-preview:-1\" \/>\n<link rel=\"canonical\" href=\"https:\/\/www.lenseup.com\/fr\/traduction-multimedia\/audio-et-podcast-portugais\/\" \/>\n<meta property=\"og:locale\" content=\"fr_FR\" \/>\n<meta property=\"og:type\" content=\"article\" \/>\n<meta property=\"og:title\" content=\"Services de traduction audio, video et podcasts vers le portugais - LenseUp\" \/>\n<meta property=\"og:description\" content=\"LenseUp propose une traduction en portugais rapide, pr\u00e9cise et \u00e0 des prix comp\u00e9titifs de fichiers\u00a0audio, vid\u00e9o et podcasts, adapt\u00e9e aux besoins de votre projet.\" \/>\n<meta property=\"og:url\" content=\"https:\/\/www.lenseup.com\/fr\/traduction-multimedia\/audio-et-podcast-portugais\/\" \/>\n<meta property=\"og:site_name\" content=\"LenseUp, solutions vid\u00e9o et audio multilingues. Audioguides, audiobooks, traductions audio et video\" \/>\n<meta property=\"article:modified_time\" content=\"2024-01-02T09:06:18+00:00\" \/>\n<meta name=\"twitter:card\" content=\"summary_large_image\" \/>\n<meta name=\"twitter:label1\" content=\"Dur\u00e9e de lecture estim\u00e9e\" \/>\n\t<meta name=\"twitter:data1\" content=\"15 minutes\" \/>\n<script type=\"application\/ld+json\" class=\"yoast-schema-graph\">{\"@context\":\"https:\/\/schema.org\",\"@graph\":[{\"@type\":\"WebPage\",\"@id\":\"https:\/\/www.lenseup.com\/fr\/traduction-multimedia\/audio-et-podcast-portugais\/\",\"url\":\"https:\/\/www.lenseup.com\/fr\/traduction-multimedia\/audio-et-podcast-portugais\/\",\"name\":\"Services de traduction audio, video et podcasts vers le portugais - LenseUp\",\"isPartOf\":{\"@id\":\"https:\/\/www.lenseup.com\/fr\/#website\"},\"datePublished\":\"2019-12-08T23:25:41+00:00\",\"dateModified\":\"2024-01-02T09:06:18+00:00\",\"description\":\"LenseUp propose une traduction en portugais rapide, pr\u00e9cise et \u00e0 des prix comp\u00e9titifs de fichiers\u00a0audio, vid\u00e9o et podcasts, adapt\u00e9e aux besoins de votre projet.\",\"breadcrumb\":{\"@id\":\"https:\/\/www.lenseup.com\/fr\/traduction-multimedia\/audio-et-podcast-portugais\/#breadcrumb\"},\"inLanguage\":\"fr-FR\",\"potentialAction\":[{\"@type\":\"ReadAction\",\"target\":[\"https:\/\/www.lenseup.com\/fr\/traduction-multimedia\/audio-et-podcast-portugais\/\"]}]},{\"@type\":\"BreadcrumbList\",\"@id\":\"https:\/\/www.lenseup.com\/fr\/traduction-multimedia\/audio-et-podcast-portugais\/#breadcrumb\",\"itemListElement\":[{\"@type\":\"ListItem\",\"position\":1,\"name\":\"Accueil\",\"item\":\"https:\/\/www.lenseup.com\/fr\/7440-2\/\"},{\"@type\":\"ListItem\",\"position\":2,\"name\":\"Agence de traduction multim\u00e9dia &#8211; vid\u00e9o et audio en 30 langues\",\"item\":\"https:\/\/www.lenseup.com\/fr\/traduction-multimedia\/\"},{\"@type\":\"ListItem\",\"position\":3,\"name\":\"Services de traduction audio, video et podcasts vers le portugais\"}]},{\"@type\":\"WebSite\",\"@id\":\"https:\/\/www.lenseup.com\/fr\/#website\",\"url\":\"https:\/\/www.lenseup.com\/fr\/\",\"name\":\"LenseUp, multilingual audio and video solutions\",\"description\":\"Traductions et contenus audio \/ video dans 30 langues.\",\"potentialAction\":[{\"@type\":\"SearchAction\",\"target\":{\"@type\":\"EntryPoint\",\"urlTemplate\":\"https:\/\/www.lenseup.com\/fr\/?s={search_term_string}\"},\"query-input\":{\"@type\":\"PropertyValueSpecification\",\"valueRequired\":true,\"valueName\":\"search_term_string\"}}],\"inLanguage\":\"fr-FR\"}]}<\/script>\n<!-- \/ Yoast SEO plugin. -->","yoast_head_json":{"title":"Services de traduction audio, video et podcasts vers le portugais - LenseUp","description":"LenseUp propose une traduction en portugais rapide, pr\u00e9cise et \u00e0 des prix comp\u00e9titifs de fichiers\u00a0audio, vid\u00e9o et podcasts, adapt\u00e9e aux besoins de votre projet.","robots":{"index":"index","follow":"follow","max-snippet":"max-snippet:-1","max-image-preview":"max-image-preview:large","max-video-preview":"max-video-preview:-1"},"canonical":"https:\/\/www.lenseup.com\/fr\/traduction-multimedia\/audio-et-podcast-portugais\/","og_locale":"fr_FR","og_type":"article","og_title":"Services de traduction audio, video et podcasts vers le portugais - LenseUp","og_description":"LenseUp propose une traduction en portugais rapide, pr\u00e9cise et \u00e0 des prix comp\u00e9titifs de fichiers\u00a0audio, vid\u00e9o et podcasts, adapt\u00e9e aux besoins de votre projet.","og_url":"https:\/\/www.lenseup.com\/fr\/traduction-multimedia\/audio-et-podcast-portugais\/","og_site_name":"LenseUp, solutions vid\u00e9o et audio multilingues. Audioguides, audiobooks, traductions audio et video","article_modified_time":"2024-01-02T09:06:18+00:00","twitter_card":"summary_large_image","twitter_misc":{"Dur\u00e9e de lecture estim\u00e9e":"15 minutes"},"schema":{"@context":"https:\/\/schema.org","@graph":[{"@type":"WebPage","@id":"https:\/\/www.lenseup.com\/fr\/traduction-multimedia\/audio-et-podcast-portugais\/","url":"https:\/\/www.lenseup.com\/fr\/traduction-multimedia\/audio-et-podcast-portugais\/","name":"Services de traduction audio, video et podcasts vers le portugais - LenseUp","isPartOf":{"@id":"https:\/\/www.lenseup.com\/fr\/#website"},"datePublished":"2019-12-08T23:25:41+00:00","dateModified":"2024-01-02T09:06:18+00:00","description":"LenseUp propose une traduction en portugais rapide, pr\u00e9cise et \u00e0 des prix comp\u00e9titifs de fichiers\u00a0audio, vid\u00e9o et podcasts, adapt\u00e9e aux besoins de votre projet.","breadcrumb":{"@id":"https:\/\/www.lenseup.com\/fr\/traduction-multimedia\/audio-et-podcast-portugais\/#breadcrumb"},"inLanguage":"fr-FR","potentialAction":[{"@type":"ReadAction","target":["https:\/\/www.lenseup.com\/fr\/traduction-multimedia\/audio-et-podcast-portugais\/"]}]},{"@type":"BreadcrumbList","@id":"https:\/\/www.lenseup.com\/fr\/traduction-multimedia\/audio-et-podcast-portugais\/#breadcrumb","itemListElement":[{"@type":"ListItem","position":1,"name":"Accueil","item":"https:\/\/www.lenseup.com\/fr\/7440-2\/"},{"@type":"ListItem","position":2,"name":"Agence de traduction multim\u00e9dia &#8211; vid\u00e9o et audio en 30 langues","item":"https:\/\/www.lenseup.com\/fr\/traduction-multimedia\/"},{"@type":"ListItem","position":3,"name":"Services de traduction audio, video et podcasts vers le portugais"}]},{"@type":"WebSite","@id":"https:\/\/www.lenseup.com\/fr\/#website","url":"https:\/\/www.lenseup.com\/fr\/","name":"LenseUp, multilingual audio and video solutions","description":"Traductions et contenus audio \/ video dans 30 langues.","potentialAction":[{"@type":"SearchAction","target":{"@type":"EntryPoint","urlTemplate":"https:\/\/www.lenseup.com\/fr\/?s={search_term_string}"},"query-input":{"@type":"PropertyValueSpecification","valueRequired":true,"valueName":"search_term_string"}}],"inLanguage":"fr-FR"}]}},"_links":{"self":[{"href":"https:\/\/www.lenseup.com\/fr\/wp-json\/wp\/v2\/pages\/4981"}],"collection":[{"href":"https:\/\/www.lenseup.com\/fr\/wp-json\/wp\/v2\/pages"}],"about":[{"href":"https:\/\/www.lenseup.com\/fr\/wp-json\/wp\/v2\/types\/page"}],"author":[{"embeddable":true,"href":"https:\/\/www.lenseup.com\/fr\/wp-json\/wp\/v2\/users\/1"}],"replies":[{"embeddable":true,"href":"https:\/\/www.lenseup.com\/fr\/wp-json\/wp\/v2\/comments?post=4981"}],"version-history":[{"count":18,"href":"https:\/\/www.lenseup.com\/fr\/wp-json\/wp\/v2\/pages\/4981\/revisions"}],"predecessor-version":[{"id":14872,"href":"https:\/\/www.lenseup.com\/fr\/wp-json\/wp\/v2\/pages\/4981\/revisions\/14872"}],"up":[{"embeddable":true,"href":"https:\/\/www.lenseup.com\/fr\/wp-json\/wp\/v2\/pages\/4989"}],"wp:attachment":[{"href":"https:\/\/www.lenseup.com\/fr\/wp-json\/wp\/v2\/media?parent=4981"}],"curies":[{"name":"wp","href":"https:\/\/api.w.org\/{rel}","templated":true}]}}