{"id":4989,"date":"2019-12-09T00:25:49","date_gmt":"2019-12-08T23:25:49","guid":{"rendered":"https:\/\/www.lenseup.com\/agence-de-traduction-multimedia-video-et-audio-en-20-langues\/"},"modified":"2023-09-10T06:53:37","modified_gmt":"2023-09-10T04:53:37","slug":"traduction-multimedia","status":"publish","type":"page","link":"https:\/\/www.lenseup.com\/fr\/traduction-multimedia\/","title":{"rendered":"Agence de traduction multim\u00e9dia &#8211; vid\u00e9o et audio en 30 langues"},"content":{"rendered":"<div id='av_section_2'  class='avia-section main_color avia-section-default avia-no-shadow  avia-bg-style-scroll  avia-builder-el-0  el_before_av_one_full  avia-builder-el-first   container_wrap sidebar_right' style='background-color: #f2f2f2;  '  ><div class='container' ><main  role=\"main\" itemprop=\"mainContentOfPage\"  class='template-page content  av-content-small alpha units'><div class='post-entry post-entry-type-page post-entry-4989'><div class='entry-content-wrapper clearfix'>\n<div  style='padding-bottom:0px; color:#ffffff;font-size:34px;' class='av-special-heading av-special-heading-h1 custom-color-heading blockquote modern-quote  avia-builder-el-1  avia-builder-el-no-sibling  av-inherit-size '><h1 class='av-special-heading-tag '  itemprop=\"headline\"  >Traductions multim\u00e9dia et audiovisuelles &#8211; contenus audio multilingues<\/h1><div class='special-heading-border'><div class='special-heading-inner-border' style='border-color:#ffffff'><\/div><\/div><\/div>\n<\/div><\/div><\/main><!-- close content main element --><\/div><\/div><div id='after_section_1'  class='main_color av_default_container_wrap container_wrap sidebar_right' style=' '  ><div class='container' ><div class='template-page content  av-content-small alpha units'><div class='post-entry post-entry-type-page post-entry-4989'><div class='entry-content-wrapper clearfix'>\n<div class=\"flex_column av_one_full  flex_column_div av-zero-column-padding first  avia-builder-el-2  el_after_av_section  el_before_av_one_full  avia-builder-el-first  \" style='border-radius:0px; '><div   class='av_promobox  avia-button-no   avia-builder-el-3  avia-builder-el-no-sibling '>\t\t<div class='avia-promocontent'><\/p>\n<blockquote>\n<p>Services de traduction multim\u00e9dia et cr\u00e9ation d&rsquo;audio: sous-titrage vid\u00e9o, voix off multilingue et traduction audio dans plus de 30 langues.<\/p>\n<\/blockquote>\n<p>\n<\/div><\/div><\/div>\n<div class=\"flex_column av_one_full  flex_column_div av-zero-column-padding first  avia-builder-el-4  el_after_av_one_full  el_before_av_one_third  column-top-margin\" style='border-radius:0px; '><section class=\"av_textblock_section \"  itemscope=\"itemscope\" itemtype=\"https:\/\/schema.org\/CreativeWork\" ><div class='avia_textblock  '   itemprop=\"text\" ><h2>LenseUp : agence de traduction sp\u00e9cialis\u00e9e dans la traduction multim\u00e9dia et la production audiovisuelle en 30 langues<\/h2>\n<p>La vid\u00e9o et l&rsquo;audio sont imp\u00e9ratifs dans toute strat\u00e9gie web. Une traduction multim\u00e9dia de qualit\u00e9 vous permettra d&rsquo;influencer, de divertir, d&rsquo;\u00e9duquer et de faire conna\u00eetre votre marque \u00e0 l&rsquo;\u00e9tranger.<\/p>\n<p>LenseUp vous aide \u00e0 toucher votre audience internationale et vous propose une gamme compl\u00e8te de services de localisation multim\u00e9dia pour vos projets audio, vid\u00e9o et interactifs ciblant l&rsquo;international &#8211; qu&rsquo;il s&rsquo;agisse de traduire une vid\u00e9o d&rsquo;entreprise, de produire un podcast multilingue ou de traduire des vid\u00e9os explicatives, dans 30 langues.<\/p>\n<\/div><\/section><br \/>\n<section class=\"av_textblock_section \"  itemscope=\"itemscope\" itemtype=\"https:\/\/schema.org\/CreativeWork\" ><div class='avia_textblock  '   itemprop=\"text\" ><h2>Traduction de fichiers audio \/ video<\/h2>\n<p>La traduction est l&rsquo;une des approches les plus rentables pour atteindre vos clients \u00e9trangers. L&rsquo;anglais certes est l&rsquo;une des langues les plus parl\u00e9es au monde, mais vous toucherez un public plus large si vous proposez vos documents audio \/ video dans les parl\u00e9es par votre audience.<\/p>\n<\/div><\/section><\/p><\/div>\n<div class=\"flex_column av_one_third  flex_column_div av-zero-column-padding first  avia-builder-el-7  el_after_av_one_full  el_before_av_one_third  column-top-margin\" style='border-radius:0px; '><section class=\"av_textblock_section \"  itemscope=\"itemscope\" itemtype=\"https:\/\/schema.org\/CreativeWork\" ><div class='avia_textblock  '   itemprop=\"text\" ><h2>Transcription de fichiers audio \/ video<\/h2>\n<p>Nous utilisons les toutes derni\u00e8res technologies pour nos services de retranscription. Nous pouvons retranscrire des fichiers audio \/ video dans de nombreuses langues.<\/p>\n<p><a href=\"https:\/\/www.lenseup.com\/fr\/retranscription-audio-et-video-multilangue\/\">Plus d&rsquo;informations &gt;&gt;<\/a><\/p>\n<\/div><\/section><\/div>\n<div class=\"flex_column av_one_third  flex_column_div av-zero-column-padding   avia-builder-el-9  el_after_av_one_third  el_before_av_one_third  column-top-margin\" style='border-radius:0px; '><section class=\"av_textblock_section \"  itemscope=\"itemscope\" itemtype=\"https:\/\/schema.org\/CreativeWork\" ><div class='avia_textblock  '   itemprop=\"text\" ><h2>Sous-titrage en langues \u00e9trang\u00e8res<\/h2>\n<p>Gr\u00e2ce au sous-titrage vid\u00e9o,\u00a0 vous pouvez toucher une audience dans le monde entier. Avec des r\u00e9seaux sociaux, et le visionnage silencieux des vid\u00e9os se g\u00e9n\u00e9ralisant, capter l&rsquo;attention des utilisateurs et garantir leur engagement est un d\u00e9fi. Le sous-titrage en langue \u00e9trang\u00e8re est n\u00e9cessaire lorsqu&rsquo;il s&rsquo;agit de cibler l&rsquo;\u00e9tranger.<\/p>\n<p><a href=\"https:\/\/www.lenseup.com\/fr\/sous-titrage-multilingue\/\">Plus d&rsquo;informations &gt;&gt;<\/a><\/p>\n<\/div><\/section><\/div>\n<div class=\"flex_column av_one_third  flex_column_div av-zero-column-padding   avia-builder-el-11  el_after_av_one_third  el_before_av_layout_row  avia-builder-el-last  column-top-margin\" style='border-radius:0px; '><section class=\"av_textblock_section \"  itemscope=\"itemscope\" itemtype=\"https:\/\/schema.org\/CreativeWork\" ><div class='avia_textblock  '   itemprop=\"text\" ><h2>Voix off multilingue<\/h2>\n<p>La voix off ou voix hors champ est une technique de production o\u00f9 une voix est enregistr\u00e9e pour une utilisation hors \u00e9cran.<\/p>\n<p>Il existe de<a href=\"https:\/\/www.lenseup.com\/fr\/applications\/\">\u00a0nombreuses applications<\/a> pour la voix off multilingue: depuis la traduction de vid\u00e9os en langues \u00e9trang\u00e8res pour toucher une client\u00e8le internationale, d\u00e9velopper la notori\u00e9t\u00e9 de votre marque et vendre plus \u00e0 l&rsquo;export, jusqu&rsquo;aux vid\u00e9os e-learning pour vos \u00e9l\u00e8ves \u00e9trangers.<\/p>\n<p><a href=\"https:\/\/www.lenseup.com\/fr\/service-de-voix-off-multilingue\/\">Plus d&rsquo;informations &gt;&gt;<\/a><\/p>\n<\/div><\/section><\/div>\n<\/div><\/div><\/div><!-- close content main div --><\/div><\/div><div id='best-rated'  class='av-layout-grid-container entry-content-wrapper main_color av-flex-cells     avia-builder-el-13  el_after_av_one_third  el_before_av_section  submenu-not-first container_wrap sidebar_right' style=' '  >\n<div class=\"flex_cell no_margin av_one_half  avia-builder-el-14  el_before_av_cell_one_half  avia-builder-el-first   \"  style='vertical-align:middle; padding:50px 80px 50px 6% ; background-color:#f8f8f8; ' ><div class='flex_cell_inner' ><p><div  style='padding-bottom:20px; color:#000000;font-size:30px;' class='av-special-heading av-special-heading-h2 custom-color-heading blockquote modern-quote  avia-builder-el-15  el_before_av_textblock  avia-builder-el-first  av-inherit-size '><h2 class='av-special-heading-tag '  itemprop=\"headline\"  >Traduction multim\u00e9dia et audiovisuelle en 30 langues<\/h2><div class='special-heading-border'><div class='special-heading-inner-border' style='border-color:#000000'><\/div><\/div><\/div><br \/>\n<section class=\"av_textblock_section \"  itemscope=\"itemscope\" itemtype=\"https:\/\/schema.org\/CreativeWork\" ><div class='avia_textblock  '   itemprop=\"text\" ><p>Traduction voix-off, sous-titrage et audiovisuelle en n\u00e9erlandais (Pays-Bas)<br \/>\nTraduction voix-off, sous-titrage et audiovisuelle en anglais (Australie)<br \/>\nTraduction voix-off, sous-titrage et audiovisuelle en anglais (Royaume-Uni)<br \/>\nTraduction voix-off, sous-titrage et audiovisuelle en anglais (\u00c9tats-Unis)<br \/>\nTraduction voix-off, sous-titrage et audiovisuelle en anglais (Canada)<br \/>\nTraduction voix-off, sous-titrage et audiovisuelle en fran\u00e7ais (France)<br \/>\nTraduction voix-off, sous-titrage et audiovisuelle en allemand (Allemagne)<br \/>\nTraduction voix-off, sous-titrage et audiovisuelle en italie (Italie)<br \/>\nTraduction voix-off, sous-titrage et audiovisuelle en japonais (Japon)<br \/>\nTraduction voix-off, sous-titrage et audiovisuelle en cor\u00e9en (Cor\u00e9e du Sud)<br \/>\nTraduction voix-off, sous-titrage et audiovisuelle en polonais<br \/>\nTraduction voix-off, sous-titrage et audiovisuelle en espagnol<br \/>\nTraduction voix-off, sous-titrage et audiovisuelle en russe<br \/>\nTraduction voix-off, sous-titrage et audiovisuelle en portugais<br \/>\nTraduction voix-off, sous-titrage et audiovisuelle en su\u00e9dois<br \/>\nTraduction voix-off, sous-titrage et audiovisuelle en finlandais<br \/>\nTraduction voix-off, sous-titrage et audiovisuelle en danois<br \/>\nTraduction voix-off, sous-titrage et audiovisuelle en chinois simplifi\u00e9<br \/>\nTraduction voix-off, sous-titrage et audiovisuelle en arabe<\/p>\n<\/div><\/section><br \/>\n<div  style='height:20px' class='hr hr-invisible   avia-builder-el-17  el_after_av_textblock  el_before_av_hr '><span class='hr-inner ' ><span class='hr-inner-style'><\/span><\/span><\/div><br \/>\n<div  style='height:42px' class='hr hr-invisible   avia-builder-el-18  el_after_av_hr  avia-builder-el-last '><span class='hr-inner ' ><span class='hr-inner-style'><\/span><\/span><\/div><\/p>\n<\/div><\/div><div class=\"flex_cell no_margin av_one_half  avia-builder-el-19  el_after_av_cell_one_half  avia-builder-el-last   avia-full-stretch av-hide-on-mobile  \"  style='background:url(https:\/\/www.lenseup.com\/wp-content\/uploads\/2019\/02\/flags.jpg) bottom left no-repeat scroll; vertical-align:middle; padding:200px 0px 200px 0px ; background-color:#f8f8f8; ' ><div class='flex_cell_inner' ><\/div><\/div>\n<\/div>\n<div id='my_section'  class='avia-section main_color avia-section-no-padding avia-no-shadow  avia-bg-style-scroll  avia-builder-el-20  el_after_av_layout_row  el_before_av_contact   container_wrap sidebar_right' style='background-color: #e72b2b;  '  ><div class='container' ><div class='template-page content  av-content-small alpha units'><div class='post-entry post-entry-type-page post-entry-4989'><div class='entry-content-wrapper clearfix'><\/div><\/div><\/div><!-- close content main div --><\/div><\/div><div id='after_section_2'  class='main_color av_default_container_wrap container_wrap sidebar_right' style=' '  ><div class='container' ><div class='template-page content  av-content-small alpha units'><div class='post-entry post-entry-type-page post-entry-4989'><div class='entry-content-wrapper clearfix'>\n<form action=\"https:\/\/www.lenseup.com\/fr\/traduction-multimedia\/\" method=\"post\"  class=\"avia_ajax_form av-form-labels-visible   avia-builder-el-21  el_after_av_section  el_before_av_section  avia-builder-el-no-sibling   \" data-avia-form-id=\"1\" data-avia-redirect='' ><fieldset><p class='  first_form  form_element form_fullwidth' id='element_avia_1_1'><label for=\"avia_1_1\">Soci\u00e9t\u00e9<\/label> <input name=\"avia_1_1\" class=\"text_input \" type=\"text\" id=\"avia_1_1\" value=\"\" \/><\/p><p class='  first_form  form_element form_fullwidth' id='element_avia_2_1'><label for=\"avia_2_1\">Nom <abbr class=\"required\" title=\"requis\">*<\/abbr><\/label> <input name=\"avia_2_1\" class=\"text_input is_empty\" type=\"text\" id=\"avia_2_1\" value=\"\" \/><\/p><p class='  first_form  form_element form_fullwidth' id='element_avia_3_1'><label for=\"avia_3_1\">Adresse mail <abbr class=\"required\" title=\"requis\">*<\/abbr><\/label> <input name=\"avia_3_1\" class=\"text_input is_email\" type=\"text\" id=\"avia_3_1\" value=\"\" \/><\/p><p class='  first_form  form_element form_fullwidth' id='element_avia_4_1'><label for=\"avia_4_1\">Sujet <abbr class=\"required\" title=\"requis\">*<\/abbr><\/label> <input name=\"avia_4_1\" class=\"text_input is_empty\" type=\"text\" id=\"avia_4_1\" value=\"\" \/><\/p><p class='  first_form  form_element form_fullwidth' id='element_avia_5_1'><label for=\"avia_5_1\" class=\"textare_label hidden textare_label_avia_5_1\">Message <abbr class=\"required\" title=\"requis\">*<\/abbr><\/label><textarea  name=\"avia_5_1\" class=\"text_area is_empty\" cols=\"40\" rows=\"7\" id=\"avia_5_1\" ><\/textarea><\/p><p class=\"hidden\"><input type=\"text\" name=\"avia_6_1\" class=\"hidden \" id=\"avia_6_1\" value=\"\" \/><\/p><div id='avia_7_1' class='av-recaptcha-area  first_form  form_element form_fullwidth '  data-container_class=\"\" data-custom_class=\"\" data-context=\"av_contact_form\" data-token_input=\"av_recaptcha_token\" data-version=\"avia_recaptcha_v2\" data-theme=\"light\" data-size=\"normal\" data-score=\"0.5\" data-text_to_preview=\"\" data-value=\"\"><div class=\"av-google-badge-message hidden\">This site is protected by reCAPTCHA and the Google <a href=\"https:\/\/policies.google.com\/privacy\">Privacy Policy<\/a> and <a href=\"https:\/\/policies.google.com\/terms\">Terms of Service<\/a> apply.<\/div><\/div><p class=\"form_element \"><input type=\"hidden\" value=\"1\" name=\"avia_generated_form1\" \/><input type=\"submit\" value=\"Valider\" class=\"button\"  data-sending-label=\"Envoi\"\/><\/p><\/fieldset><div class=\"avia-disabled-form\">This contact form is deactivated because you refused to accept Google reCaptcha service which is necessary to validate any messages sent by the form.<\/div><\/form><div id=\"ajaxresponse_1\" class=\"ajaxresponse ajaxresponse_1 hidden\"><\/div>\n<\/div><\/div><\/div><!-- close content main div --><\/div><\/div><div id='my_section'  class='avia-section main_color avia-section-no-padding avia-no-shadow  avia-bg-style-scroll  avia-builder-el-22  el_after_av_contact  avia-builder-el-last   container_wrap sidebar_right' style='background-color: #e72b2b;  '  ><div class='container' ><div class='template-page content  av-content-small alpha units'><div class='post-entry post-entry-type-page post-entry-4989'><div class='entry-content-wrapper clearfix'><\/div><\/div><\/div><!-- close content main div --><\/div><\/div><div id='after_section_3'  class='main_color av_default_container_wrap container_wrap sidebar_right' style=' '  ><div class='container' ><div class='template-page content  av-content-small alpha units'><div class='post-entry post-entry-type-page post-entry-4989'><div class='entry-content-wrapper clearfix'>\n","protected":false},"excerpt":{"rendered":"","protected":false},"author":1,"featured_media":0,"parent":0,"menu_order":0,"comment_status":"closed","ping_status":"closed","template":"","meta":{"footnotes":""},"yoast_head":"<!-- This site is optimized with the Yoast SEO plugin v23.5 - https:\/\/yoast.com\/wordpress\/plugins\/seo\/ -->\n<title>Agence de traduction multim\u00e9dia - audiovisuelle - LenseUp, solutions vid\u00e9o et audio multilingues. Audioguides, audiobooks, traductions audio et video<\/title>\n<meta name=\"description\" content=\"Nous proposons des services de traduction audiovisuelle et multim\u00e9dia: sous-titrage vid\u00e9o, voix off multilingue et traduction audio dans plus de 30 langues.\" \/>\n<meta name=\"robots\" content=\"index, follow, max-snippet:-1, max-image-preview:large, max-video-preview:-1\" \/>\n<link rel=\"canonical\" href=\"https:\/\/www.lenseup.com\/fr\/traduction-multimedia\/\" \/>\n<meta property=\"og:locale\" content=\"fr_FR\" \/>\n<meta property=\"og:type\" content=\"article\" \/>\n<meta property=\"og:title\" content=\"Agence de traduction multim\u00e9dia - audiovisuelle - LenseUp, solutions vid\u00e9o et audio multilingues. Audioguides, audiobooks, traductions audio et video\" \/>\n<meta property=\"og:description\" content=\"Nous proposons des services de traduction audiovisuelle et multim\u00e9dia: sous-titrage vid\u00e9o, voix off multilingue et traduction audio dans plus de 30 langues.\" \/>\n<meta property=\"og:url\" content=\"https:\/\/www.lenseup.com\/fr\/traduction-multimedia\/\" \/>\n<meta property=\"og:site_name\" content=\"LenseUp, solutions vid\u00e9o et audio multilingues. Audioguides, audiobooks, traductions audio et video\" \/>\n<meta property=\"article:modified_time\" content=\"2023-09-10T04:53:37+00:00\" \/>\n<meta name=\"twitter:card\" content=\"summary_large_image\" \/>\n<meta name=\"twitter:label1\" content=\"Dur\u00e9e de lecture estim\u00e9e\" \/>\n\t<meta name=\"twitter:data1\" content=\"10 minutes\" \/>\n<script type=\"application\/ld+json\" class=\"yoast-schema-graph\">{\"@context\":\"https:\/\/schema.org\",\"@graph\":[{\"@type\":\"WebPage\",\"@id\":\"https:\/\/www.lenseup.com\/fr\/traduction-multimedia\/\",\"url\":\"https:\/\/www.lenseup.com\/fr\/traduction-multimedia\/\",\"name\":\"Agence de traduction multim\u00e9dia - audiovisuelle - LenseUp, solutions vid\u00e9o et audio multilingues. Audioguides, audiobooks, traductions audio et video\",\"isPartOf\":{\"@id\":\"https:\/\/www.lenseup.com\/fr\/#website\"},\"datePublished\":\"2019-12-08T23:25:49+00:00\",\"dateModified\":\"2023-09-10T04:53:37+00:00\",\"description\":\"Nous proposons des services de traduction audiovisuelle et multim\u00e9dia: sous-titrage vid\u00e9o, voix off multilingue et traduction audio dans plus de 30 langues.\",\"breadcrumb\":{\"@id\":\"https:\/\/www.lenseup.com\/fr\/traduction-multimedia\/#breadcrumb\"},\"inLanguage\":\"fr-FR\",\"potentialAction\":[{\"@type\":\"ReadAction\",\"target\":[\"https:\/\/www.lenseup.com\/fr\/traduction-multimedia\/\"]}]},{\"@type\":\"BreadcrumbList\",\"@id\":\"https:\/\/www.lenseup.com\/fr\/traduction-multimedia\/#breadcrumb\",\"itemListElement\":[{\"@type\":\"ListItem\",\"position\":1,\"name\":\"Accueil\",\"item\":\"https:\/\/www.lenseup.com\/fr\/7440-2\/\"},{\"@type\":\"ListItem\",\"position\":2,\"name\":\"Agence de traduction multim\u00e9dia &#8211; vid\u00e9o et audio en 30 langues\"}]},{\"@type\":\"WebSite\",\"@id\":\"https:\/\/www.lenseup.com\/fr\/#website\",\"url\":\"https:\/\/www.lenseup.com\/fr\/\",\"name\":\"LenseUp, multilingual audio and video solutions\",\"description\":\"Traductions et contenus audio \/ video dans 30 langues.\",\"potentialAction\":[{\"@type\":\"SearchAction\",\"target\":{\"@type\":\"EntryPoint\",\"urlTemplate\":\"https:\/\/www.lenseup.com\/fr\/?s={search_term_string}\"},\"query-input\":{\"@type\":\"PropertyValueSpecification\",\"valueRequired\":true,\"valueName\":\"search_term_string\"}}],\"inLanguage\":\"fr-FR\"}]}<\/script>\n<!-- \/ Yoast SEO plugin. -->","yoast_head_json":{"title":"Agence de traduction multim\u00e9dia - audiovisuelle - LenseUp, solutions vid\u00e9o et audio multilingues. Audioguides, audiobooks, traductions audio et video","description":"Nous proposons des services de traduction audiovisuelle et multim\u00e9dia: sous-titrage vid\u00e9o, voix off multilingue et traduction audio dans plus de 30 langues.","robots":{"index":"index","follow":"follow","max-snippet":"max-snippet:-1","max-image-preview":"max-image-preview:large","max-video-preview":"max-video-preview:-1"},"canonical":"https:\/\/www.lenseup.com\/fr\/traduction-multimedia\/","og_locale":"fr_FR","og_type":"article","og_title":"Agence de traduction multim\u00e9dia - audiovisuelle - LenseUp, solutions vid\u00e9o et audio multilingues. Audioguides, audiobooks, traductions audio et video","og_description":"Nous proposons des services de traduction audiovisuelle et multim\u00e9dia: sous-titrage vid\u00e9o, voix off multilingue et traduction audio dans plus de 30 langues.","og_url":"https:\/\/www.lenseup.com\/fr\/traduction-multimedia\/","og_site_name":"LenseUp, solutions vid\u00e9o et audio multilingues. Audioguides, audiobooks, traductions audio et video","article_modified_time":"2023-09-10T04:53:37+00:00","twitter_card":"summary_large_image","twitter_misc":{"Dur\u00e9e de lecture estim\u00e9e":"10 minutes"},"schema":{"@context":"https:\/\/schema.org","@graph":[{"@type":"WebPage","@id":"https:\/\/www.lenseup.com\/fr\/traduction-multimedia\/","url":"https:\/\/www.lenseup.com\/fr\/traduction-multimedia\/","name":"Agence de traduction multim\u00e9dia - audiovisuelle - LenseUp, solutions vid\u00e9o et audio multilingues. Audioguides, audiobooks, traductions audio et video","isPartOf":{"@id":"https:\/\/www.lenseup.com\/fr\/#website"},"datePublished":"2019-12-08T23:25:49+00:00","dateModified":"2023-09-10T04:53:37+00:00","description":"Nous proposons des services de traduction audiovisuelle et multim\u00e9dia: sous-titrage vid\u00e9o, voix off multilingue et traduction audio dans plus de 30 langues.","breadcrumb":{"@id":"https:\/\/www.lenseup.com\/fr\/traduction-multimedia\/#breadcrumb"},"inLanguage":"fr-FR","potentialAction":[{"@type":"ReadAction","target":["https:\/\/www.lenseup.com\/fr\/traduction-multimedia\/"]}]},{"@type":"BreadcrumbList","@id":"https:\/\/www.lenseup.com\/fr\/traduction-multimedia\/#breadcrumb","itemListElement":[{"@type":"ListItem","position":1,"name":"Accueil","item":"https:\/\/www.lenseup.com\/fr\/7440-2\/"},{"@type":"ListItem","position":2,"name":"Agence de traduction multim\u00e9dia &#8211; vid\u00e9o et audio en 30 langues"}]},{"@type":"WebSite","@id":"https:\/\/www.lenseup.com\/fr\/#website","url":"https:\/\/www.lenseup.com\/fr\/","name":"LenseUp, multilingual audio and video solutions","description":"Traductions et contenus audio \/ video dans 30 langues.","potentialAction":[{"@type":"SearchAction","target":{"@type":"EntryPoint","urlTemplate":"https:\/\/www.lenseup.com\/fr\/?s={search_term_string}"},"query-input":{"@type":"PropertyValueSpecification","valueRequired":true,"valueName":"search_term_string"}}],"inLanguage":"fr-FR"}]}},"_links":{"self":[{"href":"https:\/\/www.lenseup.com\/fr\/wp-json\/wp\/v2\/pages\/4989"}],"collection":[{"href":"https:\/\/www.lenseup.com\/fr\/wp-json\/wp\/v2\/pages"}],"about":[{"href":"https:\/\/www.lenseup.com\/fr\/wp-json\/wp\/v2\/types\/page"}],"author":[{"embeddable":true,"href":"https:\/\/www.lenseup.com\/fr\/wp-json\/wp\/v2\/users\/1"}],"replies":[{"embeddable":true,"href":"https:\/\/www.lenseup.com\/fr\/wp-json\/wp\/v2\/comments?post=4989"}],"version-history":[{"count":26,"href":"https:\/\/www.lenseup.com\/fr\/wp-json\/wp\/v2\/pages\/4989\/revisions"}],"predecessor-version":[{"id":14778,"href":"https:\/\/www.lenseup.com\/fr\/wp-json\/wp\/v2\/pages\/4989\/revisions\/14778"}],"wp:attachment":[{"href":"https:\/\/www.lenseup.com\/fr\/wp-json\/wp\/v2\/media?parent=4989"}],"curies":[{"name":"wp","href":"https:\/\/api.w.org\/{rel}","templated":true}]}}