{"id":5979,"date":"2020-11-09T08:28:20","date_gmt":"2020-11-09T07:28:20","guid":{"rendered":"https:\/\/www.lenseup.com\/nos-services-de-text-to-speech-en-plusieurs-langues\/"},"modified":"2023-12-31T14:29:48","modified_gmt":"2023-12-31T13:29:48","slug":"technologie-text-to-speech-multilingue","status":"publish","type":"page","link":"https:\/\/www.lenseup.com\/fr\/technologie-text-to-speech-multilingue\/","title":{"rendered":"Text To Speech TTS \/ Voix de synth\u00e8se multilingues"},"content":{"rendered":"<div id='av_section_2'  class='avia-section main_color avia-section-default avia-no-shadow  avia-bg-style-scroll  avia-builder-el-0  el_before_av_promobox  avia-builder-el-first   container_wrap sidebar_right' style='background-color: #f2f2f2;  '  ><div class='container' ><main  role=\"main\" itemprop=\"mainContentOfPage\"  class='template-page content  av-content-small alpha units'><div class='post-entry post-entry-type-page post-entry-5979'><div class='entry-content-wrapper clearfix'>\n<div  style='padding-bottom:0px; color:#ffffff;font-size:40px;' class='av-special-heading av-special-heading-h1 custom-color-heading blockquote modern-quote  avia-builder-el-1  avia-builder-el-no-sibling  av-inherit-size '><h1 class='av-special-heading-tag '  itemprop=\"headline\"  >Text To Speech TTS \/ Voix de synth\u00e8se multilingues<\/h1><div class='special-heading-border'><div class='special-heading-inner-border' style='border-color:#ffffff'><\/div><\/div><\/div>\n<\/div><\/div><\/main><!-- close content main element --><\/div><\/div><div id='after_section_1'  class='main_color av_default_container_wrap container_wrap sidebar_right' style=' '  ><div class='container' ><div class='template-page content  av-content-small alpha units'><div class='post-entry post-entry-type-page post-entry-5979'><div class='entry-content-wrapper clearfix'>\n\t<div   class='av_promobox  avia-button-no   avia-builder-el-2  el_after_av_section  el_before_av_one_half  avia-builder-el-first '>\t\t<div class='avia-promocontent'><\/p>\n<blockquote>\n<p>LenseUp propose des services Text-to-Speech (TTS) dont la qualit\u00e9 est proche du langage naturel, dans de nombreuses langues. Nos solutions s&rsquo;appuient sur des technologies de synth\u00e8se vocale et de deep learning de pointe pour produire le meilleur son TTS, pour vos vid\u00e9os, podcasts, cours en ligne, news&#8230; \u00e0 un co\u00fbt abordable.<\/p>\n<\/blockquote>\n<p>\n<\/div><\/div>\n<div class=\"flex_column av_one_half  flex_column_div av-zero-column-padding first  avia-builder-el-3  el_after_av_promobox  el_before_av_one_half  \" style='border-radius:0px; '><section class=\"av_textblock_section \"  itemscope=\"itemscope\" itemtype=\"https:\/\/schema.org\/CreativeWork\" ><div class='avia_textblock  '   itemprop=\"text\" ><h2>Des voix synth\u00e9tiques en 30 langues produites gr\u00e2ce \u00e0 l&rsquo;intelligence artificielle<\/h2>\n<p>Votre entreprise a besoin de produire plusieurs enregistrements dans diff\u00e9rentes langues. Nos solutions de synth\u00e8se vocale sont une alternative \u00e0 moindre co\u00fbt \u00e0 la la voix humaine, avec une plus grande flexibilit\u00e9 de production.<\/p>\n<p>LenseUp propose les meilleures solutions d&rsquo;intelligence artificielle pour produire des voix \u00e0 la sonorit\u00e9 naturelle.<\/p>\n<p><b>Une alternative concurrentielle aux acteurs de voix off<\/b><br \/>\n<strong>Le son TTS le plus naturel du march\u00e9<\/strong><br \/>\n<strong>Prononciation personnalis\u00e9e de mots sp\u00e9cifiques<\/strong><br \/>\n<strong>Rapidit\u00e9 de production<\/strong><br \/>\n<strong>Plus de 30 langues<\/strong><br \/>\n<strong>Synchronisation des voix synth\u00e9tiques avec la vid\u00e9o \/ audio si n\u00e9cessaire<\/strong><br \/>\n<strong>Voix masculines ou f\u00e9minines<\/strong><br \/>\n<strong>Multi-voix<\/strong><\/p>\n<\/div><\/section><\/div>\n<div class=\"flex_column av_one_half  flex_column_div av-zero-column-padding   avia-builder-el-5  el_after_av_one_half  el_before_av_layout_row  avia-builder-el-last  \" style='border-radius:0px; '><section class=\"av_textblock_section \"  itemscope=\"itemscope\" itemtype=\"https:\/\/schema.org\/CreativeWork\" ><div class='avia_textblock  '   itemprop=\"text\" ><h2>Services multilingues TTS<\/h2>\n<p>Gr\u00e2ce \u00e0 nos services de synth\u00e8se vocale, vous pouvez transformer un texte en enregistrement audio.<\/p>\n<p>Les am\u00e9liorations de la qualit\u00e9 des audios r\u00e9alis\u00e9s avec la synth\u00e8se vocale ont \u00e9t\u00e9 significatives &#8211; et cette tendance devrait se poursuivre. L&rsquo;\u00e9motion est \u00e0 pr\u00e9sent au rendez-vous. Les technologies de synth\u00e8se vocale s&rsquo;am\u00e9liorent.<\/p>\n<ul>\n<li>Livres audio<\/li>\n<li>E-learning<\/li>\n<li>Traductions de vid\u00e9os<\/li>\n<li>Podcasts<\/li>\n<li>Audio marketing<\/li>\n<li>&#8230;<\/li>\n<\/ul>\n<\/div><\/section><\/div>\n<\/div><\/div><\/div><!-- close content main div --><\/div><\/div><div id='best-rated'  class='av-layout-grid-container entry-content-wrapper main_color av-flex-cells     avia-builder-el-7  el_after_av_one_half  el_before_av_heading  submenu-not-first container_wrap sidebar_right' style=' '  >\n<div class=\"flex_cell no_margin av_one_half  avia-builder-el-8  el_before_av_cell_one_half  avia-builder-el-first   \"  style='vertical-align:middle; padding:50px 80px 50px 6% ; background-color:#f8f8f8; ' ><div class='flex_cell_inner' ><section class=\"av_textblock_section \"  itemscope=\"itemscope\" itemtype=\"https:\/\/schema.org\/CreativeWork\" ><div class='avia_textblock  '   itemprop=\"text\" ><h2>Les meilleurs moteurs de TTS<\/h2>\n<p>La technologie Text-to-Speech (plus connue sous le nom de TTS) est utilis\u00e9e pour cr\u00e9er une version vocale d&rsquo;un texte. Il existe de nombreux moteurs TTS sur le march\u00e9, et chez LenseUp nous utilisons les meilleures solutions disponibles afin de produire des enregistrements de qualit\u00e9.<\/p>\n<p>Nous sommes une agence sp\u00e9cialis\u00e9e dans les langues \u00e9trang\u00e8res et nous garantissons une grande pr\u00e9cision pour tous nos enregistrements. Nous produisons des enregistrements de voix synth\u00e9tiques de qualit\u00e9 qui r\u00e9pondent parfaitement aux attentes de vos march\u00e9s locaux &#8211; renfor\u00e7ant ainsi vos ventes, l&rsquo;engagement de vos clients et la pr\u00e9sence de votre marque dans le monde entier.<\/p>\n<\/div><\/section><br \/>\n<section class=\"av_textblock_section \"  itemscope=\"itemscope\" itemtype=\"https:\/\/schema.org\/CreativeWork\" ><div class='avia_textblock  '   itemprop=\"text\" ><h2>Nouveaut\u00e9 2024 : transfert de style audio<\/h2>\n<p>LenseUp propose des services de transfert de style qui permettent de modifier la voix d&rsquo;un locuteur, lui permettant ainsi de parler avec une voix diff\u00e9rente. Au-del\u00e0 de la g\u00e9n\u00e9ration de contenu audio en fran\u00e7ais, permettant de modifier une voix en fran\u00e7ais tout en maintenant\u00a0 son intonation,\u00a0 LenseUp propose \u00e0 pr\u00e9sent le transfert de style entre diff\u00e9rentes langues. Par exemple, il sera possible , courant 2024, de g\u00e9n\u00e9rer de des contenus en anglais \u00e0 partir d&rsquo;une texte en fran\u00e7ais. Cette fonctionnalit\u00e9 innovante ouvre la possibilit\u00e9 aux individus de parler n&rsquo;importe quelle langue avec une propre voix unique!<\/p>\n<\/div><\/section><br \/>\n<div  style='height:42px' class='hr hr-invisible   avia-builder-el-11  el_after_av_textblock  el_before_av_button '><span class='hr-inner ' ><span class='hr-inner-style'><\/span><\/span><\/div><br \/>\n<div  class='avia-button-wrap avia-button-left  avia-builder-el-12  el_after_av_hr  avia-builder-el-last ' ><a href='#section2'  class='avia-button av-icon-on-hover avia-color-theme-color  avia-font-color-theme-color  avia-icon_select-yes-left-icon avia-size-large avia-position-left '   ><span class='avia_button_icon avia_button_icon_left ' aria-hidden='true' data-av_icon='\ue859' data-av_iconfont='entypo-fontello'><\/span><span class='avia_iconbox_title' >Demander un devis<\/span><span class='avia_button_background avia-button avia-color-theme-color-highlight' ><\/span><\/a><\/div><\/p>\n<\/div><\/div><div class=\"flex_cell no_margin av_one_half  avia-builder-el-13  el_after_av_cell_one_half  avia-builder-el-last   avia-full-stretch av-hide-on-mobile  \"  style='background:url(https:\/\/www.lenseup.com\/wp-content\/uploads\/2020\/11\/artifcial-intelligence-voice-495x400.jpg) bottom left no-repeat scroll #f8f8f8; vertical-align:middle; padding:200px 0px 200px 0px ; background-color:#f8f8f8; ' ><div class='flex_cell_inner' ><\/div><\/div>\n<\/div><div id='after_submenu_1'  class='main_color av_default_container_wrap container_wrap sidebar_right' style=' '  ><div class='container' ><div class='template-page content  av-content-small alpha units'><div class='post-entry post-entry-type-page post-entry-5979'><div class='entry-content-wrapper clearfix'>\n<div  style='padding-bottom:20px; color:#000000;' class='av-special-heading av-special-heading-h2 custom-color-heading   avia-builder-el-14  el_after_av_layout_row  el_before_av_layout_row  avia-builder-el-no-sibling  '><h2 class='av-special-heading-tag '  itemprop=\"headline\"  >TTS multilingue : notre processus de cr\u00e9ation de voix artificielles enregistr\u00e9es avec l\u2019ai<\/h2><div class='special-heading-border'><div class='special-heading-inner-border' style='border-color:#000000'><\/div><\/div><\/div>\n<\/div><\/div><\/div><!-- close content main div --><\/div><\/div><div id='av-layout-grid-2'  class='av-layout-grid-container entry-content-wrapper main_color av-flex-cells     avia-builder-el-15  el_after_av_heading  el_before_av_layout_row  submenu-not-first container_wrap sidebar_right' style=' '  >\n<div class=\"flex_cell no_margin av_one_third  avia-builder-el-16  el_before_av_cell_one_third  avia-builder-el-first   \"  style='vertical-align:top; padding:50px; background-color:#f8f8f8; ' ><div class='flex_cell_inner' ><p><span  class=\"av_font_icon avia_animate_when_visible avia-icon-animate  av-icon-style-border  avia-icon-pos-center \" style=\"color:#ff1f53; border-color:#ff1f53;\"><span class='av-icon-char' style='font-size:60px;line-height:60px;width:60px;' aria-hidden='true' data-av_icon='\ue80e' data-av_iconfont='entypo-fontello' ><\/span><span class='av_icon_caption av-special-font'>1. Traduction<\/span><\/span><br \/>\n<div  style='height:10px' class='hr hr-invisible   avia-builder-el-18  el_after_av_font_icon  el_before_av_textblock '><span class='hr-inner ' ><span class='hr-inner-style'><\/span><\/span><\/div><br \/>\n<section class=\"av_textblock_section \"  itemscope=\"itemscope\" itemtype=\"https:\/\/schema.org\/CreativeWork\" ><div class='avia_textblock  '   itemprop=\"text\" ><p>Si n\u00e9cessaire, nos traducteurs experts traduisent et adaptent les textes sources, en respectant les contraintes techniques, telles que la synchronisation.<\/p>\n<\/div><\/section><\/p>\n<\/div><\/div><div class=\"flex_cell no_margin av_one_third  avia-builder-el-20  el_after_av_cell_one_third  el_before_av_cell_one_third   \"  style='vertical-align:top; padding:50px; background-color:#efefef; ' ><div class='flex_cell_inner' ><p><span  class=\"av_font_icon avia_animate_when_visible avia-icon-animate  av-icon-style-border  avia-icon-pos-center \" style=\"color:#ff1f53; border-color:#ff1f53;\"><span class='av-icon-char' style='font-size:60px;line-height:60px;width:60px;' aria-hidden='true' data-av_icon='\ue85e' data-av_iconfont='entypo-fontello' ><\/span><span class='av_icon_caption av-special-font'>2. Enregistrement TTS<\/span><\/span><br \/>\n<div  style='height:10px' class='hr hr-invisible   avia-builder-el-22  el_after_av_font_icon  el_before_av_textblock '><span class='hr-inner ' ><span class='hr-inner-style'><\/span><\/span><\/div><br \/>\n<section class=\"av_textblock_section \"  itemscope=\"itemscope\" itemtype=\"https:\/\/schema.org\/CreativeWork\" ><div class='avia_textblock  '   itemprop=\"text\" ><p>Nous produisons ensuite le fichier TTS avec un timing pr\u00e9cis si n\u00e9cessaire, dans la langue de votre choix. Une musique de fond peut \u00e9galement \u00eatre ajout\u00e9e \u00e0 ce stade. Nous pouvons \u00e9galement r\u00e9aliser des enregistrements \u00e0 plusieurs voix.<\/p>\n<\/div><\/section><\/p>\n<\/div><\/div><div class=\"flex_cell no_margin av_one_third  avia-builder-el-24  el_after_av_cell_one_third  avia-builder-el-last   \"  style='vertical-align:top; padding:30px; ' ><div class='flex_cell_inner' ><p><span  class=\"av_font_icon avia_animate_when_visible avia-icon-animate  av-icon-style-border  avia-icon-pos-center \" style=\"color:#ff1f53; border-color:#ff1f53;\"><span class='av-icon-char' style='font-size:60px;line-height:60px;width:60px;' aria-hidden='true' data-av_icon='\ue862' data-av_iconfont='entypo-fontello' ><\/span><span class='av_icon_caption av-special-font'>3. Livraison<\/span><\/span><br \/>\n<div  style='height:10px' class='hr hr-invisible   avia-builder-el-26  el_after_av_font_icon  el_before_av_textblock '><span class='hr-inner ' ><span class='hr-inner-style'><\/span><\/span><\/div><br \/>\n<section class=\"av_textblock_section \"  itemscope=\"itemscope\" itemtype=\"https:\/\/schema.org\/CreativeWork\" ><div class='avia_textblock  '   itemprop=\"text\" ><p>G\u00e9n\u00e9ralement, nous livrons le fichier audio final\u00a0 audio via dropbox ou, si n\u00e9cessaire, via un FTP s\u00e9curis\u00e9.<\/p>\n<\/div><\/section><\/p>\n<\/div><\/div>\n<\/div>\n<div id='av-layout-grid-3'  class='av-layout-grid-container entry-content-wrapper main_color av-flex-cells     avia-builder-el-28  el_after_av_layout_row  el_before_av_section  submenu-not-first container_wrap sidebar_right' style=' '  >\n<div class=\"flex_cell no_margin av_one_half  avia-builder-el-29  el_before_av_cell_one_half  avia-builder-el-first   \"  style='vertical-align:top; padding:50px; background-color:#efefef; ' ><div class='flex_cell_inner' ><section class=\"av_textblock_section \"  itemscope=\"itemscope\" itemtype=\"https:\/\/schema.org\/CreativeWork\" ><div class='avia_textblock  '   itemprop=\"text\" ><h2>Pour quelles utilisations ?<\/h2>\n<\/div><\/section><br \/>\n<div  style='height:10px' class='hr hr-invisible   avia-builder-el-31  el_after_av_textblock  el_before_av_textblock '><span class='hr-inner ' ><span class='hr-inner-style'><\/span><\/span><\/div><br \/>\n<section class=\"av_textblock_section \"  itemscope=\"itemscope\" itemtype=\"https:\/\/schema.org\/CreativeWork\" ><div class='avia_textblock  '   itemprop=\"text\" ><ul>\n<li>Vid\u00e9os de formation et cours en ligne (MOOC)<\/li>\n<li>Vid\u00e9os de marketing<\/li>\n<li>Communication d&rsquo;entreprise<\/li>\n<li>Documentaires<\/li>\n<li>Agences de news<\/li>\n<li>Podcasts<\/li>\n<li>Serveurs vocaux<\/li>\n<li>Webinaires<\/li>\n<li>Vid\u00e9os pour les r\u00e9seaux sociaux<\/li>\n<li>Tutoriels et pr\u00e9sentations de produits<\/li>\n<li>Interviews<\/li>\n<li>Vid\u00e9os de communication interne<br \/>\n&#8230;.<\/li>\n<\/ul>\n<\/div><\/section><\/p>\n<\/div><\/div><div class=\"flex_cell no_margin av_one_half  avia-builder-el-33  el_after_av_cell_one_half  avia-builder-el-last   \"  style='vertical-align:top; padding:50px; background-color:#f9f9f9; ' ><div class='flex_cell_inner' ><p><div  style='padding-bottom:15px; color:#000000;' class='av-special-heading av-special-heading-h2 custom-color-heading   avia-builder-el-34  el_before_av_textblock  avia-builder-el-first  '><h2 class='av-special-heading-tag '  itemprop=\"headline\"  >Des services de TTS \/ voix audio de synth\u00e8se dans de multiples langues<\/h2><div class='special-heading-border'><div class='special-heading-inner-border' style='border-color:#000000'><\/div><\/div><\/div><br \/>\n<section class=\"av_textblock_section \"  itemscope=\"itemscope\" itemtype=\"https:\/\/schema.org\/CreativeWork\" ><div class='avia_textblock  '   itemprop=\"text\" ><p>Services de synth\u00e8se vocale TTS en arabe<br \/>\nServices de synth\u00e8se vocale TTS en chinois simplifi\u00e9<br \/>\nServices de synth\u00e8se vocale TTS en danois<br \/>\nServices de synth\u00e8se vocale TTS en n\u00e9erlandais<br \/>\nServices de synth\u00e8se vocale TTS en anglais<br \/>\nServices de synth\u00e8se vocale TTS en finnois<br \/>\nServices de synth\u00e8se vocale TTS en fran\u00e7ais<br \/>\nServices de synth\u00e8se vocale TTS en allemand<br \/>\nServices de synth\u00e8se vocale TTS en grec<br \/>\nServices de synth\u00e8se vocale TTS en hongrois<br \/>\nServices de synth\u00e8se vocale TTS en italien<br \/>\nServices de synth\u00e8se vocale TTS en japonais<br \/>\nServices de synth\u00e8se vocale TTS en cor\u00e9en<br \/>\nServices de synth\u00e8se vocale TTS en norv\u00e9gien<br \/>\nServices de synth\u00e8se vocale TTS en polonais<br \/>\nServices de synth\u00e8se vocale TTS en portugais pour le Br\u00e9sil<br \/>\nServices de synth\u00e8se vocale TTS en portugais pour le Portugal<br \/>\nServices de synth\u00e8se vocale TTS en russe<br \/>\nServices de synth\u00e8se vocale TTS en espagnol pour l&rsquo;Europe<br \/>\nServices de synth\u00e8se vocale TTS en espagnol pour l&rsquo;Am\u00e9rique latine<br \/>\nServices de synth\u00e8se vocale TTS en su\u00e9dois<\/p>\n<\/div><\/section><\/p>\n<\/div><\/div>\n<\/div>\n<div id='my_section'  class='avia-section main_color avia-section-no-padding avia-no-shadow  avia-bg-style-scroll  avia-builder-el-36  el_after_av_layout_row  el_before_av_textblock   container_wrap sidebar_right' style='background-color: #e72b2b;  '  ><div class='container' ><div class='template-page content  av-content-small alpha units'><div class='post-entry post-entry-type-page post-entry-5979'><div class='entry-content-wrapper clearfix'><\/div><\/div><\/div><!-- close content main div --><\/div><\/div><div id='after_section_2'  class='main_color av_default_container_wrap container_wrap sidebar_right' style=' '  ><div class='container' ><div class='template-page content  av-content-small alpha units'><div class='post-entry post-entry-type-page post-entry-5979'><div class='entry-content-wrapper clearfix'>\n<section class=\"av_textblock_section \"  itemscope=\"itemscope\" itemtype=\"https:\/\/schema.org\/CreativeWork\" ><div class='avia_textblock  '   itemprop=\"text\" ><h2 id=\"section2\">Demandez un devis<\/h2>\n<\/div><\/section>\n\n<\/div><\/div><\/div><!-- close content main div --><\/div><\/div><div id='my_section'  class='avia-section main_color avia-section-no-padding avia-no-shadow  avia-bg-style-scroll  avia-builder-el-39  el_after_av_codeblock  avia-builder-el-last   container_wrap sidebar_right' style='background-color: #e72b2b;  '  ><div class='container' ><div class='template-page content  av-content-small alpha units'><div class='post-entry post-entry-type-page post-entry-5979'><div class='entry-content-wrapper clearfix'><\/div><\/div><\/div><!-- close content main div --><\/div><\/div><div id='after_section_3'  class='main_color av_default_container_wrap container_wrap sidebar_right' style=' '  ><div class='container' ><div class='template-page content  av-content-small alpha units'><div class='post-entry post-entry-type-page post-entry-5979'><div class='entry-content-wrapper clearfix'>\n","protected":false},"excerpt":{"rendered":"","protected":false},"author":1,"featured_media":0,"parent":0,"menu_order":0,"comment_status":"closed","ping_status":"closed","template":"","meta":{"footnotes":""},"yoast_head":"<!-- This site is optimized with the Yoast SEO plugin v23.5 - https:\/\/yoast.com\/wordpress\/plugins\/seo\/ -->\n<title>Voix synth\u00e9tiques Text To Speech TTS \/ Voix de synth\u00e8se multilingues TTS - LenseUp<\/title>\n<meta name=\"description\" content=\"LenseUp utilise des solutions d&#039;intelligence artificielle de pointe pour produire des voix \u00e0 la sonorit\u00e9 naturelle dans de nombreuses langues.\" \/>\n<meta name=\"robots\" content=\"index, follow, max-snippet:-1, max-image-preview:large, max-video-preview:-1\" \/>\n<link rel=\"canonical\" href=\"https:\/\/www.lenseup.com\/fr\/technologie-text-to-speech-multilingue\/\" \/>\n<meta property=\"og:locale\" content=\"fr_FR\" \/>\n<meta property=\"og:type\" content=\"article\" \/>\n<meta property=\"og:title\" content=\"Voix synth\u00e9tiques Text To Speech TTS \/ Voix de synth\u00e8se multilingues TTS - LenseUp\" \/>\n<meta property=\"og:description\" content=\"LenseUp utilise des solutions d&#039;intelligence artificielle de pointe pour produire des voix \u00e0 la sonorit\u00e9 naturelle dans de nombreuses langues.\" \/>\n<meta property=\"og:url\" content=\"https:\/\/www.lenseup.com\/fr\/technologie-text-to-speech-multilingue\/\" \/>\n<meta property=\"og:site_name\" content=\"LenseUp, solutions vid\u00e9o et audio multilingues. Audioguides, audiobooks, traductions audio et video\" \/>\n<meta property=\"article:modified_time\" content=\"2023-12-31T13:29:48+00:00\" \/>\n<meta name=\"twitter:card\" content=\"summary_large_image\" \/>\n<meta name=\"twitter:label1\" content=\"Dur\u00e9e de lecture estim\u00e9e\" \/>\n\t<meta name=\"twitter:data1\" content=\"15 minutes\" \/>\n<script type=\"application\/ld+json\" class=\"yoast-schema-graph\">{\"@context\":\"https:\/\/schema.org\",\"@graph\":[{\"@type\":\"WebPage\",\"@id\":\"https:\/\/www.lenseup.com\/fr\/technologie-text-to-speech-multilingue\/\",\"url\":\"https:\/\/www.lenseup.com\/fr\/technologie-text-to-speech-multilingue\/\",\"name\":\"Voix synth\u00e9tiques Text To Speech TTS \/ Voix de synth\u00e8se multilingues TTS - LenseUp\",\"isPartOf\":{\"@id\":\"https:\/\/www.lenseup.com\/fr\/#website\"},\"datePublished\":\"2020-11-09T07:28:20+00:00\",\"dateModified\":\"2023-12-31T13:29:48+00:00\",\"description\":\"LenseUp utilise des solutions d'intelligence artificielle de pointe pour produire des voix \u00e0 la sonorit\u00e9 naturelle dans de nombreuses langues.\",\"breadcrumb\":{\"@id\":\"https:\/\/www.lenseup.com\/fr\/technologie-text-to-speech-multilingue\/#breadcrumb\"},\"inLanguage\":\"fr-FR\",\"potentialAction\":[{\"@type\":\"ReadAction\",\"target\":[\"https:\/\/www.lenseup.com\/fr\/technologie-text-to-speech-multilingue\/\"]}]},{\"@type\":\"BreadcrumbList\",\"@id\":\"https:\/\/www.lenseup.com\/fr\/technologie-text-to-speech-multilingue\/#breadcrumb\",\"itemListElement\":[{\"@type\":\"ListItem\",\"position\":1,\"name\":\"Accueil\",\"item\":\"https:\/\/www.lenseup.com\/fr\/7440-2\/\"},{\"@type\":\"ListItem\",\"position\":2,\"name\":\"Text To Speech TTS \/ Voix de synth\u00e8se multilingues\"}]},{\"@type\":\"WebSite\",\"@id\":\"https:\/\/www.lenseup.com\/fr\/#website\",\"url\":\"https:\/\/www.lenseup.com\/fr\/\",\"name\":\"LenseUp, multilingual audio and video solutions\",\"description\":\"Traductions et contenus audio \/ video dans 30 langues.\",\"potentialAction\":[{\"@type\":\"SearchAction\",\"target\":{\"@type\":\"EntryPoint\",\"urlTemplate\":\"https:\/\/www.lenseup.com\/fr\/?s={search_term_string}\"},\"query-input\":{\"@type\":\"PropertyValueSpecification\",\"valueRequired\":true,\"valueName\":\"search_term_string\"}}],\"inLanguage\":\"fr-FR\"}]}<\/script>\n<!-- \/ Yoast SEO plugin. -->","yoast_head_json":{"title":"Voix synth\u00e9tiques Text To Speech TTS \/ Voix de synth\u00e8se multilingues TTS - LenseUp","description":"LenseUp utilise des solutions d'intelligence artificielle de pointe pour produire des voix \u00e0 la sonorit\u00e9 naturelle dans de nombreuses langues.","robots":{"index":"index","follow":"follow","max-snippet":"max-snippet:-1","max-image-preview":"max-image-preview:large","max-video-preview":"max-video-preview:-1"},"canonical":"https:\/\/www.lenseup.com\/fr\/technologie-text-to-speech-multilingue\/","og_locale":"fr_FR","og_type":"article","og_title":"Voix synth\u00e9tiques Text To Speech TTS \/ Voix de synth\u00e8se multilingues TTS - LenseUp","og_description":"LenseUp utilise des solutions d'intelligence artificielle de pointe pour produire des voix \u00e0 la sonorit\u00e9 naturelle dans de nombreuses langues.","og_url":"https:\/\/www.lenseup.com\/fr\/technologie-text-to-speech-multilingue\/","og_site_name":"LenseUp, solutions vid\u00e9o et audio multilingues. Audioguides, audiobooks, traductions audio et video","article_modified_time":"2023-12-31T13:29:48+00:00","twitter_card":"summary_large_image","twitter_misc":{"Dur\u00e9e de lecture estim\u00e9e":"15 minutes"},"schema":{"@context":"https:\/\/schema.org","@graph":[{"@type":"WebPage","@id":"https:\/\/www.lenseup.com\/fr\/technologie-text-to-speech-multilingue\/","url":"https:\/\/www.lenseup.com\/fr\/technologie-text-to-speech-multilingue\/","name":"Voix synth\u00e9tiques Text To Speech TTS \/ Voix de synth\u00e8se multilingues TTS - LenseUp","isPartOf":{"@id":"https:\/\/www.lenseup.com\/fr\/#website"},"datePublished":"2020-11-09T07:28:20+00:00","dateModified":"2023-12-31T13:29:48+00:00","description":"LenseUp utilise des solutions d'intelligence artificielle de pointe pour produire des voix \u00e0 la sonorit\u00e9 naturelle dans de nombreuses langues.","breadcrumb":{"@id":"https:\/\/www.lenseup.com\/fr\/technologie-text-to-speech-multilingue\/#breadcrumb"},"inLanguage":"fr-FR","potentialAction":[{"@type":"ReadAction","target":["https:\/\/www.lenseup.com\/fr\/technologie-text-to-speech-multilingue\/"]}]},{"@type":"BreadcrumbList","@id":"https:\/\/www.lenseup.com\/fr\/technologie-text-to-speech-multilingue\/#breadcrumb","itemListElement":[{"@type":"ListItem","position":1,"name":"Accueil","item":"https:\/\/www.lenseup.com\/fr\/7440-2\/"},{"@type":"ListItem","position":2,"name":"Text To Speech TTS \/ Voix de synth\u00e8se multilingues"}]},{"@type":"WebSite","@id":"https:\/\/www.lenseup.com\/fr\/#website","url":"https:\/\/www.lenseup.com\/fr\/","name":"LenseUp, multilingual audio and video solutions","description":"Traductions et contenus audio \/ video dans 30 langues.","potentialAction":[{"@type":"SearchAction","target":{"@type":"EntryPoint","urlTemplate":"https:\/\/www.lenseup.com\/fr\/?s={search_term_string}"},"query-input":{"@type":"PropertyValueSpecification","valueRequired":true,"valueName":"search_term_string"}}],"inLanguage":"fr-FR"}]}},"_links":{"self":[{"href":"https:\/\/www.lenseup.com\/fr\/wp-json\/wp\/v2\/pages\/5979"}],"collection":[{"href":"https:\/\/www.lenseup.com\/fr\/wp-json\/wp\/v2\/pages"}],"about":[{"href":"https:\/\/www.lenseup.com\/fr\/wp-json\/wp\/v2\/types\/page"}],"author":[{"embeddable":true,"href":"https:\/\/www.lenseup.com\/fr\/wp-json\/wp\/v2\/users\/1"}],"replies":[{"embeddable":true,"href":"https:\/\/www.lenseup.com\/fr\/wp-json\/wp\/v2\/comments?post=5979"}],"version-history":[{"count":22,"href":"https:\/\/www.lenseup.com\/fr\/wp-json\/wp\/v2\/pages\/5979\/revisions"}],"predecessor-version":[{"id":14701,"href":"https:\/\/www.lenseup.com\/fr\/wp-json\/wp\/v2\/pages\/5979\/revisions\/14701"}],"wp:attachment":[{"href":"https:\/\/www.lenseup.com\/fr\/wp-json\/wp\/v2\/media?parent=5979"}],"curies":[{"name":"wp","href":"https:\/\/api.w.org\/{rel}","templated":true}]}}