{"id":7098,"date":"2021-09-10T09:38:58","date_gmt":"2021-09-10T07:38:58","guid":{"rendered":"https:\/\/www.lenseup.com\/traduction-multimedia\/services-de-traduction-audio-video-et-podcasts-en-danois\/"},"modified":"2024-01-02T09:49:27","modified_gmt":"2024-01-02T08:49:27","slug":"services-de-traduction-audio-video-et-podcasts-en-danois","status":"publish","type":"page","link":"https:\/\/www.lenseup.com\/fr\/traduction-multimedia\/services-de-traduction-audio-video-et-podcasts-en-danois\/","title":{"rendered":"Services de traduction audio, vid\u00e9o et podcasts en danois"},"content":{"rendered":"<div id='av_section_2'  class='avia-section main_color avia-section-default avia-no-shadow  avia-bg-style-scroll  avia-builder-el-0  el_before_av_layout_row  avia-builder-el-first   container_wrap sidebar_right' style='background-color: #f2f2f2;  '  ><div class='container' ><main  role=\"main\" itemprop=\"mainContentOfPage\"  class='template-page content  av-content-small alpha units'><div class='post-entry post-entry-type-page post-entry-7098'><div class='entry-content-wrapper clearfix'>\n<div  style='padding-bottom:0px; color:#ffffff;font-size:40px;' class='av-special-heading av-special-heading-h1 custom-color-heading blockquote modern-quote  avia-builder-el-1  avia-builder-el-no-sibling  av-inherit-size '><h1 class='av-special-heading-tag '  itemprop=\"headline\"  >Services de traduction audio, vid\u00e9o et podcasts en danois<\/h1><div class='special-heading-border'><div class='special-heading-inner-border' style='border-color:#ffffff'><\/div><\/div><\/div>\n\n<\/div><\/div><\/main><!-- close content main element --><\/div><\/div><div id='av-layout-grid-1'  class='av-layout-grid-container entry-content-wrapper main_color av-flex-cells   av-small-hide av-mini-hide   avia-builder-el-2  el_after_av_section  el_before_av_one_full  submenu-not-first container_wrap sidebar_right' style=' '  >\n<div class=\"flex_cell no_margin av_one_third  avia-builder-el-3  el_before_av_cell_one_third  avia-builder-el-first   \"  style='vertical-align:top; padding:50px; ' ><div class='flex_cell_inner' ><p><span  class=\"av_font_icon avia_animate_when_visible avia-icon-animate  av-icon-style-  avia-icon-pos-center \" style=\"color:#ff1f53; border-color:#ff1f53;\"><span class='av-icon-char' style='font-size:60px;line-height:60px;' aria-hidden='true' data-av_icon='\ue864' data-av_iconfont='entypo-fontello' ><\/span><\/span><br \/>\n<div  style='height:10px' class='hr hr-invisible   avia-builder-el-5  el_after_av_font_icon  el_before_av_animated_numbers '><span class='hr-inner ' ><span class='hr-inner-style'><\/span><\/span><\/div><br \/>\n<div  class=\"avia-animated-number av-force-default-color  avia-color-  avia-builder-el-6  el_after_av_hr  avia-builder-el-last  avia_animate_when_visible\"  data-timer=\"3000\"><strong class=\"heading avia-animated-number-title\" style='font-size:48px;'><span class=\"avia-single-number __av-single-number\" data-number_format=\"\" data-number=\"7\" data-start_from=\"0\">7<\/span><\/strong><div class='avia-animated-number-content' style='font-size:19px;'><p>Le PIB par habitant du Danemark est le 7e au monde.<\/p>\n<\/div><\/div><\/p>\n<\/div><\/div><div class=\"flex_cell no_margin av_one_third  avia-builder-el-7  el_after_av_cell_one_third  el_before_av_cell_one_third   \"  style='vertical-align:top; padding:50px; background-color:#fbfbfb; ' ><div class='flex_cell_inner' ><p><span  class=\"av_font_icon avia_animate_when_visible avia-icon-animate  av-icon-style-  avia-icon-pos-center \" style=\"color:#ff1f53; border-color:#ff1f53;\"><span class='av-icon-char' style='font-size:60px;line-height:60px;' aria-hidden='true' data-av_icon='\ue8b1' data-av_iconfont='entypo-fontello' ><\/span><\/span><br \/>\n<div  style='height:10px' class='hr hr-invisible   avia-builder-el-9  el_after_av_font_icon  el_before_av_animated_numbers '><span class='hr-inner ' ><span class='hr-inner-style'><\/span><\/span><\/div><br \/>\n<div  class=\"avia-animated-number av-force-default-color  avia-color-  avia-builder-el-10  el_after_av_hr  avia-builder-el-last  avia_animate_when_visible\"  data-timer=\"3000\"><strong class=\"heading avia-animated-number-title\" style='font-size:48px;'><span class=\"avia-single-number __av-single-number\" data-number_format=\"\" data-number=\"5\" data-start_from=\"0\">5<\/span><span class=\"avia-no-number\">.<\/span><span class=\"avia-single-number __av-single-number\" data-number_format=\"\" data-number=\"5\" data-start_from=\"0\">5<\/span><span class=\"avia-no-number\"> M<\/span><\/strong><div class='avia-animated-number-content' style='font-size:19px;'><p>Il y a 5.5 millions de personnes parlant le danois dans le monde.<\/p>\n<\/div><\/div><\/p>\n<\/div><\/div><div class=\"flex_cell no_margin av_one_third  avia-builder-el-11  el_after_av_cell_one_third  avia-builder-el-last   \"  style='vertical-align:top; padding:50px; background-color:#f8f8f8; ' ><div class='flex_cell_inner' ><p><span  class=\"av_font_icon avia_animate_when_visible avia-icon-animate  av-icon-style-  avia-icon-pos-center \" style=\"color:#ff1f53; border-color:#ff1f53;\"><span class='av-icon-char' style='font-size:60px;line-height:60px;' aria-hidden='true' data-av_icon='\ue82a' data-av_iconfont='entypo-fontello' ><\/span><\/span><br \/>\n<div  style='height:10px' class='hr hr-invisible   avia-builder-el-13  el_after_av_font_icon  el_before_av_animated_numbers '><span class='hr-inner ' ><span class='hr-inner-style'><\/span><\/span><\/div><br \/>\n<div  class=\"avia-animated-number av-force-default-color  avia-color-  avia-builder-el-14  el_after_av_hr  avia-builder-el-last  avia_animate_when_visible\"  data-timer=\"3000\"><strong class=\"heading avia-animated-number-title\" style='font-size:48px;'><span class=\"avia-single-number __av-single-number\" data-number_format=\"\" data-number=\"3\" data-start_from=\"0\">3<\/span><span class=\"avia-no-number\">.<\/span><span class=\"avia-single-number __av-single-number\" data-number_format=\"\" data-number=\"600\" data-start_from=\"0\">600<\/span><span class=\"avia-no-number\"> US$<\/span><\/strong><div class='avia-animated-number-content' style='font-size:19px;'><p>Le salaire moyen au Danemark est de 3.600 US$.<\/p>\n<\/div><\/div><\/p>\n<\/div><\/div>\n<\/div><div id='after_submenu_1'  class='main_color av_default_container_wrap container_wrap sidebar_right' style=' '  ><div class='container' ><div class='template-page content  av-content-small alpha units'><div class='post-entry post-entry-type-page post-entry-7098'><div class='entry-content-wrapper clearfix'>\n<div class=\"flex_column av_one_full  av-hide-on-mobile  flex_column_div av-zero-column-padding first  avia-builder-el-15  el_after_av_layout_row  el_before_av_one_full  avia-builder-el-first  \" style='border-radius:0px; '><div   class='av_promobox  avia-button-no   avia-builder-el-16  avia-builder-el-no-sibling '>\t\t<div class='avia-promocontent'><\/p>\n<blockquote>\n<p>\u00a0Si vous cherchez \u00e0 toucher une audience au Danemark, LenseUp est l&rsquo;agence qu&rsquo;il vous faut Nous traduisons en danois rapidement et \u00e0 un prix comp\u00e9titif, afin de cr\u00e9er une vid\u00e9o, un fichier audio ou un podcast plus attrayant.<\/p>\n<\/blockquote>\n<p>\n<\/div><\/div><\/div>\n<div class=\"flex_column av_one_full  flex_column_div av-zero-column-padding first  avia-builder-el-17  el_after_av_one_full  el_before_av_layout_row  avia-builder-el-last  column-top-margin\" style='border-radius:0px; '><section class=\"av_textblock_section \"  itemscope=\"itemscope\" itemtype=\"https:\/\/schema.org\/CreativeWork\" ><div class='avia_textblock  '   itemprop=\"text\" ><h2>Traduction de fichiers audio, vid\u00e9o et de podcasts en danois.<\/h2>\n<p>\u00c0 l&rsquo;heure o\u00f9 l&rsquo;audio ou la video sont omnipr\u00e9sents, la n\u00e9cessit\u00e9 de toucher le public danois dans sa propre langue est devenue encore plus importante que jamais. LenseUp est une agence de traduction disposant d&rsquo;une grande exp\u00e9rience dans le domaine de la traduction audiovisuelle, les voix-off, les sous-titres, les transcriptions, etc.<\/p>\n<\/div><\/section><\/div>\n<\/div><\/div><\/div><!-- close content main div --><\/div><\/div><div id='best-rated'  class='av-layout-grid-container entry-content-wrapper main_color av-flex-cells     avia-builder-el-19  el_after_av_one_full  el_before_av_one_half  submenu-not-first container_wrap sidebar_right' style=' '  >\n<div class=\"flex_cell no_margin av_one_half  avia-builder-el-20  el_before_av_cell_one_half  avia-builder-el-first   \"  style='vertical-align:middle; padding:50px 80px 50px 6% ; background-color:#f8f8f8; ' ><div class='flex_cell_inner' ><p><div  style='height:42px' class='hr hr-invisible   avia-builder-el-21  el_before_av_textblock  avia-builder-el-first '><span class='hr-inner ' ><span class='hr-inner-style'><\/span><\/span><\/div><br \/>\n<section class=\"av_textblock_section \"  itemscope=\"itemscope\" itemtype=\"https:\/\/schema.org\/CreativeWork\" ><div class='avia_textblock  '   itemprop=\"text\" ><h3>Traductions audiovisuelles en danois<\/h3>\n<h3>Voix off en danois<\/h3>\n<p>Parfois, le processus de localisation est tr\u00e8s co\u00fbteux et prend beaucoup de temps. Chez LenseUp, nous avons adopt\u00e9 une approche novatrice en mati\u00e8re de voix-off et nous travaillerons avec votre entreprise pour garantir des voix off de qualit\u00e9, pour votre contenu multim\u00e9dia en danois.<\/p>\n<h3>Sous-titrage en danois<\/h3>\n<p>Vous avez une vid\u00e9o qui doit \u00eatre traduite dans une autre langue? Contactez LenseUp. Notre \u00e9quipe de professionnels natifs veillera \u00e0 ce que le message original soit traduit avec pr\u00e9cision.<\/p>\n<h3>Fichiers audio et podcasting<\/h3>\n<p>LenseUp garantit un haut niveau de qualit\u00e9 pour vos podcasts et fichiers audio traduits en danois.<\/p>\n<h3>R\u00e9f\u00e9rencement vid\u00e9o et audio<\/h3>\n<p>L&rsquo;optimisation du contenu vid\u00e9o et audio facilitera l&rsquo;indexation de votre site par les moteurs de recherche. Gr\u00e2ce \u00e0 l&rsquo;optimisation et au r\u00e9f\u00e9rencement, vos vid\u00e9os et podcasts appara\u00eetront dans les r\u00e9sultats de recherche de Google en danois.<\/p>\n<\/div><\/section><br \/>\n<div  class='avia-button-wrap avia-button-left  avia-builder-el-23  el_after_av_textblock  avia-builder-el-last ' ><a href='#section2'  class='avia-button av-icon-on-hover avia-color-theme-color   avia-icon_select-yes-left-icon avia-size-large avia-position-left '   ><span class='avia_button_icon avia_button_icon_left ' aria-hidden='true' data-av_icon='\ue859' data-av_iconfont='entypo-fontello'><\/span><span class='avia_iconbox_title' >Demandez un devis<\/span><\/a><\/div><\/p>\n<\/div><\/div><div class=\"flex_cell no_margin av_one_half  avia-builder-el-24  el_after_av_cell_one_half  avia-builder-el-last   avia-full-stretch \"  style='background:url(https:\/\/www.lenseup.com\/wp-content\/uploads\/2021\/02\/danish-audio-video-translation-495x400.jpg) center center no-repeat scroll #f8f8f8; vertical-align:bottom; padding:200px 0px 200px 0px ; background-color:#f8f8f8; ' ><div class='flex_cell_inner' ><\/div><\/div>\n<\/div><div id='after_submenu_2'  class='main_color av_default_container_wrap container_wrap sidebar_right' style=' '  ><div class='container' ><div class='template-page content  av-content-small alpha units'><div class='post-entry post-entry-type-page post-entry-7098'><div class='entry-content-wrapper clearfix'>\n<div class=\"flex_column av_one_half  flex_column_div av-zero-column-padding first  avia-builder-el-25  el_after_av_layout_row  el_before_av_one_half  avia-builder-el-first  \" style='border-radius:0px; '><section class=\"av_textblock_section \"  itemscope=\"itemscope\" itemtype=\"https:\/\/schema.org\/CreativeWork\" ><div class='avia_textblock  '   itemprop=\"text\" ><h2>Domaines de traduction<\/h2>\n<p>E-Learning<br \/>\nRetail<br \/>\nR\u00e9seaux sociaux<br \/>\nVideos explicatives<br \/>\nPodcasts<br \/>\nGuides audio<br \/>\nJeux vid\u00e9o<br \/>\nNews et actualit\u00e9s&#8230;.<\/p>\n<\/div><\/section><\/div>\n<div class=\"flex_column av_one_half  av-hide-on-mobile  flex_column_div av-zero-column-padding   avia-builder-el-27  el_after_av_one_half  el_before_av_section  avia-builder-el-last  \" style='border-radius:0px; '><section class=\"av_textblock_section \"  itemscope=\"itemscope\" itemtype=\"https:\/\/schema.org\/CreativeWork\" ><div class='avia_textblock  '   itemprop=\"text\" ><h2>La langue danoise<\/h2>\n<p>La langue danoise est une langue germanique du nord.<br \/>\nElle est parl\u00e9e par environ 6 millions de personnes.<br \/>\nLa langue danoise est tr\u00e8s similaire au su\u00e9dois et au norv\u00e9gien.<br \/>\nLes mots danois sont g\u00e9n\u00e9ralement plus courts que les mots anglais.<br \/>\nEn danois, comme en allemand, vous pouvez faire des mots longs en ajoutant des mots entre eux.<\/p>\n<\/div><\/section><br \/>\n<div  style='height:20px' class='hr hr-invisible   avia-builder-el-29  el_after_av_textblock  avia-builder-el-last '><span class='hr-inner ' ><span class='hr-inner-style'><\/span><\/span><\/div><\/p><\/div>\n<\/div><\/div><\/div><!-- close content main div --><\/div><\/div><div id='my_section'  class='avia-section main_color avia-section-no-padding avia-no-shadow  avia-bg-style-scroll  avia-builder-el-30  el_after_av_one_half  el_before_av_one_full   container_wrap sidebar_right' style='background-color: #e72b2b;  '  ><div class='container' ><div class='template-page content  av-content-small alpha units'><div class='post-entry post-entry-type-page post-entry-7098'><div class='entry-content-wrapper clearfix'><\/div><\/div><\/div><!-- close content main div --><\/div><\/div><div id='after_section_2'  class='main_color av_default_container_wrap container_wrap sidebar_right' style=' '  ><div class='container' ><div class='template-page content  av-content-small alpha units'><div class='post-entry post-entry-type-page post-entry-7098'><div class='entry-content-wrapper clearfix'>\n<div class=\"flex_column av_one_full  flex_column_div av-zero-column-padding first  avia-builder-el-31  el_after_av_section  el_before_av_section  avia-builder-el-no-sibling  \" style='border-radius:0px; '><section class=\"av_textblock_section \"  itemscope=\"itemscope\" itemtype=\"https:\/\/schema.org\/CreativeWork\" ><div class='avia_textblock  '   itemprop=\"text\" ><h2>Traduction de fichiers vid\u00e9o et audio en danois : comment \u00e7a marche ?<\/h2>\n<\/div><\/section><br \/>\n<section class=\"av_textblock_section \"  itemscope=\"itemscope\" itemtype=\"https:\/\/schema.org\/CreativeWork\" ><div class='avia_textblock  '   itemprop=\"text\" ><p>Un responsable de compte d\u00e9di\u00e9 prendra contact avec vous pour discuter du projet avec vous. Une fois confirm\u00e9, nous commencerons imm\u00e9diatement la traduction de vos fichiers audio ou vid\u00e9o en danois.<\/p>\n<p><strong>1. Analyse du fichier vid\u00e9o ou audio dans la langue source.<\/strong><br \/>\nNous \u00e9valuons sa ongueur, nombre de mots, secteur d&rsquo;activit\u00e9&#8230; et vous ferons parvenir un devis pour la traduction en danois<br \/>\n<strong>2. Transcription<\/strong><br \/>\nLa transcription du fichier audio ou vid\u00e9o est automatiquement cr\u00e9\u00e9e \u00e0 l&rsquo;aide d&rsquo;une technologie de reconnaissance vocale. La transcription du fichier multimedia est ensuite v\u00e9rifi\u00e9e par un traducteur professionnel natif.<br \/>\n<strong>3. Processus de traduction<\/strong><br \/>\nNos traducteurs experts traduisent et adaptent des textes en danois, en respectant les contraintes techniques, telles que la synchronisation&#8230;<br \/>\n<strong>4. Voix off et enregistrement audio en danois<\/strong><br \/>\nNous enregistrerons la voix off en fonction d&rsquo;un timing sp\u00e9cifique, pour correspondre \u00e0 la vid\u00e9o originale, ou au fichier audio. De la musique de fond peut \u00e9galement \u00eatre ajout\u00e9e \u00e0 ce stade.<br \/>\n<strong>5. Si n\u00e9cessaire, sous-titrage<\/strong><br \/>\nNous int\u00e9grons les sous-titres en danois avec un timing pr\u00e9cis pour correspondre \u00e0 la vid\u00e9o originale. Le r\u00e9sultat est un audio de haute qualit\u00e9 pour toucher votre public danoiss.<br \/>\n<strong>6. Livraison<\/strong><br \/>\nG\u00e9n\u00e9ralement, nous livrons la vid\u00e9o finale avec des sous-titres en voix off ou le fichier audio via dropbox ou, si n\u00e9cessaire, via un FTP s\u00e9curis\u00e9. Nous pouvons \u00e9galement t\u00e9l\u00e9charger et publier vos fichiers audio \/ vid\u00e9o en danois sur Youtube ou sur votre plateforme de podcast. Enfin, nous sommes \u00e9galement en mesure de publier les fichiers audio vid\u00e9o \/ en polonais ainsi que la transcription du texte sur votre site web.<\/p>\n<\/div><\/section><\/p><\/div>\n<\/div><\/div><\/div><!-- close content main div --><\/div><\/div><div id='my_section'  class='avia-section main_color avia-section-no-padding avia-no-shadow  avia-bg-style-scroll  avia-builder-el-34  el_after_av_one_full  el_before_av_one_full   container_wrap sidebar_right' style='background-color: #e72b2b;  '  ><div class='container' ><div class='template-page content  av-content-small alpha units'><div class='post-entry post-entry-type-page post-entry-7098'><div class='entry-content-wrapper clearfix'><\/div><\/div><\/div><!-- close content main div --><\/div><\/div><div id='after_section_3'  class='main_color av_default_container_wrap container_wrap sidebar_right' style=' '  ><div class='container' ><div class='template-page content  av-content-small alpha units'><div class='post-entry post-entry-type-page post-entry-7098'><div class='entry-content-wrapper clearfix'>\n<div class=\"flex_column av_one_full  flex_column_div av-zero-column-padding first  avia-builder-el-35  el_after_av_section  avia-builder-el-no-sibling  \" style='border-radius:0px; '><section class=\"av_textblock_section \"  itemscope=\"itemscope\" itemtype=\"https:\/\/schema.org\/CreativeWork\" ><div class='avia_textblock  '   itemprop=\"text\" ><h2 id=\"section2\">Demandez un devis<\/h2>\n<\/div><\/section><br \/>\n<\/p><\/div>\n","protected":false},"excerpt":{"rendered":"","protected":false},"author":1,"featured_media":0,"parent":4989,"menu_order":0,"comment_status":"closed","ping_status":"closed","template":"","meta":{"footnotes":""},"yoast_head":"<!-- This site is optimized with the Yoast SEO plugin v23.5 - https:\/\/yoast.com\/wordpress\/plugins\/seo\/ -->\n<title>Services de traduction audio, vid\u00e9o et podcasts en danois<\/title>\n<meta name=\"description\" content=\"Nous traduisons les fichiers en danois rapidement et \u00e0 un prix comp\u00e9titif, et adaptons votre vid\u00e9o, fichier audio ou podcast pour le Danemark.\" \/>\n<meta name=\"robots\" content=\"index, follow, max-snippet:-1, max-image-preview:large, max-video-preview:-1\" \/>\n<link rel=\"canonical\" href=\"https:\/\/www.lenseup.com\/fr\/traduction-multimedia\/services-de-traduction-audio-video-et-podcasts-en-danois\/\" \/>\n<meta property=\"og:locale\" content=\"fr_FR\" \/>\n<meta property=\"og:type\" content=\"article\" \/>\n<meta property=\"og:title\" content=\"Services de traduction audio, vid\u00e9o et podcasts en danois\" \/>\n<meta property=\"og:description\" content=\"Nous traduisons les fichiers en danois rapidement et \u00e0 un prix comp\u00e9titif, et adaptons votre vid\u00e9o, fichier audio ou podcast pour le Danemark.\" \/>\n<meta property=\"og:url\" content=\"https:\/\/www.lenseup.com\/fr\/traduction-multimedia\/services-de-traduction-audio-video-et-podcasts-en-danois\/\" \/>\n<meta property=\"og:site_name\" content=\"LenseUp, solutions vid\u00e9o et audio multilingues. Audioguides, audiobooks, traductions audio et video\" \/>\n<meta property=\"article:modified_time\" content=\"2024-01-02T08:49:27+00:00\" \/>\n<meta name=\"twitter:card\" content=\"summary_large_image\" \/>\n<meta name=\"twitter:label1\" content=\"Dur\u00e9e de lecture estim\u00e9e\" \/>\n\t<meta name=\"twitter:data1\" content=\"15 minutes\" \/>\n<script type=\"application\/ld+json\" class=\"yoast-schema-graph\">{\"@context\":\"https:\/\/schema.org\",\"@graph\":[{\"@type\":\"WebPage\",\"@id\":\"https:\/\/www.lenseup.com\/fr\/traduction-multimedia\/services-de-traduction-audio-video-et-podcasts-en-danois\/\",\"url\":\"https:\/\/www.lenseup.com\/fr\/traduction-multimedia\/services-de-traduction-audio-video-et-podcasts-en-danois\/\",\"name\":\"Services de traduction audio, vid\u00e9o et podcasts en danois\",\"isPartOf\":{\"@id\":\"https:\/\/www.lenseup.com\/fr\/#website\"},\"datePublished\":\"2021-09-10T07:38:58+00:00\",\"dateModified\":\"2024-01-02T08:49:27+00:00\",\"description\":\"Nous traduisons les fichiers en danois rapidement et \u00e0 un prix comp\u00e9titif, et adaptons votre vid\u00e9o, fichier audio ou podcast pour le Danemark.\",\"breadcrumb\":{\"@id\":\"https:\/\/www.lenseup.com\/fr\/traduction-multimedia\/services-de-traduction-audio-video-et-podcasts-en-danois\/#breadcrumb\"},\"inLanguage\":\"fr-FR\",\"potentialAction\":[{\"@type\":\"ReadAction\",\"target\":[\"https:\/\/www.lenseup.com\/fr\/traduction-multimedia\/services-de-traduction-audio-video-et-podcasts-en-danois\/\"]}]},{\"@type\":\"BreadcrumbList\",\"@id\":\"https:\/\/www.lenseup.com\/fr\/traduction-multimedia\/services-de-traduction-audio-video-et-podcasts-en-danois\/#breadcrumb\",\"itemListElement\":[{\"@type\":\"ListItem\",\"position\":1,\"name\":\"Accueil\",\"item\":\"https:\/\/www.lenseup.com\/fr\/7440-2\/\"},{\"@type\":\"ListItem\",\"position\":2,\"name\":\"Agence de traduction multim\u00e9dia &#8211; vid\u00e9o et audio en 30 langues\",\"item\":\"https:\/\/www.lenseup.com\/fr\/traduction-multimedia\/\"},{\"@type\":\"ListItem\",\"position\":3,\"name\":\"Services de traduction audio, vid\u00e9o et podcasts en danois\"}]},{\"@type\":\"WebSite\",\"@id\":\"https:\/\/www.lenseup.com\/fr\/#website\",\"url\":\"https:\/\/www.lenseup.com\/fr\/\",\"name\":\"LenseUp, multilingual audio and video solutions\",\"description\":\"Traductions et contenus audio \/ video dans 30 langues.\",\"potentialAction\":[{\"@type\":\"SearchAction\",\"target\":{\"@type\":\"EntryPoint\",\"urlTemplate\":\"https:\/\/www.lenseup.com\/fr\/?s={search_term_string}\"},\"query-input\":{\"@type\":\"PropertyValueSpecification\",\"valueRequired\":true,\"valueName\":\"search_term_string\"}}],\"inLanguage\":\"fr-FR\"}]}<\/script>\n<!-- \/ Yoast SEO plugin. -->","yoast_head_json":{"title":"Services de traduction audio, vid\u00e9o et podcasts en danois","description":"Nous traduisons les fichiers en danois rapidement et \u00e0 un prix comp\u00e9titif, et adaptons votre vid\u00e9o, fichier audio ou podcast pour le Danemark.","robots":{"index":"index","follow":"follow","max-snippet":"max-snippet:-1","max-image-preview":"max-image-preview:large","max-video-preview":"max-video-preview:-1"},"canonical":"https:\/\/www.lenseup.com\/fr\/traduction-multimedia\/services-de-traduction-audio-video-et-podcasts-en-danois\/","og_locale":"fr_FR","og_type":"article","og_title":"Services de traduction audio, vid\u00e9o et podcasts en danois","og_description":"Nous traduisons les fichiers en danois rapidement et \u00e0 un prix comp\u00e9titif, et adaptons votre vid\u00e9o, fichier audio ou podcast pour le Danemark.","og_url":"https:\/\/www.lenseup.com\/fr\/traduction-multimedia\/services-de-traduction-audio-video-et-podcasts-en-danois\/","og_site_name":"LenseUp, solutions vid\u00e9o et audio multilingues. Audioguides, audiobooks, traductions audio et video","article_modified_time":"2024-01-02T08:49:27+00:00","twitter_card":"summary_large_image","twitter_misc":{"Dur\u00e9e de lecture estim\u00e9e":"15 minutes"},"schema":{"@context":"https:\/\/schema.org","@graph":[{"@type":"WebPage","@id":"https:\/\/www.lenseup.com\/fr\/traduction-multimedia\/services-de-traduction-audio-video-et-podcasts-en-danois\/","url":"https:\/\/www.lenseup.com\/fr\/traduction-multimedia\/services-de-traduction-audio-video-et-podcasts-en-danois\/","name":"Services de traduction audio, vid\u00e9o et podcasts en danois","isPartOf":{"@id":"https:\/\/www.lenseup.com\/fr\/#website"},"datePublished":"2021-09-10T07:38:58+00:00","dateModified":"2024-01-02T08:49:27+00:00","description":"Nous traduisons les fichiers en danois rapidement et \u00e0 un prix comp\u00e9titif, et adaptons votre vid\u00e9o, fichier audio ou podcast pour le Danemark.","breadcrumb":{"@id":"https:\/\/www.lenseup.com\/fr\/traduction-multimedia\/services-de-traduction-audio-video-et-podcasts-en-danois\/#breadcrumb"},"inLanguage":"fr-FR","potentialAction":[{"@type":"ReadAction","target":["https:\/\/www.lenseup.com\/fr\/traduction-multimedia\/services-de-traduction-audio-video-et-podcasts-en-danois\/"]}]},{"@type":"BreadcrumbList","@id":"https:\/\/www.lenseup.com\/fr\/traduction-multimedia\/services-de-traduction-audio-video-et-podcasts-en-danois\/#breadcrumb","itemListElement":[{"@type":"ListItem","position":1,"name":"Accueil","item":"https:\/\/www.lenseup.com\/fr\/7440-2\/"},{"@type":"ListItem","position":2,"name":"Agence de traduction multim\u00e9dia &#8211; vid\u00e9o et audio en 30 langues","item":"https:\/\/www.lenseup.com\/fr\/traduction-multimedia\/"},{"@type":"ListItem","position":3,"name":"Services de traduction audio, vid\u00e9o et podcasts en danois"}]},{"@type":"WebSite","@id":"https:\/\/www.lenseup.com\/fr\/#website","url":"https:\/\/www.lenseup.com\/fr\/","name":"LenseUp, multilingual audio and video solutions","description":"Traductions et contenus audio \/ video dans 30 langues.","potentialAction":[{"@type":"SearchAction","target":{"@type":"EntryPoint","urlTemplate":"https:\/\/www.lenseup.com\/fr\/?s={search_term_string}"},"query-input":{"@type":"PropertyValueSpecification","valueRequired":true,"valueName":"search_term_string"}}],"inLanguage":"fr-FR"}]}},"_links":{"self":[{"href":"https:\/\/www.lenseup.com\/fr\/wp-json\/wp\/v2\/pages\/7098"}],"collection":[{"href":"https:\/\/www.lenseup.com\/fr\/wp-json\/wp\/v2\/pages"}],"about":[{"href":"https:\/\/www.lenseup.com\/fr\/wp-json\/wp\/v2\/types\/page"}],"author":[{"embeddable":true,"href":"https:\/\/www.lenseup.com\/fr\/wp-json\/wp\/v2\/users\/1"}],"replies":[{"embeddable":true,"href":"https:\/\/www.lenseup.com\/fr\/wp-json\/wp\/v2\/comments?post=7098"}],"version-history":[{"count":9,"href":"https:\/\/www.lenseup.com\/fr\/wp-json\/wp\/v2\/pages\/7098\/revisions"}],"predecessor-version":[{"id":14846,"href":"https:\/\/www.lenseup.com\/fr\/wp-json\/wp\/v2\/pages\/7098\/revisions\/14846"}],"up":[{"embeddable":true,"href":"https:\/\/www.lenseup.com\/fr\/wp-json\/wp\/v2\/pages\/4989"}],"wp:attachment":[{"href":"https:\/\/www.lenseup.com\/fr\/wp-json\/wp\/v2\/media?parent=7098"}],"curies":[{"name":"wp","href":"https:\/\/api.w.org\/{rel}","templated":true}]}}