{"id":8274,"date":"2022-02-27T20:46:44","date_gmt":"2022-02-27T19:46:44","guid":{"rendered":"https:\/\/www.lenseup.com\/des-solutions-video-pour-toucher-un-public-global\/video-summarization-services-in-multiple-languages\/"},"modified":"2023-12-31T14:41:04","modified_gmt":"2023-12-31T13:41:04","slug":"resumes-video","status":"publish","type":"page","link":"https:\/\/www.lenseup.com\/fr\/solutions-video\/resumes-video\/","title":{"rendered":"R\u00e9sum\u00e9s de fichiers vid\u00e9o en plusieurs langues"},"content":{"rendered":"<div id='av_section_2'  class='avia-section main_color avia-section-default avia-no-shadow  avia-bg-style-scroll  avia-builder-el-0  el_before_av_one_full  avia-builder-el-first   container_wrap sidebar_right' style='background-color: #f2f2f2;  '  ><div class='container' ><main  role=\"main\" itemprop=\"mainContentOfPage\"  class='template-page content  av-content-small alpha units'><div class='post-entry post-entry-type-page post-entry-8274'><div class='entry-content-wrapper clearfix'>\n<div  style='padding-bottom:0px; color:#ffffff;font-size:35px;' class='av-special-heading av-special-heading-h1 custom-color-heading blockquote modern-quote  avia-builder-el-1  avia-builder-el-no-sibling  av-inherit-size '><h1 class='av-special-heading-tag '  itemprop=\"headline\"  >R\u00e9sum\u00e9s vid\u00e9o en plusieurs langues<\/h1><div class='special-heading-border'><div class='special-heading-inner-border' style='border-color:#ffffff'><\/div><\/div><\/div>\n<\/div><\/div><\/main><!-- close content main element --><\/div><\/div><div id='after_section_1'  class='main_color av_default_container_wrap container_wrap sidebar_right' style=' '  ><div class='container' ><div class='template-page content  av-content-small alpha units'><div class='post-entry post-entry-type-page post-entry-8274'><div class='entry-content-wrapper clearfix'>\n<div class=\"flex_column av_one_full  av-hide-on-mobile  flex_column_div av-zero-column-padding first  avia-builder-el-2  el_after_av_section  el_before_av_one_full  avia-builder-el-first  \" style='border-radius:0px; '><div   class='av_promobox  avia-button-no   avia-builder-el-3  avia-builder-el-no-sibling '>\t\t<div class='avia-promocontent'><\/p>\n<blockquote>\n<p>Avec la conversion de la parole en texte (Automatic Speech Recognition)\u00a0 et les mod\u00e8les de transformation ou d&rsquo;apprentissage automatique, il est aujourd\u2019hui possible de g\u00e9n\u00e9rer simplement un r\u00e9sum\u00e9 et d&rsquo;extraire des informations \u00e0 partir de fichiers vid\u00e9o.<\/p>\n<\/blockquote>\n<p>\n<\/div><\/div><\/div>\n<div class=\"flex_column av_one_full  flex_column_div av-zero-column-padding first  avia-builder-el-4  el_after_av_one_full  el_before_av_layout_row  avia-builder-el-last  column-top-margin\" style='border-radius:0px; '><section class=\"av_textblock_section \"  itemscope=\"itemscope\" itemtype=\"https:\/\/schema.org\/CreativeWork\" ><div class='avia_textblock  '   itemprop=\"text\" ><h2>R\u00e9sum\u00e9s video : pourquoi ?<\/h2>\n<p>Comme son nom l&rsquo;indique, le r\u00e9sum\u00e9 est le processus de s\u00e9lection\/g\u00e9n\u00e9ration d&rsquo;\u00e9l\u00e9ments d&rsquo;information pertinents qui sont repr\u00e9sentatifs de l&rsquo;ensemble d&rsquo;un contenu. Se faire une id\u00e9e du contenu d&rsquo;un fichier sans avoir \u00e0 le parcourir en entier est d\u2019une grande utilit\u00e9 pour la majorit\u00e9 d\u2019entre nous. Le probl\u00e8me est plus complexe si les donn\u00e9es se pr\u00e9sentent sous la forme d&rsquo;un fichier vid\u00e9o.<\/p>\n<p>La construction d&rsquo;un tel syst\u00e8me de r\u00e9sum\u00e9 pilot\u00e9 par les donn\u00e9es a de nombreuses applications, comme le r\u00e9sum\u00e9 de pages Web, de longs documents, de revues de&rsquo;avis sur des produits, etc.<\/p>\n<p><strong>Chez LenseUp, nous utilisons des technologies de deep learning et de machine learning nous permettant d&rsquo;analyser des fichiers vid\u00e9o, et\u00a0 de g\u00e9n\u00e9rer rapidement des r\u00e9sum\u00e9s.<\/strong><\/p>\n<h2>Deux approches de r\u00e9sum\u00e9 video<\/h2>\n<p>Les techniques utilis\u00e9es pour produire des r\u00e9sum\u00e9s video peuvent \u00eatre class\u00e9es en deux grandes cat\u00e9gories :<br \/>\n&#8211; R\u00e9sum\u00e9 vid\u00e9o abstractif<br \/>\n&#8211; R\u00e9sum\u00e9 vid\u00e9o extractif<\/p>\n<\/div><\/section><\/div>\n<\/div><\/div><\/div><!-- close content main div --><\/div><\/div><div id='best-rated'  class='av-layout-grid-container entry-content-wrapper main_color av-flex-cells     avia-builder-el-6  el_after_av_one_full  el_before_av_layout_row  submenu-not-first container_wrap sidebar_right' style=' '  >\n<div class=\"flex_cell no_margin av_one_half  avia-builder-el-7  el_before_av_cell_one_half  avia-builder-el-first   \"  style='vertical-align:middle; padding:50px 80px 50px 6% ; background-color:#f8f8f8; ' ><div class='flex_cell_inner' ><p><div class=\"flex_column av_one_full  flex_column_div av-zero-column-padding first  avia-builder-el-8  el_before_av_hr  avia-builder-el-first  \" style='border-radius:0px; '><section class=\"av_textblock_section \"  itemscope=\"itemscope\" itemtype=\"https:\/\/schema.org\/CreativeWork\" ><div class='avia_textblock  '   itemprop=\"text\" ><h2>R\u00e9sum\u00e9 vid\u00e9o extractif<\/h2>\n<p>De fa\u00e7on simplifi\u00e9e, le r\u00e9sum\u00e9 extractif extrait les phrases qui sont repr\u00e9sentatives de l&rsquo;information donn\u00e9e (texte, vid\u00e9o, audio, etc.).<\/p>\n<\/div><\/section><\/div><div  style='height:20px' class='hr hr-invisible   avia-builder-el-10  el_after_av_one_full  el_before_av_hr '><span class='hr-inner ' ><span class='hr-inner-style'><\/span><\/span><\/div><br \/>\n<div  style='height:42px' class='hr hr-invisible   avia-builder-el-11  el_after_av_hr  el_before_av_button '><span class='hr-inner ' ><span class='hr-inner-style'><\/span><\/span><\/div><br \/>\n<div  class='avia-button-wrap avia-button-left  avia-builder-el-12  el_after_av_hr  avia-builder-el-last ' ><a href='#section2'  class='avia-button av-icon-on-hover avia-color-theme-color   avia-icon_select-yes-left-icon avia-size-large avia-position-left '   ><span class='avia_button_icon avia_button_icon_left ' aria-hidden='true' data-av_icon='\ue859' data-av_iconfont='entypo-fontello'><\/span><span class='avia_iconbox_title' >Demandez un devis<\/span><\/a><\/div><\/p>\n<\/div><\/div><div class=\"flex_cell no_margin av_one_half  avia-builder-el-13  el_after_av_cell_one_half  avia-builder-el-last   \"  style='vertical-align:middle; padding:50px 80px 50px 6% ; background-color:#f8f8f8; ' ><div class='flex_cell_inner' ><p><div class=\"flex_column av_one_full  flex_column_div av-zero-column-padding first  avia-builder-el-14  el_before_av_hr  avia-builder-el-first  \" style='border-radius:0px; '><section class=\"av_textblock_section \"  itemscope=\"itemscope\" itemtype=\"https:\/\/schema.org\/CreativeWork\" ><div class='avia_textblock  '   itemprop=\"text\" ><h2>R\u00e9sum\u00e9 vid\u00e9o abstractif<\/h2>\n<p>La technique de r\u00e9sum\u00e9 vid\u00e9o abstractif permet de g\u00e9n\u00e9rer un r\u00e9sum\u00e9\u00a0 en utilisant des m\u00e9thodes de g\u00e9n\u00e9ration en langage naturel (NLP). Le r\u00e9sum\u00e9 abstractif est l&rsquo;approche que nous avons adopt\u00e9 chez LenseUp.<\/p>\n<\/div><\/section><\/div><div  style='height:20px' class='hr hr-invisible   avia-builder-el-16  el_after_av_one_full  el_before_av_hr '><span class='hr-inner ' ><span class='hr-inner-style'><\/span><\/span><\/div><br \/>\n<div  style='height:42px' class='hr hr-invisible   avia-builder-el-17  el_after_av_hr  avia-builder-el-last '><span class='hr-inner ' ><span class='hr-inner-style'><\/span><\/span><\/div><\/p>\n<\/div><\/div>\n<\/div>\n<div id='best-rated'  class='av-layout-grid-container entry-content-wrapper main_color av-flex-cells     avia-builder-el-18  el_after_av_layout_row  el_before_av_textblock  submenu-not-first container_wrap sidebar_right' style=' '  >\n<div class=\"flex_cell no_margin av_one_half  avia-builder-el-19  el_before_av_cell_one_half  avia-builder-el-first   \"  style='vertical-align:middle; padding:50px 80px 50px 6% ; background-color:#f8f8f8; ' ><div class='flex_cell_inner' ><p><div class=\"flex_column av_one_full  flex_column_div av-zero-column-padding first  avia-builder-el-20  el_before_av_hr  avia-builder-el-first  \" style='border-radius:0px; '><section class=\"av_textblock_section \"  itemscope=\"itemscope\" itemtype=\"https:\/\/schema.org\/CreativeWork\" ><div class='avia_textblock  '   itemprop=\"text\" ><h2>Utilisations possibles des r\u00e9sum\u00e9s video<\/h2>\n<p><strong>&#8211; Plateformes vid\u00e9o<\/strong> &#8211; Cr\u00e9ez automatiquement des \u00ab\u00a0chapitres vid\u00e9o\u00a0\u00bb pour faciliter la navigation dans les vid\u00e9os et permettre aux utilisateurs d&rsquo;acc\u00e9der directement au contenu qu&rsquo;ils recherchent. Les chapitres permettent de diviser une vid\u00e9o en sections, et chacune de ces sections est associ\u00e9e \u00e0 un aper\u00e7u diff\u00e9rent.<\/p>\n<p><strong>&#8211; Plateformes de r\u00e9union virtuelle<\/strong> &#8211; Proposez des r\u00e9sum\u00e9s\u00a0 d&rsquo;une r\u00e9union et rendez les enregistrements de r\u00e9union moins exigeants.<\/p>\n<p><strong>&#8211; T\u00e9l\u00e9phonie &#8211;<\/strong> Facilitez la consultation d&rsquo;appels t\u00e9l\u00e9phoniques, notamment pour l&rsquo;assurance qualit\u00e9 dans les centres de contact.<\/p>\n<p><strong>&#8211; R\u00e9utilisation du contenu audio existant<\/strong> &#8211; r\u00e9sumez un \u00e9pisode de podcast d&rsquo;une heure (environ 10 000 mots) et convertissez-le en un article de blog (environ 1000 mots).<\/p>\n<p><strong>&#8211; R\u00e9sum\u00e9 d&rsquo;une conf\u00e9rence ou d&rsquo;un congr\u00e8s<\/strong> &#8211; De nos jours, de nombreuses conf\u00e9rences sont diffus\u00e9es en ligne, alors pourquoi ne pas en profiter pour en faire un r\u00e9sum\u00e9 qui sera publi\u00e9 sous forme \u00e9crite ?<\/p>\n<\/div><\/section><\/div><div  style='height:20px' class='hr hr-invisible   avia-builder-el-22  el_after_av_one_full  el_before_av_hr '><span class='hr-inner ' ><span class='hr-inner-style'><\/span><\/span><\/div><br \/>\n<div  style='height:42px' class='hr hr-invisible   avia-builder-el-23  el_after_av_hr  el_before_av_button '><span class='hr-inner ' ><span class='hr-inner-style'><\/span><\/span><\/div><br \/>\n<div  class='avia-button-wrap avia-button-left  avia-builder-el-24  el_after_av_hr  avia-builder-el-last ' ><a href='#section2'  class='avia-button av-icon-on-hover avia-color-theme-color   avia-icon_select-yes-left-icon avia-size-large avia-position-left '   ><span class='avia_button_icon avia_button_icon_left ' aria-hidden='true' data-av_icon='\ue859' data-av_iconfont='entypo-fontello'><\/span><span class='avia_iconbox_title' >Demandez un devis<\/span><\/a><\/div><\/p>\n<\/div><\/div><div class=\"flex_cell no_margin av_one_half  avia-builder-el-25  el_after_av_cell_one_half  avia-builder-el-last   avia-full-stretch \"  style='background:url(https:\/\/www.lenseup.com\/wp-content\/uploads\/2022\/02\/video-description.jpg) center right no-repeat scroll #f8f8f8; vertical-align:middle; padding:200px 0px 200px 0px ; background-color:#f8f8f8; ' ><div class='flex_cell_inner' ><\/div><\/div>\n<\/div><div id='after_submenu_2'  class='main_color av_default_container_wrap container_wrap sidebar_right' style=' '  ><div class='container' ><div class='template-page content  av-content-small alpha units'><div class='post-entry post-entry-type-page post-entry-8274'><div class='entry-content-wrapper clearfix'>\n<section class=\"av_textblock_section \"  itemscope=\"itemscope\" itemtype=\"https:\/\/schema.org\/CreativeWork\" ><div class='avia_textblock  '   itemprop=\"text\" ><h2>Des r\u00e9sum\u00e9s pour r\u00e9duire les co\u00fbts des traductions vid\u00e9o<\/h2>\n<p class=\"mceTemp\" style=\"text-align: justify;\">La traduction peut \u00eatre co\u00fbteuse. Traduire 40 minutes de vid\u00e9o, cela peut repr\u00e9senter entre 6000 et 7000 mots \u00e0 traduire. Une vid\u00e9o dont l&rsquo;audio compterait 7000 mots peut \u00eatre r\u00e9sum\u00e9e en 1000 mots, ce qui permet de r\u00e9duire consid\u00e9rablement les co\u00fbts de traduction, et de toucher un public international rapidement et \u00e0 moindre co\u00fbt.<\/p>\n<\/div><\/section>\n<div class=\"flex_column av_one_full  flex_column_div av-zero-column-padding first  avia-builder-el-27  el_after_av_textblock  el_before_av_section  avia-builder-el-last  column-top-margin\" style='border-radius:0px; '><section class=\"av_textblock_section \"  itemscope=\"itemscope\" itemtype=\"https:\/\/schema.org\/CreativeWork\" ><div class='avia_textblock  '   itemprop=\"text\" ><h2>Le r\u00e9sum\u00e9 de vid\u00e9os : modus operandi<\/h2>\n<\/div><\/section><br \/>\n<section class=\"av_textblock_section \"  itemscope=\"itemscope\" itemtype=\"https:\/\/schema.org\/CreativeWork\" ><div class='avia_textblock  '   itemprop=\"text\" ><p>Tout d\u2019abord, nous utilisons un service Speech to Text pour convertir la voix humaine en mots \u00e9crits. Puis nous g\u00e9n\u00e9rons le r\u00e9sum\u00e9, et d\u00e9gageons des th\u00e9matiques, ainsi que des aper\u00e7us en utilisant des \u00ab transformers \u00bb et des mod\u00e8les bas\u00e9s sur l&rsquo;apprentissage automatique.<\/p>\n<ol>\n<li>Le client nous envoie un fichier vid\u00e9o.<\/li>\n<li>L&rsquo;audio est extrait de la vid\u00e9o.<\/li>\n<li>L&rsquo;audio est retranscrit \u00e0 l\u2019aide de la technologie Speech to Text<\/li>\n<li>Le texte est ensuite trait\u00e9 pour en extraire un r\u00e9sum\u00e9, des mots-cl\u00e9s et les th\u00e9matiques saillantes.<\/li>\n<li>Traduction. La traduction des fichiers audio r\u00e9sum\u00e9s est effectu\u00e9e, si n\u00e9cessaire, par des traducteurs natifs ou enti\u00e8rement automatis\u00e9e au choix.<\/li>\n<li>Le r\u00e9sum\u00e9 final est livr\u00e9<\/li>\n<\/ol>\n<\/div><\/section><\/p><\/div>\n<\/div><\/div><\/div><!-- close content main div --><\/div><\/div><div id='my_section'  class='avia-section main_color avia-section-no-padding avia-no-shadow  avia-bg-style-scroll  avia-builder-el-30  el_after_av_one_full  el_before_av_textblock   container_wrap sidebar_right' style='background-color: #e72b2b;  '  ><div class='container' ><div class='template-page content  av-content-small alpha units'><div class='post-entry post-entry-type-page post-entry-8274'><div class='entry-content-wrapper clearfix'><\/div><\/div><\/div><!-- close content main div --><\/div><\/div><div id='after_section_2'  class='main_color av_default_container_wrap container_wrap sidebar_right' style=' '  ><div class='container' ><div class='template-page content  av-content-small alpha units'><div class='post-entry post-entry-type-page post-entry-8274'><div class='entry-content-wrapper clearfix'>\n<section class=\"av_textblock_section \"  itemscope=\"itemscope\" itemtype=\"https:\/\/schema.org\/CreativeWork\" ><div class='avia_textblock  '   itemprop=\"text\" ><h2 id=\"section2\">Demandez un devis<\/h2>\n<\/div><\/section>\n\n<\/div><\/div><\/div><!-- close content main div --><\/div><\/div><div id='my_section'  class='avia-section main_color avia-section-no-padding avia-no-shadow  avia-bg-style-scroll  avia-builder-el-33  el_after_av_codeblock  avia-builder-el-last   container_wrap sidebar_right' style='background-color: #e72b2b;  '  ><div class='container' ><div class='template-page content  av-content-small alpha units'><div class='post-entry post-entry-type-page post-entry-8274'><div class='entry-content-wrapper clearfix'><\/div><\/div><\/div><!-- close content main div --><\/div><\/div><div id='after_section_3'  class='main_color av_default_container_wrap container_wrap sidebar_right' style=' '  ><div class='container' ><div class='template-page content  av-content-small alpha units'><div class='post-entry post-entry-type-page post-entry-8274'><div class='entry-content-wrapper clearfix'>\n","protected":false},"excerpt":{"rendered":"","protected":false},"author":1,"featured_media":0,"parent":8247,"menu_order":0,"comment_status":"closed","ping_status":"closed","template":"","meta":{"footnotes":""},"yoast_head":"<!-- This site is optimized with the Yoast SEO plugin v23.5 - https:\/\/yoast.com\/wordpress\/plugins\/seo\/ -->\n<title>R\u00e9sum\u00e9s de fichiers vid\u00e9o en plusieurs langues<\/title>\n<meta name=\"description\" content=\"Il est aujourd\u2019hui possible de g\u00e9n\u00e9rer simplement un r\u00e9sum\u00e9 et d&#039;extraire des informations \u00e0 partir de fichiers vid\u00e9o. D\u00e9couvrez-comment.\" \/>\n<meta name=\"robots\" content=\"index, follow, max-snippet:-1, max-image-preview:large, max-video-preview:-1\" \/>\n<link rel=\"canonical\" href=\"https:\/\/www.lenseup.com\/fr\/solutions-video\/resumes-video\/\" \/>\n<meta property=\"og:locale\" content=\"fr_FR\" \/>\n<meta property=\"og:type\" content=\"article\" \/>\n<meta property=\"og:title\" content=\"R\u00e9sum\u00e9s de fichiers vid\u00e9o en plusieurs langues\" \/>\n<meta property=\"og:description\" content=\"Il est aujourd\u2019hui possible de g\u00e9n\u00e9rer simplement un r\u00e9sum\u00e9 et d&#039;extraire des informations \u00e0 partir de fichiers vid\u00e9o. D\u00e9couvrez-comment.\" \/>\n<meta property=\"og:url\" content=\"https:\/\/www.lenseup.com\/fr\/solutions-video\/resumes-video\/\" \/>\n<meta property=\"og:site_name\" content=\"LenseUp, solutions vid\u00e9o et audio multilingues. Audioguides, audiobooks, traductions audio et video\" \/>\n<meta property=\"article:modified_time\" content=\"2023-12-31T13:41:04+00:00\" \/>\n<meta name=\"twitter:card\" content=\"summary_large_image\" \/>\n<meta name=\"twitter:label1\" content=\"Dur\u00e9e de lecture estim\u00e9e\" \/>\n\t<meta name=\"twitter:data1\" content=\"13 minutes\" \/>\n<script type=\"application\/ld+json\" class=\"yoast-schema-graph\">{\"@context\":\"https:\/\/schema.org\",\"@graph\":[{\"@type\":\"WebPage\",\"@id\":\"https:\/\/www.lenseup.com\/fr\/solutions-video\/resumes-video\/\",\"url\":\"https:\/\/www.lenseup.com\/fr\/solutions-video\/resumes-video\/\",\"name\":\"R\u00e9sum\u00e9s de fichiers vid\u00e9o en plusieurs langues\",\"isPartOf\":{\"@id\":\"https:\/\/www.lenseup.com\/fr\/#website\"},\"datePublished\":\"2022-02-27T19:46:44+00:00\",\"dateModified\":\"2023-12-31T13:41:04+00:00\",\"description\":\"Il est aujourd\u2019hui possible de g\u00e9n\u00e9rer simplement un r\u00e9sum\u00e9 et d'extraire des informations \u00e0 partir de fichiers vid\u00e9o. D\u00e9couvrez-comment.\",\"breadcrumb\":{\"@id\":\"https:\/\/www.lenseup.com\/fr\/solutions-video\/resumes-video\/#breadcrumb\"},\"inLanguage\":\"fr-FR\",\"potentialAction\":[{\"@type\":\"ReadAction\",\"target\":[\"https:\/\/www.lenseup.com\/fr\/solutions-video\/resumes-video\/\"]}]},{\"@type\":\"BreadcrumbList\",\"@id\":\"https:\/\/www.lenseup.com\/fr\/solutions-video\/resumes-video\/#breadcrumb\",\"itemListElement\":[{\"@type\":\"ListItem\",\"position\":1,\"name\":\"Accueil\",\"item\":\"https:\/\/www.lenseup.com\/fr\/7440-2\/\"},{\"@type\":\"ListItem\",\"position\":2,\"name\":\"Des solutions vid\u00e9o pour toucher un public global\",\"item\":\"https:\/\/www.lenseup.com\/fr\/solutions-video\/\"},{\"@type\":\"ListItem\",\"position\":3,\"name\":\"R\u00e9sum\u00e9s de fichiers vid\u00e9o en plusieurs langues\"}]},{\"@type\":\"WebSite\",\"@id\":\"https:\/\/www.lenseup.com\/fr\/#website\",\"url\":\"https:\/\/www.lenseup.com\/fr\/\",\"name\":\"LenseUp, multilingual audio and video solutions\",\"description\":\"Traductions et contenus audio \/ video dans 30 langues.\",\"potentialAction\":[{\"@type\":\"SearchAction\",\"target\":{\"@type\":\"EntryPoint\",\"urlTemplate\":\"https:\/\/www.lenseup.com\/fr\/?s={search_term_string}\"},\"query-input\":{\"@type\":\"PropertyValueSpecification\",\"valueRequired\":true,\"valueName\":\"search_term_string\"}}],\"inLanguage\":\"fr-FR\"}]}<\/script>\n<!-- \/ Yoast SEO plugin. -->","yoast_head_json":{"title":"R\u00e9sum\u00e9s de fichiers vid\u00e9o en plusieurs langues","description":"Il est aujourd\u2019hui possible de g\u00e9n\u00e9rer simplement un r\u00e9sum\u00e9 et d'extraire des informations \u00e0 partir de fichiers vid\u00e9o. D\u00e9couvrez-comment.","robots":{"index":"index","follow":"follow","max-snippet":"max-snippet:-1","max-image-preview":"max-image-preview:large","max-video-preview":"max-video-preview:-1"},"canonical":"https:\/\/www.lenseup.com\/fr\/solutions-video\/resumes-video\/","og_locale":"fr_FR","og_type":"article","og_title":"R\u00e9sum\u00e9s de fichiers vid\u00e9o en plusieurs langues","og_description":"Il est aujourd\u2019hui possible de g\u00e9n\u00e9rer simplement un r\u00e9sum\u00e9 et d'extraire des informations \u00e0 partir de fichiers vid\u00e9o. D\u00e9couvrez-comment.","og_url":"https:\/\/www.lenseup.com\/fr\/solutions-video\/resumes-video\/","og_site_name":"LenseUp, solutions vid\u00e9o et audio multilingues. Audioguides, audiobooks, traductions audio et video","article_modified_time":"2023-12-31T13:41:04+00:00","twitter_card":"summary_large_image","twitter_misc":{"Dur\u00e9e de lecture estim\u00e9e":"13 minutes"},"schema":{"@context":"https:\/\/schema.org","@graph":[{"@type":"WebPage","@id":"https:\/\/www.lenseup.com\/fr\/solutions-video\/resumes-video\/","url":"https:\/\/www.lenseup.com\/fr\/solutions-video\/resumes-video\/","name":"R\u00e9sum\u00e9s de fichiers vid\u00e9o en plusieurs langues","isPartOf":{"@id":"https:\/\/www.lenseup.com\/fr\/#website"},"datePublished":"2022-02-27T19:46:44+00:00","dateModified":"2023-12-31T13:41:04+00:00","description":"Il est aujourd\u2019hui possible de g\u00e9n\u00e9rer simplement un r\u00e9sum\u00e9 et d'extraire des informations \u00e0 partir de fichiers vid\u00e9o. D\u00e9couvrez-comment.","breadcrumb":{"@id":"https:\/\/www.lenseup.com\/fr\/solutions-video\/resumes-video\/#breadcrumb"},"inLanguage":"fr-FR","potentialAction":[{"@type":"ReadAction","target":["https:\/\/www.lenseup.com\/fr\/solutions-video\/resumes-video\/"]}]},{"@type":"BreadcrumbList","@id":"https:\/\/www.lenseup.com\/fr\/solutions-video\/resumes-video\/#breadcrumb","itemListElement":[{"@type":"ListItem","position":1,"name":"Accueil","item":"https:\/\/www.lenseup.com\/fr\/7440-2\/"},{"@type":"ListItem","position":2,"name":"Des solutions vid\u00e9o pour toucher un public global","item":"https:\/\/www.lenseup.com\/fr\/solutions-video\/"},{"@type":"ListItem","position":3,"name":"R\u00e9sum\u00e9s de fichiers vid\u00e9o en plusieurs langues"}]},{"@type":"WebSite","@id":"https:\/\/www.lenseup.com\/fr\/#website","url":"https:\/\/www.lenseup.com\/fr\/","name":"LenseUp, multilingual audio and video solutions","description":"Traductions et contenus audio \/ video dans 30 langues.","potentialAction":[{"@type":"SearchAction","target":{"@type":"EntryPoint","urlTemplate":"https:\/\/www.lenseup.com\/fr\/?s={search_term_string}"},"query-input":{"@type":"PropertyValueSpecification","valueRequired":true,"valueName":"search_term_string"}}],"inLanguage":"fr-FR"}]}},"_links":{"self":[{"href":"https:\/\/www.lenseup.com\/fr\/wp-json\/wp\/v2\/pages\/8274"}],"collection":[{"href":"https:\/\/www.lenseup.com\/fr\/wp-json\/wp\/v2\/pages"}],"about":[{"href":"https:\/\/www.lenseup.com\/fr\/wp-json\/wp\/v2\/types\/page"}],"author":[{"embeddable":true,"href":"https:\/\/www.lenseup.com\/fr\/wp-json\/wp\/v2\/users\/1"}],"replies":[{"embeddable":true,"href":"https:\/\/www.lenseup.com\/fr\/wp-json\/wp\/v2\/comments?post=8274"}],"version-history":[{"count":21,"href":"https:\/\/www.lenseup.com\/fr\/wp-json\/wp\/v2\/pages\/8274\/revisions"}],"predecessor-version":[{"id":14714,"href":"https:\/\/www.lenseup.com\/fr\/wp-json\/wp\/v2\/pages\/8274\/revisions\/14714"}],"up":[{"embeddable":true,"href":"https:\/\/www.lenseup.com\/fr\/wp-json\/wp\/v2\/pages\/8247"}],"wp:attachment":[{"href":"https:\/\/www.lenseup.com\/fr\/wp-json\/wp\/v2\/media?parent=8274"}],"curies":[{"name":"wp","href":"https:\/\/api.w.org\/{rel}","templated":true}]}}