{"id":8290,"date":"2022-02-27T20:46:56","date_gmt":"2022-02-27T19:46:56","guid":{"rendered":"https:\/\/www.lenseup.com\/des-solutions-video-pour-toucher-un-public-global\/neural-machine-translation-with-human-post-editing\/"},"modified":"2023-12-30T13:31:09","modified_gmt":"2023-12-30T12:31:09","slug":"traduction-automatique-neuronale-avec-post-edition","status":"publish","type":"page","link":"https:\/\/www.lenseup.com\/fr\/solutions-video\/traduction-automatique-neuronale-avec-post-edition\/","title":{"rendered":"Traduction pilot\u00e9e par IA avec post-\u00e9dition humaine"},"content":{"rendered":"<div id='av_section_2'  class='avia-section main_color avia-section-default avia-no-shadow  avia-bg-style-scroll  avia-builder-el-0  el_before_av_promobox  avia-builder-el-first   container_wrap sidebar_right' style='background-color: #f2f2f2;  '  ><div class='container' ><main  role=\"main\" itemprop=\"mainContentOfPage\"  class='template-page content  av-content-small alpha units'><div class='post-entry post-entry-type-page post-entry-8290'><div class='entry-content-wrapper clearfix'>\n<div  style='padding-bottom:0px; color:#ffffff;font-size:40px;' class='av-special-heading av-special-heading-h1 custom-color-heading blockquote modern-quote  avia-builder-el-1  avia-builder-el-no-sibling  av-inherit-size '><h1 class='av-special-heading-tag '  itemprop=\"headline\"  >Traduction pilot\u00e9e par IA avec post-\u00e9dition humaine<\/h1><div class='special-heading-border'><div class='special-heading-inner-border' style='border-color:#ffffff'><\/div><\/div><\/div>\n<\/div><\/div><\/main><!-- close content main element --><\/div><\/div><div id='after_section_1'  class='main_color av_default_container_wrap container_wrap sidebar_right' style=' '  ><div class='container' ><div class='template-page content  av-content-small alpha units'><div class='post-entry post-entry-type-page post-entry-8290'><div class='entry-content-wrapper clearfix'>\t<div   class='av_promobox  avia-button-no   avia-builder-el-2  el_after_av_section  el_before_av_one_half  avia-builder-el-first '>\t\t<div class='avia-promocontent'><\/p>\n<blockquote>\n<p>Chez LenseUp, nous utilisons des solutions de traduction neuronale et d&rsquo;IA g\u00e9n\u00e9rative. Une post-\u00e9dition par des traducteurs natifs est ensuite r\u00e9alis\u00e9e.<\/p>\n<\/blockquote>\n<p>\n<\/div><\/div><\/p>\n<div class=\"flex_column av_one_half  flex_column_div av-zero-column-padding first  avia-builder-el-3  el_after_av_promobox  el_before_av_one_half  \" style='border-radius:0px; '><section class=\"av_textblock_section \"  itemscope=\"itemscope\" itemtype=\"https:\/\/schema.org\/CreativeWork\" ><div class='avia_textblock  '   itemprop=\"text\" ><h2>\u00c9tat des lieux de la traduction automatique neuronale<\/h2>\n<p>Google a r\u00e9volutionn\u00e9 le secteur en 2016, rendant la traduction automatique plus pr\u00e9cise, plus coh\u00e9rente et plus productive. Les algorithmes de NMT peuvent d\u00e9sormais g\u00e9n\u00e9rer des traductions pr\u00e9cises.<\/p>\n<p>La technologie derri\u00e8re l&rsquo;IA a consid\u00e9rablement \u00e9volu\u00e9. Ce que l&rsquo;on appelait autrefois la traduction automatique est d\u00e9sormais appel\u00e9e \u00ab\u00a0traduction automatique neuronale\u00a0\u00bb. La traduction bas\u00e9e sur l&rsquo;IA g\u00e9n\u00e9rative a \u00e9galement fait son apparition. La machine traduit le texte et les traducteurs professionnels de LenseUp n&rsquo;ont plus qu&rsquo;\u00e0 l&rsquo;\u00e9diter ou le r\u00e9viser.<\/p>\n<\/div><\/section><\/div>\n<div class=\"flex_column av_one_half  flex_column_div av-zero-column-padding   avia-builder-el-5  el_after_av_one_half  el_before_av_layout_row  avia-builder-el-last  \" style='border-radius:0px; '><section class=\"av_textblock_section \"  itemscope=\"itemscope\" itemtype=\"https:\/\/schema.org\/CreativeWork\" ><div class='avia_textblock  '   itemprop=\"text\" ><h2>Traduction automatique avec post-\u00e9dition humaine<\/h2>\n<p>La post-\u00e9dition consiste essentiellement \u00e0 corriger une traduction automatique afin de l&rsquo;adapter \u00e0 un public donn\u00e9. Un post-\u00e9diteur est une personne qui corrige les traductions g\u00e9n\u00e9r\u00e9es par une machine.<\/p>\n<p>Chez LenseUp, nous utilisons la traduction automatique avec une post-\u00e9dition humaine pour traduire vos fichiers vid\u00e9o et audio. Des traducteurs professionnels natifs\u00a0 sont charg\u00e9s de relire les traductions automatiques, avant de produire les pistes audio. Apr\u00e8s \u00e9valuation, nous pouvons \u00e9galement automatiser enti\u00e8rement le processus de traduction.<\/p>\n<\/div><\/section><\/div>\n<\/div><\/div><\/div><!-- close content main div --><\/div><\/div><div id='best-rated'  class='av-layout-grid-container entry-content-wrapper main_color av-flex-cells     avia-builder-el-7  el_after_av_one_half  el_before_av_layout_row  submenu-not-first container_wrap sidebar_right' style=' '  >\n<div class=\"flex_cell no_margin av_one_half  avia-builder-el-8  el_before_av_cell_one_half  avia-builder-el-first   \"  style='vertical-align:middle; padding:50px 80px 50px 6% ; background-color:#f8f8f8; ' ><div class='flex_cell_inner' ><section class=\"av_textblock_section \"  itemscope=\"itemscope\" itemtype=\"https:\/\/schema.org\/CreativeWork\" ><div class='avia_textblock  '   itemprop=\"text\" ><h2>Les meilleurs moteurs de traduction automatique<\/h2>\n<p>Il est difficile d&rsquo;imaginer un monde sans traduction automatique. Les traductions automatiques apparemment simples, bas\u00e9es sur des r\u00e8gles et des statistiques, ont \u00e9volu\u00e9 au fil des ans, pour devenir aujourd&rsquo;hui des TA neuronales ou encore des traductions obtenues par l&rsquo;ia g\u00e9n\u00e9rative.<\/p>\n<p>En tant que sp\u00e9cialiste des langues \u00e9trang\u00e8res, nous garantissons la fluidit\u00e9 et la pr\u00e9cision de toutes nos traductions, gr\u00e2ce \u00e0 l&rsquo;utilisation d&rsquo; outils de traduction automatique. Il en r\u00e9sulte des traductions audio et vid\u00e9o de qualit\u00e9, ce qui permet de stimuler vos ventes, l&rsquo;engagement de vos clients et la pr\u00e9sence de votre marque dans le monde entier.<\/p>\n<\/div><\/section><br \/>\n<section class=\"av_textblock_section \"  itemscope=\"itemscope\" itemtype=\"https:\/\/schema.org\/CreativeWork\" ><div class='avia_textblock  '   itemprop=\"text\" ><h2>L&rsquo;importance des glossaires<\/h2>\n<p>L&rsquo;importance des glossaires dans le processus de traduction est primordiale. Chez LenseUp, nous optimisons la qualit\u00e9 de nos traductions en utilisant des glossaires de traduction. Ces derniers sont des compilations exhaustives de termes et de leurs \u00e9quivalents dans une langue cible. Couvrant un spectre \u00e9tendu, allant du jargon sp\u00e9cifique \u00e0 un secteur d&rsquo;activit\u00e9 aux noms et slogans d&rsquo;entreprises, ces glossaires constituent un outil indispensable pour nos traducteurs. Ils assurent une traduction uniforme et coh\u00e9rente de termes sp\u00e9cifiques \u00e0 travers divers projets, garantissant ainsi pr\u00e9cision et constance dans l&rsquo;ensemble de nos travaux de traduction.<\/p>\n<\/div><\/section><br \/>\n<div  style='height:20px' class='hr hr-invisible   avia-builder-el-11  el_after_av_textblock  el_before_av_hr '><span class='hr-inner ' ><span class='hr-inner-style'><\/span><\/span><\/div><br \/>\n<div  style='height:42px' class='hr hr-invisible   avia-builder-el-12  el_after_av_hr  el_before_av_button '><span class='hr-inner ' ><span class='hr-inner-style'><\/span><\/span><\/div><br \/>\n<div  class='avia-button-wrap avia-button-left  avia-builder-el-13  el_after_av_hr  avia-builder-el-last ' ><a href='#section2'  class='avia-button av-icon-on-hover avia-color-theme-color  avia-font-color-theme-color  avia-icon_select-yes-left-icon avia-size-large avia-position-left '   ><span class='avia_button_icon avia_button_icon_left ' aria-hidden='true' data-av_icon='\ue859' data-av_iconfont='entypo-fontello'><\/span><span class='avia_iconbox_title' >Demander un devis<\/span><span class='avia_button_background avia-button avia-color-theme-color-highlight' ><\/span><\/a><\/div><\/p>\n<\/div><\/div><div class=\"flex_cell no_margin av_one_half  avia-builder-el-14  el_after_av_cell_one_half  avia-builder-el-last   avia-full-stretch \"  style='background:url(https:\/\/www.lenseup.com\/wp-content\/uploads\/2022\/02\/neural-machine-translation.jpg) bottom left no-repeat scroll #f8f8f8; vertical-align:middle; padding:200px 0px 200px 0px ; background-color:#f8f8f8; ' ><div class='flex_cell_inner' ><\/div><\/div>\n<\/div>\n<div id='av-layout-grid-2'  class='av-layout-grid-container entry-content-wrapper main_color av-flex-cells     avia-builder-el-15  el_after_av_layout_row  el_before_av_section  submenu-not-first container_wrap sidebar_right' style=' '  >\n<div class=\"flex_cell no_margin av_one_half  avia-builder-el-16  el_before_av_cell_one_half  avia-builder-el-first   \"  style='vertical-align:top; padding:50px; background-color:#efefef; ' ><div class='flex_cell_inner' ><section class=\"av_textblock_section \"  itemscope=\"itemscope\" itemtype=\"https:\/\/schema.org\/CreativeWork\" ><div class='avia_textblock  '   itemprop=\"text\" ><h2>Pour quelles utilisations?<\/h2>\n<\/div><\/section><br \/>\n<div  style='height:10px' class='hr hr-invisible   avia-builder-el-18  el_after_av_textblock  el_before_av_textblock '><span class='hr-inner ' ><span class='hr-inner-style'><\/span><\/span><\/div><br \/>\n<section class=\"av_textblock_section \"  itemscope=\"itemscope\" itemtype=\"https:\/\/schema.org\/CreativeWork\" ><div class='avia_textblock  '   itemprop=\"text\" ><ul>\n<li>Vid\u00e9os de formation et cours en ligne (MOOC)<\/li>\n<li>Vid\u00e9os de marketing<\/li>\n<li>Communications d&rsquo;entreprise<\/li>\n<li>Documentaires<\/li>\n<li>Agences de presse<\/li>\n<li>Podcasts<\/li>\n<li>Serveurs vocaux<\/li>\n<li>Webinaires<\/li>\n<li>Vid\u00e9os pour les r\u00e9seaux sociaux<\/li>\n<li>Tutoriels et pr\u00e9sentations de produits<\/li>\n<li>Interviews<\/li>\n<li>Vid\u00e9os de communication interne<\/li>\n<li>Vid\u00e9os personnalis\u00e9es<\/li>\n<li>&#8230;.<\/li>\n<\/ul>\n<\/div><\/section><\/p>\n<\/div><\/div><div class=\"flex_cell no_margin av_one_half  avia-builder-el-20  el_after_av_cell_one_half  avia-builder-el-last   \"  style='vertical-align:top; padding:50px; background-color:#f9f9f9; ' ><div class='flex_cell_inner' ><p><div  style='padding-bottom:15px; color:#000000;' class='av-special-heading av-special-heading-h2 custom-color-heading   avia-builder-el-21  el_before_av_textblock  avia-builder-el-first  '><h2 class='av-special-heading-tag '  itemprop=\"headline\"  >Des traductions realis\u00e9es par IA disponibles en 30 langues<\/h2><div class='special-heading-border'><div class='special-heading-inner-border' style='border-color:#000000'><\/div><\/div><\/div><br \/>\n<section class=\"av_textblock_section \"  itemscope=\"itemscope\" itemtype=\"https:\/\/schema.org\/CreativeWork\" ><div class='avia_textblock  '   itemprop=\"text\" ><p>Services de traduction par IA en arabe<br \/>\nServices de traduction par IA en chinois simplifi\u00e9<br \/>\nServices de traduction par IA en catalan<br \/>\nServices de traduction par IA en danois<br \/>\nServices de traduction par IA en n\u00e9erlandais<br \/>\nServices de traduction par IA en anglais<br \/>\nServices de traduction par IA en finnois<br \/>\nServices de traduction par IA en fran\u00e7ais<br \/>\nServices de traduction par IA en allemand<br \/>\nServices de traduction par IA en grec<br \/>\nServices de traduction par IA en hongrois<br \/>\nServices de traduction par IA en hindi<br \/>\nServices de traduction par IA en italien<br \/>\nServices de traduction par IA en japonais<br \/>\nServices de traduction par IA en cor\u00e9en<br \/>\nServices de traduction par IA en norv\u00e9gien<br \/>\nServices de traduction par IA en polonais<br \/>\nServices de traduction par IA en portugais pour le Br\u00e9sil<br \/>\nServices de traduction par IA en portugais pour le Portugal<br \/>\nServices de traduction par IA en russe<br \/>\nServices de traduction par IA en espagnol pour l&rsquo;Europe<br \/>\nServices de traduction par IA en espagnol pour l&rsquo;Am\u00e9rique latine<br \/>\nServices de traduction par IA en su\u00e9dois<\/p>\n<\/div><\/section><\/p>\n<\/div><\/div>\n<\/div>\n<div id='my_section'  class='avia-section main_color avia-section-no-padding avia-no-shadow  avia-bg-style-scroll  avia-builder-el-23  el_after_av_layout_row  el_before_av_textblock   container_wrap sidebar_right' style='background-color: #e72b2b;  '  ><div class='container' ><div class='template-page content  av-content-small alpha units'><div class='post-entry post-entry-type-page post-entry-8290'><div class='entry-content-wrapper clearfix'><\/div><\/div><\/div><!-- close content main div --><\/div><\/div><div id='after_section_2'  class='main_color av_default_container_wrap container_wrap sidebar_right' style=' '  ><div class='container' ><div class='template-page content  av-content-small alpha units'><div class='post-entry post-entry-type-page post-entry-8290'><div class='entry-content-wrapper clearfix'>\n<section class=\"av_textblock_section \"  itemscope=\"itemscope\" itemtype=\"https:\/\/schema.org\/CreativeWork\" ><div class='avia_textblock  '   itemprop=\"text\" ><h2 id=\"section2\">Demandez un devis<\/h2>\n<\/div><\/section>\n\n<\/div><\/div><\/div><!-- close content main div --><\/div><\/div><div id='my_section'  class='avia-section main_color avia-section-no-padding avia-no-shadow  avia-bg-style-scroll  avia-builder-el-26  el_after_av_codeblock  avia-builder-el-last   container_wrap sidebar_right' style='background-color: #e72b2b;  '  ><div class='container' ><div class='template-page content  av-content-small alpha units'><div class='post-entry post-entry-type-page post-entry-8290'><div class='entry-content-wrapper clearfix'><\/div><\/div><\/div><!-- close content main div --><\/div><\/div><div id='after_section_3'  class='main_color av_default_container_wrap container_wrap sidebar_right' style=' '  ><div class='container' ><div class='template-page content  av-content-small alpha units'><div class='post-entry post-entry-type-page post-entry-8290'><div class='entry-content-wrapper clearfix'>\n","protected":false},"excerpt":{"rendered":"","protected":false},"author":1,"featured_media":0,"parent":8247,"menu_order":0,"comment_status":"closed","ping_status":"closed","template":"","meta":{"footnotes":""},"yoast_head":"<!-- This site is optimized with the Yoast SEO plugin v23.5 - https:\/\/yoast.com\/wordpress\/plugins\/seo\/ -->\n<title>Traduction pilot\u00e9e par IA avec post-\u00e9dition humaine<\/title>\n<meta name=\"description\" content=\"Nos solutions s&#039;appuient sur des technologies de traduction neuronale de pointe pour produire des traductions audio et vid\u00e9o... \u00e0 un co\u00fbt abordable.\" \/>\n<meta name=\"robots\" content=\"index, follow, max-snippet:-1, max-image-preview:large, max-video-preview:-1\" \/>\n<link rel=\"canonical\" href=\"https:\/\/www.lenseup.com\/fr\/solutions-video\/traduction-automatique-neuronale-avec-post-edition\/\" \/>\n<meta property=\"og:locale\" content=\"fr_FR\" \/>\n<meta property=\"og:type\" content=\"article\" \/>\n<meta property=\"og:title\" content=\"Traduction pilot\u00e9e par IA avec post-\u00e9dition humaine\" \/>\n<meta property=\"og:description\" content=\"Nos solutions s&#039;appuient sur des technologies de traduction neuronale de pointe pour produire des traductions audio et vid\u00e9o... \u00e0 un co\u00fbt abordable.\" \/>\n<meta property=\"og:url\" content=\"https:\/\/www.lenseup.com\/fr\/solutions-video\/traduction-automatique-neuronale-avec-post-edition\/\" \/>\n<meta property=\"og:site_name\" content=\"LenseUp, solutions vid\u00e9o et audio multilingues. Audioguides, audiobooks, traductions audio et video\" \/>\n<meta property=\"article:modified_time\" content=\"2023-12-30T12:31:09+00:00\" \/>\n<meta name=\"twitter:card\" content=\"summary_large_image\" \/>\n<meta name=\"twitter:label1\" content=\"Dur\u00e9e de lecture estim\u00e9e\" \/>\n\t<meta name=\"twitter:data1\" content=\"11 minutes\" \/>\n<script type=\"application\/ld+json\" class=\"yoast-schema-graph\">{\"@context\":\"https:\/\/schema.org\",\"@graph\":[{\"@type\":\"WebPage\",\"@id\":\"https:\/\/www.lenseup.com\/fr\/solutions-video\/traduction-automatique-neuronale-avec-post-edition\/\",\"url\":\"https:\/\/www.lenseup.com\/fr\/solutions-video\/traduction-automatique-neuronale-avec-post-edition\/\",\"name\":\"Traduction pilot\u00e9e par IA avec post-\u00e9dition humaine\",\"isPartOf\":{\"@id\":\"https:\/\/www.lenseup.com\/fr\/#website\"},\"datePublished\":\"2022-02-27T19:46:56+00:00\",\"dateModified\":\"2023-12-30T12:31:09+00:00\",\"description\":\"Nos solutions s'appuient sur des technologies de traduction neuronale de pointe pour produire des traductions audio et vid\u00e9o... \u00e0 un co\u00fbt abordable.\",\"breadcrumb\":{\"@id\":\"https:\/\/www.lenseup.com\/fr\/solutions-video\/traduction-automatique-neuronale-avec-post-edition\/#breadcrumb\"},\"inLanguage\":\"fr-FR\",\"potentialAction\":[{\"@type\":\"ReadAction\",\"target\":[\"https:\/\/www.lenseup.com\/fr\/solutions-video\/traduction-automatique-neuronale-avec-post-edition\/\"]}]},{\"@type\":\"BreadcrumbList\",\"@id\":\"https:\/\/www.lenseup.com\/fr\/solutions-video\/traduction-automatique-neuronale-avec-post-edition\/#breadcrumb\",\"itemListElement\":[{\"@type\":\"ListItem\",\"position\":1,\"name\":\"Accueil\",\"item\":\"https:\/\/www.lenseup.com\/fr\/7440-2\/\"},{\"@type\":\"ListItem\",\"position\":2,\"name\":\"Des solutions vid\u00e9o pour toucher un public global\",\"item\":\"https:\/\/www.lenseup.com\/fr\/solutions-video\/\"},{\"@type\":\"ListItem\",\"position\":3,\"name\":\"Traduction pilot\u00e9e par IA avec post-\u00e9dition humaine\"}]},{\"@type\":\"WebSite\",\"@id\":\"https:\/\/www.lenseup.com\/fr\/#website\",\"url\":\"https:\/\/www.lenseup.com\/fr\/\",\"name\":\"LenseUp, multilingual audio and video solutions\",\"description\":\"Traductions et contenus audio \/ video dans 30 langues.\",\"potentialAction\":[{\"@type\":\"SearchAction\",\"target\":{\"@type\":\"EntryPoint\",\"urlTemplate\":\"https:\/\/www.lenseup.com\/fr\/?s={search_term_string}\"},\"query-input\":{\"@type\":\"PropertyValueSpecification\",\"valueRequired\":true,\"valueName\":\"search_term_string\"}}],\"inLanguage\":\"fr-FR\"}]}<\/script>\n<!-- \/ Yoast SEO plugin. -->","yoast_head_json":{"title":"Traduction pilot\u00e9e par IA avec post-\u00e9dition humaine","description":"Nos solutions s'appuient sur des technologies de traduction neuronale de pointe pour produire des traductions audio et vid\u00e9o... \u00e0 un co\u00fbt abordable.","robots":{"index":"index","follow":"follow","max-snippet":"max-snippet:-1","max-image-preview":"max-image-preview:large","max-video-preview":"max-video-preview:-1"},"canonical":"https:\/\/www.lenseup.com\/fr\/solutions-video\/traduction-automatique-neuronale-avec-post-edition\/","og_locale":"fr_FR","og_type":"article","og_title":"Traduction pilot\u00e9e par IA avec post-\u00e9dition humaine","og_description":"Nos solutions s'appuient sur des technologies de traduction neuronale de pointe pour produire des traductions audio et vid\u00e9o... \u00e0 un co\u00fbt abordable.","og_url":"https:\/\/www.lenseup.com\/fr\/solutions-video\/traduction-automatique-neuronale-avec-post-edition\/","og_site_name":"LenseUp, solutions vid\u00e9o et audio multilingues. Audioguides, audiobooks, traductions audio et video","article_modified_time":"2023-12-30T12:31:09+00:00","twitter_card":"summary_large_image","twitter_misc":{"Dur\u00e9e de lecture estim\u00e9e":"11 minutes"},"schema":{"@context":"https:\/\/schema.org","@graph":[{"@type":"WebPage","@id":"https:\/\/www.lenseup.com\/fr\/solutions-video\/traduction-automatique-neuronale-avec-post-edition\/","url":"https:\/\/www.lenseup.com\/fr\/solutions-video\/traduction-automatique-neuronale-avec-post-edition\/","name":"Traduction pilot\u00e9e par IA avec post-\u00e9dition humaine","isPartOf":{"@id":"https:\/\/www.lenseup.com\/fr\/#website"},"datePublished":"2022-02-27T19:46:56+00:00","dateModified":"2023-12-30T12:31:09+00:00","description":"Nos solutions s'appuient sur des technologies de traduction neuronale de pointe pour produire des traductions audio et vid\u00e9o... \u00e0 un co\u00fbt abordable.","breadcrumb":{"@id":"https:\/\/www.lenseup.com\/fr\/solutions-video\/traduction-automatique-neuronale-avec-post-edition\/#breadcrumb"},"inLanguage":"fr-FR","potentialAction":[{"@type":"ReadAction","target":["https:\/\/www.lenseup.com\/fr\/solutions-video\/traduction-automatique-neuronale-avec-post-edition\/"]}]},{"@type":"BreadcrumbList","@id":"https:\/\/www.lenseup.com\/fr\/solutions-video\/traduction-automatique-neuronale-avec-post-edition\/#breadcrumb","itemListElement":[{"@type":"ListItem","position":1,"name":"Accueil","item":"https:\/\/www.lenseup.com\/fr\/7440-2\/"},{"@type":"ListItem","position":2,"name":"Des solutions vid\u00e9o pour toucher un public global","item":"https:\/\/www.lenseup.com\/fr\/solutions-video\/"},{"@type":"ListItem","position":3,"name":"Traduction pilot\u00e9e par IA avec post-\u00e9dition humaine"}]},{"@type":"WebSite","@id":"https:\/\/www.lenseup.com\/fr\/#website","url":"https:\/\/www.lenseup.com\/fr\/","name":"LenseUp, multilingual audio and video solutions","description":"Traductions et contenus audio \/ video dans 30 langues.","potentialAction":[{"@type":"SearchAction","target":{"@type":"EntryPoint","urlTemplate":"https:\/\/www.lenseup.com\/fr\/?s={search_term_string}"},"query-input":{"@type":"PropertyValueSpecification","valueRequired":true,"valueName":"search_term_string"}}],"inLanguage":"fr-FR"}]}},"_links":{"self":[{"href":"https:\/\/www.lenseup.com\/fr\/wp-json\/wp\/v2\/pages\/8290"}],"collection":[{"href":"https:\/\/www.lenseup.com\/fr\/wp-json\/wp\/v2\/pages"}],"about":[{"href":"https:\/\/www.lenseup.com\/fr\/wp-json\/wp\/v2\/types\/page"}],"author":[{"embeddable":true,"href":"https:\/\/www.lenseup.com\/fr\/wp-json\/wp\/v2\/users\/1"}],"replies":[{"embeddable":true,"href":"https:\/\/www.lenseup.com\/fr\/wp-json\/wp\/v2\/comments?post=8290"}],"version-history":[{"count":15,"href":"https:\/\/www.lenseup.com\/fr\/wp-json\/wp\/v2\/pages\/8290\/revisions"}],"predecessor-version":[{"id":14703,"href":"https:\/\/www.lenseup.com\/fr\/wp-json\/wp\/v2\/pages\/8290\/revisions\/14703"}],"up":[{"embeddable":true,"href":"https:\/\/www.lenseup.com\/fr\/wp-json\/wp\/v2\/pages\/8247"}],"wp:attachment":[{"href":"https:\/\/www.lenseup.com\/fr\/wp-json\/wp\/v2\/media?parent=8290"}],"curies":[{"name":"wp","href":"https:\/\/api.w.org\/{rel}","templated":true}]}}