{"id":8294,"date":"2022-02-27T20:46:59","date_gmt":"2022-02-27T19:46:59","guid":{"rendered":"https:\/\/www.lenseup.com\/audio-solutions-to-reach-a-worldwide-audience\/"},"modified":"2022-03-25T16:22:45","modified_gmt":"2022-03-25T15:22:45","slug":"solutions-audio","status":"publish","type":"page","link":"https:\/\/www.lenseup.com\/fr\/solutions-audio\/","title":{"rendered":"Solutions audio pour l&rsquo;international"},"content":{"rendered":"<div id='av_section_2'  class='avia-section main_color avia-section-default avia-no-shadow  avia-bg-style-scroll  avia-builder-el-0  el_before_av_section  avia-builder-el-first   container_wrap sidebar_right' style='background-color: #f2f2f2;  '  ><div class='container' ><main  role=\"main\" itemprop=\"mainContentOfPage\"  class='template-page content  av-content-small alpha units'><div class='post-entry post-entry-type-page post-entry-8294'><div class='entry-content-wrapper clearfix'>\n<div  style='padding-bottom:0px; color:#ffffff;font-size:40px;' class='av-special-heading av-special-heading-h1 custom-color-heading blockquote modern-quote  avia-builder-el-1  avia-builder-el-no-sibling  av-inherit-size '><h1 class='av-special-heading-tag '  itemprop=\"headline\"  >Solutions audio pour l\u2019international<\/h1><div class='special-heading-border'><div class='special-heading-inner-border' style='border-color:#ffffff'><\/div><\/div><\/div>\n\n<\/div><\/div><\/main><!-- close content main element --><\/div><\/div><div id='-'  class='avia-section main_color avia-section-default avia-no-border-styling  avia-full-stretch avia-bg-style-scroll  avia-builder-el-2  el_after_av_section  el_before_av_layout_row   av-minimum-height av-minimum-height-custom  container_wrap sidebar_right' style='background-repeat: no-repeat; background-image: url(https:\/\/www.lenseup.com\/wp-content\/uploads\/2022\/02\/audio-translation-1-1030x758.jpg);background-attachment: scroll; background-position: center center;  '  data-section-bg-repeat='stretch'><div class='container' style='height:300px'><div class='template-page content  av-content-small alpha units'><div class='post-entry post-entry-type-page post-entry-8294'><div class='entry-content-wrapper clearfix'>\n<section class=\"av_textblock_section \"  itemscope=\"itemscope\" itemtype=\"https:\/\/schema.org\/CreativeWork\" ><div class='avia_textblock back22 av_inherit_color '  style='color:#ffffff; '  itemprop=\"text\" ><h3>Avec LenseUp, traduisez votre contenu audio dans diff\u00e9rentes langues et touchez une large audience \u00e0 l&rsquo;international.<\/h3>\n<\/div><\/section>\n\n<\/div><\/div><\/div><!-- close content main div --><\/div><\/div><div id='av-layout-grid-1'  class='av-layout-grid-container entry-content-wrapper main_color av-flex-cells     avia-builder-el-4  el_after_av_section  el_before_av_textblock  submenu-not-first container_wrap sidebar_right' style=' '  >\n<div class=\"flex_cell no_margin av_one_third  avia-builder-el-5  el_before_av_cell_one_third  avia-builder-el-first   \"  style='background: #efefef; vertical-align:top; padding:30px; background-color:#efefef; ' ><div class='flex_cell_inner' ><section class=\"av_textblock_section \"  itemscope=\"itemscope\" itemtype=\"https:\/\/schema.org\/CreativeWork\" ><div class='avia_textblock  '   itemprop=\"text\" ><h2>Services audio<\/h2>\n<\/div><\/section><br \/>\n<div  style=' margin-top:0px; margin-bottom:5px;'  class='hr hr-custom hr-left hr-icon-no   avia-builder-el-7  el_after_av_textblock  el_before_av_textblock '><span class='hr-inner  inner-border-av-border-fat' style=' width:180px; border-color:#b02b2c;' ><span class='hr-inner-style'><\/span><\/span><\/div><br \/>\n<section class=\"av_textblock_section \"  itemscope=\"itemscope\" itemtype=\"https:\/\/schema.org\/CreativeWork\" ><div class='avia_textblock  '   itemprop=\"text\" ><ul>\n<li><a href=\"https:\/\/www.lenseup.com\/fr\/audio-solutions-to-reach-a-worldwide-audience\/audio-transcription-services-in-foreign-languages\/\">Transcriptions audio multilingues<\/a> &gt;<\/li>\n<li><a href=\"https:\/\/www.lenseup.com\/fr\/traduction-audio\/\">Traductions audio &gt;<\/a><\/li>\n<li><a href=\"https:\/\/www.lenseup.com\/fr\/agence-voix-off-multilingue\/\">Voix-off multilingues &gt;<\/a><\/li>\n<li><a href=\"https:\/\/www.lenseup.com\/fr\/applications\/resumes-de-fichiers-audio-et-podcasts\/\">R\u00e9sum\u00e9s audio &gt;<\/a><\/li>\n<li><a href=\"https:\/\/www.lenseup.com\/fr\/podcasts-seo-et-referencement\/\">Seo audio&gt;<\/a><\/li>\n<\/ul>\n<\/div><\/section><\/p>\n<\/div><\/div><div class=\"flex_cell no_margin av_one_third  avia-builder-el-9  el_after_av_cell_one_third  el_before_av_cell_one_third   \"  style='background: #f9f9f9; vertical-align:top; padding:30px; background-color:#f9f9f9; ' ><div class='flex_cell_inner' ><section class=\"av_textblock_section \"  itemscope=\"itemscope\" itemtype=\"https:\/\/schema.org\/CreativeWork\" ><div class='avia_textblock  '   itemprop=\"text\" ><h2>Applications<\/h2>\n<\/div><\/section><br \/>\n<div  style=' margin-top:0px; margin-bottom:5px;'  class='hr hr-custom hr-left hr-icon-no   avia-builder-el-11  el_after_av_textblock  el_before_av_textblock '><span class='hr-inner  inner-border-av-border-fat' style=' width:180px; border-color:#b02b2c;' ><span class='hr-inner-style'><\/span><\/span><\/div><br \/>\n<section class=\"av_textblock_section \"  itemscope=\"itemscope\" itemtype=\"https:\/\/schema.org\/CreativeWork\" ><div class='avia_textblock  '   itemprop=\"text\" ><ul>\n<li><a href=\"https:\/\/www.lenseup.com\/fr\/applications\/podcasts-multilingues-traduction\/\">Traduction de podcasts &gt;<\/a><\/li>\n<li><a href=\"https:\/\/www.lenseup.com\/fr\/applications\/traduction-audio-guides-multimedia\/\">Audioguides &gt;<\/a><\/li>\n<li><a href=\"https:\/\/www.lenseup.com\/fr\/applications\/contenus-audio-multilingues\/\">Marketing audio &gt;<\/a><\/li>\n<li><a href=\"https:\/\/www.lenseup.com\/fr\/applications\/videos-news-secteur-information\/\">Traductions de news &gt;<\/a><\/li>\n<li><a href=\"https:\/\/www.lenseup.com\/fr\/audio-solutions-to-reach-a-worldwide-audience\/audio-translations-for-ivr-telephony-contact-centers\/\">Rvi, t\u00e9l\u00e9phonie et call centers &gt;<\/a><\/li>\n<li>\n<div class=\"CCgQ5 vCa9Yd QfkTvb MUxGbd v0nnCb\" role=\"heading\" aria-level=\"3\"><a href=\"https:\/\/www.lenseup.com\/fr\/audio-solutions-to-reach-a-worldwide-audience\/hyper-personalized-audio-automation-and-recordings\/\">Messages audio hyper-personnalis\u00e9s &gt;<\/a><\/div>\n<\/li>\n<\/ul>\n<\/div><\/section><\/p>\n<\/div><\/div><div class=\"flex_cell no_margin av_one_third  avia-builder-el-13  el_after_av_cell_one_third  avia-builder-el-last   \"  style='background: #efefef; vertical-align:top; padding:30px; background-color:#efefef; ' ><div class='flex_cell_inner' ><section class=\"av_textblock_section \"  itemscope=\"itemscope\" itemtype=\"https:\/\/schema.org\/CreativeWork\" ><div class='avia_textblock  '   itemprop=\"text\" ><h2>Technologies<\/h2>\n<\/div><\/section><br \/>\n<div  style=' margin-top:0px; margin-bottom:5px;'  class='hr hr-custom hr-left hr-icon-no   avia-builder-el-15  el_after_av_textblock  el_before_av_textblock '><span class='hr-inner  inner-border-av-border-fat' style=' width:180px; border-color:#b02b2c;' ><span class='hr-inner-style'><\/span><\/span><\/div><br \/>\n<section class=\"av_textblock_section \"  itemscope=\"itemscope\" itemtype=\"https:\/\/schema.org\/CreativeWork\" ><div class='avia_textblock  '   itemprop=\"text\" ><p>L&rsquo;intelligence artificielle est au c\u0153ur de nos processus et est essentielle \u00e0 notre r\u00e9ussite.\u00a0 Nous proposons des services innovants, et \u00e0 co\u00fbt abordable, gr\u00e2ce \u00e0 des algorithmes \u00e9voluant de fa\u00e7on permanente.<\/p>\n<ul>\n<li><a href=\"https:\/\/www.lenseup.com\/fr\/audio-solutions-to-reach-a-worldwide-audience\/audio-transcription-services-in-foreign-languages\/\">Transcription\u00a0 audio\u00a0 &gt;<\/a><\/li>\n<li><a href=\"https:\/\/www.lenseup.com\/fr\/technologie-text-to-speech-multilingue\/\">Synth\u00e8se vocale et artistes de voix off &gt;\u00a0<\/a><\/li>\n<li><a href=\"https:\/\/www.lenseup.com\/fr\/des-solutions-video-pour-toucher-un-public-global\/neural-machine-translation-with-human-post-editing\/\">Traduction automatique neuronale avec post-\u00e9dition &gt;<\/a><\/li>\n<li>Clonage de la voix (prochainement)<\/li>\n<\/ul>\n<\/div><\/section><\/p>\n<\/div><\/div>\n<\/div><div id='after_submenu_1'  class='main_color av_default_container_wrap container_wrap sidebar_right' style=' '  ><div class='container' ><div class='template-page content  av-content-small alpha units'><div class='post-entry post-entry-type-page post-entry-8294'><div class='entry-content-wrapper clearfix'>\n<section class=\"av_textblock_section \"  itemscope=\"itemscope\" itemtype=\"https:\/\/schema.org\/CreativeWork\" ><div class='avia_textblock  '   itemprop=\"text\" ><p>LenseUp vous propose d&rsquo;adapter vos contenus audio en diff\u00e9rentes langues et de toucher des millions de personnes dans le monde entier. Contactez-nous d\u00e8s maintenant!<\/p>\n<\/div><\/section>\n<\/div><\/div><\/div><!-- close content main div --><\/div><\/div><div id='my_section'  class='avia-section main_color avia-section-no-padding avia-no-shadow  avia-bg-style-scroll  avia-builder-el-18  el_after_av_textblock  el_before_av_textblock   container_wrap sidebar_right' style='background-color: #e72b2b;  '  ><div class='container' ><div class='template-page content  av-content-small alpha units'><div class='post-entry post-entry-type-page post-entry-8294'><div class='entry-content-wrapper clearfix'>\n<\/div><\/div><\/div><!-- close content main div --><\/div><\/div><div id='after_section_3'  class='main_color av_default_container_wrap container_wrap sidebar_right' style=' '  ><div class='container' ><div class='template-page content  av-content-small alpha units'><div class='post-entry post-entry-type-page post-entry-8294'><div class='entry-content-wrapper clearfix'><section class=\"av_textblock_section  av-mini-hide\"  itemscope=\"itemscope\" itemtype=\"https:\/\/schema.org\/CreativeWork\" ><div class='avia_textblock  '   itemprop=\"text\" ><h2 style=\"text-align: center;\">Demandez un devis<\/h2>\n<\/div><\/section><\/p>\n<form action=\"https:\/\/www.lenseup.com\/fr\/solutions-audio\/\" method=\"post\"  class=\"avia_ajax_form av-form-labels-visible   avia-builder-el-20  el_after_av_textblock  el_before_av_section  avia-builder-el-last   \" data-avia-form-id=\"1\" data-avia-redirect='' ><fieldset><p class='  first_form  form_element form_fullwidth' id='element_avia_1_1'><label for=\"avia_1_1\">Entreprise<\/label> <input name=\"avia_1_1\" class=\"text_input \" type=\"text\" id=\"avia_1_1\" value=\"\" \/><\/p><p class='  first_form  form_element form_fullwidth' id='element_avia_2_1'><label for=\"avia_2_1\">Nom et pr\u00e9nom <abbr class=\"required\" title=\"requis\">*<\/abbr><\/label> <input name=\"avia_2_1\" class=\"text_input is_empty\" type=\"text\" id=\"avia_2_1\" value=\"\" \/><\/p><p class='  first_form  form_element form_fullwidth' id='element_avia_3_1'><label for=\"avia_3_1\">Adresse mail <abbr class=\"required\" title=\"requis\">*<\/abbr><\/label> <input name=\"avia_3_1\" class=\"text_input is_ext_email\" type=\"text\" id=\"avia_3_1\" value=\"\" \/><\/p><p class='  first_form  form_element form_fullwidth' id='element_avia_4_1'><label for=\"avia_4_1\">Sujet <abbr class=\"required\" title=\"requis\">*<\/abbr><\/label> <input name=\"avia_4_1\" class=\"text_input is_empty\" type=\"text\" id=\"avia_4_1\" value=\"\" \/><\/p><p class='  first_form  form_element form_fullwidth' id='element_avia_5_1'><label for=\"avia_5_1\" class=\"textare_label hidden textare_label_avia_5_1\">Message <abbr class=\"required\" title=\"requis\">*<\/abbr><\/label><textarea  name=\"avia_5_1\" class=\"text_area is_empty\" cols=\"40\" rows=\"7\" id=\"avia_5_1\" ><\/textarea><\/p><p class=\"hidden\"><input type=\"text\" name=\"avia_6_1\" class=\"hidden \" id=\"avia_6_1\" value=\"\" \/><\/p><div id='avia_7_1' class='av-recaptcha-area  first_form  form_element form_fullwidth '  data-container_class=\"\" data-custom_class=\"\" data-context=\"av_contact_form\" data-token_input=\"av_recaptcha_token\" data-version=\"avia_recaptcha_v2\" data-theme=\"light\" data-size=\"normal\" data-score=\"0.5\" data-text_to_preview=\"\" data-value=\"\"><div class=\"av-google-badge-message hidden\">This site is protected by reCAPTCHA and the Google <a href=\"https:\/\/policies.google.com\/privacy\">Privacy Policy<\/a> and <a href=\"https:\/\/policies.google.com\/terms\">Terms of Service<\/a> apply.<\/div><\/div><p class=\"form_element \"><input type=\"hidden\" value=\"1\" name=\"avia_generated_form1\" \/><input type=\"submit\" value=\"Envoyer\" class=\"button\"  data-sending-label=\"Envoi\"\/><\/p><\/fieldset><div class=\"avia-disabled-form\">This contact form is deactivated because you refused to accept Google reCaptcha service which is necessary to validate any messages sent by the form.<\/div><\/form><div id=\"ajaxresponse_1\" class=\"ajaxresponse ajaxresponse_1 hidden\"><\/div>\n<\/div><\/div><\/div><!-- close content main div --><\/div><\/div><div id='my_section'  class='avia-section main_color avia-section-no-padding avia-no-shadow  avia-bg-style-scroll  avia-builder-el-21  el_after_av_contact  avia-builder-el-last   container_wrap sidebar_right' style='background-color: #e72b2b;  '  ><div class='container' ><div class='template-page content  av-content-small alpha units'><div class='post-entry post-entry-type-page post-entry-8294'><div class='entry-content-wrapper clearfix'><\/div><\/div><\/div><!-- close content main div --><\/div><\/div><div id='after_section_4'  class='main_color av_default_container_wrap container_wrap sidebar_right' style=' '  ><div class='container' ><div class='template-page content  av-content-small alpha units'><div class='post-entry post-entry-type-page post-entry-8294'><div class='entry-content-wrapper clearfix'>\n","protected":false},"excerpt":{"rendered":"","protected":false},"author":1,"featured_media":0,"parent":0,"menu_order":0,"comment_status":"closed","ping_status":"closed","template":"","meta":{"footnotes":""},"yoast_head":"<!-- This site is optimized with the Yoast SEO plugin v23.5 - https:\/\/yoast.com\/wordpress\/plugins\/seo\/ -->\n<title>Solutions audio pour l&#039;international<\/title>\n<meta name=\"description\" content=\"Avec LenseUp, traduisez vos contenus audio dans plus de 30 langues, et touchez un large public \u00e0 l&#039;international.\" \/>\n<meta name=\"robots\" content=\"index, follow, max-snippet:-1, max-image-preview:large, max-video-preview:-1\" \/>\n<link rel=\"canonical\" href=\"https:\/\/www.lenseup.com\/fr\/solutions-audio\/\" \/>\n<meta property=\"og:locale\" content=\"fr_FR\" \/>\n<meta property=\"og:type\" content=\"article\" \/>\n<meta property=\"og:title\" content=\"Solutions audio pour l&#039;international\" \/>\n<meta property=\"og:description\" content=\"Avec LenseUp, traduisez vos contenus audio dans plus de 30 langues, et touchez un large public \u00e0 l&#039;international.\" \/>\n<meta property=\"og:url\" content=\"https:\/\/www.lenseup.com\/fr\/solutions-audio\/\" \/>\n<meta property=\"og:site_name\" content=\"LenseUp, solutions vid\u00e9o et audio multilingues. Audioguides, audiobooks, traductions audio et video\" \/>\n<meta property=\"article:modified_time\" content=\"2022-03-25T15:22:45+00:00\" \/>\n<meta name=\"twitter:card\" content=\"summary_large_image\" \/>\n<meta name=\"twitter:label1\" content=\"Dur\u00e9e de lecture estim\u00e9e\" \/>\n\t<meta name=\"twitter:data1\" content=\"3 minutes\" \/>\n<script type=\"application\/ld+json\" class=\"yoast-schema-graph\">{\"@context\":\"https:\/\/schema.org\",\"@graph\":[{\"@type\":\"WebPage\",\"@id\":\"https:\/\/www.lenseup.com\/fr\/solutions-audio\/\",\"url\":\"https:\/\/www.lenseup.com\/fr\/solutions-audio\/\",\"name\":\"Solutions audio pour l'international\",\"isPartOf\":{\"@id\":\"https:\/\/www.lenseup.com\/fr\/#website\"},\"datePublished\":\"2022-02-27T19:46:59+00:00\",\"dateModified\":\"2022-03-25T15:22:45+00:00\",\"description\":\"Avec LenseUp, traduisez vos contenus audio dans plus de 30 langues, et touchez un large public \u00e0 l'international.\",\"breadcrumb\":{\"@id\":\"https:\/\/www.lenseup.com\/fr\/solutions-audio\/#breadcrumb\"},\"inLanguage\":\"fr-FR\",\"potentialAction\":[{\"@type\":\"ReadAction\",\"target\":[\"https:\/\/www.lenseup.com\/fr\/solutions-audio\/\"]}]},{\"@type\":\"BreadcrumbList\",\"@id\":\"https:\/\/www.lenseup.com\/fr\/solutions-audio\/#breadcrumb\",\"itemListElement\":[{\"@type\":\"ListItem\",\"position\":1,\"name\":\"Accueil\",\"item\":\"https:\/\/www.lenseup.com\/fr\/7440-2\/\"},{\"@type\":\"ListItem\",\"position\":2,\"name\":\"Solutions audio pour l&rsquo;international\"}]},{\"@type\":\"WebSite\",\"@id\":\"https:\/\/www.lenseup.com\/fr\/#website\",\"url\":\"https:\/\/www.lenseup.com\/fr\/\",\"name\":\"LenseUp, multilingual audio and video solutions\",\"description\":\"Traductions et contenus audio \/ video dans 30 langues.\",\"potentialAction\":[{\"@type\":\"SearchAction\",\"target\":{\"@type\":\"EntryPoint\",\"urlTemplate\":\"https:\/\/www.lenseup.com\/fr\/?s={search_term_string}\"},\"query-input\":{\"@type\":\"PropertyValueSpecification\",\"valueRequired\":true,\"valueName\":\"search_term_string\"}}],\"inLanguage\":\"fr-FR\"}]}<\/script>\n<!-- \/ Yoast SEO plugin. -->","yoast_head_json":{"title":"Solutions audio pour l'international","description":"Avec LenseUp, traduisez vos contenus audio dans plus de 30 langues, et touchez un large public \u00e0 l'international.","robots":{"index":"index","follow":"follow","max-snippet":"max-snippet:-1","max-image-preview":"max-image-preview:large","max-video-preview":"max-video-preview:-1"},"canonical":"https:\/\/www.lenseup.com\/fr\/solutions-audio\/","og_locale":"fr_FR","og_type":"article","og_title":"Solutions audio pour l'international","og_description":"Avec LenseUp, traduisez vos contenus audio dans plus de 30 langues, et touchez un large public \u00e0 l'international.","og_url":"https:\/\/www.lenseup.com\/fr\/solutions-audio\/","og_site_name":"LenseUp, solutions vid\u00e9o et audio multilingues. Audioguides, audiobooks, traductions audio et video","article_modified_time":"2022-03-25T15:22:45+00:00","twitter_card":"summary_large_image","twitter_misc":{"Dur\u00e9e de lecture estim\u00e9e":"3 minutes"},"schema":{"@context":"https:\/\/schema.org","@graph":[{"@type":"WebPage","@id":"https:\/\/www.lenseup.com\/fr\/solutions-audio\/","url":"https:\/\/www.lenseup.com\/fr\/solutions-audio\/","name":"Solutions audio pour l'international","isPartOf":{"@id":"https:\/\/www.lenseup.com\/fr\/#website"},"datePublished":"2022-02-27T19:46:59+00:00","dateModified":"2022-03-25T15:22:45+00:00","description":"Avec LenseUp, traduisez vos contenus audio dans plus de 30 langues, et touchez un large public \u00e0 l'international.","breadcrumb":{"@id":"https:\/\/www.lenseup.com\/fr\/solutions-audio\/#breadcrumb"},"inLanguage":"fr-FR","potentialAction":[{"@type":"ReadAction","target":["https:\/\/www.lenseup.com\/fr\/solutions-audio\/"]}]},{"@type":"BreadcrumbList","@id":"https:\/\/www.lenseup.com\/fr\/solutions-audio\/#breadcrumb","itemListElement":[{"@type":"ListItem","position":1,"name":"Accueil","item":"https:\/\/www.lenseup.com\/fr\/7440-2\/"},{"@type":"ListItem","position":2,"name":"Solutions audio pour l&rsquo;international"}]},{"@type":"WebSite","@id":"https:\/\/www.lenseup.com\/fr\/#website","url":"https:\/\/www.lenseup.com\/fr\/","name":"LenseUp, multilingual audio and video solutions","description":"Traductions et contenus audio \/ video dans 30 langues.","potentialAction":[{"@type":"SearchAction","target":{"@type":"EntryPoint","urlTemplate":"https:\/\/www.lenseup.com\/fr\/?s={search_term_string}"},"query-input":{"@type":"PropertyValueSpecification","valueRequired":true,"valueName":"search_term_string"}}],"inLanguage":"fr-FR"}]}},"_links":{"self":[{"href":"https:\/\/www.lenseup.com\/fr\/wp-json\/wp\/v2\/pages\/8294"}],"collection":[{"href":"https:\/\/www.lenseup.com\/fr\/wp-json\/wp\/v2\/pages"}],"about":[{"href":"https:\/\/www.lenseup.com\/fr\/wp-json\/wp\/v2\/types\/page"}],"author":[{"embeddable":true,"href":"https:\/\/www.lenseup.com\/fr\/wp-json\/wp\/v2\/users\/1"}],"replies":[{"embeddable":true,"href":"https:\/\/www.lenseup.com\/fr\/wp-json\/wp\/v2\/comments?post=8294"}],"version-history":[{"count":11,"href":"https:\/\/www.lenseup.com\/fr\/wp-json\/wp\/v2\/pages\/8294\/revisions"}],"predecessor-version":[{"id":8474,"href":"https:\/\/www.lenseup.com\/fr\/wp-json\/wp\/v2\/pages\/8294\/revisions\/8474"}],"wp:attachment":[{"href":"https:\/\/www.lenseup.com\/fr\/wp-json\/wp\/v2\/media?parent=8294"}],"curies":[{"name":"wp","href":"https:\/\/api.w.org\/{rel}","templated":true}]}}