{"id":8302,"date":"2022-02-27T20:47:06","date_gmt":"2022-02-27T19:47:06","guid":{"rendered":"https:\/\/www.lenseup.com\/audio-solutions-to-reach-a-worldwide-audience\/hyper-personalized-audio-automation-and-recordings\/"},"modified":"2024-01-01T17:28:23","modified_gmt":"2024-01-01T16:28:23","slug":"automatisation-et-enregistrements-audio-personnalises","status":"publish","type":"page","link":"https:\/\/www.lenseup.com\/fr\/solutions-audio\/automatisation-et-enregistrements-audio-personnalises\/","title":{"rendered":"Automatisation et enregistrements audio hyper-personnalis\u00e9s"},"content":{"rendered":"<div id='av_section_2'  class='avia-section main_color avia-section-default avia-no-shadow  avia-bg-style-scroll  avia-builder-el-0  el_before_av_one_full  avia-builder-el-first   container_wrap sidebar_right' style='background-color: #f2f2f2;  '  ><div class='container' ><main  role=\"main\" itemprop=\"mainContentOfPage\"  class='template-page content  av-content-small alpha units'><div class='post-entry post-entry-type-page post-entry-8302'><div class='entry-content-wrapper clearfix'>\n<div  style='padding-bottom:0px; color:#ffffff;font-size:35px;' class='av-special-heading av-special-heading-h1 custom-color-heading blockquote modern-quote  avia-builder-el-1  avia-builder-el-no-sibling  av-inherit-size '><h1 class='av-special-heading-tag '  itemprop=\"headline\"  >Automatisation audio hyper-personnalis\u00e9e<\/h1><div class='special-heading-border'><div class='special-heading-inner-border' style='border-color:#ffffff'><\/div><\/div><\/div>\n<\/div><\/div><\/main><!-- close content main element --><\/div><\/div><div id='after_section_1'  class='main_color av_default_container_wrap container_wrap sidebar_right' style=' '  ><div class='container' ><div class='template-page content  av-content-small alpha units'><div class='post-entry post-entry-type-page post-entry-8302'><div class='entry-content-wrapper clearfix'>\n<div class=\"flex_column av_one_full  flex_column_div av-zero-column-padding first  avia-builder-el-2  el_after_av_section  el_before_av_one_full  avia-builder-el-first  \" style='border-radius:0px; '><div   class='av_promobox  avia-button-no   avia-builder-el-3  avia-builder-el-no-sibling '>\t\t<div class='avia-promocontent'><\/p>\n<blockquote>\n<p>Si vous souhaitez vous d\u00e9marquer sur un march\u00e9 satur\u00e9, la personnalisation audio est une excellente strat\u00e9gie. Nous pouvons g\u00e9n\u00e9rer\u00a0 des fichiers audio personnalis\u00e9s en 30 langues.<\/p>\n<\/blockquote>\n<p>\n<\/div><\/div><\/div><div class=\"flex_column av_one_full  flex_column_div av-zero-column-padding first  avia-builder-el-4  el_after_av_one_full  el_before_av_one_half  column-top-margin\" style='border-radius:0px; '><section class=\"av_textblock_section \"  itemscope=\"itemscope\" itemtype=\"https:\/\/schema.org\/CreativeWork\" ><div class='avia_textblock  '   itemprop=\"text\" ><p>Am\u00e9liorez l&rsquo;engagement de vos clients avec des messages audio personnalis\u00e9s. Mixez des donn\u00e9es sp\u00e9cifiques pour produire des fichiers audio personnalis\u00e9s et ainsi offrir aux clients la meilleure exp\u00e9rience possible. Vous pouvez d\u00e9sormais automatiser l&rsquo;ensemble du processus de production audio \u00e0 partir de texte avec LenseUp !<\/p>\n<\/div><\/section><\/div><\/p>\n<div class=\"flex_column av_one_half  flex_column_div av-zero-column-padding first  avia-builder-el-6  el_after_av_one_full  el_before_av_one_half  column-top-margin\" style='border-radius:0px; '><section class=\"av_textblock_section \"  itemscope=\"itemscope\" itemtype=\"https:\/\/schema.org\/CreativeWork\" ><div class='avia_textblock  '   itemprop=\"text\" ><h2>Des campagnes audio personnalis\u00e9es pour toucher vos clients internationaux<\/h2>\n<p>Jusqu&rsquo;\u00e0 pr\u00e9sent, l&rsquo;audio n&rsquo;\u00e9tait pas propos\u00e9 pour la personnalisation, sous pr\u00e9texte qu&rsquo;il n&rsquo;\u00e9tait pas \u00ab\u00a0scalable\u00a0\u00bb, qu&rsquo;il \u00e9tait difficile de le produire \u00e0 grande \u00e9chelle. Nous vous proposons d\u00e9sormais une approche pour cr\u00e9er du contenu audio rapidement, \u00e0 moindre co\u00fbt et avec une personnalisation illimit\u00e9e des enregistrements.<\/p>\n<p>La personnalisation audio est efficace pour sensibiliser vos clients, et LenseUp vous accompagne pour vos projets audio en 30 langues.<\/p>\n<\/div><\/section><\/div>\n<div class=\"flex_column av_one_half  flex_column_div av-zero-column-padding   avia-builder-el-8  el_after_av_one_half  el_before_av_layout_row  avia-builder-el-last  column-top-margin\" style='border-radius:0px; '><section class=\"av_textblock_section \"  itemscope=\"itemscope\" itemtype=\"https:\/\/schema.org\/CreativeWork\" ><div class='avia_textblock  '   itemprop=\"text\" ><h2>Pour attirer l&rsquo;attention de vos clients, vous devez communiquer avec eux.<\/h2>\n<p>Si vous souhaitez vous distinguer de la concurrence, une communication ultra personnalis\u00e9e peut faire la diff\u00e9rence! Dans cette nouvelle \u00e8re, la communication individuelle est un plus. Les marques doivent engager le dialogue avec les acheteurs et r\u00e9pondre individuellement \u00e0 leurs questions, demandes et commentaires. En personnalisant vos communications, vous augmenterez la confiance accord\u00e9e \u00e0 votre entreprise, et convertissez davantage de visiteurs en clients.<\/p>\n<p>Avec LenseUp, \u00e9tablissez un dialogue plus personnel avec votre audience.\u00a0 Vous avez ainsi la possibilit\u00e9 de cr\u00e9er des enregistrements audio uniques pour chaque client. Un fichier audio avec une voix off dans la langue de votre client, un audio aussi unique que lui.<\/p>\n<\/div><\/section><\/div>\n<\/div><\/div><\/div><!-- close content main div --><\/div><\/div><div id='best-rated'  class='av-layout-grid-container entry-content-wrapper main_color av-flex-cells     avia-builder-el-10  el_after_av_one_half  el_before_av_heading  submenu-not-first container_wrap sidebar_right' style=' '  >\n<div class=\"flex_cell no_margin av_one_half  avia-builder-el-11  el_before_av_cell_one_half  avia-builder-el-first   \"  style='vertical-align:middle; padding:50px 80px 50px 6% ; background-color:#f8f8f8; ' ><div class='flex_cell_inner' ><section class=\"av_textblock_section \"  itemscope=\"itemscope\" itemtype=\"https:\/\/schema.org\/CreativeWork\" ><div class='avia_textblock  '   itemprop=\"text\" ><h2>Pour quels secteurs ?<\/h2>\n<p>De nombreux secteurs peuvent b\u00e9n\u00e9ficier des possibilit\u00e9s de cr\u00e9er des contenus audio uniques \u00e0 partir de donn\u00e9es sp\u00e9cifiques, et proposer des contenus auxquels les clients pr\u00eateront r\u00e9ellement attention. La personnalisation audio peut \u00eatre utilis\u00e9e dans de nombreux secteurs d&rsquo;activit\u00e9 :<\/p>\n<ul>\n<li>Banque<\/li>\n<li>Editeurs de podcasts<\/li>\n<li>Assurance<\/li>\n<li>Voyage &amp; hospitalit\u00e9<\/li>\n<li>\u00c9ducation<\/li>\n<li>Vente au d\u00e9tail en ligne<\/li>\n<li>Publicit\u00e9<\/li>\n<\/ul>\n<\/div><\/section><br \/>\n<section class=\"av_textblock_section \"  itemscope=\"itemscope\" itemtype=\"https:\/\/schema.org\/CreativeWork\" ><div class='avia_textblock  '   itemprop=\"text\" ><h2>Pour quels utilisations?<\/h2>\n<p>Si vous souhaitez toucher un large public, les vid\u00e9os personnalis\u00e9es sont essentielles.<\/p>\n<ul>\n<li>Messages vocaux<\/li>\n<li>Podcasts et histoires personnalis\u00e9es<\/li>\n<li>Emailing<\/li>\n<li>Outreach<\/li>\n<li>\u00c9ducation<\/li>\n<li>Communication interne<\/li>\n<li>Newsletters<\/li>\n<\/ul>\n<\/div><\/section><br \/>\n<section class=\"av_textblock_section \"  itemscope=\"itemscope\" itemtype=\"https:\/\/schema.org\/CreativeWork\" ><div class='avia_textblock  '   itemprop=\"text\" ><h2>Qu&rsquo;est-ce qui nous rend uniques ?<\/h2>\n<ul>\n<li>\u00a0Partez d&rsquo;un simple texte et d&rsquo;un fichier excel, et obtenez des milliers de fichiers audio, personnalis\u00e9s, avec fond musical ou effets speciaux.<\/li>\n<li>Voix-off personnalis\u00e9e gr\u00e2ce \u00e0 des technologies TTS de pointe. Plus de 400 voix disponibles en 30 langues.<\/li>\n<li>Des conseils personnalis\u00e9s pour la cr\u00e9ation de contenus audio adapt\u00e9s \u00e0 vos besoins sp\u00e9cifiques<\/li>\n<li>Fichiers audio personnalis\u00e9s multilingues<\/li>\n<\/ul>\n<\/div><\/section><br \/>\n<div  style='height:20px' class='hr hr-invisible   avia-builder-el-15  el_after_av_textblock  el_before_av_hr '><span class='hr-inner ' ><span class='hr-inner-style'><\/span><\/span><\/div><br \/>\n<div  style='height:42px' class='hr hr-invisible   avia-builder-el-16  el_after_av_hr  el_before_av_button '><span class='hr-inner ' ><span class='hr-inner-style'><\/span><\/span><\/div><br \/>\n<div  class='avia-button-wrap avia-button-left  avia-builder-el-17  el_after_av_hr  avia-builder-el-last ' ><a href='#section2'  class='avia-button av-icon-on-hover avia-color-theme-color   avia-icon_select-yes-left-icon avia-size-large avia-position-left '   ><span class='avia_button_icon avia_button_icon_left ' aria-hidden='true' data-av_icon='\ue859' data-av_iconfont='entypo-fontello'><\/span><span class='avia_iconbox_title' >Demander un devis<\/span><\/a><\/div><\/p>\n<\/div><\/div><div class=\"flex_cell no_margin av_one_half  avia-builder-el-18  el_after_av_cell_one_half  avia-builder-el-last   avia-full-stretch \"  style='background:url(https:\/\/www.lenseup.com\/wp-content\/uploads\/2022\/02\/video-personalization-1030x1030.jpg) bottom left no-repeat scroll #f8f8f8; vertical-align:middle; padding:200px 0px 200px 0px ; background-color:#f8f8f8; ' ><div class='flex_cell_inner' ><\/div><\/div>\n<\/div><div id='after_submenu_1'  class='main_color av_default_container_wrap container_wrap sidebar_right' style=' '  ><div class='container' ><div class='template-page content  av-content-small alpha units'><div class='post-entry post-entry-type-page post-entry-8302'><div class='entry-content-wrapper clearfix'>\n<div  style='padding-bottom:15px; color:#000000;' class='av-special-heading av-special-heading-h2 custom-color-heading   avia-builder-el-19  el_after_av_layout_row  el_before_av_one_half  avia-builder-el-first  '><h2 class='av-special-heading-tag '  itemprop=\"headline\"  >Enregistrements audio hyper personnalis\u00e9s dans plus de 30 langues<\/h2><div class='special-heading-border'><div class='special-heading-inner-border' style='border-color:#000000'><\/div><\/div><\/div>\n<div class=\"flex_column av_one_half  flex_column_div av-zero-column-padding first  avia-builder-el-20  el_after_av_heading  el_before_av_one_half  \" style='border-radius:0px; '><section class=\"av_textblock_section \"  itemscope=\"itemscope\" itemtype=\"https:\/\/schema.org\/CreativeWork\" ><div class='avia_textblock  '   itemprop=\"text\" ><p>Enregistrements audio hyper personnalis\u00e9s en arabe<br \/>\nEnregistrements audio hyper personnalis\u00e9s en chinois simplifi\u00e9<br \/>\nEnregistrements audio hyper personnalis\u00e9s en catalan<br \/>\nEnregistrements audio hyper personnalis\u00e9s en danois<br \/>\nEnregistrements audio hyper personnalis\u00e9s en n\u00e9erlandais<br \/>\nEnregistrements audio hyper personnalis\u00e9s en anglais<br \/>\nEnregistrements audio hyper personnalis\u00e9s en finnois<br \/>\nEnregistrements audio hyper personnalis\u00e9s en fran\u00e7ais<br \/>\nEnregistrements audio hyper personnalis\u00e9s en allemand<br \/>\nEnregistrements audio hyper personnalis\u00e9s en grec<br \/>\nEnregistrements audio hyper personnalis\u00e9s en russe<br \/>\nEnregistrements audio hyper personnalis\u00e9s en hindi<br \/>\nEnregistrements audio hyper personnalis\u00e9s en hongrois<\/p>\n<\/div><\/section><\/div>\n<div class=\"flex_column av_one_half  flex_column_div av-zero-column-padding   avia-builder-el-22  el_after_av_one_half  el_before_av_section  avia-builder-el-last  \" style='border-radius:0px; '><section class=\"av_textblock_section \"  itemscope=\"itemscope\" itemtype=\"https:\/\/schema.org\/CreativeWork\" ><div class='avia_textblock  '   itemprop=\"text\" ><p>Enregistrements audio hyper personnalis\u00e9s en cor\u00e9en<br \/>\nEnregistrements audio hyper personnalis\u00e9s en norv\u00e9gien<br \/>\nEnregistrements audio hyper personnalis\u00e9s en polonais<br \/>\nEnregistrements audio hyper personnalis\u00e9s en portugais pour le Br\u00e9sil<br \/>\nEnregistrements audio hyper personnalis\u00e9s en portugais pour le Portugal<br \/>\nEnregistrements audio hyper personnalis\u00e9s en russe<br \/>\nEnregistrements audio hyper personnalis\u00e9s en espagnol pour l&rsquo;Europe<br \/>\nEnregistrements audio hyper personnalis\u00e9s en espagnol pour l&rsquo;Am\u00e9rique latine<br \/>\nEnregistrements audio hyper personnalis\u00e9s en su\u00e9dois<br \/>\nEnregistrements audio hyper personnalis\u00e9s en turc<br \/>\nEnregistrements audio hyper personnalis\u00e9s en serbe<br \/>\nEnregistrements audio hyper personnalis\u00e9s en indon\u00e9sien<\/p>\n<\/div><\/section><\/div>\n<\/div><\/div><\/div><!-- close content main div --><\/div><\/div><div id='my_section'  class='avia-section main_color avia-section-no-padding avia-no-shadow  avia-bg-style-scroll  avia-builder-el-24  el_after_av_one_half  el_before_av_textblock   container_wrap sidebar_right' style='background-color: #e72b2b;  '  ><div class='container' ><div class='template-page content  av-content-small alpha units'><div class='post-entry post-entry-type-page post-entry-8302'><div class='entry-content-wrapper clearfix'><\/div><\/div><\/div><!-- close content main div --><\/div><\/div><div id='after_section_2'  class='main_color av_default_container_wrap container_wrap sidebar_right' style=' '  ><div class='container' ><div class='template-page content  av-content-small alpha units'><div class='post-entry post-entry-type-page post-entry-8302'><div class='entry-content-wrapper clearfix'>\n<section class=\"av_textblock_section \"  itemscope=\"itemscope\" itemtype=\"https:\/\/schema.org\/CreativeWork\" ><div class='avia_textblock  '   itemprop=\"text\" ><h2 id=\"section2\">Demandez un devis<\/h2>\n<\/div><\/section>\n\n<\/div><\/div><\/div><!-- close content main div --><\/div><\/div><div id='my_section'  class='avia-section main_color avia-section-no-padding avia-no-shadow  avia-bg-style-scroll  avia-builder-el-27  el_after_av_codeblock  avia-builder-el-last   container_wrap sidebar_right' style='background-color: #e72b2b;  '  ><div class='container' ><div class='template-page content  av-content-small alpha units'><div class='post-entry post-entry-type-page post-entry-8302'><div class='entry-content-wrapper clearfix'><\/div><\/div><\/div><!-- close content main div --><\/div><\/div><div id='after_section_3'  class='main_color av_default_container_wrap container_wrap sidebar_right' style=' '  ><div class='container' ><div class='template-page content  av-content-small alpha units'><div class='post-entry post-entry-type-page post-entry-8302'><div class='entry-content-wrapper clearfix'>\n","protected":false},"excerpt":{"rendered":"","protected":false},"author":1,"featured_media":0,"parent":8294,"menu_order":0,"comment_status":"closed","ping_status":"closed","template":"","meta":{"footnotes":""},"yoast_head":"<!-- This site is optimized with the Yoast SEO plugin v23.5 - https:\/\/yoast.com\/wordpress\/plugins\/seo\/ -->\n<title>Automatisation et enregistrements audio hyper-personnalis\u00e9s<\/title>\n<meta name=\"description\" content=\"Nous automatisons la cr\u00e9ation de fichiers audio depuis des textes dans 30 langues.\" \/>\n<meta name=\"robots\" content=\"index, follow, max-snippet:-1, max-image-preview:large, max-video-preview:-1\" \/>\n<link rel=\"canonical\" href=\"https:\/\/www.lenseup.com\/fr\/solutions-audio\/automatisation-et-enregistrements-audio-personnalises\/\" \/>\n<meta property=\"og:locale\" content=\"fr_FR\" \/>\n<meta property=\"og:type\" content=\"article\" \/>\n<meta property=\"og:title\" content=\"Automatisation et enregistrements audio hyper-personnalis\u00e9s\" \/>\n<meta property=\"og:description\" content=\"Nous automatisons la cr\u00e9ation de fichiers audio depuis des textes dans 30 langues.\" \/>\n<meta property=\"og:url\" content=\"https:\/\/www.lenseup.com\/fr\/solutions-audio\/automatisation-et-enregistrements-audio-personnalises\/\" \/>\n<meta property=\"og:site_name\" content=\"LenseUp, solutions vid\u00e9o et audio multilingues. Audioguides, audiobooks, traductions audio et video\" \/>\n<meta property=\"article:modified_time\" content=\"2024-01-01T16:28:23+00:00\" \/>\n<meta name=\"twitter:card\" content=\"summary_large_image\" \/>\n<meta name=\"twitter:label1\" content=\"Dur\u00e9e de lecture estim\u00e9e\" \/>\n\t<meta name=\"twitter:data1\" content=\"12 minutes\" \/>\n<script type=\"application\/ld+json\" class=\"yoast-schema-graph\">{\"@context\":\"https:\/\/schema.org\",\"@graph\":[{\"@type\":\"WebPage\",\"@id\":\"https:\/\/www.lenseup.com\/fr\/solutions-audio\/automatisation-et-enregistrements-audio-personnalises\/\",\"url\":\"https:\/\/www.lenseup.com\/fr\/solutions-audio\/automatisation-et-enregistrements-audio-personnalises\/\",\"name\":\"Automatisation et enregistrements audio hyper-personnalis\u00e9s\",\"isPartOf\":{\"@id\":\"https:\/\/www.lenseup.com\/fr\/#website\"},\"datePublished\":\"2022-02-27T19:47:06+00:00\",\"dateModified\":\"2024-01-01T16:28:23+00:00\",\"description\":\"Nous automatisons la cr\u00e9ation de fichiers audio depuis des textes dans 30 langues.\",\"breadcrumb\":{\"@id\":\"https:\/\/www.lenseup.com\/fr\/solutions-audio\/automatisation-et-enregistrements-audio-personnalises\/#breadcrumb\"},\"inLanguage\":\"fr-FR\",\"potentialAction\":[{\"@type\":\"ReadAction\",\"target\":[\"https:\/\/www.lenseup.com\/fr\/solutions-audio\/automatisation-et-enregistrements-audio-personnalises\/\"]}]},{\"@type\":\"BreadcrumbList\",\"@id\":\"https:\/\/www.lenseup.com\/fr\/solutions-audio\/automatisation-et-enregistrements-audio-personnalises\/#breadcrumb\",\"itemListElement\":[{\"@type\":\"ListItem\",\"position\":1,\"name\":\"Accueil\",\"item\":\"https:\/\/www.lenseup.com\/fr\/7440-2\/\"},{\"@type\":\"ListItem\",\"position\":2,\"name\":\"Solutions audio pour l&rsquo;international\",\"item\":\"https:\/\/www.lenseup.com\/fr\/solutions-audio\/\"},{\"@type\":\"ListItem\",\"position\":3,\"name\":\"Automatisation et enregistrements audio hyper-personnalis\u00e9s\"}]},{\"@type\":\"WebSite\",\"@id\":\"https:\/\/www.lenseup.com\/fr\/#website\",\"url\":\"https:\/\/www.lenseup.com\/fr\/\",\"name\":\"LenseUp, multilingual audio and video solutions\",\"description\":\"Traductions et contenus audio \/ video dans 30 langues.\",\"potentialAction\":[{\"@type\":\"SearchAction\",\"target\":{\"@type\":\"EntryPoint\",\"urlTemplate\":\"https:\/\/www.lenseup.com\/fr\/?s={search_term_string}\"},\"query-input\":{\"@type\":\"PropertyValueSpecification\",\"valueRequired\":true,\"valueName\":\"search_term_string\"}}],\"inLanguage\":\"fr-FR\"}]}<\/script>\n<!-- \/ Yoast SEO plugin. -->","yoast_head_json":{"title":"Automatisation et enregistrements audio hyper-personnalis\u00e9s","description":"Nous automatisons la cr\u00e9ation de fichiers audio depuis des textes dans 30 langues.","robots":{"index":"index","follow":"follow","max-snippet":"max-snippet:-1","max-image-preview":"max-image-preview:large","max-video-preview":"max-video-preview:-1"},"canonical":"https:\/\/www.lenseup.com\/fr\/solutions-audio\/automatisation-et-enregistrements-audio-personnalises\/","og_locale":"fr_FR","og_type":"article","og_title":"Automatisation et enregistrements audio hyper-personnalis\u00e9s","og_description":"Nous automatisons la cr\u00e9ation de fichiers audio depuis des textes dans 30 langues.","og_url":"https:\/\/www.lenseup.com\/fr\/solutions-audio\/automatisation-et-enregistrements-audio-personnalises\/","og_site_name":"LenseUp, solutions vid\u00e9o et audio multilingues. Audioguides, audiobooks, traductions audio et video","article_modified_time":"2024-01-01T16:28:23+00:00","twitter_card":"summary_large_image","twitter_misc":{"Dur\u00e9e de lecture estim\u00e9e":"12 minutes"},"schema":{"@context":"https:\/\/schema.org","@graph":[{"@type":"WebPage","@id":"https:\/\/www.lenseup.com\/fr\/solutions-audio\/automatisation-et-enregistrements-audio-personnalises\/","url":"https:\/\/www.lenseup.com\/fr\/solutions-audio\/automatisation-et-enregistrements-audio-personnalises\/","name":"Automatisation et enregistrements audio hyper-personnalis\u00e9s","isPartOf":{"@id":"https:\/\/www.lenseup.com\/fr\/#website"},"datePublished":"2022-02-27T19:47:06+00:00","dateModified":"2024-01-01T16:28:23+00:00","description":"Nous automatisons la cr\u00e9ation de fichiers audio depuis des textes dans 30 langues.","breadcrumb":{"@id":"https:\/\/www.lenseup.com\/fr\/solutions-audio\/automatisation-et-enregistrements-audio-personnalises\/#breadcrumb"},"inLanguage":"fr-FR","potentialAction":[{"@type":"ReadAction","target":["https:\/\/www.lenseup.com\/fr\/solutions-audio\/automatisation-et-enregistrements-audio-personnalises\/"]}]},{"@type":"BreadcrumbList","@id":"https:\/\/www.lenseup.com\/fr\/solutions-audio\/automatisation-et-enregistrements-audio-personnalises\/#breadcrumb","itemListElement":[{"@type":"ListItem","position":1,"name":"Accueil","item":"https:\/\/www.lenseup.com\/fr\/7440-2\/"},{"@type":"ListItem","position":2,"name":"Solutions audio pour l&rsquo;international","item":"https:\/\/www.lenseup.com\/fr\/solutions-audio\/"},{"@type":"ListItem","position":3,"name":"Automatisation et enregistrements audio hyper-personnalis\u00e9s"}]},{"@type":"WebSite","@id":"https:\/\/www.lenseup.com\/fr\/#website","url":"https:\/\/www.lenseup.com\/fr\/","name":"LenseUp, multilingual audio and video solutions","description":"Traductions et contenus audio \/ video dans 30 langues.","potentialAction":[{"@type":"SearchAction","target":{"@type":"EntryPoint","urlTemplate":"https:\/\/www.lenseup.com\/fr\/?s={search_term_string}"},"query-input":{"@type":"PropertyValueSpecification","valueRequired":true,"valueName":"search_term_string"}}],"inLanguage":"fr-FR"}]}},"_links":{"self":[{"href":"https:\/\/www.lenseup.com\/fr\/wp-json\/wp\/v2\/pages\/8302"}],"collection":[{"href":"https:\/\/www.lenseup.com\/fr\/wp-json\/wp\/v2\/pages"}],"about":[{"href":"https:\/\/www.lenseup.com\/fr\/wp-json\/wp\/v2\/types\/page"}],"author":[{"embeddable":true,"href":"https:\/\/www.lenseup.com\/fr\/wp-json\/wp\/v2\/users\/1"}],"replies":[{"embeddable":true,"href":"https:\/\/www.lenseup.com\/fr\/wp-json\/wp\/v2\/comments?post=8302"}],"version-history":[{"count":10,"href":"https:\/\/www.lenseup.com\/fr\/wp-json\/wp\/v2\/pages\/8302\/revisions"}],"predecessor-version":[{"id":8765,"href":"https:\/\/www.lenseup.com\/fr\/wp-json\/wp\/v2\/pages\/8302\/revisions\/8765"}],"up":[{"embeddable":true,"href":"https:\/\/www.lenseup.com\/fr\/wp-json\/wp\/v2\/pages\/8294"}],"wp:attachment":[{"href":"https:\/\/www.lenseup.com\/fr\/wp-json\/wp\/v2\/media?parent=8302"}],"curies":[{"name":"wp","href":"https:\/\/api.w.org\/{rel}","templated":true}]}}