{"id":8306,"date":"2022-02-27T20:47:11","date_gmt":"2022-02-27T19:47:11","guid":{"rendered":"https:\/\/www.lenseup.com\/audio-solutions-to-reach-a-worldwide-audience\/audio-translations-for-ivr-telephony-contact-centers\/"},"modified":"2024-01-01T17:27:07","modified_gmt":"2024-01-01T16:27:07","slug":"audio-systeme-de-reponse-vocale-interactive","status":"publish","type":"page","link":"https:\/\/www.lenseup.com\/fr\/solutions-audio\/audio-systeme-de-reponse-vocale-interactive\/","title":{"rendered":"Audio pour syst\u00e8me de r\u00e9ponse vocale interactive, t\u00e9l\u00e9phonie &#038; call centers"},"content":{"rendered":"<div id='av_section_2'  class='avia-section main_color avia-section-default avia-no-shadow  avia-bg-style-scroll  avia-builder-el-0  el_before_av_promobox  avia-builder-el-first   container_wrap sidebar_right' style='background-color: #f2f2f2;  '  ><div class='container' ><main  role=\"main\" itemprop=\"mainContentOfPage\"  class='template-page content  av-content-small alpha units'><div class='post-entry post-entry-type-page post-entry-8306'><div class='entry-content-wrapper clearfix'>\n<div  style='padding-bottom:0px; color:#ffffff;font-size:40px;' class='av-special-heading av-special-heading-h1 custom-color-heading blockquote modern-quote  avia-builder-el-1  avia-builder-el-no-sibling  av-inherit-size '><h1 class='av-special-heading-tag '  itemprop=\"headline\"  >Audio pour syst\u00e8me de r\u00e9ponse vocale interactive, t\u00e9l\u00e9phonie <span class='special_amp'>&amp;<\/span> call centers<\/h1><div class='special-heading-border'><div class='special-heading-inner-border' style='border-color:#ffffff'><\/div><\/div><\/div>\n<\/div><\/div><\/main><!-- close content main element --><\/div><\/div><div id='after_section_1'  class='main_color av_default_container_wrap container_wrap sidebar_right' style=' '  ><div class='container' ><div class='template-page content  av-content-small alpha units'><div class='post-entry post-entry-type-page post-entry-8306'><div class='entry-content-wrapper clearfix'>\n\t<div   class='av_promobox  avia-button-no   avia-builder-el-2  el_after_av_section  el_before_av_one_half  avia-builder-el-first '>\t\t<div class='avia-promocontent'><\/p>\n<blockquote>\n<p>Nous proposons des enregistrements professionnels pour les syst\u00e8mes de r\u00e9ponse vocale interactive, les call centers, la t\u00e9l\u00e9phonie&#8230;. Une approche simple pour r\u00e9duire les co\u00fbts et am\u00e9liorer l&rsquo;efficacit\u00e9 de votre entreprise.<\/p>\n<\/blockquote>\n<p>\n<\/div><\/div>\n<div class=\"flex_column av_one_half  flex_column_div av-zero-column-padding first  avia-builder-el-3  el_after_av_promobox  el_before_av_one_half  \" style='border-radius:0px; '><section class=\"av_textblock_section \"  itemscope=\"itemscope\" itemtype=\"https:\/\/schema.org\/CreativeWork\" ><div class='avia_textblock  '   itemprop=\"text\" ><h2>Traductions audio pour syst\u00e8me de r\u00e9ponse vocale interactive, t\u00e9l\u00e9phonie &amp; call centers<\/h2>\n<p>Une technologie t\u00e9l\u00e9phonique automatis\u00e9e, appel\u00e9e r\u00e9ponse vocale interactive (RVI), aidera les personnes qui vous appellent \u00e0 acc\u00e9der \u00e0 des informations sp\u00e9cifiques. Cela permet aussi de mettre les personnes qui appellent en relation avec les bons interlocuteurs.<\/p>\n<p>Un syst\u00e8me audio multilingue intelligent peut contribuer \u00e0 \u00e9viter de longs appels co\u00fbteux au service client\u00e8le. En particulier pendant les p\u00e9riodes avec un fort volume d&rsquo;appels, un syst\u00e8me RVI efficace peut permettre aux clients de traiter des t\u00e2ches simples et de trouver des r\u00e9ponses par eux-m\u00eames.<\/p>\n<\/div><\/section><\/div>\n<div class=\"flex_column av_one_half  flex_column_div av-zero-column-padding   avia-builder-el-5  el_after_av_one_half  el_before_av_layout_row  avia-builder-el-last  \" style='border-radius:0px; '><section class=\"av_textblock_section \"  itemscope=\"itemscope\" itemtype=\"https:\/\/schema.org\/CreativeWork\" ><div class='avia_textblock  '   itemprop=\"text\" ><h2>Voix-off pour syst\u00e8mes de r\u00e9ponse vocale interactive (RVI)<\/h2>\n<p>Vous recherchez un service pour enregistrer vos messages t\u00e9l\u00e9phoniques ? Nous sommes experts en mati\u00e8re de messages vocaux. Nous traduisons vos messages en plus de 30 langues !<\/p>\n<p>Gr\u00e2ce \u00e0 notre exp\u00e9rience en mati\u00e8re de voix off, et de technologie TTS, nous pouvons enregistrer des messages pour r\u00e9pondeurs automatiques et syst\u00e8mes IVR.\u00a0 Nous proposons un large \u00e9ventail de messages, cr\u00e9\u00e9s par des acteurs de voix off, ou des technologies TTS, pour r\u00e9pondre aux besoins de votre entreprise.<\/p>\n<div class=\"MuiGrid-root MuiGrid-container MuiGrid-direction-xs-column\">\n<div class=\"MuiGrid-root MuiGrid-container MuiGrid-item\"><\/div>\n<\/div>\n<\/div><\/section><\/div>\n<\/div><\/div><\/div><!-- close content main div --><\/div><\/div><div id='best-rated'  class='av-layout-grid-container entry-content-wrapper main_color av-flex-cells     avia-builder-el-7  el_after_av_one_half  el_before_av_heading  submenu-not-first container_wrap sidebar_right' style=' '  >\n<div class=\"flex_cell no_margin av_one_half  avia-builder-el-8  el_before_av_cell_one_half  avia-builder-el-first   \"  style='vertical-align:middle; padding:50px 80px 50px 6% ; background-color:#f8f8f8; ' ><div class='flex_cell_inner' ><section class=\"av_textblock_section \"  itemscope=\"itemscope\" itemtype=\"https:\/\/schema.org\/CreativeWork\" ><div class='avia_textblock  '   itemprop=\"text\" ><h2>Assistants virtuels et messageries vocales<\/h2>\n<p>Nous poss\u00e9dons une large exp\u00e9rience pour l&rsquo;enregistrement de scripts, et de messages destin\u00e9s aux assistants virtuels et messageries vocales. Nous pouvons \u00e9galement enregistrer les messages audio avec de la musique de fond ou des effets en post-production.<\/p>\n<p>Vous avez besoin d&rsquo;un message d&rsquo;accueil pour votre bo\u00eete vocale ?\u00a0 Nous pouvons trouver la voix ou la musique parfaite pour repr\u00e9senter votre entreprise.<\/p>\n<\/div><\/section><br \/>\n<div  style='height:20px' class='hr hr-invisible   avia-builder-el-10  el_after_av_textblock  el_before_av_hr '><span class='hr-inner ' ><span class='hr-inner-style'><\/span><\/span><\/div><br \/>\n<div  style='height:42px' class='hr hr-invisible   avia-builder-el-11  el_after_av_hr  el_before_av_button '><span class='hr-inner ' ><span class='hr-inner-style'><\/span><\/span><\/div><br \/>\n<div  class='avia-button-wrap avia-button-left  avia-builder-el-12  el_after_av_hr  avia-builder-el-last ' ><a href='#section2'  class='avia-button av-icon-on-hover avia-color-theme-color   avia-icon_select-yes-left-icon avia-size-large avia-position-left '   ><span class='avia_button_icon avia_button_icon_left ' aria-hidden='true' data-av_icon='\ue859' data-av_iconfont='entypo-fontello'><\/span><span class='avia_iconbox_title' >Demander un devis<\/span><\/a><\/div><\/p>\n<\/div><\/div><div class=\"flex_cell no_margin av_one_half  avia-builder-el-13  el_after_av_cell_one_half  avia-builder-el-last   avia-full-stretch \"  style='background:url(https:\/\/www.lenseup.com\/wp-content\/uploads\/2022\/02\/IVR.jpg) center right no-repeat scroll #f8f8f8; vertical-align:middle; padding:200px 0px 200px 0px ; background-color:#f8f8f8; ' ><div class='flex_cell_inner' ><\/div><\/div>\n<\/div><div id='after_submenu_1'  class='main_color av_default_container_wrap container_wrap sidebar_right' style=' '  ><div class='container' ><div class='template-page content  av-content-small alpha units'><div class='post-entry post-entry-type-page post-entry-8306'><div class='entry-content-wrapper clearfix'>\n<div  style='padding-bottom:15px; color:#000000;' class='av-special-heading av-special-heading-h2 custom-color-heading   avia-builder-el-14  el_after_av_layout_row  el_before_av_textblock  avia-builder-el-first  '><h2 class='av-special-heading-tag '  itemprop=\"headline\"  >Des technologies innovantes de synth\u00e8se vocale pour la production de voix off \u00e0 des co\u00fbts comp\u00e9titifs, pour les RVI<\/h2><div class='special-heading-border'><div class='special-heading-inner-border' style='border-color:#000000'><\/div><\/div><\/div>\n<section class=\"av_textblock_section \"  itemscope=\"itemscope\" itemtype=\"https:\/\/schema.org\/CreativeWork\" ><div class='avia_textblock  '   itemprop=\"text\" ><p>La technologie progresse, et avec elle les voix de synth\u00e8se TTS.\u00a0 Nous avons s\u00e9lectionn\u00e9 les meilleures technologies de synth\u00e8se vocale disponibles sur le march\u00e9 afin de produire des enregistrements de qualit\u00e9 pour les RVI et les call centers.<\/p>\n<\/div><\/section>\n<\/div><\/div><\/div><!-- close content main div --><\/div><\/div><div id='my_section'  class='avia-section main_color avia-section-no-padding avia-no-shadow  avia-bg-style-scroll  avia-builder-el-16  el_after_av_textblock  el_before_av_textblock   container_wrap sidebar_right' style='background-color: #e72b2b;  '  ><div class='container' ><div class='template-page content  av-content-small alpha units'><div class='post-entry post-entry-type-page post-entry-8306'><div class='entry-content-wrapper clearfix'><\/div><\/div><\/div><!-- close content main div --><\/div><\/div><div id='after_section_2'  class='main_color av_default_container_wrap container_wrap sidebar_right' style=' '  ><div class='container' ><div class='template-page content  av-content-small alpha units'><div class='post-entry post-entry-type-page post-entry-8306'><div class='entry-content-wrapper clearfix'>\n<section class=\"av_textblock_section \"  itemscope=\"itemscope\" itemtype=\"https:\/\/schema.org\/CreativeWork\" ><div class='avia_textblock  '   itemprop=\"text\" ><h2 id=\"section2\">Demandez un devis<\/h2>\n<\/div><\/section>\n\n<\/div><\/div><\/div><!-- close content main div --><\/div><\/div><div id='my_section'  class='avia-section main_color avia-section-no-padding avia-no-shadow  avia-bg-style-scroll  avia-builder-el-19  el_after_av_codeblock  avia-builder-el-last   container_wrap sidebar_right' style='background-color: #e72b2b;  '  ><div class='container' ><div class='template-page content  av-content-small alpha units'><div class='post-entry post-entry-type-page post-entry-8306'><div class='entry-content-wrapper clearfix'><\/div><\/div><\/div><!-- close content main div --><\/div><\/div><div id='after_section_3'  class='main_color av_default_container_wrap container_wrap sidebar_right' style=' '  ><div class='container' ><div class='template-page content  av-content-small alpha units'><div class='post-entry post-entry-type-page post-entry-8306'><div class='entry-content-wrapper clearfix'>\n","protected":false},"excerpt":{"rendered":"","protected":false},"author":1,"featured_media":0,"parent":8294,"menu_order":0,"comment_status":"closed","ping_status":"closed","template":"","meta":{"footnotes":""},"yoast_head":"<!-- This site is optimized with the Yoast SEO plugin v23.5 - https:\/\/yoast.com\/wordpress\/plugins\/seo\/ -->\n<title>Audio pour syst\u00e8me de r\u00e9ponse vocale interactive, t\u00e9l\u00e9phonie &amp; call centers<\/title>\n<meta name=\"description\" content=\"Nous proposons des enregistrements professionnels pour les syst\u00e8mes de r\u00e9ponse vocale interactive, les call centers, la t\u00e9l\u00e9phonie....\" \/>\n<meta name=\"robots\" content=\"index, follow, max-snippet:-1, max-image-preview:large, max-video-preview:-1\" \/>\n<link rel=\"canonical\" href=\"https:\/\/www.lenseup.com\/fr\/solutions-audio\/audio-systeme-de-reponse-vocale-interactive\/\" \/>\n<meta property=\"og:locale\" content=\"fr_FR\" \/>\n<meta property=\"og:type\" content=\"article\" \/>\n<meta property=\"og:title\" content=\"Audio pour syst\u00e8me de r\u00e9ponse vocale interactive, t\u00e9l\u00e9phonie &amp; call centers\" \/>\n<meta property=\"og:description\" content=\"Nous proposons des enregistrements professionnels pour les syst\u00e8mes de r\u00e9ponse vocale interactive, les call centers, la t\u00e9l\u00e9phonie....\" \/>\n<meta property=\"og:url\" content=\"https:\/\/www.lenseup.com\/fr\/solutions-audio\/audio-systeme-de-reponse-vocale-interactive\/\" \/>\n<meta property=\"og:site_name\" content=\"LenseUp, solutions vid\u00e9o et audio multilingues. Audioguides, audiobooks, traductions audio et video\" \/>\n<meta property=\"article:modified_time\" content=\"2024-01-01T16:27:07+00:00\" \/>\n<meta name=\"twitter:card\" content=\"summary_large_image\" \/>\n<meta name=\"twitter:label1\" content=\"Dur\u00e9e de lecture estim\u00e9e\" \/>\n\t<meta name=\"twitter:data1\" content=\"8 minutes\" \/>\n<script type=\"application\/ld+json\" class=\"yoast-schema-graph\">{\"@context\":\"https:\/\/schema.org\",\"@graph\":[{\"@type\":\"WebPage\",\"@id\":\"https:\/\/www.lenseup.com\/fr\/solutions-audio\/audio-systeme-de-reponse-vocale-interactive\/\",\"url\":\"https:\/\/www.lenseup.com\/fr\/solutions-audio\/audio-systeme-de-reponse-vocale-interactive\/\",\"name\":\"Audio pour syst\u00e8me de r\u00e9ponse vocale interactive, t\u00e9l\u00e9phonie & call centers\",\"isPartOf\":{\"@id\":\"https:\/\/www.lenseup.com\/fr\/#website\"},\"datePublished\":\"2022-02-27T19:47:11+00:00\",\"dateModified\":\"2024-01-01T16:27:07+00:00\",\"description\":\"Nous proposons des enregistrements professionnels pour les syst\u00e8mes de r\u00e9ponse vocale interactive, les call centers, la t\u00e9l\u00e9phonie....\",\"breadcrumb\":{\"@id\":\"https:\/\/www.lenseup.com\/fr\/solutions-audio\/audio-systeme-de-reponse-vocale-interactive\/#breadcrumb\"},\"inLanguage\":\"fr-FR\",\"potentialAction\":[{\"@type\":\"ReadAction\",\"target\":[\"https:\/\/www.lenseup.com\/fr\/solutions-audio\/audio-systeme-de-reponse-vocale-interactive\/\"]}]},{\"@type\":\"BreadcrumbList\",\"@id\":\"https:\/\/www.lenseup.com\/fr\/solutions-audio\/audio-systeme-de-reponse-vocale-interactive\/#breadcrumb\",\"itemListElement\":[{\"@type\":\"ListItem\",\"position\":1,\"name\":\"Accueil\",\"item\":\"https:\/\/www.lenseup.com\/fr\/7440-2\/\"},{\"@type\":\"ListItem\",\"position\":2,\"name\":\"Solutions audio pour l&rsquo;international\",\"item\":\"https:\/\/www.lenseup.com\/fr\/solutions-audio\/\"},{\"@type\":\"ListItem\",\"position\":3,\"name\":\"Audio pour syst\u00e8me de r\u00e9ponse vocale interactive, t\u00e9l\u00e9phonie &#038; call centers\"}]},{\"@type\":\"WebSite\",\"@id\":\"https:\/\/www.lenseup.com\/fr\/#website\",\"url\":\"https:\/\/www.lenseup.com\/fr\/\",\"name\":\"LenseUp, multilingual audio and video solutions\",\"description\":\"Traductions et contenus audio \/ video dans 30 langues.\",\"potentialAction\":[{\"@type\":\"SearchAction\",\"target\":{\"@type\":\"EntryPoint\",\"urlTemplate\":\"https:\/\/www.lenseup.com\/fr\/?s={search_term_string}\"},\"query-input\":{\"@type\":\"PropertyValueSpecification\",\"valueRequired\":true,\"valueName\":\"search_term_string\"}}],\"inLanguage\":\"fr-FR\"}]}<\/script>\n<!-- \/ Yoast SEO plugin. -->","yoast_head_json":{"title":"Audio pour syst\u00e8me de r\u00e9ponse vocale interactive, t\u00e9l\u00e9phonie & call centers","description":"Nous proposons des enregistrements professionnels pour les syst\u00e8mes de r\u00e9ponse vocale interactive, les call centers, la t\u00e9l\u00e9phonie....","robots":{"index":"index","follow":"follow","max-snippet":"max-snippet:-1","max-image-preview":"max-image-preview:large","max-video-preview":"max-video-preview:-1"},"canonical":"https:\/\/www.lenseup.com\/fr\/solutions-audio\/audio-systeme-de-reponse-vocale-interactive\/","og_locale":"fr_FR","og_type":"article","og_title":"Audio pour syst\u00e8me de r\u00e9ponse vocale interactive, t\u00e9l\u00e9phonie & call centers","og_description":"Nous proposons des enregistrements professionnels pour les syst\u00e8mes de r\u00e9ponse vocale interactive, les call centers, la t\u00e9l\u00e9phonie....","og_url":"https:\/\/www.lenseup.com\/fr\/solutions-audio\/audio-systeme-de-reponse-vocale-interactive\/","og_site_name":"LenseUp, solutions vid\u00e9o et audio multilingues. Audioguides, audiobooks, traductions audio et video","article_modified_time":"2024-01-01T16:27:07+00:00","twitter_card":"summary_large_image","twitter_misc":{"Dur\u00e9e de lecture estim\u00e9e":"8 minutes"},"schema":{"@context":"https:\/\/schema.org","@graph":[{"@type":"WebPage","@id":"https:\/\/www.lenseup.com\/fr\/solutions-audio\/audio-systeme-de-reponse-vocale-interactive\/","url":"https:\/\/www.lenseup.com\/fr\/solutions-audio\/audio-systeme-de-reponse-vocale-interactive\/","name":"Audio pour syst\u00e8me de r\u00e9ponse vocale interactive, t\u00e9l\u00e9phonie & call centers","isPartOf":{"@id":"https:\/\/www.lenseup.com\/fr\/#website"},"datePublished":"2022-02-27T19:47:11+00:00","dateModified":"2024-01-01T16:27:07+00:00","description":"Nous proposons des enregistrements professionnels pour les syst\u00e8mes de r\u00e9ponse vocale interactive, les call centers, la t\u00e9l\u00e9phonie....","breadcrumb":{"@id":"https:\/\/www.lenseup.com\/fr\/solutions-audio\/audio-systeme-de-reponse-vocale-interactive\/#breadcrumb"},"inLanguage":"fr-FR","potentialAction":[{"@type":"ReadAction","target":["https:\/\/www.lenseup.com\/fr\/solutions-audio\/audio-systeme-de-reponse-vocale-interactive\/"]}]},{"@type":"BreadcrumbList","@id":"https:\/\/www.lenseup.com\/fr\/solutions-audio\/audio-systeme-de-reponse-vocale-interactive\/#breadcrumb","itemListElement":[{"@type":"ListItem","position":1,"name":"Accueil","item":"https:\/\/www.lenseup.com\/fr\/7440-2\/"},{"@type":"ListItem","position":2,"name":"Solutions audio pour l&rsquo;international","item":"https:\/\/www.lenseup.com\/fr\/solutions-audio\/"},{"@type":"ListItem","position":3,"name":"Audio pour syst\u00e8me de r\u00e9ponse vocale interactive, t\u00e9l\u00e9phonie &#038; call centers"}]},{"@type":"WebSite","@id":"https:\/\/www.lenseup.com\/fr\/#website","url":"https:\/\/www.lenseup.com\/fr\/","name":"LenseUp, multilingual audio and video solutions","description":"Traductions et contenus audio \/ video dans 30 langues.","potentialAction":[{"@type":"SearchAction","target":{"@type":"EntryPoint","urlTemplate":"https:\/\/www.lenseup.com\/fr\/?s={search_term_string}"},"query-input":{"@type":"PropertyValueSpecification","valueRequired":true,"valueName":"search_term_string"}}],"inLanguage":"fr-FR"}]}},"_links":{"self":[{"href":"https:\/\/www.lenseup.com\/fr\/wp-json\/wp\/v2\/pages\/8306"}],"collection":[{"href":"https:\/\/www.lenseup.com\/fr\/wp-json\/wp\/v2\/pages"}],"about":[{"href":"https:\/\/www.lenseup.com\/fr\/wp-json\/wp\/v2\/types\/page"}],"author":[{"embeddable":true,"href":"https:\/\/www.lenseup.com\/fr\/wp-json\/wp\/v2\/users\/1"}],"replies":[{"embeddable":true,"href":"https:\/\/www.lenseup.com\/fr\/wp-json\/wp\/v2\/comments?post=8306"}],"version-history":[{"count":12,"href":"https:\/\/www.lenseup.com\/fr\/wp-json\/wp\/v2\/pages\/8306\/revisions"}],"predecessor-version":[{"id":8465,"href":"https:\/\/www.lenseup.com\/fr\/wp-json\/wp\/v2\/pages\/8306\/revisions\/8465"}],"up":[{"embeddable":true,"href":"https:\/\/www.lenseup.com\/fr\/wp-json\/wp\/v2\/pages\/8294"}],"wp:attachment":[{"href":"https:\/\/www.lenseup.com\/fr\/wp-json\/wp\/v2\/media?parent=8306"}],"curies":[{"name":"wp","href":"https:\/\/api.w.org\/{rel}","templated":true}]}}