{"id":8901,"date":"2022-04-03T19:33:30","date_gmt":"2022-04-03T17:33:30","guid":{"rendered":"https:\/\/www.lenseup.com\/contenus-video-et-audio-multilingues-pour-lecommerce\/"},"modified":"2024-01-02T09:38:35","modified_gmt":"2024-01-02T08:38:35","slug":"contenus-video-et-audio-multilingues-ecommerce","status":"publish","type":"page","link":"https:\/\/www.lenseup.com\/fr\/secteurs\/contenus-video-et-audio-multilingues-ecommerce\/","title":{"rendered":"Contenus vid\u00e9o et audio multilingues pour l&rsquo;ecommerce"},"content":{"rendered":"<div id='av_section_2'  class='avia-section main_color avia-section-default avia-no-shadow  avia-bg-style-scroll  avia-builder-el-0  el_before_av_section  avia-builder-el-first   container_wrap sidebar_right' style='background-color: #f2f2f2;  '  ><div class='container' ><main  role=\"main\" itemprop=\"mainContentOfPage\"  class='template-page content  av-content-small alpha units'><div class='post-entry post-entry-type-page post-entry-8901'><div class='entry-content-wrapper clearfix'>\n<div  style='padding-bottom:0px; color:#ffffff;font-size:30px;' class='av-special-heading av-special-heading-h1 custom-color-heading blockquote modern-quote  avia-builder-el-1  avia-builder-el-no-sibling  av-inherit-size '><h1 class='av-special-heading-tag '  itemprop=\"headline\"  >Contenus vid\u00e9o et audio multilingues pour l\u2019ecommerce<\/h1><div class='special-heading-border'><div class='special-heading-inner-border' style='border-color:#ffffff'><\/div><\/div><\/div>\n\n<\/div><\/div><\/main><!-- close content main element --><\/div><\/div><div id='-'  class='avia-section main_color avia-section-default avia-no-border-styling  avia-full-stretch avia-bg-style-scroll  avia-builder-el-2  el_after_av_section  el_before_av_one_full   av-minimum-height av-minimum-height-custom  container_wrap sidebar_right' style='background-repeat: no-repeat; background-image: url(https:\/\/www.lenseup.com\/wp-content\/uploads\/2022\/03\/ecommerce-global-495x400.jpg);background-attachment: scroll; background-position: center center;  '  data-section-bg-repeat='stretch'><div class='container' style='height:300px'><div class='template-page content  av-content-small alpha units'><div class='post-entry post-entry-type-page post-entry-8901'><div class='entry-content-wrapper clearfix'>\n<section class=\"av_textblock_section \"  itemscope=\"itemscope\" itemtype=\"https:\/\/schema.org\/CreativeWork\" ><div class='avia_textblock back22 av_inherit_color '  style='color:#ffffff; '  itemprop=\"text\" ><h3><strong>Nos solutions sont adapt\u00e9es aux besoins uniques du secteur de l&rsquo;ecommerce.\u00a0<\/strong><strong>Qu&rsquo;il s&rsquo;agisse de traductions audio et vid\u00e9o ou de messages audiopersonnalis\u00e9s, notre \u00e9quipe d&rsquo;experts poss\u00e8de les connaissances et l&rsquo;exp\u00e9rience requise pour aider votre site ecommerce \u00e0 toucher une audience globale.<\/strong><\/h3>\n<\/div><\/section>\n<\/div><\/div><\/div><!-- close content main div --><\/div><\/div><div id='after_section_2'  class='main_color av_default_container_wrap container_wrap sidebar_right' style=' '  ><div class='container' ><div class='template-page content  av-content-small alpha units'><div class='post-entry post-entry-type-page post-entry-8901'><div class='entry-content-wrapper clearfix'>\n<div class=\"flex_column av_one_full  flex_column_div av-zero-column-padding first  avia-builder-el-4  el_after_av_section  el_before_av_layout_row  avia-builder-el-no-sibling  \" style='border-radius:0px; '><section class=\"av_textblock_section \"  itemscope=\"itemscope\" itemtype=\"https:\/\/schema.org\/CreativeWork\" ><div class='avia_textblock  '   itemprop=\"text\" ><h2>Services vid\u00e9o professionnels pour l&rsquo;ecommerce en 30 langues<\/h2>\n<p>Mettez en valeur vos produits et services sur votre site commerce avec la vid\u00e9o, et s\u00e9duisez vos clients. Gr\u00e2ce aux vid\u00e9os, vous pouvez donner vie \u00e0 vos produits et pr\u00e9senter leurs caract\u00e9ristiques et avantages. Les vid\u00e9os sont un excellent moyen de cr\u00e9er un lien personnel avec vos clients et de renforcer la confiance. Alors pourquoi ne pas essayer l&rsquo;ecommerce vid\u00e9o ?<\/p>\n<h3><strong>Nous proposons des services audio et vid\u00e9o de qualit\u00e9 qui nous permettent de g\u00e9rer de gros volumes de traduction.<\/strong><\/h3>\n<p>De nos jours, les entreprises sont tenues de proposer une exp\u00e9rience client adapt\u00e9e afin de rester leader dans leur domaine. Cela signifie que le contenu des sites web, des cha\u00eenes Youtube et des podcasts doit \u00eatre traduit en de multiples langues de mani\u00e8re rapide et efficace. Cette t\u00e2che peut s&rsquo;av\u00e9rer ardue, en particulier pour les entreprises disposant d&rsquo;une grande quantit\u00e9 de contenus \u00e0 g\u00e9rer. LenseUp propose une approche innovante pour des traductions rapides et pr\u00e9cises de contenus vid\u00e9os et audio adapt\u00e9es \u00e0 l&rsquo;ecommerce.<\/p>\n<\/div><\/section><\/div>\n<\/div><\/div><\/div><!-- close content main div --><\/div><\/div><div id='av-layout-grid-1'  class='av-layout-grid-container entry-content-wrapper main_color av-flex-cells     avia-builder-el-6  el_after_av_one_full  el_before_av_textblock  submenu-not-first container_wrap sidebar_right' style=' '  >\n<div class=\"flex_cell no_margin av_one_half  avia-builder-el-7  el_before_av_cell_one_half  avia-builder-el-first   \"  style='background: #efefef; vertical-align:top; padding:30px; background-color:#efefef; ' ><div class='flex_cell_inner' ><section class=\"av_textblock_section \"  itemscope=\"itemscope\" itemtype=\"https:\/\/schema.org\/CreativeWork\" ><div class='avia_textblock  '   itemprop=\"text\" ><h3>Services vid\u00e9o pour le secteur de l&rsquo;ecommerce<\/h3>\n<\/div><\/section><br \/>\n<div  style=' margin-top:0px; margin-bottom:5px;'  class='hr hr-custom hr-left hr-icon-no   avia-builder-el-9  el_after_av_textblock  el_before_av_textblock '><span class='hr-inner  inner-border-av-border-fat' style=' width:180px; border-color:#b02b2c;' ><span class='hr-inner-style'><\/span><\/span><\/div><br \/>\n<section class=\"av_textblock_section \"  itemscope=\"itemscope\" itemtype=\"https:\/\/schema.org\/CreativeWork\" ><div class='avia_textblock  '   itemprop=\"text\" ><ul>\n<li><a href=\"https:\/\/www.lenseup.com\/fr\/solutions-video\/transcription-video\/\">Transcriptions vid\u00e9o multilingues&gt;<\/a><\/li>\n<li><a href=\"https:\/\/www.lenseup.com\/fr\/sous-titrage-multilingue\/\">Sous-titres multilingues&gt;<\/a><\/li>\n<li><a href=\"https:\/\/www.lenseup.com\/fr\/traduction-video-multimedia\/\">Traductions vid\u00e9o&gt;<\/a><\/li>\n<li><a href=\"https:\/\/www.lenseup.com\/fr\/agence-voix-off-multilingue\/\">Voix-off multilingues&gt;<\/a><\/li>\n<li><a href=\"https:\/\/www.lenseup.com\/fr\/solutions-video\/resumes-video\/\">R\u00e9sum\u00e9s vid\u00e9o&gt;<\/a><\/li>\n<li><a href=\"https:\/\/www.lenseup.com\/en\/multilingual-seo-video\/\">R\u00e9f\u00e9rencement vid\u00e9o&gt;<\/a><\/li>\n<\/ul>\n<\/div><\/section><\/p>\n<\/div><\/div><div class=\"flex_cell no_margin av_one_half  avia-builder-el-11  el_after_av_cell_one_half  avia-builder-el-last   \"  style='background: #f9f9f9; vertical-align:top; padding:30px; background-color:#f9f9f9; ' ><div class='flex_cell_inner' ><section class=\"av_textblock_section \"  itemscope=\"itemscope\" itemtype=\"https:\/\/schema.org\/CreativeWork\" ><div class='avia_textblock  '   itemprop=\"text\" ><h3>Applications<\/h3>\n<\/div><\/section><br \/>\n<div  style=' margin-top:0px; margin-bottom:5px;'  class='hr hr-custom hr-left hr-icon-no   avia-builder-el-13  el_after_av_textblock  el_before_av_textblock '><span class='hr-inner  inner-border-av-border-fat' style=' width:180px; border-color:#b02b2c;' ><span class='hr-inner-style'><\/span><\/span><\/div><br \/>\n<section class=\"av_textblock_section \"  itemscope=\"itemscope\" itemtype=\"https:\/\/schema.org\/CreativeWork\" ><div class='avia_textblock  '   itemprop=\"text\" ><ul>\n<li><a href=\"https:\/\/www.lenseup.com\/fr\/applications\/traduction-videos-produits-services\/\">Traductions de vid\u00e9os explicatives de produits et services&gt;<\/a><\/li>\n<li><a href=\"https:\/\/www.lenseup.com\/fr\/applications\/traduction-videos-reseaux-sociaux\/\">Traduction de vid\u00e9os pour Youtube et les r\u00e9seaux sociaux&gt;<\/a><\/li>\n<li>\n<div class=\"CCgQ5 vCa9Yd QfkTvb MUxGbd v0nnCb\" role=\"heading\" aria-level=\"3\"><a href=\"https:\/\/www.lenseup.com\/fr\/solutions-video\/automatisation-video-hyper-personnalisee\/\">Automatisation vid\u00e9o hyper-personnalis\u00e9e&gt;<\/a><\/div>\n<\/li>\n<li>Landing pages vid\u00e9o<\/li>\n<\/ul>\n<\/div><\/section><\/p>\n<\/div><\/div>\n<\/div><div id='after_submenu_1'  class='main_color av_default_container_wrap container_wrap sidebar_right' style=' '  ><div class='container' ><div class='template-page content  av-content-small alpha units'><div class='post-entry post-entry-type-page post-entry-8901'><div class='entry-content-wrapper clearfix'>\n<section class=\"av_textblock_section \"  itemscope=\"itemscope\" itemtype=\"https:\/\/schema.org\/CreativeWork\" ><div class='avia_textblock  '   itemprop=\"text\" ><h2>Faites plaisir \u00e0 vos clients et donnez vie \u00e0 vos produits gr\u00e2ce au commerce \u00e9lectronique vid\u00e9o.<\/h2>\n<p>Notre \u00e9quipe compte des traducteurs sp\u00e9cialistes natifs, pour des traductions de qualit\u00e9. Par ailleurs, la r\u00e9utilisation intelligente des ressources linguistiques (terminologie et m\u00e9moires de traduction) donne lieu \u00e0 d&rsquo;importantes \u00e9conomies potentielles. LenseUp utilise des mod\u00e8les de traduction automatique et des technologies d&rsquo;intelligence artificielle qui permettent de rationnaliser les co\u00fbts de traduction de vos fichiers vid\u00e9o et audio.<\/p>\n<p>Lancez d\u00e8s maintenant avec l&rsquo;ecommerce vid\u00e9o !<\/p>\n<\/div><\/section>\n<\/div><\/div><\/div><!-- close content main div --><\/div><\/div><div id='my_section'  class='avia-section main_color avia-section-no-padding avia-no-shadow  avia-bg-style-scroll  avia-builder-el-16  el_after_av_textblock  el_before_av_textblock   container_wrap sidebar_right' style='background-color: #e72b2b;  '  ><div class='container' ><div class='template-page content  av-content-small alpha units'><div class='post-entry post-entry-type-page post-entry-8901'><div class='entry-content-wrapper clearfix'><\/div><\/div><\/div><!-- close content main div --><\/div><\/div><div id='after_section_3'  class='main_color av_default_container_wrap container_wrap sidebar_right' style=' '  ><div class='container' ><div class='template-page content  av-content-small alpha units'><div class='post-entry post-entry-type-page post-entry-8901'><div class='entry-content-wrapper clearfix'>\n<section class=\"av_textblock_section \"  itemscope=\"itemscope\" itemtype=\"https:\/\/schema.org\/CreativeWork\" ><div class='avia_textblock  '   itemprop=\"text\" ><h2 id=\"section2\">Obtenez un devis gratuit<\/h2>\n<\/div><\/section>\n\n<\/div><\/div><\/div><!-- close content main div --><\/div><\/div><div id='my_section'  class='avia-section main_color avia-section-no-padding avia-no-shadow  avia-bg-style-scroll  avia-builder-el-19  el_after_av_codeblock  avia-builder-el-last   container_wrap sidebar_right' style='background-color: #e72b2b;  '  ><div class='container' ><div class='template-page content  av-content-small alpha units'><div class='post-entry post-entry-type-page post-entry-8901'><div class='entry-content-wrapper clearfix'><\/div><\/div><\/div><!-- close content main div --><\/div><\/div><div id='after_section_4'  class='main_color av_default_container_wrap container_wrap sidebar_right' style=' '  ><div class='container' ><div class='template-page content  av-content-small alpha units'><div class='post-entry post-entry-type-page post-entry-8901'><div class='entry-content-wrapper clearfix'>\n","protected":false},"excerpt":{"rendered":"","protected":false},"author":1,"featured_media":0,"parent":8921,"menu_order":0,"comment_status":"closed","ping_status":"closed","template":"","meta":{"footnotes":""},"yoast_head":"<!-- This site is optimized with the Yoast SEO plugin v23.5 - https:\/\/yoast.com\/wordpress\/plugins\/seo\/ -->\n<title>Contenus vid\u00e9o et audio multilingues pour l&#039;ecommerce<\/title>\n<meta name=\"description\" content=\"Mettez en valeur vos produits et services sur votre site commerce avec la vid\u00e9o, et s\u00e9duisez vos clients. Gr\u00e2ce aux vid\u00e9os, vous pouvez donner vie \u00e0 vos produits et pr\u00e9senter leurs caract\u00e9ristiques et avantages.\" \/>\n<meta name=\"robots\" content=\"index, follow, max-snippet:-1, max-image-preview:large, max-video-preview:-1\" \/>\n<link rel=\"canonical\" href=\"https:\/\/www.lenseup.com\/fr\/secteurs\/contenus-video-et-audio-multilingues-ecommerce\/\" \/>\n<meta property=\"og:locale\" content=\"fr_FR\" \/>\n<meta property=\"og:type\" content=\"article\" \/>\n<meta property=\"og:title\" content=\"Contenus vid\u00e9o et audio multilingues pour l&#039;ecommerce\" \/>\n<meta property=\"og:description\" content=\"Mettez en valeur vos produits et services sur votre site commerce avec la vid\u00e9o, et s\u00e9duisez vos clients. Gr\u00e2ce aux vid\u00e9os, vous pouvez donner vie \u00e0 vos produits et pr\u00e9senter leurs caract\u00e9ristiques et avantages.\" \/>\n<meta property=\"og:url\" content=\"https:\/\/www.lenseup.com\/fr\/secteurs\/contenus-video-et-audio-multilingues-ecommerce\/\" \/>\n<meta property=\"og:site_name\" content=\"LenseUp, solutions vid\u00e9o et audio multilingues. Audioguides, audiobooks, traductions audio et video\" \/>\n<meta property=\"article:modified_time\" content=\"2024-01-02T08:38:35+00:00\" \/>\n<meta name=\"twitter:card\" content=\"summary_large_image\" \/>\n<meta name=\"twitter:label1\" content=\"Dur\u00e9e de lecture estim\u00e9e\" \/>\n\t<meta name=\"twitter:data1\" content=\"8 minutes\" \/>\n<script type=\"application\/ld+json\" class=\"yoast-schema-graph\">{\"@context\":\"https:\/\/schema.org\",\"@graph\":[{\"@type\":\"WebPage\",\"@id\":\"https:\/\/www.lenseup.com\/fr\/secteurs\/contenus-video-et-audio-multilingues-ecommerce\/\",\"url\":\"https:\/\/www.lenseup.com\/fr\/secteurs\/contenus-video-et-audio-multilingues-ecommerce\/\",\"name\":\"Contenus vid\u00e9o et audio multilingues pour l'ecommerce\",\"isPartOf\":{\"@id\":\"https:\/\/www.lenseup.com\/fr\/#website\"},\"datePublished\":\"2022-04-03T17:33:30+00:00\",\"dateModified\":\"2024-01-02T08:38:35+00:00\",\"description\":\"Mettez en valeur vos produits et services sur votre site commerce avec la vid\u00e9o, et s\u00e9duisez vos clients. Gr\u00e2ce aux vid\u00e9os, vous pouvez donner vie \u00e0 vos produits et pr\u00e9senter leurs caract\u00e9ristiques et avantages.\",\"breadcrumb\":{\"@id\":\"https:\/\/www.lenseup.com\/fr\/secteurs\/contenus-video-et-audio-multilingues-ecommerce\/#breadcrumb\"},\"inLanguage\":\"fr-FR\",\"potentialAction\":[{\"@type\":\"ReadAction\",\"target\":[\"https:\/\/www.lenseup.com\/fr\/secteurs\/contenus-video-et-audio-multilingues-ecommerce\/\"]}]},{\"@type\":\"BreadcrumbList\",\"@id\":\"https:\/\/www.lenseup.com\/fr\/secteurs\/contenus-video-et-audio-multilingues-ecommerce\/#breadcrumb\",\"itemListElement\":[{\"@type\":\"ListItem\",\"position\":1,\"name\":\"Accueil\",\"item\":\"https:\/\/www.lenseup.com\/fr\/7440-2\/\"},{\"@type\":\"ListItem\",\"position\":2,\"name\":\"Secteurs\",\"item\":\"https:\/\/www.lenseup.com\/fr\/secteurs\/\"},{\"@type\":\"ListItem\",\"position\":3,\"name\":\"Contenus vid\u00e9o et audio multilingues pour l&#8217;ecommerce\"}]},{\"@type\":\"WebSite\",\"@id\":\"https:\/\/www.lenseup.com\/fr\/#website\",\"url\":\"https:\/\/www.lenseup.com\/fr\/\",\"name\":\"LenseUp, multilingual audio and video solutions\",\"description\":\"Traductions et contenus audio \/ video dans 30 langues.\",\"potentialAction\":[{\"@type\":\"SearchAction\",\"target\":{\"@type\":\"EntryPoint\",\"urlTemplate\":\"https:\/\/www.lenseup.com\/fr\/?s={search_term_string}\"},\"query-input\":{\"@type\":\"PropertyValueSpecification\",\"valueRequired\":true,\"valueName\":\"search_term_string\"}}],\"inLanguage\":\"fr-FR\"}]}<\/script>\n<!-- \/ Yoast SEO plugin. -->","yoast_head_json":{"title":"Contenus vid\u00e9o et audio multilingues pour l'ecommerce","description":"Mettez en valeur vos produits et services sur votre site commerce avec la vid\u00e9o, et s\u00e9duisez vos clients. Gr\u00e2ce aux vid\u00e9os, vous pouvez donner vie \u00e0 vos produits et pr\u00e9senter leurs caract\u00e9ristiques et avantages.","robots":{"index":"index","follow":"follow","max-snippet":"max-snippet:-1","max-image-preview":"max-image-preview:large","max-video-preview":"max-video-preview:-1"},"canonical":"https:\/\/www.lenseup.com\/fr\/secteurs\/contenus-video-et-audio-multilingues-ecommerce\/","og_locale":"fr_FR","og_type":"article","og_title":"Contenus vid\u00e9o et audio multilingues pour l'ecommerce","og_description":"Mettez en valeur vos produits et services sur votre site commerce avec la vid\u00e9o, et s\u00e9duisez vos clients. Gr\u00e2ce aux vid\u00e9os, vous pouvez donner vie \u00e0 vos produits et pr\u00e9senter leurs caract\u00e9ristiques et avantages.","og_url":"https:\/\/www.lenseup.com\/fr\/secteurs\/contenus-video-et-audio-multilingues-ecommerce\/","og_site_name":"LenseUp, solutions vid\u00e9o et audio multilingues. Audioguides, audiobooks, traductions audio et video","article_modified_time":"2024-01-02T08:38:35+00:00","twitter_card":"summary_large_image","twitter_misc":{"Dur\u00e9e de lecture estim\u00e9e":"8 minutes"},"schema":{"@context":"https:\/\/schema.org","@graph":[{"@type":"WebPage","@id":"https:\/\/www.lenseup.com\/fr\/secteurs\/contenus-video-et-audio-multilingues-ecommerce\/","url":"https:\/\/www.lenseup.com\/fr\/secteurs\/contenus-video-et-audio-multilingues-ecommerce\/","name":"Contenus vid\u00e9o et audio multilingues pour l'ecommerce","isPartOf":{"@id":"https:\/\/www.lenseup.com\/fr\/#website"},"datePublished":"2022-04-03T17:33:30+00:00","dateModified":"2024-01-02T08:38:35+00:00","description":"Mettez en valeur vos produits et services sur votre site commerce avec la vid\u00e9o, et s\u00e9duisez vos clients. Gr\u00e2ce aux vid\u00e9os, vous pouvez donner vie \u00e0 vos produits et pr\u00e9senter leurs caract\u00e9ristiques et avantages.","breadcrumb":{"@id":"https:\/\/www.lenseup.com\/fr\/secteurs\/contenus-video-et-audio-multilingues-ecommerce\/#breadcrumb"},"inLanguage":"fr-FR","potentialAction":[{"@type":"ReadAction","target":["https:\/\/www.lenseup.com\/fr\/secteurs\/contenus-video-et-audio-multilingues-ecommerce\/"]}]},{"@type":"BreadcrumbList","@id":"https:\/\/www.lenseup.com\/fr\/secteurs\/contenus-video-et-audio-multilingues-ecommerce\/#breadcrumb","itemListElement":[{"@type":"ListItem","position":1,"name":"Accueil","item":"https:\/\/www.lenseup.com\/fr\/7440-2\/"},{"@type":"ListItem","position":2,"name":"Secteurs","item":"https:\/\/www.lenseup.com\/fr\/secteurs\/"},{"@type":"ListItem","position":3,"name":"Contenus vid\u00e9o et audio multilingues pour l&#8217;ecommerce"}]},{"@type":"WebSite","@id":"https:\/\/www.lenseup.com\/fr\/#website","url":"https:\/\/www.lenseup.com\/fr\/","name":"LenseUp, multilingual audio and video solutions","description":"Traductions et contenus audio \/ video dans 30 langues.","potentialAction":[{"@type":"SearchAction","target":{"@type":"EntryPoint","urlTemplate":"https:\/\/www.lenseup.com\/fr\/?s={search_term_string}"},"query-input":{"@type":"PropertyValueSpecification","valueRequired":true,"valueName":"search_term_string"}}],"inLanguage":"fr-FR"}]}},"_links":{"self":[{"href":"https:\/\/www.lenseup.com\/fr\/wp-json\/wp\/v2\/pages\/8901"}],"collection":[{"href":"https:\/\/www.lenseup.com\/fr\/wp-json\/wp\/v2\/pages"}],"about":[{"href":"https:\/\/www.lenseup.com\/fr\/wp-json\/wp\/v2\/types\/page"}],"author":[{"embeddable":true,"href":"https:\/\/www.lenseup.com\/fr\/wp-json\/wp\/v2\/users\/1"}],"replies":[{"embeddable":true,"href":"https:\/\/www.lenseup.com\/fr\/wp-json\/wp\/v2\/comments?post=8901"}],"version-history":[{"count":6,"href":"https:\/\/www.lenseup.com\/fr\/wp-json\/wp\/v2\/pages\/8901\/revisions"}],"predecessor-version":[{"id":8932,"href":"https:\/\/www.lenseup.com\/fr\/wp-json\/wp\/v2\/pages\/8901\/revisions\/8932"}],"up":[{"embeddable":true,"href":"https:\/\/www.lenseup.com\/fr\/wp-json\/wp\/v2\/pages\/8921"}],"wp:attachment":[{"href":"https:\/\/www.lenseup.com\/fr\/wp-json\/wp\/v2\/media?parent=8901"}],"curies":[{"name":"wp","href":"https:\/\/api.w.org\/{rel}","templated":true}]}}