{"id":8917,"date":"2022-04-03T19:33:39","date_gmt":"2022-04-03T17:33:39","guid":{"rendered":"https:\/\/www.lenseup.com\/services-de-traduction-video-et-audio-pour-lindustrie\/"},"modified":"2024-01-02T09:41:17","modified_gmt":"2024-01-02T08:41:17","slug":"services-de-traduction-video-et-audio-industrie","status":"publish","type":"page","link":"https:\/\/www.lenseup.com\/fr\/secteurs\/services-de-traduction-video-et-audio-industrie\/","title":{"rendered":"Services de traduction vid\u00e9o et audio pour l&rsquo;industrie"},"content":{"rendered":"<div id='av_section_2'  class='avia-section main_color avia-section-default avia-no-shadow  avia-bg-style-scroll  avia-builder-el-0  el_before_av_section  avia-builder-el-first   container_wrap sidebar_right' style='background-color: #f2f2f2;  '  ><div class='container' ><main  role=\"main\" itemprop=\"mainContentOfPage\"  class='template-page content  av-content-small alpha units'><div class='post-entry post-entry-type-page post-entry-8917'><div class='entry-content-wrapper clearfix'>\n<div  style='padding-bottom:0px; color:#ffffff;font-size:30px;' class='av-special-heading av-special-heading-h1 custom-color-heading blockquote modern-quote  avia-builder-el-1  avia-builder-el-no-sibling  av-inherit-size '><h1 class='av-special-heading-tag '  itemprop=\"headline\"  >Des services de traduction vid\u00e9o et audio pr\u00e9cis le secteur industriel<\/h1><div class='special-heading-border'><div class='special-heading-inner-border' style='border-color:#ffffff'><\/div><\/div><\/div>\n\n<\/div><\/div><\/main><!-- close content main element --><\/div><\/div><div id='-'  class='avia-section main_color avia-section-default avia-no-border-styling  avia-full-stretch avia-bg-style-scroll  avia-builder-el-2  el_after_av_section  el_before_av_one_full   av-minimum-height av-minimum-height-custom  container_wrap sidebar_right' style='background-repeat: no-repeat; background-image: url(https:\/\/www.lenseup.com\/wp-content\/uploads\/2022\/03\/manufacturing.translation-video-495x400.jpg);background-attachment: scroll; background-position: center center;  '  data-section-bg-repeat='stretch'><div class='container' style='height:300px'><div class='template-page content  av-content-small alpha units'><div class='post-entry post-entry-type-page post-entry-8917'><div class='entry-content-wrapper clearfix'>\n<section class=\"av_textblock_section \"  itemscope=\"itemscope\" itemtype=\"https:\/\/schema.org\/CreativeWork\" ><div class='avia_textblock back22 av_inherit_color '  style='color:#ffffff; '  itemprop=\"text\" ><h3><strong>Pour combler les diff\u00e9rences linguistiques et soutenir la croissance, se faire connaitre ou diffuser de l&rsquo;information, les industriels se tournent vers l&rsquo;audio et la vid\u00e9o.\u00a0<\/strong><\/h3>\n<h3>Notre \u00e9quipe <strong>poss\u00e8de les connaissances et l&rsquo;exp\u00e9rience n\u00e9cessaire pour accompagner votre entreprise et l&rsquo;aider \u00e0 prosp\u00e9rer \u00e0 l&rsquo;international.<\/strong><\/h3>\n<\/div><\/section>\n<\/div><\/div><\/div><!-- close content main div --><\/div><\/div><div id='after_section_2'  class='main_color av_default_container_wrap container_wrap sidebar_right' style=' '  ><div class='container' ><div class='template-page content  av-content-small alpha units'><div class='post-entry post-entry-type-page post-entry-8917'><div class='entry-content-wrapper clearfix'>\n<div class=\"flex_column av_one_full  flex_column_div av-zero-column-padding first  avia-builder-el-4  el_after_av_section  el_before_av_layout_row  avia-builder-el-no-sibling  \" style='border-radius:0px; '><section class=\"av_textblock_section \"  itemscope=\"itemscope\" itemtype=\"https:\/\/schema.org\/CreativeWork\" ><div class='avia_textblock  '   itemprop=\"text\" ><h2>Services de traduction vid\u00e9o pour le secteur industriel<\/h2>\n<p>Les industriels qui se d\u00e9veloppent \u00e0 l&rsquo;international constatent souvent que les barri\u00e8res linguistiques peuvent entraver les op\u00e9rations commerciales. Le recours \u00e0 des services de traduction est le meilleur moyen de surmonter ces probl\u00e8mes de communication.<\/p>\n<p>Chez LenseUp, nous comprenons la terminologie et les sp\u00e9cificit\u00e9s du secteur industriel. Nous avons l&rsquo;exp\u00e9rience requise pour traduire des vid\u00e9os techniques\u00a0 essentielles \u00e0 la gestion d&rsquo;une entreprise industrielle.<\/p>\n<\/div><\/section><\/div>\n<\/div><\/div><\/div><!-- close content main div --><\/div><\/div><div id='av-layout-grid-1'  class='av-layout-grid-container entry-content-wrapper main_color av-flex-cells     avia-builder-el-6  el_after_av_one_full  el_before_av_one_full  submenu-not-first container_wrap sidebar_right' style=' '  >\n<div class=\"flex_cell no_margin av_one_half  avia-builder-el-7  el_before_av_cell_one_half  avia-builder-el-first   \"  style='background: #efefef; vertical-align:top; padding:30px; background-color:#efefef; ' ><div class='flex_cell_inner' ><section class=\"av_textblock_section \"  itemscope=\"itemscope\" itemtype=\"https:\/\/schema.org\/CreativeWork\" ><div class='avia_textblock  '   itemprop=\"text\" ><h3>Services vid\u00e9o pour l&rsquo;industrie<\/h3>\n<\/div><\/section><br \/>\n<div  style=' margin-top:0px; margin-bottom:5px;'  class='hr hr-custom hr-left hr-icon-no   avia-builder-el-9  el_after_av_textblock  el_before_av_textblock '><span class='hr-inner  inner-border-av-border-fat' style=' width:180px; border-color:#b02b2c;' ><span class='hr-inner-style'><\/span><\/span><\/div><br \/>\n<section class=\"av_textblock_section \"  itemscope=\"itemscope\" itemtype=\"https:\/\/schema.org\/CreativeWork\" ><div class='avia_textblock  '   itemprop=\"text\" ><ul>\n<li><a href=\"https:\/\/www.lenseup.com\/fr\/solutions-video\/transcription-video\/\">Transcriptions vid\u00e9o multilingues&gt;<\/a><\/li>\n<li><a href=\"https:\/\/www.lenseup.com\/fr\/sous-titrage-multilingue\/\">Sous-titres multilingues&gt;<\/a><\/li>\n<li><a href=\"https:\/\/www.lenseup.com\/fr\/traduction-video-multimedia\/\">Traductions vid\u00e9o&gt;<\/a><\/li>\n<li><a href=\"https:\/\/www.lenseup.com\/fr\/agence-voix-off-multilingue\/\">Voix-off multilingues&gt;<\/a><\/li>\n<li><a href=\"https:\/\/www.lenseup.com\/fr\/solutions-video\/resumes-video\/\">R\u00e9sum\u00e9s vid\u00e9o&gt;<\/a><\/li>\n<li><a href=\"https:\/\/www.lenseup.com\/en\/multilingual-seo-video\/\">R\u00e9f\u00e9rencement vid\u00e9o&gt;<\/a><\/li>\n<\/ul>\n<\/div><\/section><\/p>\n<\/div><\/div><div class=\"flex_cell no_margin av_one_half  avia-builder-el-11  el_after_av_cell_one_half  avia-builder-el-last   \"  style='background: #f9f9f9; vertical-align:top; padding:30px; background-color:#f9f9f9; ' ><div class='flex_cell_inner' ><section class=\"av_textblock_section \"  itemscope=\"itemscope\" itemtype=\"https:\/\/schema.org\/CreativeWork\" ><div class='avia_textblock  '   itemprop=\"text\" ><h3>Applications<\/h3>\n<\/div><\/section><br \/>\n<div  style=' margin-top:0px; margin-bottom:5px;'  class='hr hr-custom hr-left hr-icon-no   avia-builder-el-13  el_after_av_textblock  el_before_av_textblock '><span class='hr-inner  inner-border-av-border-fat' style=' width:180px; border-color:#b02b2c;' ><span class='hr-inner-style'><\/span><\/span><\/div><br \/>\n<section class=\"av_textblock_section \"  itemscope=\"itemscope\" itemtype=\"https:\/\/schema.org\/CreativeWork\" ><div class='avia_textblock  '   itemprop=\"text\" ><ul>\n<li><a href=\"https:\/\/www.lenseup.com\/fr\/applications\/traduction-cours-en-ligne-e-learning\/\">Traductions de cours en ligne&gt;<\/a><\/li>\n<li><a href=\"https:\/\/www.lenseup.com\/fr\/applications\/traduction-videos-reseaux-sociaux\/\">Traduction de vid\u00e9os pour Youtube et les r\u00e9seaux sociaux pour le secteur de l&rsquo;enseignement&gt;<\/a><\/li>\n<li><a href=\"https:\/\/www.lenseup.com\/fr\/applications\/traduction-videos-produits-services\/\">Traductions de ressources vid\u00e9o&gt;<\/a><\/li>\n<li><a href=\"https:\/\/www.lenseup.com\/fr\/solutions-video\/resumes-video\/\">R\u00e9sum\u00e9 vid\u00e9o de webinaires et de classes en ligne&gt;<\/a><\/li>\n<li>\n<div class=\"CCgQ5 vCa9Yd QfkTvb MUxGbd v0nnCb\" role=\"heading\" aria-level=\"3\"><a href=\"https:\/\/www.lenseup.com\/fr\/solutions-video\/automatisation-video-hyper-personnalisee\/\">Automatisation vid\u00e9o hyper-personnalis\u00e9e&gt;<\/a><\/div>\n<\/li>\n<\/ul>\n<\/div><\/section><\/p>\n<\/div><\/div>\n<\/div><div id='after_submenu_1'  class='main_color av_default_container_wrap container_wrap sidebar_right' style=' '  ><div class='container' ><div class='template-page content  av-content-small alpha units'><div class='post-entry post-entry-type-page post-entry-8917'><div class='entry-content-wrapper clearfix'>\n<div class=\"flex_column av_one_full  flex_column_div av-zero-column-padding first  avia-builder-el-15  el_after_av_layout_row  el_before_av_layout_row  avia-builder-el-no-sibling  \" style='border-radius:0px; '><section class=\"av_textblock_section \"  itemscope=\"itemscope\" itemtype=\"https:\/\/schema.org\/CreativeWork\" ><div class='avia_textblock  '   itemprop=\"text\" ><h2>Traductions audio et vid\u00e9o pour les entreprises industrielles<\/h2>\n<p>Nous proposons des traductions vers l&rsquo;anglais et l&rsquo;espagnol, le fran\u00e7ais, l&rsquo;allemand et de nombreuses autres langues, pour une large vari\u00e9t\u00e9 d&rsquo;industries. Que vous ayez besoin de traduire les vid\u00e9os de votre entreprise, d&rsquo;adapter des cours en ligne dans de multiples langues, un podcast, ou tout autre document audio ou vid\u00e9o, LenseUp est votre interlocuteur.<\/p>\n<\/div><\/section><\/div>\n<\/div><\/div><\/div><!-- close content main div --><\/div><\/div><div id='av-layout-grid-2'  class='av-layout-grid-container entry-content-wrapper main_color av-flex-cells     avia-builder-el-17  el_after_av_one_full  el_before_av_textblock  submenu-not-first container_wrap sidebar_right' style=' '  >\n<div class=\"flex_cell no_margin av_one_half  avia-builder-el-18  el_before_av_cell_one_half  avia-builder-el-first   \"  style='background: #efefef; vertical-align:top; padding:30px; background-color:#efefef; ' ><div class='flex_cell_inner' ><section class=\"av_textblock_section \"  itemscope=\"itemscope\" itemtype=\"https:\/\/schema.org\/CreativeWork\" ><div class='avia_textblock  '   itemprop=\"text\" ><h3>Services audio pour l&rsquo;industrie<\/h3>\n<\/div><\/section><br \/>\n<div  style=' margin-top:0px; margin-bottom:5px;'  class='hr hr-custom hr-left hr-icon-no   avia-builder-el-20  el_after_av_textblock  el_before_av_textblock '><span class='hr-inner  inner-border-av-border-fat' style=' width:180px; border-color:#b02b2c;' ><span class='hr-inner-style'><\/span><\/span><\/div><br \/>\n<section class=\"av_textblock_section \"  itemscope=\"itemscope\" itemtype=\"https:\/\/schema.org\/CreativeWork\" ><div class='avia_textblock  '   itemprop=\"text\" ><ul>\n<li><a href=\"https:\/\/www.lenseup.com\/fr\/solutions-audio\/transcription-audio-francais-et-langues-etrangeres\/\">Transcriptions audio multilingues&gt;<\/a><\/li>\n<li><a href=\"https:\/\/www.lenseup.com\/fr\/traduction-audio\/\">Traductions audio&gt;<\/a><\/li>\n<li><a href=\"https:\/\/www.lenseup.com\/fr\/agence-voix-off-multilingue\/\">Voix-off multilingues&gt;<\/a><\/li>\n<li><a href=\"https:\/\/www.lenseup.com\/fr\/applications\/resumes-de-fichiers-audio-et-podcasts\/\">R\u00e9sum\u00e9s audio&gt;<\/a><\/li>\n<li><a href=\"https:\/\/www.lenseup.com\/fr\/podcasts-seo-et-referencement\/\">Audio Seo&gt;<\/a><\/li>\n<\/ul>\n<\/div><\/section><\/p>\n<\/div><\/div><div class=\"flex_cell no_margin av_one_half  avia-builder-el-22  el_after_av_cell_one_half  avia-builder-el-last   \"  style='background: #f9f9f9; vertical-align:top; padding:30px; background-color:#f9f9f9; ' ><div class='flex_cell_inner' ><section class=\"av_textblock_section \"  itemscope=\"itemscope\" itemtype=\"https:\/\/schema.org\/CreativeWork\" ><div class='avia_textblock  '   itemprop=\"text\" ><h3>Applications<\/h3>\n<\/div><\/section><br \/>\n<div  style=' margin-top:0px; margin-bottom:5px;'  class='hr hr-custom hr-left hr-icon-no   avia-builder-el-24  el_after_av_textblock  el_before_av_textblock '><span class='hr-inner  inner-border-av-border-fat' style=' width:180px; border-color:#b02b2c;' ><span class='hr-inner-style'><\/span><\/span><\/div><br \/>\n<section class=\"av_textblock_section \"  itemscope=\"itemscope\" itemtype=\"https:\/\/schema.org\/CreativeWork\" ><div class='avia_textblock  '   itemprop=\"text\" ><ul>\n<li><a href=\"https:\/\/www.lenseup.com\/fr\/applications\/podcasts-multilingues-traduction\/\">Traduction de podcasts&gt;<\/a><\/li>\n<li><a href=\"https:\/\/www.lenseup.com\/fr\/applications\/contenus-audio-multilingues\/\">Marketing audio&gt;<\/a><\/li>\n<li><a href=\"https:\/\/www.lenseup.com\/fr\/applications\/videos-news-secteur-information\/\">Traductions de news&gt;<\/a><\/li>\n<li><a href=\"https:\/\/www.lenseup.com\/fr\/applications\/resumes-de-fichiers-audio-et-podcasts\/\">R\u00e9sum\u00e9 audio de cours en ligne&gt;<\/a><\/li>\n<li>\n<div class=\"CCgQ5 vCa9Yd QfkTvb MUxGbd v0nnCb\" role=\"heading\" aria-level=\"3\"><a href=\"https:\/\/www.lenseup.com\/fr\/solutions-audio\/automatisation-et-enregistrements-audio-personnalises\/\">Messages audio hyper-personnalis\u00e9s&gt;<\/a><\/div>\n<\/li>\n<\/ul>\n<\/div><\/section><\/p>\n<\/div><\/div>\n<\/div><div id='after_submenu_2'  class='main_color av_default_container_wrap container_wrap sidebar_right' style=' '  ><div class='container' ><div class='template-page content  av-content-small alpha units'><div class='post-entry post-entry-type-page post-entry-8917'><div class='entry-content-wrapper clearfix'>\n<section class=\"av_textblock_section \"  itemscope=\"itemscope\" itemtype=\"https:\/\/schema.org\/CreativeWork\" ><div class='avia_textblock  '   itemprop=\"text\" ><h2>\u00c9conomies potentielles sur les co\u00fbts de traduction audio et vid\u00e9o<\/h2>\n<p>Notre \u00e9quipe de linguistes est experte en mati\u00e8re de contenus vid\u00e9o et audio. Vous aurez ainsi la possibilit\u00e9 de proposer des contenus vid\u00e9o et audio \u00e0 vos clients non francophones. Par ailleurs, la r\u00e9utilisation intelligente des ressources linguistiques (terminologie et m\u00e9moires de traduction) donne la possibilit\u00e9 d&rsquo;importantes \u00e9conomies potentielles. LenseUp utilise des mod\u00e8les de traduction automatique et des technologies d&rsquo;intelligence artificielle qui permettent de r\u00e9aliser des \u00e9conomies significatives sur les co\u00fbts des traduction de vos fichiers vid\u00e9o et audio. Ces technologies viennent renforcer les comp\u00e9tences de nos \u00e9quipes de traducteurs.<\/p>\n<\/div><\/section>\n<\/div><\/div><\/div><!-- close content main div --><\/div><\/div><div id='my_section'  class='avia-section main_color avia-section-no-padding avia-no-shadow  avia-bg-style-scroll  avia-builder-el-27  el_after_av_textblock  el_before_av_textblock   container_wrap sidebar_right' style='background-color: #e72b2b;  '  ><div class='container' ><div class='template-page content  av-content-small alpha units'><div class='post-entry post-entry-type-page post-entry-8917'><div class='entry-content-wrapper clearfix'><\/div><\/div><\/div><!-- close content main div --><\/div><\/div><div id='after_section_3'  class='main_color av_default_container_wrap container_wrap sidebar_right' style=' '  ><div class='container' ><div class='template-page content  av-content-small alpha units'><div class='post-entry post-entry-type-page post-entry-8917'><div class='entry-content-wrapper clearfix'>\n<section class=\"av_textblock_section \"  itemscope=\"itemscope\" itemtype=\"https:\/\/schema.org\/CreativeWork\" ><div class='avia_textblock  '   itemprop=\"text\" ><h2 id=\"section2\">Obtenez un devis gratuit<\/h2>\n<\/div><\/section>\n\n<\/div><\/div><\/div><!-- close content main div --><\/div><\/div><div id='my_section'  class='avia-section main_color avia-section-no-padding avia-no-shadow  avia-bg-style-scroll  avia-builder-el-30  el_after_av_codeblock  avia-builder-el-last   container_wrap sidebar_right' style='background-color: #e72b2b;  '  ><div class='container' ><div class='template-page content  av-content-small alpha units'><div class='post-entry post-entry-type-page post-entry-8917'><div class='entry-content-wrapper clearfix'><\/div><\/div><\/div><!-- close content main div --><\/div><\/div><div id='after_section_4'  class='main_color av_default_container_wrap container_wrap sidebar_right' style=' '  ><div class='container' ><div class='template-page content  av-content-small alpha units'><div class='post-entry post-entry-type-page post-entry-8917'><div class='entry-content-wrapper clearfix'>\n","protected":false},"excerpt":{"rendered":"","protected":false},"author":1,"featured_media":0,"parent":8921,"menu_order":0,"comment_status":"closed","ping_status":"closed","template":"","meta":{"footnotes":""},"yoast_head":"<!-- This site is optimized with the Yoast SEO plugin v23.5 - https:\/\/yoast.com\/wordpress\/plugins\/seo\/ -->\n<title>Services de traduction vid\u00e9o et audio pour l&#039;industrie<\/title>\n<meta name=\"description\" content=\"Notre \u00e9quipe poss\u00e8de les connaissances et l&#039;exp\u00e9rience n\u00e9cessaire pour accompagner votre entreprise et l&#039;aider \u00e0 prosp\u00e9rer \u00e0 l&#039;international.\" \/>\n<meta name=\"robots\" content=\"index, follow, max-snippet:-1, max-image-preview:large, max-video-preview:-1\" \/>\n<link rel=\"canonical\" href=\"https:\/\/www.lenseup.com\/fr\/secteurs\/services-de-traduction-video-et-audio-industrie\/\" \/>\n<meta property=\"og:locale\" content=\"fr_FR\" \/>\n<meta property=\"og:type\" content=\"article\" \/>\n<meta property=\"og:title\" content=\"Services de traduction vid\u00e9o et audio pour l&#039;industrie\" \/>\n<meta property=\"og:description\" content=\"Notre \u00e9quipe poss\u00e8de les connaissances et l&#039;exp\u00e9rience n\u00e9cessaire pour accompagner votre entreprise et l&#039;aider \u00e0 prosp\u00e9rer \u00e0 l&#039;international.\" \/>\n<meta property=\"og:url\" content=\"https:\/\/www.lenseup.com\/fr\/secteurs\/services-de-traduction-video-et-audio-industrie\/\" \/>\n<meta property=\"og:site_name\" content=\"LenseUp, solutions vid\u00e9o et audio multilingues. Audioguides, audiobooks, traductions audio et video\" \/>\n<meta property=\"article:modified_time\" content=\"2024-01-02T08:41:17+00:00\" \/>\n<meta name=\"twitter:card\" content=\"summary_large_image\" \/>\n<meta name=\"twitter:label1\" content=\"Dur\u00e9e de lecture estim\u00e9e\" \/>\n\t<meta name=\"twitter:data1\" content=\"12 minutes\" \/>\n<script type=\"application\/ld+json\" class=\"yoast-schema-graph\">{\"@context\":\"https:\/\/schema.org\",\"@graph\":[{\"@type\":\"WebPage\",\"@id\":\"https:\/\/www.lenseup.com\/fr\/secteurs\/services-de-traduction-video-et-audio-industrie\/\",\"url\":\"https:\/\/www.lenseup.com\/fr\/secteurs\/services-de-traduction-video-et-audio-industrie\/\",\"name\":\"Services de traduction vid\u00e9o et audio pour l'industrie\",\"isPartOf\":{\"@id\":\"https:\/\/www.lenseup.com\/fr\/#website\"},\"datePublished\":\"2022-04-03T17:33:39+00:00\",\"dateModified\":\"2024-01-02T08:41:17+00:00\",\"description\":\"Notre \u00e9quipe poss\u00e8de les connaissances et l'exp\u00e9rience n\u00e9cessaire pour accompagner votre entreprise et l'aider \u00e0 prosp\u00e9rer \u00e0 l'international.\",\"breadcrumb\":{\"@id\":\"https:\/\/www.lenseup.com\/fr\/secteurs\/services-de-traduction-video-et-audio-industrie\/#breadcrumb\"},\"inLanguage\":\"fr-FR\",\"potentialAction\":[{\"@type\":\"ReadAction\",\"target\":[\"https:\/\/www.lenseup.com\/fr\/secteurs\/services-de-traduction-video-et-audio-industrie\/\"]}]},{\"@type\":\"BreadcrumbList\",\"@id\":\"https:\/\/www.lenseup.com\/fr\/secteurs\/services-de-traduction-video-et-audio-industrie\/#breadcrumb\",\"itemListElement\":[{\"@type\":\"ListItem\",\"position\":1,\"name\":\"Accueil\",\"item\":\"https:\/\/www.lenseup.com\/fr\/7440-2\/\"},{\"@type\":\"ListItem\",\"position\":2,\"name\":\"Secteurs\",\"item\":\"https:\/\/www.lenseup.com\/fr\/secteurs\/\"},{\"@type\":\"ListItem\",\"position\":3,\"name\":\"Services de traduction vid\u00e9o et audio pour l&#8217;industrie\"}]},{\"@type\":\"WebSite\",\"@id\":\"https:\/\/www.lenseup.com\/fr\/#website\",\"url\":\"https:\/\/www.lenseup.com\/fr\/\",\"name\":\"LenseUp, multilingual audio and video solutions\",\"description\":\"Traductions et contenus audio \/ video dans 30 langues.\",\"potentialAction\":[{\"@type\":\"SearchAction\",\"target\":{\"@type\":\"EntryPoint\",\"urlTemplate\":\"https:\/\/www.lenseup.com\/fr\/?s={search_term_string}\"},\"query-input\":{\"@type\":\"PropertyValueSpecification\",\"valueRequired\":true,\"valueName\":\"search_term_string\"}}],\"inLanguage\":\"fr-FR\"}]}<\/script>\n<!-- \/ Yoast SEO plugin. -->","yoast_head_json":{"title":"Services de traduction vid\u00e9o et audio pour l'industrie","description":"Notre \u00e9quipe poss\u00e8de les connaissances et l'exp\u00e9rience n\u00e9cessaire pour accompagner votre entreprise et l'aider \u00e0 prosp\u00e9rer \u00e0 l'international.","robots":{"index":"index","follow":"follow","max-snippet":"max-snippet:-1","max-image-preview":"max-image-preview:large","max-video-preview":"max-video-preview:-1"},"canonical":"https:\/\/www.lenseup.com\/fr\/secteurs\/services-de-traduction-video-et-audio-industrie\/","og_locale":"fr_FR","og_type":"article","og_title":"Services de traduction vid\u00e9o et audio pour l'industrie","og_description":"Notre \u00e9quipe poss\u00e8de les connaissances et l'exp\u00e9rience n\u00e9cessaire pour accompagner votre entreprise et l'aider \u00e0 prosp\u00e9rer \u00e0 l'international.","og_url":"https:\/\/www.lenseup.com\/fr\/secteurs\/services-de-traduction-video-et-audio-industrie\/","og_site_name":"LenseUp, solutions vid\u00e9o et audio multilingues. Audioguides, audiobooks, traductions audio et video","article_modified_time":"2024-01-02T08:41:17+00:00","twitter_card":"summary_large_image","twitter_misc":{"Dur\u00e9e de lecture estim\u00e9e":"12 minutes"},"schema":{"@context":"https:\/\/schema.org","@graph":[{"@type":"WebPage","@id":"https:\/\/www.lenseup.com\/fr\/secteurs\/services-de-traduction-video-et-audio-industrie\/","url":"https:\/\/www.lenseup.com\/fr\/secteurs\/services-de-traduction-video-et-audio-industrie\/","name":"Services de traduction vid\u00e9o et audio pour l'industrie","isPartOf":{"@id":"https:\/\/www.lenseup.com\/fr\/#website"},"datePublished":"2022-04-03T17:33:39+00:00","dateModified":"2024-01-02T08:41:17+00:00","description":"Notre \u00e9quipe poss\u00e8de les connaissances et l'exp\u00e9rience n\u00e9cessaire pour accompagner votre entreprise et l'aider \u00e0 prosp\u00e9rer \u00e0 l'international.","breadcrumb":{"@id":"https:\/\/www.lenseup.com\/fr\/secteurs\/services-de-traduction-video-et-audio-industrie\/#breadcrumb"},"inLanguage":"fr-FR","potentialAction":[{"@type":"ReadAction","target":["https:\/\/www.lenseup.com\/fr\/secteurs\/services-de-traduction-video-et-audio-industrie\/"]}]},{"@type":"BreadcrumbList","@id":"https:\/\/www.lenseup.com\/fr\/secteurs\/services-de-traduction-video-et-audio-industrie\/#breadcrumb","itemListElement":[{"@type":"ListItem","position":1,"name":"Accueil","item":"https:\/\/www.lenseup.com\/fr\/7440-2\/"},{"@type":"ListItem","position":2,"name":"Secteurs","item":"https:\/\/www.lenseup.com\/fr\/secteurs\/"},{"@type":"ListItem","position":3,"name":"Services de traduction vid\u00e9o et audio pour l&#8217;industrie"}]},{"@type":"WebSite","@id":"https:\/\/www.lenseup.com\/fr\/#website","url":"https:\/\/www.lenseup.com\/fr\/","name":"LenseUp, multilingual audio and video solutions","description":"Traductions et contenus audio \/ video dans 30 langues.","potentialAction":[{"@type":"SearchAction","target":{"@type":"EntryPoint","urlTemplate":"https:\/\/www.lenseup.com\/fr\/?s={search_term_string}"},"query-input":{"@type":"PropertyValueSpecification","valueRequired":true,"valueName":"search_term_string"}}],"inLanguage":"fr-FR"}]}},"_links":{"self":[{"href":"https:\/\/www.lenseup.com\/fr\/wp-json\/wp\/v2\/pages\/8917"}],"collection":[{"href":"https:\/\/www.lenseup.com\/fr\/wp-json\/wp\/v2\/pages"}],"about":[{"href":"https:\/\/www.lenseup.com\/fr\/wp-json\/wp\/v2\/types\/page"}],"author":[{"embeddable":true,"href":"https:\/\/www.lenseup.com\/fr\/wp-json\/wp\/v2\/users\/1"}],"replies":[{"embeddable":true,"href":"https:\/\/www.lenseup.com\/fr\/wp-json\/wp\/v2\/comments?post=8917"}],"version-history":[{"count":5,"href":"https:\/\/www.lenseup.com\/fr\/wp-json\/wp\/v2\/pages\/8917\/revisions"}],"predecessor-version":[{"id":8922,"href":"https:\/\/www.lenseup.com\/fr\/wp-json\/wp\/v2\/pages\/8917\/revisions\/8922"}],"up":[{"embeddable":true,"href":"https:\/\/www.lenseup.com\/fr\/wp-json\/wp\/v2\/pages\/8921"}],"wp:attachment":[{"href":"https:\/\/www.lenseup.com\/fr\/wp-json\/wp\/v2\/media?parent=8917"}],"curies":[{"name":"wp","href":"https:\/\/api.w.org\/{rel}","templated":true}]}}